{"id":1014948,"date":"2024-06-17T14:56:30","date_gmt":"2024-06-17T06:56:30","guid":{"rendered":"https:\/\/vimaterial.de\/product\/seleniuro-de-cobre-2\/"},"modified":"2025-04-11T17:27:16","modified_gmt":"2025-04-11T09:27:16","slug":"seleniuro-de-cobre-2","status":"publish","type":"product","link":"https:\/\/vimaterial.de\/es\/product\/seleniuro-de-cobre-2\/","title":{"rendered":"Seleniuro de cobre"},"content":{"rendered":"<p>El objetivo de pulverizaci\u00f3n cat\u00f3dica <span style=\"color: #0000ff;\"><a style=\"color: #0000ff;\" href=\"https:\/\/vimaterial.de\/es\/product\/seleniuro-de-cobre\/\">de seleniuro de cobre<\/a> <\/span>es un tipo de material utilizado en la pulverizaci\u00f3n cat\u00f3dica de magnetr\u00f3n y otras tecnolog\u00edas de recubrimiento, que puede hacer que los \u00e1tomos de cobre y selenio se depositen en el sustrato para formar una pel\u00edcula delgada mediante bombardeo de part\u00edculas de alta energ\u00eda, y tiene aplicaciones importantes en campos fotovoltaicos, optoelectr\u00f3nicos y otros.<\/p>\n<p>VIMATERIAL suministra blancos de pulverizaci\u00f3n cat\u00f3dica CopperSelenide, todos nuestros productos admiten personalizaci\u00f3n y todos los objetivos se pueden suministrar con servicio de encuadernaci\u00f3n. Somos un proveedor profesional de materiales qu\u00edmicos inorg\u00e1nicos y tenemos una rica experiencia en objetivos de pulverizaci\u00f3n cat\u00f3dica, <span style=\"color: #0000ff;\"><a style=\"color: #0000ff;\" href=\"https:\/\/vimaterial.de\/es\/contacto\/\">cont\u00e1ctenos<\/a><\/span> si tiene alguna necesidad.<\/p>\n<h2><span style=\"font-size: 14pt;\">Propiedades f\u00edsicas<\/span><\/h2>\n<p>F\u00f3rmula molecular: Cu\u2082Se<\/p>\n<p>Peso molecular: 206.063 g\/mol<\/p>\n<p>Aspecto: blanco de gris a negro<\/p>\n<p>Densidad: Densidad relativa alrededor de 6.749 g\/cm\u00b3.<\/p>\n<p>Punto de fusi\u00f3n: 1113 \u00b0C<\/p>\n<p>Estructura cristalina: pertenece al sistema cristalino c\u00fabico, los \u00e1tomos de cobre y selenio en su estructura cristalina est\u00e1n dispuestos de acuerdo con un cierto patr\u00f3n, constituyendo una red cristalina c\u00fabica estable.<\/p>\n<h2><span style=\"font-size: 14pt;\">Aplicaciones<\/span><\/h2>\n<p>Campo semiconductor: Se utiliza en la fabricaci\u00f3n de dispositivos semiconductores, depositados en la superficie de las obleas para formar una pel\u00edcula delgada con propiedades el\u00e9ctricas espec\u00edficas, para ayudar a la producci\u00f3n de circuitos integrados, etc.<\/p>\n<p>Fotovoltaica: se utiliza como material clave en las c\u00e9lulas solares de pel\u00edcula delgada para ayudar a depositar electrodos o capas conductoras para mejorar el rendimiento y la eficiencia de las c\u00e9lulas.<\/p>\n<p>Campo fotovoltaico: se utiliza en la fabricaci\u00f3n de fotodetectores y otros dispositivos optoelectr\u00f3nicos, mediante la pulverizaci\u00f3n cat\u00f3dica de pel\u00edculas delgadas para lograr una detecci\u00f3n y conversi\u00f3n efectiva de se\u00f1ales \u00f3pticas.<\/p>\n<p>Campo de visualizaci\u00f3n: en la pantalla de cristal l\u00edquido, la pantalla de diodos emisores de luz org\u00e1nica y otra tecnolog\u00eda de pantalla plana, involucrada en la deposici\u00f3n de pel\u00edcula conductora transparente y otra capa de pel\u00edcula funcional, mejora la calidad y el rendimiento de la pantalla.<\/p>\n<p>Campo de recubrimiento de vidrio: puede formar un recubrimiento uniforme en la superficie del vidrio, lo que le da al vidrio propiedades conductoras, de aislamiento t\u00e9rmico, antirreflectantes y otras propiedades especiales para satisfacer las necesidades de diferentes aplicaciones.<\/p>\n<h2><span style=\"font-size: 14pt;\">Control de calidad<\/span><\/h2>\n<p><span style=\"color: #0000ff;\"><a style=\"color: #0000ff;\" href=\"https:\/\/vimaterial.de\/es\/control-de-calidad\/\">Cada lote<\/a><\/span> de productos implementa el sistema de control de calidad m\u00e1s estricto, hemos completado los registros de productos, la trazabilidad del producto con una estricta garant\u00eda de calidad. Tenemos un proceso completo para el manejo de productos no conformes, y no fluiremos los productos no conformes al siguiente proceso. Proporcionamos muestras para la reinspecci\u00f3n de los clientes, y tambi\u00e9n apoyamos a las organizaciones de inspecci\u00f3n de terceros designadas por los clientes.<\/p>\n<h2><span style=\"font-size: 14pt;\">Embalaje y almacenamiento<\/span><\/h2>\n<p>Los objetivos de pulverizaci\u00f3n cat\u00f3dica de seleniuro de cobre se protegen en bolsas de vac\u00edo dobles y luego se empaquetan.<\/p>\n<p>Los blancos de pulverizaci\u00f3n cat\u00f3dica de seleniuro de cobre deben almacenarse en un ambiente seco, fresco y bien ventilado, protegidos de la luz, en paquetes o recipientes sellados, preferiblemente llenos de gas inerte, y mantenerse alejados de agentes oxidantes fuertes, \u00e1cidos y otras sustancias que puedan tener una reacci\u00f3n qu\u00edmica con ellos, para evitar que se contaminen con humedad, oxidaci\u00f3n e impurezas.<\/p>\n","protected":false},"excerpt":{"rendered":"<p>El objetivo de pulverizaci\u00f3n cat\u00f3dica <span style=\"color: #0000ff;\"><a style=\"color: #0000ff;\" href=\"https:\/\/vimaterial.de\/en\/product\/copper-selenide-3\/\">de seleniuro de cobre<\/a> <\/span>es un tipo de material utilizado en la pulverizaci\u00f3n cat\u00f3dica de magnetr\u00f3n y otras tecnolog\u00edas de recubrimiento, que puede hacer que los \u00e1tomos de cobre y selenio se depositen en el sustrato para formar una pel\u00edcula delgada mediante bombardeo de part\u00edculas de alta energ\u00eda, y tiene aplicaciones importantes en campos fotovoltaicos, optoelectr\u00f3nicos y otros.<\/p>\n","protected":false},"featured_media":1003000,"comment_status":"open","ping_status":"closed","template":"","meta":{"_acf_changed":false},"product_brand":[],"product_cat":[178],"product_tag":[],"class_list":{"0":"post-1014948","1":"product","2":"type-product","3":"status-publish","4":"has-post-thumbnail","6":"product_cat-catodos-para-sputtering-planar","8":"first","9":"instock","10":"shipping-taxable","11":"product-type-variable"},"acf":[],"_links":{"self":[{"href":"https:\/\/vimaterial.de\/es\/wp-json\/wp\/v2\/product\/1014948","targetHints":{"allow":["GET"]}}],"collection":[{"href":"https:\/\/vimaterial.de\/es\/wp-json\/wp\/v2\/product"}],"about":[{"href":"https:\/\/vimaterial.de\/es\/wp-json\/wp\/v2\/types\/product"}],"replies":[{"embeddable":true,"href":"https:\/\/vimaterial.de\/es\/wp-json\/wp\/v2\/comments?post=1014948"}],"wp:featuredmedia":[{"embeddable":true,"href":"https:\/\/vimaterial.de\/es\/wp-json\/wp\/v2\/media\/1003000"}],"wp:attachment":[{"href":"https:\/\/vimaterial.de\/es\/wp-json\/wp\/v2\/media?parent=1014948"}],"wp:term":[{"taxonomy":"product_brand","embeddable":true,"href":"https:\/\/vimaterial.de\/es\/wp-json\/wp\/v2\/product_brand?post=1014948"},{"taxonomy":"product_cat","embeddable":true,"href":"https:\/\/vimaterial.de\/es\/wp-json\/wp\/v2\/product_cat?post=1014948"},{"taxonomy":"product_tag","embeddable":true,"href":"https:\/\/vimaterial.de\/es\/wp-json\/wp\/v2\/product_tag?post=1014948"}],"curies":[{"name":"wp","href":"https:\/\/api.w.org\/{rel}","templated":true}]}}