{"id":1014943,"date":"2024-06-17T14:56:30","date_gmt":"2024-06-17T06:56:30","guid":{"rendered":"https:\/\/vimaterial.de\/product\/seleniuro-de-cobre\/"},"modified":"2025-04-11T17:34:30","modified_gmt":"2025-04-11T09:34:30","slug":"seleniuro-de-cobre","status":"publish","type":"product","link":"https:\/\/vimaterial.de\/es\/product\/seleniuro-de-cobre\/","title":{"rendered":"Seleniuro de cobre"},"content":{"rendered":"<p><span style=\"color: #0000ff;\"><a style=\"color: #0000ff;\" href=\"https:\/\/vimaterial.de\/es\/product\/seleniuro-de-cobre-4\/\">El polvo de seleniuro de cobre<\/a><\/span> es un polvo fino compuesto de cobre y selenio, generalmente de color negro, con propiedades semiconductoras y otras propiedades, part\u00edculas finas y uniformes, con aplicaciones potenciales en termoel\u00e9ctrica, fotovoltaica, etc. Debe almacenarse adecuadamente en condiciones secas y selladas para evitar la oxidaci\u00f3n y otras reacciones.<\/p>\n<p>VIMATERIAL suministra una amplia gama de polvos de selenide de cobre con alta pureza, somos un proveedor profesional de materias primas qu\u00edmicas inorg\u00e1nicas, contamos con un equipo t\u00e9cnico profesional, un equipo postventa perfecto, si tiene alguna pregunta al respecto, <span style=\"color: #0000ff;\"><a style=\"color: #0000ff;\" href=\"https:\/\/vimaterial.de\/es\/contacto\/\">cont\u00e1ctenos.<\/a><\/span><\/p>\n<h2><span style=\"font-size: 14pt;\">Propiedades f\u00edsicas<\/span><\/h2>\n<p>F\u00f3rmula molecular: Cu\u2082Se<\/p>\n<p>Peso molecular: 206.05<\/p>\n<p>Aspecto: generalmente polvo azul oscuro o negro.<\/p>\n<p>Densidad: aprox. 6,84 g\/cm\u00b3.<\/p>\n<p>Estructura cristalina: Forma cristales ortorr\u00f3mbicos a baja presi\u00f3n y cristales c\u00fabicos a alta presi\u00f3n.<\/p>\n<h2><span style=\"font-size: 14pt;\">Aplicaciones<\/span><\/h2>\n<p>Campo fotovoltaico: Se puede utilizar en la preparaci\u00f3n de c\u00e9lulas solares de pel\u00edcula delgada CIGS, que pueden convertir la luz solar en electricidad.<\/p>\n<p>Fotodetecci\u00f3n: Los fotodetectores basados en Cu\u2082Se se pueden utilizar para detectar luz infrarroja e infrarroja cercana, y son \u00fatiles en comunicaciones, monitoreo ambiental e investigaci\u00f3n cient\u00edfica.<\/p>\n<p>Im\u00e1genes t\u00e9rmicas: El desarrollo de c\u00e1maras y sensores termogr\u00e1ficos capaces de visualizar la distribuci\u00f3n t\u00e9rmica y la diferencia de temperatura en una variedad de aplicaciones, como la seguridad y la inspecci\u00f3n industrial.<\/p>\n<p>Detecci\u00f3n de radiaci\u00f3n nuclear: Los detectores basados en Cu\u2082Se se utilizan en espectr\u00f3metros de rayos gamma y detectores de radiaci\u00f3n para la investigaci\u00f3n en f\u00edsica nuclear, medicina nuclear y monitoreo de radiaci\u00f3n.<\/p>\n<h2><span style=\"font-size: 14pt;\">Control de calidad<\/span><\/h2>\n<p><span style=\"color: #0000ff;\"><a style=\"color: #0000ff;\" href=\"https:\/\/vimaterial.de\/es\/control-de-calidad\/\">Cada lote<\/a><\/span> de productos implementa el sistema de control de calidad m\u00e1s estricto, hemos completado los registros de productos, la trazabilidad del producto con una estricta garant\u00eda de calidad. Tenemos un proceso completo para el manejo de productos no conformes, y no fluiremos los productos no conformes al siguiente proceso. Proporcionamos muestras para la reinspecci\u00f3n de los clientes, y tambi\u00e9n apoyamos a las organizaciones de inspecci\u00f3n de terceros designadas por los clientes.<\/p>\n<h2><span style=\"font-size: 14pt;\">Embalaje y almacenamiento<\/span><\/h2>\n<p>Los polvos de selenide de cobre se envasan en bolsas de doble vac\u00edo o botellas de doble vac\u00edo con una unidad de envasado m\u00ednima de 100 g\/botella.<\/p>\n<p>Los polvos de seleniuro de cobre deben almacenarse en un ambiente seco, fresco y bien ventilado, protegidos de la luz. Los recipientes sellados deben llenarse preferiblemente con un gas inerte, por ejemplo, arg\u00f3n, para evitar la humedad, la oxidaci\u00f3n y la contaminaci\u00f3n por impurezas, y deben estar aislados de agentes oxidantes fuertes, \u00e1cidos y otras sustancias con las que puedan producirse reacciones qu\u00edmicas.<\/p>\n","protected":false},"excerpt":{"rendered":"<p><span style=\"color: #0000ff;\"><a style=\"color: #0000ff;\" href=\"https:\/\/vimaterial.de\/es\/product\/seleniuro-de-cobre-4\/\">El polvo de selenuro de cobre<\/a><\/span> es un polvo fino compuesto de cobre y selenio, generalmente de color negro, con propiedades semiconductoras y otras propiedades, part\u00edculas finas y uniformes, con aplicaciones potenciales en termoel\u00e9ctrica, fotovoltaica, etc. Debe almacenarse adecuadamente en condiciones secas y selladas para evitar la oxidaci\u00f3n y otras reacciones.<\/p>\n<p>VIMATERIAL suministra una amplia gama de polvos de selenide de cobre con alta pureza, somos un proveedor profesional de materias primas qu\u00edmicas inorg\u00e1nicas, contamos con un equipo t\u00e9cnico profesional, un equipo postventa perfecto, si tiene alguna pregunta al respecto, <span style=\"color: #0000ff;\"><a style=\"color: #0000ff;\" href=\"https:\/\/vimaterial.de\/es\/contacto\/\">cont\u00e1ctenos.<\/a><\/span><\/p>\n","protected":false},"featured_media":1003000,"comment_status":"open","ping_status":"closed","template":"","meta":{"_acf_changed":false},"product_brand":[],"product_cat":[181],"product_tag":[],"class_list":{"0":"post-1014943","1":"product","2":"type-product","3":"status-publish","4":"has-post-thumbnail","6":"product_cat-materiales-calcogenuros","8":"first","9":"instock","10":"shipping-taxable","11":"purchasable","12":"product-type-variable"},"acf":[],"_links":{"self":[{"href":"https:\/\/vimaterial.de\/es\/wp-json\/wp\/v2\/product\/1014943","targetHints":{"allow":["GET"]}}],"collection":[{"href":"https:\/\/vimaterial.de\/es\/wp-json\/wp\/v2\/product"}],"about":[{"href":"https:\/\/vimaterial.de\/es\/wp-json\/wp\/v2\/types\/product"}],"replies":[{"embeddable":true,"href":"https:\/\/vimaterial.de\/es\/wp-json\/wp\/v2\/comments?post=1014943"}],"wp:featuredmedia":[{"embeddable":true,"href":"https:\/\/vimaterial.de\/es\/wp-json\/wp\/v2\/media\/1003000"}],"wp:attachment":[{"href":"https:\/\/vimaterial.de\/es\/wp-json\/wp\/v2\/media?parent=1014943"}],"wp:term":[{"taxonomy":"product_brand","embeddable":true,"href":"https:\/\/vimaterial.de\/es\/wp-json\/wp\/v2\/product_brand?post=1014943"},{"taxonomy":"product_cat","embeddable":true,"href":"https:\/\/vimaterial.de\/es\/wp-json\/wp\/v2\/product_cat?post=1014943"},{"taxonomy":"product_tag","embeddable":true,"href":"https:\/\/vimaterial.de\/es\/wp-json\/wp\/v2\/product_tag?post=1014943"}],"curies":[{"name":"wp","href":"https:\/\/api.w.org\/{rel}","templated":true}]}}