{"id":1014937,"date":"2024-06-17T14:43:16","date_gmt":"2024-06-17T06:43:16","guid":{"rendered":"https:\/\/vimaterial.de\/product\/sulfuro-de-hierro-3\/"},"modified":"2025-04-16T14:37:55","modified_gmt":"2025-04-16T06:37:55","slug":"sulfuro-de-hierro-3","status":"publish","type":"product","link":"https:\/\/vimaterial.de\/es\/product\/sulfuro-de-hierro-3\/","title":{"rendered":"Sulfuro de hierro"},"content":{"rendered":"<p>Los gr\u00e1nulos <span style=\"color: #0000ff;\"><a style=\"color: #0000ff;\" href=\"https:\/\/vimaterial.de\/en\/product\/iron-sulfide-6\/\">de sulfuro de hierro<\/a><\/span> son part\u00edculas de un compuesto compuesto de hierro y azufre, generalmente de color negro o marr\u00f3n oscuro, con una variedad de estructuras cristalinas, y tienen aplicaciones importantes en mineralog\u00eda, ciencia de los materiales y la industria qu\u00edmica.<\/p>\n<p>VIMATERIAL proporciona gr\u00e1nulos de sulfuro de hierro, nuestros gr\u00e1nulos son uniformes y estables en composici\u00f3n, alta pureza, alta dureza, controlables en tama\u00f1o de part\u00edcula, etc. Y podemos aceptar productos y experimentos personalizados, contamos con un equipo profesional de investigaci\u00f3n y desarrollo t\u00e9cnico, <span style=\"color: #0000ff;\"><a style=\"color: #0000ff;\" href=\"https:\/\/vimaterial.de\/en\/contact-us\/\">cont\u00e1ctenos.<\/a><\/span> <\/p>\n<h2><span style=\"font-size: 14pt;\">Propiedades f\u00edsicas<\/span><\/h2>\n<p>F\u00f3rmula molecular: FeS2<\/p>\n<p>Peso molecular: alrededor de 119.98<\/p>\n<p>Aspecto: Generalmente s\u00f3lido cristalino amarillo con brillo met\u00e1lico.<\/p>\n<p>Estructura cristalina: Hay dos tipos de sistema cristalino equiaxial de tipo pirita y sistema cristalino rombo\u00e9drico de tipo albita, el primero es la estructura derivada de la estructura de tipo NaCl y el \u00faltimo grupo espacial es Pnnm.<\/p>\n<h2><span style=\"font-size: 14pt;\">Aplicaciones<\/span><\/h2>\n<p>Industria: Las part\u00edculas de sulfuro de hierro se pueden utilizar como mineral en la industria metal\u00fargica para extraer elementos como el hierro y el azufre, proporcionando una fuente importante de materias primas para la producci\u00f3n de acero.<\/p>\n<p>Agricultura: Las part\u00edculas de sulfuro de hierro se pueden utilizar como fertilizante de azufre en la agricultura para reponer el suelo con azufre, lo que ayuda a mejorar la fertilidad del suelo, promover el crecimiento y desarrollo de ciertos cultivos y mejorar el rendimiento y la calidad de los productos agr\u00edcolas.<\/p>\n<p>Protecci\u00f3n del medio ambiente: Las part\u00edculas de sulfuro de hierro tienen ciertas propiedades de adsorci\u00f3n y se pueden usar para tratar ciertas aguas residuales industriales o gases de escape, mediante la adsorci\u00f3n de iones de metales pesados y otros contaminantes, para reducir la contaminaci\u00f3n ambiental hasta cierto punto.<\/p>\n<h2><span style=\"font-size: 14pt;\">Control de calidad<\/span><\/h2>\n<p><span style=\"color: #0000ff;\"><a style=\"color: #0000ff;\" href=\"https:\/\/vimaterial.de\/en\/quality-control\/\">Cada lote<\/a><\/span> de productos protege estrictamente la calidad, desde la selecci\u00f3n de los proveedores de materias primas, hasta el uso de equipos de prueba avanzados para monitorear con precisi\u00f3n todo el proceso de producci\u00f3n, hasta el producto terminado a trav\u00e9s de muchas rondas de muestreo severo y certificaci\u00f3n autorizada de terceros, para garantizar que cada lote de productos cumpla y supere los altos est\u00e1ndares de la industria con un  Sistema de control de calidad de tolerancia cero, para proporcionar a nuestros clientes la mejor calidad y los productos m\u00e1s estables.<\/p>\n<h2><span style=\"font-size: 14pt;\">Embalaje y almacenamiento<\/span><\/h2>\n<p>Los gr\u00e1nulos de sulfuro de hierro se envasan en bolsas de vac\u00edo o botellas de vac\u00edo en cajas de cart\u00f3n.<\/p>\n<p>Los gr\u00e1nulos de sulfuro de hierro deben almacenarse en un lugar seco, fresco y bien ventilado, lejos del aire, el agua y los oxidantes fuertes para evitar la oxidaci\u00f3n, la hidr\u00f3lisis y el deterioro.<\/p>\n","protected":false},"excerpt":{"rendered":"<p>Los gr\u00e1nulos <span style=\"color: #0000ff;\"><a style=\"color: #0000ff;\" href=\"https:\/\/vimaterial.de\/en\/product\/iron-sulfide-6\/\">de sulfuro de hierro<\/a><\/span> son part\u00edculas de un compuesto compuesto de hierro y azufre, generalmente de color negro o marr\u00f3n oscuro, con una variedad de estructuras cristalinas, y tienen aplicaciones importantes en mineralog\u00eda, ciencia de los materiales y la industria qu\u00edmica.<\/p>\n","protected":false},"featured_media":1001968,"comment_status":"open","ping_status":"closed","template":"","meta":{"_acf_changed":false},"product_brand":[],"product_cat":[179],"product_tag":[],"class_list":{"0":"post-1014937","1":"product","2":"type-product","3":"status-publish","4":"has-post-thumbnail","6":"product_cat-materiales-de-evaporacion","8":"first","9":"instock","10":"shipping-taxable","11":"product-type-variable"},"acf":[],"_links":{"self":[{"href":"https:\/\/vimaterial.de\/es\/wp-json\/wp\/v2\/product\/1014937","targetHints":{"allow":["GET"]}}],"collection":[{"href":"https:\/\/vimaterial.de\/es\/wp-json\/wp\/v2\/product"}],"about":[{"href":"https:\/\/vimaterial.de\/es\/wp-json\/wp\/v2\/types\/product"}],"replies":[{"embeddable":true,"href":"https:\/\/vimaterial.de\/es\/wp-json\/wp\/v2\/comments?post=1014937"}],"wp:featuredmedia":[{"embeddable":true,"href":"https:\/\/vimaterial.de\/es\/wp-json\/wp\/v2\/media\/1001968"}],"wp:attachment":[{"href":"https:\/\/vimaterial.de\/es\/wp-json\/wp\/v2\/media?parent=1014937"}],"wp:term":[{"taxonomy":"product_brand","embeddable":true,"href":"https:\/\/vimaterial.de\/es\/wp-json\/wp\/v2\/product_brand?post=1014937"},{"taxonomy":"product_cat","embeddable":true,"href":"https:\/\/vimaterial.de\/es\/wp-json\/wp\/v2\/product_cat?post=1014937"},{"taxonomy":"product_tag","embeddable":true,"href":"https:\/\/vimaterial.de\/es\/wp-json\/wp\/v2\/product_tag?post=1014937"}],"curies":[{"name":"wp","href":"https:\/\/api.w.org\/{rel}","templated":true}]}}