{"id":1014923,"date":"2024-06-17T14:43:17","date_gmt":"2024-06-17T06:43:17","guid":{"rendered":"https:\/\/vimaterial.de\/product\/sulfuro-de-hierro-2\/"},"modified":"2025-04-16T14:27:58","modified_gmt":"2025-04-16T06:27:58","slug":"sulfuro-de-hierro-2","status":"publish","type":"product","link":"https:\/\/vimaterial.de\/es\/product\/sulfuro-de-hierro-2\/","title":{"rendered":"Sulfuro de hierro"},"content":{"rendered":"<p>El objetivo de pulverizaci\u00f3n cat\u00f3dica <span style=\"color: #0000ff;\"><a style=\"color: #0000ff;\" href=\"https:\/\/vimaterial.de\/en\/product\/iron-sulfide-3\/\">de sulfuro de hierro<\/a> <\/span>es un objetivo compuesto que consta de hierro y azufre, utilizado en el proceso f\u00edsico de deposici\u00f3n de vapor, en el que los \u00e1tomos de hierro y azufre se depositan en el sustrato durante la pulverizaci\u00f3n cat\u00f3dica para formar pel\u00edculas delgadas con cierta estabilidad qu\u00edmica y propiedades fotovoltaicas especiales, que se utilizan en los campos de materiales fotovoltaicos, investigaci\u00f3n mineral, etc.<\/p>\n<p>VIMATERIAL proporciona objetivos de pulverizaci\u00f3n cat\u00f3dica de sulfuro de hierro, nuestros objetivos de pulverizaci\u00f3n cat\u00f3dica de sulfuro de hierro tienen las ventajas de alta pureza, buena densidad, buena estructura cristalina, excelentes propiedades de pel\u00edcula delgada, alta precisi\u00f3n dimensional y alta eficiencia de pulverizaci\u00f3n cat\u00f3dica y podemos proporcionar el servicio de uni\u00f3n, podemos aceptar la personalizaci\u00f3n de los productos y experimentos, <span style=\"color: #0000ff;\"><a style=\"color: #0000ff;\" href=\"https:\/\/vimaterial.de\/en\/contact-us\/\">cont\u00e1ctenos<\/a><\/span> pronto.<\/p>\n<h2><span style=\"font-size: 14pt;\">Propiedades f\u00edsicas<\/span><\/h2>\n<p>F\u00f3rmula molecular: FeS\u2082<\/p>\n<p>Peso molecular: alrededor de 119,98 g\/mol<\/p>\n<p>Aspecto: Por lo general, blanco de color negro-marr\u00f3n o amarillo cobrizo con brillo met\u00e1lico.<\/p>\n<p>Densidad: aprox. 4,8 &#8211; 5,0 g\/cm\u00b3.<\/p>\n<p>Punto de fusi\u00f3n: aprox. 742 \u00b0C (bajo aislamiento de aire) <\/p>\n<p>Punto de ebullici\u00f3n: aprox. 640 \u00b0C temperatura de descomposici\u00f3n <\/p>\n<p>Estructura cristalina: sistema de cristal c\u00fabico<\/p>\n<h2><span style=\"font-size: 14pt;\">Aplicaciones<\/span><\/h2>\n<p>Campo de la bater\u00eda: se utiliza en la preparaci\u00f3n de nuevos materiales de electrodos de bater\u00eda para mejorar el almacenamiento de energ\u00eda y el rendimiento de conversi\u00f3n de la bater\u00eda.<\/p>\n<p>Campo de dispositivos optoelectr\u00f3nicos: se utiliza como material de capa activa para aumentar la absorci\u00f3n de luz y la transmisi\u00f3n de carga en dispositivos optoelectr\u00f3nicos.<\/p>\n<p>Campo catal\u00edtico: se utiliza como catalizador o portador de catalizador para acelerar el proceso de reacci\u00f3n qu\u00edmica y mejorar la eficiencia de la reacci\u00f3n.<\/p>\n<h2><span style=\"font-size: 14pt;\">Control de calidad<\/span><\/h2>\n<p><span style=\"color: #0000ff;\"><a style=\"color: #0000ff;\" href=\"https:\/\/vimaterial.de\/en\/quality-control\/\">El control de calidad<\/a><\/span> de nuestros productos es muy estricto, desde la selecci\u00f3n de materias primas estables y de alta pureza, hasta el uso de equipos de precisi\u00f3n avanzados y tecnolog\u00eda rigurosa en todo el control preciso del proceso de producci\u00f3n, hasta el uso de m\u00e9todos de prueba profesionales sobre las propiedades f\u00edsicas, qu\u00edmicas, microestructurales y otras propiedades del producto de la gama completa de pruebas en profundidad,  Cada enlace sigue estrictamente los altos est\u00e1ndares internacionales, para garantizar que cada lote de materiales se entregue con excelente calidad y estabilidad, para brindar a los clientes una garant\u00eda de calidad s\u00f3lida y confiable. Nos comprometemos a garantizar que cada lote de materiales entregados tenga una excelente calidad y estabilidad, brindando a los clientes una garant\u00eda de calidad s\u00f3lida y confiable. <\/p>\n<h2><span style=\"font-size: 14pt;\">Embalaje y almacenamiento<\/span><\/h2>\n<p>Los objetivos de pulverizaci\u00f3n cat\u00f3dica de sulfuro de hierro se empaquetan en bolsas y cajas de vac\u00edo de doble capa, y el exterior se empaqueta en cajas de cart\u00f3n.<\/p>\n<p>Los objetivos de pulverizaci\u00f3n cat\u00f3dica de sulfuro de hierro deben almacenarse en un ambiente seco, fresco y bien ventilado, evitando la humedad, evitando la oxidaci\u00f3n, aislando del \u00e1cido y otras sustancias corrosivas, y evitando la luz fuerte y el impacto f\u00edsico violento.<\/p>\n","protected":false},"excerpt":{"rendered":"<p>El objetivo de pulverizaci\u00f3n cat\u00f3dica <span style=\"color: #0000ff;\"><a style=\"color: #0000ff;\" href=\"https:\/\/vimaterial.de\/en\/product\/iron-sulfide-3\/\">de sulfuro de hierro<\/a> <\/span>es un objetivo compuesto que consta de hierro y azufre, utilizado en el proceso f\u00edsico de deposici\u00f3n de vapor, en el que los \u00e1tomos de hierro y azufre se depositan en el sustrato durante la pulverizaci\u00f3n cat\u00f3dica para formar pel\u00edculas delgadas con cierta estabilidad qu\u00edmica y propiedades fotovoltaicas especiales, que se utilizan en los campos de materiales fotovoltaicos, investigaci\u00f3n mineral, etc.<\/p>\n","protected":false},"featured_media":1001982,"comment_status":"open","ping_status":"closed","template":"","meta":{"_acf_changed":false},"product_brand":[],"product_cat":[178],"product_tag":[],"class_list":{"0":"post-1014923","1":"product","2":"type-product","3":"status-publish","4":"has-post-thumbnail","6":"product_cat-catodos-para-sputtering-planar","8":"first","9":"instock","10":"shipping-taxable","11":"product-type-variable"},"acf":[],"_links":{"self":[{"href":"https:\/\/vimaterial.de\/es\/wp-json\/wp\/v2\/product\/1014923","targetHints":{"allow":["GET"]}}],"collection":[{"href":"https:\/\/vimaterial.de\/es\/wp-json\/wp\/v2\/product"}],"about":[{"href":"https:\/\/vimaterial.de\/es\/wp-json\/wp\/v2\/types\/product"}],"replies":[{"embeddable":true,"href":"https:\/\/vimaterial.de\/es\/wp-json\/wp\/v2\/comments?post=1014923"}],"wp:featuredmedia":[{"embeddable":true,"href":"https:\/\/vimaterial.de\/es\/wp-json\/wp\/v2\/media\/1001982"}],"wp:attachment":[{"href":"https:\/\/vimaterial.de\/es\/wp-json\/wp\/v2\/media?parent=1014923"}],"wp:term":[{"taxonomy":"product_brand","embeddable":true,"href":"https:\/\/vimaterial.de\/es\/wp-json\/wp\/v2\/product_brand?post=1014923"},{"taxonomy":"product_cat","embeddable":true,"href":"https:\/\/vimaterial.de\/es\/wp-json\/wp\/v2\/product_cat?post=1014923"},{"taxonomy":"product_tag","embeddable":true,"href":"https:\/\/vimaterial.de\/es\/wp-json\/wp\/v2\/product_tag?post=1014923"}],"curies":[{"name":"wp","href":"https:\/\/api.w.org\/{rel}","templated":true}]}}