{"id":1014896,"date":"2024-06-17T14:43:24","date_gmt":"2024-06-17T06:43:24","guid":{"rendered":"https:\/\/vimaterial.de\/product\/siliciuro-de-hierro-2\/"},"modified":"2025-04-16T14:23:38","modified_gmt":"2025-04-16T06:23:38","slug":"siliciuro-de-hierro-2","status":"publish","type":"product","link":"https:\/\/vimaterial.de\/es\/product\/siliciuro-de-hierro-2\/","title":{"rendered":"Siliciuro de hierro"},"content":{"rendered":"<p><span style=\"color: #0000ff;\"><a style=\"color: #0000ff;\" href=\"https:\/\/vimaterial.de\/en\/product\/iron-silicide-2\/\">Siliciuro de hierro<\/a> <\/span>El polvo es un polvo gris compuesto por hierro y silicio con propiedades semiconductoras y buena estabilidad qu\u00edmica, que desempe\u00f1a un papel importante en la industria electr\u00f3nica, de materiales termoel\u00e9ctricos y sider\u00fargica.<\/p>\n<p>VIAMTERIAL suministra polvo de siliciuro de hierro. Nuestros polvos se caracterizan por su alta pureza, tama\u00f1o de part\u00edcula homog\u00e9neo, buena fluidez y estabilidad qu\u00edmica, y apoyamos el envasado y pedido de lotes peque\u00f1os. Contamos con un equipo profesional de investigaci\u00f3n y desarrollo t\u00e9cnico, aceptamos la personalizaci\u00f3n y experimentaci\u00f3n del producto, <span style=\"color: #0000ff;\"><a style=\"color: #0000ff;\" href=\"https:\/\/vimaterial.de\/en\/contact-us\/\">cont\u00e1ctenos.<\/a><\/span>  <\/p>\n<h2><span style=\"font-size: 14pt;\">Propiedades f\u00edsicas<\/span><\/h2>\n<p>F\u00f3rmula molecular: FeSi2<\/p>\n<p>Peso molecular: alrededor de 112.015<\/p>\n<p>Aspecto: polvo gris, de color oscuro.<\/p>\n<p>Densidad: alrededor de 4.79<\/p>\n<p>Punto de fusi\u00f3n: alrededor de 1220 \u00b0C<\/p>\n<p>Estructura cristalina: Estructura ortorr\u00f3mbica, que tiene una influencia importante en sus propiedades.<\/p>\n<h2><span style=\"font-size: 14pt;\">Aplicaciones<\/span><\/h2>\n<p>Campo de la metalurgia del hierro y el acero: el polvo de siliciuro de hierro como un importante desoxidante y agente de aleaci\u00f3n agregado al acero, puede eliminar eficazmente el ox\u00edgeno en el acero, mejorar la calidad del acero y ajustar la composici\u00f3n y las propiedades del acero, mejorar la resistencia y la dureza y otras propiedades mec\u00e1nicas del acero, ampliamente utilizado en el proceso de producci\u00f3n de varios tipos de acero.<\/p>\n<p>Industria electr\u00f3nica: Con sus propiedades semiconductoras, el polvo de siliciuro de hierro se utiliza en la fabricaci\u00f3n de componentes electr\u00f3nicos, como termistores, varistores, etc., respuesta sensible a las se\u00f1ales electr\u00f3nicas y la regulaci\u00f3n, desempe\u00f1ando un papel clave en el control de circuitos y el procesamiento de se\u00f1ales de equipos electr\u00f3nicos, para satisfacer la demanda de miniaturizaci\u00f3n y alto rendimiento de los productos electr\u00f3nicos.<\/p>\n<p>Campo solar fotovoltaico: el polvo de siliciuro de hierro tiene aplicaciones potenciales en c\u00e9lulas solares, sus propiedades fotoel\u00e9ctricas \u00fanicas ayudan a mejorar la eficiencia de conversi\u00f3n de la energ\u00eda solar, la energ\u00eda luminosa del sol en energ\u00eda el\u00e9ctrica, para el desarrollo y uso de energ\u00eda limpia proporciona una nueva forma y posibilidad de promover el desarrollo de la industria solar fotovoltaica.<\/p>\n<h2><span style=\"font-size: 14pt;\">Control de calidad<\/span><\/h2>\n<p><span style=\"color: #0000ff;\"><a style=\"color: #0000ff;\" href=\"https:\/\/vimaterial.de\/en\/quality-control\/\">El control de calidad<\/a><\/span> de cada lote de productos se lleva a cabo a lo largo de todo el proceso de adquisici\u00f3n de materias primas, producci\u00f3n y procesamiento, pruebas e inspecci\u00f3n y embalaje, siguiendo estrictamente los est\u00e1ndares internacionales y las normas de la industria. Contamos con equipos de prueba avanzados, equipo profesional de control de calidad y un estricto sistema de control de calidad para garantizar la calidad del producto. <\/p>\n<h2><span style=\"font-size: 14pt;\">Embalaje y almacenamiento<\/span><\/h2>\n<p>El polvo de siliciuro de hierro se empaqueta en una bolsa de vac\u00edo de doble capa o en una botella de vac\u00edo de doble capa, y el paquete exterior se empaqueta en una caja de cart\u00f3n.<\/p>\n<p>El polvo de siliciuro de hierro debe almacenarse en un ambiente seco, fresco y bien ventilado, sellado, evitando el contacto con agua, \u00e1cidos fuertes, bases fuertes y oxidantes fuertes, y evitando la humedad y las impurezas, y debe colocarse adecuadamente de acuerdo con las disposiciones pertinentes del almacenamiento de productos qu\u00edmicos peligrosos.<\/p>\n","protected":false},"excerpt":{"rendered":"<p><span style=\"color: #0000ff;\"><a style=\"color: #0000ff;\" href=\"https:\/\/vimaterial.de\/en\/product\/iron-silicide-2\/\">Siliciuro de hierro<\/a> <\/span>El polvo es un polvo gris compuesto por hierro y silicio con propiedades semiconductoras y buena estabilidad qu\u00edmica, que desempe\u00f1a un papel importante en la industria electr\u00f3nica, de materiales termoel\u00e9ctricos y sider\u00fargica.<\/p>\n","protected":false},"featured_media":1002004,"comment_status":"open","ping_status":"closed","template":"","meta":{"_acf_changed":false},"product_brand":[],"product_cat":[183],"product_tag":[],"class_list":{"0":"post-1014896","1":"product","2":"type-product","3":"status-publish","4":"has-post-thumbnail","6":"product_cat-c-n-b-si-materiales","8":"first","9":"instock","10":"shipping-taxable","11":"purchasable","12":"product-type-variable"},"acf":[],"_links":{"self":[{"href":"https:\/\/vimaterial.de\/es\/wp-json\/wp\/v2\/product\/1014896","targetHints":{"allow":["GET"]}}],"collection":[{"href":"https:\/\/vimaterial.de\/es\/wp-json\/wp\/v2\/product"}],"about":[{"href":"https:\/\/vimaterial.de\/es\/wp-json\/wp\/v2\/types\/product"}],"replies":[{"embeddable":true,"href":"https:\/\/vimaterial.de\/es\/wp-json\/wp\/v2\/comments?post=1014896"}],"wp:featuredmedia":[{"embeddable":true,"href":"https:\/\/vimaterial.de\/es\/wp-json\/wp\/v2\/media\/1002004"}],"wp:attachment":[{"href":"https:\/\/vimaterial.de\/es\/wp-json\/wp\/v2\/media?parent=1014896"}],"wp:term":[{"taxonomy":"product_brand","embeddable":true,"href":"https:\/\/vimaterial.de\/es\/wp-json\/wp\/v2\/product_brand?post=1014896"},{"taxonomy":"product_cat","embeddable":true,"href":"https:\/\/vimaterial.de\/es\/wp-json\/wp\/v2\/product_cat?post=1014896"},{"taxonomy":"product_tag","embeddable":true,"href":"https:\/\/vimaterial.de\/es\/wp-json\/wp\/v2\/product_tag?post=1014896"}],"curies":[{"name":"wp","href":"https:\/\/api.w.org\/{rel}","templated":true}]}}