{"id":1014867,"date":"2024-06-17T14:44:10","date_gmt":"2024-06-17T06:44:10","guid":{"rendered":"https:\/\/vimaterial.de\/product\/hierro-silicio-boro\/"},"modified":"2025-04-16T14:19:34","modified_gmt":"2025-04-16T06:19:34","slug":"hierro-silicio-boro","status":"publish","type":"product","link":"https:\/\/vimaterial.de\/es\/product\/hierro-silicio-boro\/","title":{"rendered":"Hierro, silicio, boro"},"content":{"rendered":"<p>El objetivo de pulverizaci\u00f3n cat\u00f3dica de hierro y silicio y boro es un tipo de objetivo de aleaci\u00f3n compuesto de hierro, silicio y boro, que se utiliza en el proceso de deposici\u00f3n f\u00edsica de vapor, al pulverizar pulverizaci\u00f3n, puede hacer que los \u00e1tomos de hierro, silicio y boro se depositen en el sustrato para formar una pel\u00edcula delgada con alta permeabilidad, baja coercitividad, buenas propiedades magn\u00e9ticas blandas y estabilidad t\u00e9rmica,  que ha sido ampliamente utilizado en los campos de materiales magn\u00e9ticos, componentes electr\u00f3nicos, etc.<\/p>\n<p>VIMATERIAL proporciona objetivos de pulverizaci\u00f3n cat\u00f3dica de hierro y silicio y boro, nuestros objetivos de pulverizaci\u00f3n cat\u00f3dica de hierro y silicio boro tienen las ventajas de alta pureza, buena densidad, buena estructura cristalina, excelentes propiedades de pel\u00edcula delgada, alta precisi\u00f3n dimensional, alta eficiencia de pulverizaci\u00f3n cat\u00f3dica y podemos proporcionar un servicio de uni\u00f3n, podemos aceptar la personalizaci\u00f3n de los productos y experimentos. <span style=\"color: #0000ff;\"><a style=\"color: #0000ff;\" href=\"https:\/\/vimaterial.de\/en\/contact-us\/\">P\u00f3ngase en contacto con nosotros<\/a><\/span> para obtener m\u00e1s informaci\u00f3n.<\/p>\n<h2><span style=\"font-size: 14pt;\">Propiedades f\u00edsicas<\/span><\/h2>\n<p>F\u00f3rmula molecular: FeSiB<\/p>\n<p>Aspecto: Brillo met\u00e1lico gris plateado, material objetivo de superficie lisa.<\/p>\n<p>Densidad: alrededor de 7 &#8211; 8 g\/cm\u00b3.<\/p>\n<p>Punto de fusi\u00f3n: aproximadamente en el rango de 1200 &#8211; 1400 \u00b0C<\/p>\n<h2><span style=\"font-size: 14pt;\">Aplicaciones<\/span><\/h2>\n<p>Campo electr\u00f3nico: utilizado en la fabricaci\u00f3n de n\u00facleos de transformadores, inductores y otros componentes electr\u00f3nicos, para mejorar la eficiencia de la conversi\u00f3n electromagn\u00e9tica.<\/p>\n<p>Campo de potencia: se utiliza en transformadores de potencia para reducir la p\u00e9rdida de n\u00facleo y mejorar la eficiencia de la transmisi\u00f3n de energ\u00eda.<\/p>\n<p>Campo de comunicaci\u00f3n: como componente magn\u00e9tico en equipos de comunicaci\u00f3n, para garantizar la estabilidad y la calidad de la transmisi\u00f3n de la se\u00f1al.<\/p>\n<h2><span style=\"font-size: 14pt;\">Control de calidad<\/span><\/h2>\n<p><span style=\"color: #0000ff;\"><a style=\"color: #0000ff;\" href=\"https:\/\/vimaterial.de\/en\/quality-control\/\">El control de calidad<\/a><\/span> de nuestros productos es muy estricto, desde la selecci\u00f3n de materias primas estables y de alta pureza, hasta el uso de equipos de precisi\u00f3n avanzados y tecnolog\u00eda rigurosa en todo el control preciso del proceso de producci\u00f3n, hasta el uso de m\u00e9todos de prueba profesionales sobre las propiedades f\u00edsicas, qu\u00edmicas, microestructurales y otras propiedades del producto de la gama completa de pruebas en profundidad,  Cada enlace sigue estrictamente los altos est\u00e1ndares internacionales, para garantizar que cada lote de materiales se entregue con excelente calidad y estabilidad, para brindar a los clientes una garant\u00eda de calidad s\u00f3lida y confiable. Nos comprometemos a garantizar que cada lote de materiales entregados tenga una excelente calidad y estabilidad, brindando a los clientes una garant\u00eda de calidad s\u00f3lida y confiable. <\/p>\n<h2><span style=\"font-size: 14pt;\">Embalaje y almacenamiento<\/span><\/h2>\n<p>Los objetivos de pulverizaci\u00f3n cat\u00f3dica de hierro, silicio y boro se empaquetan en bolsas y cajas de vac\u00edo dobles, y el exterior se empaqueta en cajas de cart\u00f3n.<\/p>\n<p>Los objetivos de pulverizaci\u00f3n cat\u00f3dica de hierro, silicio y boro deben almacenarse en un ambiente seco y bien ventilado a una temperatura estable, protegidos de la humedad y las sustancias corrosivas, y protegidos de impactos f\u00edsicos violentos para mantener la estabilidad de sus propiedades f\u00edsicas y qu\u00edmicas.<\/p>\n","protected":false},"excerpt":{"rendered":"<p>El objetivo de pulverizaci\u00f3n cat\u00f3dica de hierro y silicio y boro es un tipo de objetivo de aleaci\u00f3n compuesto de hierro, silicio y boro, que se utiliza en el proceso de deposici\u00f3n f\u00edsica de vapor, al pulverizar pulverizaci\u00f3n, puede hacer que los \u00e1tomos de hierro, silicio y boro se depositen en el sustrato para formar una pel\u00edcula delgada con alta permeabilidad, baja coercitividad, buenas propiedades magn\u00e9ticas blandas y estabilidad t\u00e9rmica,  que ha sido ampliamente utilizado en los campos de materiales magn\u00e9ticos, componentes electr\u00f3nicos, etc.<\/p>\n","protected":false},"featured_media":1002011,"comment_status":"open","ping_status":"closed","template":"","meta":{"_acf_changed":false},"product_brand":[],"product_cat":[178],"product_tag":[],"class_list":{"0":"post-1014867","1":"product","2":"type-product","3":"status-publish","4":"has-post-thumbnail","6":"product_cat-catodos-para-sputtering-planar","8":"first","9":"instock","10":"shipping-taxable","11":"product-type-variable"},"acf":[],"_links":{"self":[{"href":"https:\/\/vimaterial.de\/es\/wp-json\/wp\/v2\/product\/1014867","targetHints":{"allow":["GET"]}}],"collection":[{"href":"https:\/\/vimaterial.de\/es\/wp-json\/wp\/v2\/product"}],"about":[{"href":"https:\/\/vimaterial.de\/es\/wp-json\/wp\/v2\/types\/product"}],"replies":[{"embeddable":true,"href":"https:\/\/vimaterial.de\/es\/wp-json\/wp\/v2\/comments?post=1014867"}],"wp:featuredmedia":[{"embeddable":true,"href":"https:\/\/vimaterial.de\/es\/wp-json\/wp\/v2\/media\/1002011"}],"wp:attachment":[{"href":"https:\/\/vimaterial.de\/es\/wp-json\/wp\/v2\/media?parent=1014867"}],"wp:term":[{"taxonomy":"product_brand","embeddable":true,"href":"https:\/\/vimaterial.de\/es\/wp-json\/wp\/v2\/product_brand?post=1014867"},{"taxonomy":"product_cat","embeddable":true,"href":"https:\/\/vimaterial.de\/es\/wp-json\/wp\/v2\/product_cat?post=1014867"},{"taxonomy":"product_tag","embeddable":true,"href":"https:\/\/vimaterial.de\/es\/wp-json\/wp\/v2\/product_tag?post=1014867"}],"curies":[{"name":"wp","href":"https:\/\/api.w.org\/{rel}","templated":true}]}}