{"id":1014858,"date":"2024-06-17T14:43:25","date_gmt":"2024-06-17T06:43:25","guid":{"rendered":"https:\/\/vimaterial.de\/product\/siliciuro-de-hierro\/"},"modified":"2025-04-16T14:21:17","modified_gmt":"2025-04-16T06:21:17","slug":"siliciuro-de-hierro","status":"publish","type":"product","link":"https:\/\/vimaterial.de\/es\/product\/siliciuro-de-hierro\/","title":{"rendered":"Siliciuro de hierro"},"content":{"rendered":"<p>El objetivo de pulverizaci\u00f3n cat\u00f3dica <span style=\"color: #0000ff;\"><a style=\"color: #0000ff;\" href=\"https:\/\/vimaterial.de\/en\/product\/iron-silicide\/\">de siliciuro de hierro<\/a> <\/span>es un objetivo compuesto principalmente de hierro y silicio, que se utiliza para la deposici\u00f3n f\u00edsica de vapor. Durante el proceso de pulverizaci\u00f3n cat\u00f3dica, los \u00e1tomos de hierro y silicio se depositan en el sustrato para formar pel\u00edculas delgadas con alto punto de fusi\u00f3n, buena estabilidad qu\u00edmica y propiedades el\u00e9ctricas espec\u00edficas, que son importantes en los campos de los semiconductores y los dispositivos electr\u00f3nicos. <\/p>\n<p>VIMATERIAL proporciona objetivos de pulverizaci\u00f3n cat\u00f3dica de siliciuro de hierro, nuestros objetivos de pulverizaci\u00f3n cat\u00f3dica de siliciuro de hierro tienen las ventajas de alta pureza, buena densidad, buena estructura cristalina, excelentes propiedades de pel\u00edcula delgada, alta precisi\u00f3n dimensional y alta eficiencia de pulverizaci\u00f3n cat\u00f3dica y podemos proporcionar un servicio de uni\u00f3n, podemos aceptar la personalizaci\u00f3n y los experimentos del producto, por favor <span style=\"color: #0000ff;\"><a style=\"color: #0000ff;\" href=\"https:\/\/vimaterial.de\/en\/contact-us\/\">cont\u00e1ctenos.<\/a><\/span><\/p>\n<h2><span style=\"font-size: 14pt;\">Propiedades f\u00edsicas<\/span><\/h2>\n<p>F\u00f3rmula molecular: FeSi\u2082<\/p>\n<p>Peso molecular: 119.975<\/p>\n<p>Aspecto: polvo gris o blanco plateado<\/p>\n<p>Densidad: aprox. 4,79 g\/cm\u00b3<\/p>\n<p>Punto de fusi\u00f3n: alrededor de 1410 \u00b0C<\/p>\n<p>Estructura cristalina: Sistema cristalino tetragonal<\/p>\n<h2><span style=\"font-size: 14pt;\">Aplicaciones<\/span><\/h2>\n<p>Campo semiconductor: Se utilizan como electrodos de contacto en la fabricaci\u00f3n de transistores basados en silicio en circuitos integrados para mejorar el rendimiento el\u00e9ctrico y la estabilidad de los dispositivos.<\/p>\n<p>Campo fotovoltaico: se utiliza como material de capa de contacto para c\u00e9lulas solares basadas en silicio para reducir la resistencia y mejorar la eficiencia de conversi\u00f3n de las c\u00e9lulas.<\/p>\n<p>Campo de dispositivos electr\u00f3nicos: se utiliza en la capa de contacto \u00f3hmico de los componentes electr\u00f3nicos para garantizar la alta eficiencia y confiabilidad de la transmisi\u00f3n electr\u00f3nica.<\/p>\n<h2><span style=\"font-size: 14pt;\">Control de calidad<\/span><\/h2>\n<p><span style=\"color: #0000ff;\"><a style=\"color: #0000ff;\" href=\"https:\/\/vimaterial.de\/en\/quality-control\/\">El control de calidad<\/a><\/span> de nuestros productos es muy estricto, desde la selecci\u00f3n de materias primas estables y de alta pureza, hasta el uso de equipos de precisi\u00f3n avanzados y tecnolog\u00eda rigurosa en todo el control preciso del proceso de producci\u00f3n, hasta el uso de m\u00e9todos de prueba profesionales sobre las propiedades f\u00edsicas, qu\u00edmicas, microestructurales y otras propiedades del producto de la gama completa de pruebas en profundidad,  Cada enlace sigue estrictamente los altos est\u00e1ndares internacionales, para garantizar que cada lote de materiales se entregue con excelente calidad y estabilidad, para brindar a los clientes una garant\u00eda de calidad s\u00f3lida y confiable. Nos comprometemos a garantizar que cada lote de materiales entregados tenga una excelente calidad y estabilidad, brindando a los clientes una garant\u00eda de calidad s\u00f3lida y confiable. <\/p>\n<h2><span style=\"font-size: 14pt;\">Embalaje y almacenamiento<\/span><\/h2>\n<p>Los objetivos de pulverizaci\u00f3n cat\u00f3dica de siliciuro de hierro se empaquetan en bolsas y cajas de vac\u00edo de doble capa, y el exterior se empaqueta en cajas de cart\u00f3n.<\/p>\n<p>Los objetivos de pulverizaci\u00f3n cat\u00f3dica de siliciuro de hierro deben almacenarse en un ambiente seco, fresco y bien ventilado, evitando la humedad y el contacto con productos qu\u00edmicos corrosivos, as\u00ed como evitando que los objetivos est\u00e9n sujetos a impactos violentos y cambios r\u00e1pidos de temperatura.<\/p>\n","protected":false},"excerpt":{"rendered":"<p>El objetivo de pulverizaci\u00f3n cat\u00f3dica <span style=\"color: #0000ff;\"><a style=\"color: #0000ff;\" href=\"https:\/\/vimaterial.de\/en\/product\/iron-silicide\/\">de siliciuro de hierro<\/a> <\/span>es un objetivo compuesto principalmente de hierro y silicio, que se utiliza para la deposici\u00f3n f\u00edsica de vapor. Durante el proceso de pulverizaci\u00f3n cat\u00f3dica, los \u00e1tomos de hierro y silicio se depositan en el sustrato para formar pel\u00edculas delgadas con alto punto de fusi\u00f3n, buena estabilidad qu\u00edmica y propiedades el\u00e9ctricas espec\u00edficas, que son importantes en los campos de los semiconductores y los dispositivos electr\u00f3nicos. <\/p>\n","protected":false},"featured_media":1040846,"comment_status":"open","ping_status":"closed","template":"","meta":{"_acf_changed":false},"product_brand":[],"product_cat":[178],"product_tag":[],"class_list":{"0":"post-1014858","1":"product","2":"type-product","3":"status-publish","4":"has-post-thumbnail","6":"product_cat-catodos-para-sputtering-planar","8":"first","9":"instock","10":"shipping-taxable","11":"product-type-variable"},"acf":[],"_links":{"self":[{"href":"https:\/\/vimaterial.de\/es\/wp-json\/wp\/v2\/product\/1014858","targetHints":{"allow":["GET"]}}],"collection":[{"href":"https:\/\/vimaterial.de\/es\/wp-json\/wp\/v2\/product"}],"about":[{"href":"https:\/\/vimaterial.de\/es\/wp-json\/wp\/v2\/types\/product"}],"replies":[{"embeddable":true,"href":"https:\/\/vimaterial.de\/es\/wp-json\/wp\/v2\/comments?post=1014858"}],"wp:featuredmedia":[{"embeddable":true,"href":"https:\/\/vimaterial.de\/es\/wp-json\/wp\/v2\/media\/1040846"}],"wp:attachment":[{"href":"https:\/\/vimaterial.de\/es\/wp-json\/wp\/v2\/media?parent=1014858"}],"wp:term":[{"taxonomy":"product_brand","embeddable":true,"href":"https:\/\/vimaterial.de\/es\/wp-json\/wp\/v2\/product_brand?post=1014858"},{"taxonomy":"product_cat","embeddable":true,"href":"https:\/\/vimaterial.de\/es\/wp-json\/wp\/v2\/product_cat?post=1014858"},{"taxonomy":"product_tag","embeddable":true,"href":"https:\/\/vimaterial.de\/es\/wp-json\/wp\/v2\/product_tag?post=1014858"}],"curies":[{"name":"wp","href":"https:\/\/api.w.org\/{rel}","templated":true}]}}