{"id":1014850,"date":"2024-06-17T14:44:14","date_gmt":"2024-06-17T06:44:14","guid":{"rendered":"https:\/\/vimaterial.de\/product\/oxido-de-hierro-y-titanio-ilemnita-2\/"},"modified":"2025-04-16T14:17:45","modified_gmt":"2025-04-16T06:17:45","slug":"oxido-de-hierro-y-titanio-ilemnita-2","status":"publish","type":"product","link":"https:\/\/vimaterial.de\/es\/product\/oxido-de-hierro-y-titanio-ilemnita-2\/","title":{"rendered":"\u00d3xido de hierro y titanio (ilemnita)"},"content":{"rendered":"<p>El objetivo de pulverizaci\u00f3n <span style=\"color: #0000ff;\"><a style=\"color: #0000ff;\" href=\"https:\/\/vimaterial.de\/en\/product\/iron-titanate\/\">cat\u00f3dica de \u00f3xido de hierro y titanio <\/a><\/span>es un material compuesto compuesto de hierro, titanio y ox\u00edgeno, utilizado principalmente en la deposici\u00f3n f\u00edsica de vapor, en el proceso de pulverizaci\u00f3n cat\u00f3dica puede haber part\u00edculas relacionadas con el hierro, el titanio y el ox\u00edgeno depositadas en el sustrato para formar una pel\u00edcula delgada, este objetivo tiene buenas propiedades \u00f3pticas, el\u00e9ctricas y magn\u00e9ticas, en el campo de los dispositivos \u00f3pticos,  Los equipos electr\u00f3nicos y los materiales magn\u00e9ticos y otros campos tienen una amplia gama de aplicaciones.<\/p>\n<p>VIMATERIAL proporciona objetivos de pulverizaci\u00f3n cat\u00f3dica de \u00f3xido de hierro y titanio, nuestros objetivos de pulverizaci\u00f3n cat\u00f3dica de \u00f3xido de hierro y titanio tienen las ventajas de alta pureza, buena densidad, buena estructura cristalina, excelentes propiedades de pel\u00edcula delgada, alta precisi\u00f3n dimensional, alta eficiencia de pulverizaci\u00f3n cat\u00f3dica y podemos proporcionar el servicio de uni\u00f3n, podemos aceptar la personalizaci\u00f3n de productos y experimentos, cont\u00e1ctenos pronto. Podemos aceptar productos y experimentos personalizados, <span style=\"color: #0000ff;\"><a style=\"color: #0000ff;\" href=\"https:\/\/vimaterial.de\/en\/contact-us\/\">cont\u00e1ctenos<\/a><\/span> pronto. <\/p>\n<h2><span style=\"font-size: 14pt;\">Propiedades f\u00edsicas<\/span><\/h2>\n<p>F\u00f3rmula molecular: FeTiO\u2083<\/p>\n<p>Peso molecular: alrededor de 152 g\/mol<\/p>\n<p>Aspecto: generalmente gris oscuro o negro material objetivo<\/p>\n<p>Densidad: alrededor de 4 &#8211; 5 g\/cm\u00b3.<\/p>\n<p>Punto de fusi\u00f3n: Alto, alrededor de 1300 &#8211; 1500 \u00b0C<\/p>\n<p>Estructura cristalina: Estructura com\u00fan de tipo ilmenita, pertenece al sistema cristalino tripartito, en el que los iones de hierro y titanio tienen una disposici\u00f3n espec\u00edfica en la posici\u00f3n del cristal, esta estructura tiene una influencia importante en sus propiedades f\u00edsicas y qu\u00edmicas.<\/p>\n<h2><span style=\"font-size: 14pt;\">Aplicaciones<\/span><\/h2>\n<p>Campo \u00f3ptico: se utiliza en la fabricaci\u00f3n de recubrimientos de lentes \u00f3pticas para mejorar la transmisi\u00f3n de luz y la resistencia al desgaste de las lentes para satisfacer las necesidades de los instrumentos \u00f3pticos.<\/p>\n<p>Electr\u00f3nica: Se utilizan como materiales de electrodos en dispositivos electr\u00f3nicos para garantizar el funcionamiento estable de los circuitos en virtud de sus propiedades el\u00e9ctricas.<\/p>\n<p>Campo de grabaci\u00f3n magn\u00e9tico: se utiliza en discos magn\u00e9ticos y otros medios de almacenamiento, utilizando sus propiedades magn\u00e9ticas para mejorar la densidad y confiabilidad del almacenamiento de datos.<\/p>\n<h2><span style=\"font-size: 14pt;\">Control de calidad<\/span><\/h2>\n<p><span style=\"color: #0000ff;\"><a style=\"color: #0000ff;\" href=\"https:\/\/vimaterial.de\/en\/quality-control\/\">El control de calidad<\/a><\/span> de nuestros productos es muy estricto, desde la selecci\u00f3n de materias primas estables y de alta pureza, hasta el uso de equipos de precisi\u00f3n avanzados y tecnolog\u00eda rigurosa en todo el control preciso del proceso de producci\u00f3n, hasta el uso de m\u00e9todos de prueba profesionales sobre las propiedades f\u00edsicas, qu\u00edmicas, microestructurales y otras propiedades del producto de la gama completa de pruebas en profundidad,  Cada enlace sigue estrictamente los altos est\u00e1ndares internacionales, para garantizar que cada lote de materiales se entregue con excelente calidad y estabilidad, para brindar a los clientes una garant\u00eda de calidad s\u00f3lida y confiable. Nos comprometemos a garantizar que cada lote de materiales entregados tenga una excelente calidad y estabilidad, brindando a los clientes una garant\u00eda de calidad s\u00f3lida y confiable. <\/p>\n<h2><span style=\"font-size: 14pt;\">Embalaje y almacenamiento<\/span><\/h2>\n<p>Los objetivos de pulverizaci\u00f3n cat\u00f3dica de \u00f3xido de hierro y titanio se empaquetan en bolsas y cajas de vac\u00edo de doble capa, y el exterior se empaqueta en cajas de cart\u00f3n.<\/p>\n<p>Los objetivos de pulverizaci\u00f3n cat\u00f3dica de \u00f3xido de hierro y titanio deben almacenarse en un ambiente seco, fresco y bien ventilado para evitar la humedad y el contacto con sustancias corrosivas fuertes y, al mismo tiempo, garantizar que la temperatura del entorno de almacenamiento sea relativamente estable, para evitar da\u00f1os al objetivo debido a cambios excesivos de temperatura.<\/p>\n","protected":false},"excerpt":{"rendered":"<p>El objetivo de pulverizaci\u00f3n <span style=\"color: #0000ff;\"><a style=\"color: #0000ff;\" href=\"https:\/\/vimaterial.de\/en\/product\/iron-titanate\/\">cat\u00f3dica de \u00f3xido de hierro y titanio <\/a><\/span>es un material compuesto compuesto de hierro, titanio y ox\u00edgeno, utilizado principalmente en la deposici\u00f3n f\u00edsica de vapor, en el proceso de pulverizaci\u00f3n cat\u00f3dica puede haber part\u00edculas relacionadas con el hierro, el titanio y el ox\u00edgeno depositadas en el sustrato para formar una pel\u00edcula delgada, este objetivo tiene buenas propiedades \u00f3pticas, el\u00e9ctricas y magn\u00e9ticas, en el campo de los dispositivos \u00f3pticos,  Los equipos electr\u00f3nicos y los materiales magn\u00e9ticos y otros campos tienen una amplia gama de aplicaciones.<\/p>\n","protected":false},"featured_media":1002024,"comment_status":"open","ping_status":"closed","template":"","meta":{"_acf_changed":false},"product_brand":[],"product_cat":[178],"product_tag":[],"class_list":{"0":"post-1014850","1":"product","2":"type-product","3":"status-publish","4":"has-post-thumbnail","6":"product_cat-catodos-para-sputtering-planar","8":"first","9":"instock","10":"shipping-taxable","11":"product-type-variable"},"acf":[],"_links":{"self":[{"href":"https:\/\/vimaterial.de\/es\/wp-json\/wp\/v2\/product\/1014850","targetHints":{"allow":["GET"]}}],"collection":[{"href":"https:\/\/vimaterial.de\/es\/wp-json\/wp\/v2\/product"}],"about":[{"href":"https:\/\/vimaterial.de\/es\/wp-json\/wp\/v2\/types\/product"}],"replies":[{"embeddable":true,"href":"https:\/\/vimaterial.de\/es\/wp-json\/wp\/v2\/comments?post=1014850"}],"wp:featuredmedia":[{"embeddable":true,"href":"https:\/\/vimaterial.de\/es\/wp-json\/wp\/v2\/media\/1002024"}],"wp:attachment":[{"href":"https:\/\/vimaterial.de\/es\/wp-json\/wp\/v2\/media?parent=1014850"}],"wp:term":[{"taxonomy":"product_brand","embeddable":true,"href":"https:\/\/vimaterial.de\/es\/wp-json\/wp\/v2\/product_brand?post=1014850"},{"taxonomy":"product_cat","embeddable":true,"href":"https:\/\/vimaterial.de\/es\/wp-json\/wp\/v2\/product_cat?post=1014850"},{"taxonomy":"product_tag","embeddable":true,"href":"https:\/\/vimaterial.de\/es\/wp-json\/wp\/v2\/product_tag?post=1014850"}],"curies":[{"name":"wp","href":"https:\/\/api.w.org\/{rel}","templated":true}]}}