{"id":1014847,"date":"2024-06-17T14:40:46","date_gmt":"2024-06-17T06:40:46","guid":{"rendered":"https:\/\/vimaterial.de\/product\/oxido-de-hierro-y-titanio-ilemnita\/"},"modified":"2025-04-17T09:52:33","modified_gmt":"2025-04-17T01:52:33","slug":"oxido-de-hierro-y-titanio-ilemnita","status":"publish","type":"product","link":"https:\/\/vimaterial.de\/es\/product\/oxido-de-hierro-y-titanio-ilemnita\/","title":{"rendered":"\u00d3xido de hierro y titanio (ilemnita)"},"content":{"rendered":"<p><span style=\"color: #0000ff;\"><a style=\"color: #0000ff;\" href=\"https:\/\/vimaterial.de\/en\/product\/iron-titanium-oxide-ilemnite\/\">El polvo de \u00f3xido de hierro y titanio<\/a> <\/span>es un compuesto de hierro, titanio y ox\u00edgeno en una amplia gama de colores con buena estabilidad qu\u00edmica, propiedades fotocatal\u00edticas y algunas propiedades magn\u00e9ticas, que tienen aplicaciones potenciales en pigmentos, fotocatalizadores y materiales magn\u00e9ticos.<\/p>\n<p>VIMATERIAl ofrece polvos de \u00f3xido de hierro y titanio. Nuestros polvos de \u00f3xido de hierro y titanio tienen las ventajas de un tama\u00f1o de part\u00edcula uniforme, un bajo contenido de impurezas, una alta estabilidad qu\u00edmica y un buen rendimiento en las aplicaciones. Contamos con un equipo profesional de investigaci\u00f3n y desarrollo de tecnolog\u00eda, aceptamos personalizados y experimentales, si lo necesita, p\u00f3ngase<span style=\"color: #0000ff;\"> <a style=\"color: #0000ff;\" href=\"https:\/\/vimaterial.de\/en\/contact-us\/\">en contacto con nosotros<\/a><\/span>.  <\/p>\n<h2><span style=\"font-size: 14pt;\">Propiedades f\u00edsicas<\/span><\/h2>\n<p>F\u00f3rmula molecular: FeTiO\u2083<\/p>\n<p>Peso molecular: 151.7102<\/p>\n<p>Aspecto: polvo gris<\/p>\n<p>Densidad: 4.784g\/mL (25\u00b0C)<\/p>\n<h2><span style=\"font-size: 14pt;\">Aplicaci\u00f3n<\/span><\/h2>\n<p>Pigmento: Los polvos de \u00f3xido de hierro y titanio se utilizan ampliamente como pigmentos en pinturas, pl\u00e1sticos, papel y otros productos para proporcionar colores duraderos y vibrantes debido a sus propiedades qu\u00edmicas estables y su color \u00fanico.<\/p>\n<p>Fotocat\u00e1lisis: Gracias a sus propiedades fotocatal\u00edticas, los polvos son capaces de descomponer los contaminantes org\u00e1nicos y matar las bacterias en condiciones de luz, y pueden utilizarse en el tratamiento de aguas residuales, la purificaci\u00f3n del aire y la preparaci\u00f3n de materiales de autolimpieza.<\/p>\n<p>Materiales magn\u00e9ticos: Debido a sus propiedades magn\u00e9ticas, los polvos de \u00f3xido de hierro y titanio se pueden utilizar en la preparaci\u00f3n de materiales de grabaci\u00f3n magn\u00e9tica, sensores magn\u00e9ticos y otras aplicaciones magn\u00e9ticas, como el almacenamiento y la detecci\u00f3n de informaci\u00f3n.<\/p>\n<p>Cer\u00e1mica: Como aditivo cer\u00e1mico, puede mejorar las propiedades mec\u00e1nicas, la resistencia al calor y la estabilidad qu\u00edmica de la cer\u00e1mica, de modo que los productos cer\u00e1micos puedan mantener un buen rendimiento a altas temperaturas, corrosi\u00f3n y otros entornos hostiles, com\u00fanmente utilizados en la producci\u00f3n de cer\u00e1mica industrial y cer\u00e1mica especial.<\/p>\n<h2><span style=\"font-size: 14pt;\">Control de calidad<\/span><\/h2>\n<p><span style=\"color: #0000ff;\"><a style=\"color: #0000ff;\" href=\"https:\/\/vimaterial.de\/en\/quality-control\/\">Cada lote<\/a><\/span> de nuestros productos parte de la cuidadosa selecci\u00f3n de las materias primas y pasa por varios procesos avanzados, con un estricto control de par\u00e1metros y un seguimiento en tiempo real en cada paso. Todo el proceso de producci\u00f3n sigue el sistema de gesti\u00f3n de calidad internacional, y el uso de equipos de prueba de alta precisi\u00f3n realiza pruebas de precisi\u00f3n completa de la distribuci\u00f3n del tama\u00f1o de part\u00edcula, la pureza, el contenido de impurezas y otros indicadores clave, sin escatimar defectos menores, para garantizar la calidad de cada lote de productos. <\/p>\n<h2><span style=\"font-size: 14pt;\">Embalaje y almacenamiento<\/span><\/h2>\n<p>Los polvos de \u00f3xido de hierro y titanio se envasan en bolsas de vac\u00edo dobles o botellas y cartones.<\/p>\n<p>El polvo de \u00f3xido de hierro y titanio debe almacenarse en un ambiente seco, fresco y bien ventilado, evitando la humedad, las altas temperaturas y la luz intensa, y debe sellarse para evitar el contacto con sustancias corrosivas como \u00e1cidos y \u00e1lcalis, con el fin de mantener la estabilidad de sus propiedades qu\u00edmicas y f\u00edsicas.<\/p>\n","protected":false},"excerpt":{"rendered":"<p><span style=\"color: #0000ff;\"><a style=\"color: #0000ff;\" href=\"https:\/\/vimaterial.de\/en\/product\/iron-titanium-oxide-ilemnite\/\">El polvo de \u00f3xido de hierro y titanio<\/a> <\/span>es un compuesto de hierro, titanio y ox\u00edgeno en una amplia gama de colores con buena estabilidad qu\u00edmica, propiedades fotocatal\u00edticas y algunas propiedades magn\u00e9ticas, que tienen aplicaciones potenciales en pigmentos, fotocatalizadores y materiales magn\u00e9ticos.<\/p>\n","protected":false},"featured_media":1002024,"comment_status":"open","ping_status":"closed","template":"","meta":{"_acf_changed":false},"product_brand":[],"product_cat":[187],"product_tag":[],"class_list":{"0":"post-1014847","1":"product","2":"type-product","3":"status-publish","4":"has-post-thumbnail","6":"product_cat-otros-materiales","8":"first","9":"instock","10":"shipping-taxable","11":"product-type-variable"},"acf":[],"_links":{"self":[{"href":"https:\/\/vimaterial.de\/es\/wp-json\/wp\/v2\/product\/1014847","targetHints":{"allow":["GET"]}}],"collection":[{"href":"https:\/\/vimaterial.de\/es\/wp-json\/wp\/v2\/product"}],"about":[{"href":"https:\/\/vimaterial.de\/es\/wp-json\/wp\/v2\/types\/product"}],"replies":[{"embeddable":true,"href":"https:\/\/vimaterial.de\/es\/wp-json\/wp\/v2\/comments?post=1014847"}],"wp:featuredmedia":[{"embeddable":true,"href":"https:\/\/vimaterial.de\/es\/wp-json\/wp\/v2\/media\/1002024"}],"wp:attachment":[{"href":"https:\/\/vimaterial.de\/es\/wp-json\/wp\/v2\/media?parent=1014847"}],"wp:term":[{"taxonomy":"product_brand","embeddable":true,"href":"https:\/\/vimaterial.de\/es\/wp-json\/wp\/v2\/product_brand?post=1014847"},{"taxonomy":"product_cat","embeddable":true,"href":"https:\/\/vimaterial.de\/es\/wp-json\/wp\/v2\/product_cat?post=1014847"},{"taxonomy":"product_tag","embeddable":true,"href":"https:\/\/vimaterial.de\/es\/wp-json\/wp\/v2\/product_tag?post=1014847"}],"curies":[{"name":"wp","href":"https:\/\/api.w.org\/{rel}","templated":true}]}}