{"id":1014836,"date":"2024-06-17T14:44:14","date_gmt":"2024-06-17T06:44:14","guid":{"rendered":"https:\/\/vimaterial.de\/product\/aleacion-de-hierro-y-circonio\/"},"modified":"2025-04-16T14:16:03","modified_gmt":"2025-04-16T06:16:03","slug":"aleacion-de-hierro-y-circonio","status":"publish","type":"product","link":"https:\/\/vimaterial.de\/es\/product\/aleacion-de-hierro-y-circonio\/","title":{"rendered":"Aleaci\u00f3n de hierro y circonio"},"content":{"rendered":"<p>El objetivo de pulverizaci\u00f3n cat\u00f3dica de aleaci\u00f3n de hierro y circonio es un tipo de material de aleaci\u00f3n compuesto de hierro y circonio, que se utiliza para la deposici\u00f3n f\u00edsica de vapor. Durante el proceso de pulverizaci\u00f3n cat\u00f3dica, los \u00e1tomos de hierro y circonio se pueden depositar en el sustrato para formar una pel\u00edcula delgada con muchas propiedades excelentes, como buena resistencia a la corrosi\u00f3n, alta dureza y propiedades magn\u00e9ticas especiales, etc. Se ha utilizado en los campos de la electr\u00f3nica, maquinaria, materiales magn\u00e9ticos, etc&#8230;.  <\/p>\n<p>VIMATERIAL proporciona objetivos de pulverizaci\u00f3n cat\u00f3dica de aleaci\u00f3n de hierro y circonio, nuestros objetivos de pulverizaci\u00f3n cat\u00f3dica de aleaci\u00f3n de hierro y circonio tienen las ventajas de alta pureza, buena densidad, buena estructura cristalina, excelentes propiedades de pel\u00edcula delgada, alta precisi\u00f3n dimensional, alta eficiencia de pulverizaci\u00f3n cat\u00f3dica, y podemos proporcionar servicio de uni\u00f3n, podemos aceptar productos y experimentos personalizados. Podemos aceptar personalizaci\u00f3n y experimentos, p\u00f3ngase <span style=\"color: #0000ff;\"><a style=\"color: #0000ff;\" href=\"https:\/\/vimaterial.de\/en\/contact-us\/\">en contacto con nosotros<\/a> <\/span>pronto. <\/p>\n<h2><span style=\"font-size: 14pt;\">Propiedades f\u00edsicas<\/span><\/h2>\n<p>F\u00f3rmula molecular: FeZr<\/p>\n<p>Peso molecular: alrededor de 67,5 g\/mol<\/p>\n<p>Aspecto: Brillo met\u00e1lico gris plateado, material objetivo de superficie lisa.<\/p>\n<p>Densidad: generalmente alrededor de 7,0 &#8211; 7,5 g\/cm\u00b3.<\/p>\n<p>Punto de fusi\u00f3n: generalmente entre 1500 &#8211; 1800 \u00b0C<\/p>\n<h2><span style=\"font-size: 14pt;\">Aplicaciones<\/span><\/h2>\n<p>Campo electr\u00f3nico: Se utiliza en la fabricaci\u00f3n de chips para formar interconexiones y capas de barrera para mejorar la conductividad y la estabilidad.<\/p>\n<p>Campo \u00f3ptico: Recubrimiento de lentes \u00f3pticas para mejorar la resistencia al desgaste y las propiedades antirreflectantes.<\/p>\n<p>Campo magn\u00e9tico: Preparaci\u00f3n de la capa de grabaci\u00f3n magn\u00e9tica de los discos duros para mejorar la densidad de almacenamiento de datos y la velocidad de lectura\/escritura.<\/p>\n<p>Campo de energ\u00eda: como electrodo de c\u00e9lula solar o pel\u00edcula de reducci\u00f3n de reflexi\u00f3n, para mejorar la eficiencia de la conversi\u00f3n fotoel\u00e9ctrica.<\/p>\n<p>Campo decorativo: recubrimiento en la superficie de los materiales para darles un brillo met\u00e1lico y un efecto decorativo.<\/p>\n<h2><span style=\"font-size: 14pt;\">Control de calidad<\/span><\/h2>\n<p><span style=\"color: #0000ff;\"><a style=\"color: #0000ff;\" href=\"https:\/\/vimaterial.de\/en\/quality-control\/\">El control de calidad<\/a><\/span> de nuestros productos es muy estricto, desde la selecci\u00f3n de materias primas estables y de alta pureza, hasta el uso de equipos de precisi\u00f3n avanzados y tecnolog\u00eda rigurosa en todo el control preciso del proceso de producci\u00f3n, hasta el uso de m\u00e9todos de prueba profesionales sobre las propiedades f\u00edsicas, qu\u00edmicas, microestructurales y otras propiedades del producto de la gama completa de pruebas en profundidad,  Cada enlace sigue estrictamente los altos est\u00e1ndares internacionales, para garantizar que cada lote de materiales se entregue con excelente calidad y estabilidad, para brindar a los clientes una garant\u00eda de calidad s\u00f3lida y confiable. Nos comprometemos a garantizar que cada lote de materiales entregados tenga una excelente calidad y estabilidad, brindando a los clientes una garant\u00eda de calidad s\u00f3lida y confiable. <\/p>\n<h2><span style=\"font-size: 14pt;\">Embalaje y almacenamiento<\/span><\/h2>\n<p>Los objetivos de pulverizaci\u00f3n cat\u00f3dica de aleaci\u00f3n de hierro y circonio se empaquetan en bolsas de vac\u00edo de doble capa y luego se empaquetan, y el exterior se empaqueta en cajas de cart\u00f3n.<\/p>\n<p>Los objetivos de pulverizaci\u00f3n cat\u00f3dica de aleaci\u00f3n de hierro y circonio deben almacenarse en un ambiente seco, fresco, bien ventilado y estable a la temperatura, protegidos de la humedad y las sustancias corrosivas, y protegidos de impactos f\u00edsicos violentos y entornos oxidantes.<\/p>\n","protected":false},"excerpt":{"rendered":"<p>El objetivo de pulverizaci\u00f3n cat\u00f3dica de aleaci\u00f3n de hierro y circonio es un tipo de material de aleaci\u00f3n compuesto de hierro y circonio, que se utiliza para la deposici\u00f3n f\u00edsica de vapor. Durante el proceso de pulverizaci\u00f3n cat\u00f3dica, los \u00e1tomos de hierro y circonio se pueden depositar en el sustrato para formar una pel\u00edcula delgada con muchas propiedades excelentes, como buena resistencia a la corrosi\u00f3n, alta dureza y propiedades magn\u00e9ticas especiales, etc. Se ha utilizado en los campos de la electr\u00f3nica, maquinaria, materiales magn\u00e9ticos, etc&#8230;.  <\/p>\n","protected":false},"featured_media":1002033,"comment_status":"open","ping_status":"closed","template":"","meta":{"_acf_changed":false},"product_brand":[],"product_cat":[178],"product_tag":[],"class_list":{"0":"post-1014836","1":"product","2":"type-product","3":"status-publish","4":"has-post-thumbnail","6":"product_cat-catodos-para-sputtering-planar","8":"first","9":"instock","10":"shipping-taxable","11":"product-type-variable"},"acf":[],"_links":{"self":[{"href":"https:\/\/vimaterial.de\/es\/wp-json\/wp\/v2\/product\/1014836","targetHints":{"allow":["GET"]}}],"collection":[{"href":"https:\/\/vimaterial.de\/es\/wp-json\/wp\/v2\/product"}],"about":[{"href":"https:\/\/vimaterial.de\/es\/wp-json\/wp\/v2\/types\/product"}],"replies":[{"embeddable":true,"href":"https:\/\/vimaterial.de\/es\/wp-json\/wp\/v2\/comments?post=1014836"}],"wp:featuredmedia":[{"embeddable":true,"href":"https:\/\/vimaterial.de\/es\/wp-json\/wp\/v2\/media\/1002033"}],"wp:attachment":[{"href":"https:\/\/vimaterial.de\/es\/wp-json\/wp\/v2\/media?parent=1014836"}],"wp:term":[{"taxonomy":"product_brand","embeddable":true,"href":"https:\/\/vimaterial.de\/es\/wp-json\/wp\/v2\/product_brand?post=1014836"},{"taxonomy":"product_cat","embeddable":true,"href":"https:\/\/vimaterial.de\/es\/wp-json\/wp\/v2\/product_cat?post=1014836"},{"taxonomy":"product_tag","embeddable":true,"href":"https:\/\/vimaterial.de\/es\/wp-json\/wp\/v2\/product_tag?post=1014836"}],"curies":[{"name":"wp","href":"https:\/\/api.w.org\/{rel}","templated":true}]}}