{"id":1014807,"date":"2024-06-17T14:44:14","date_gmt":"2024-06-17T06:44:14","guid":{"rendered":"https:\/\/vimaterial.de\/product\/cobalto-metalico-7\/"},"modified":"2024-07-17T12:45:57","modified_gmt":"2024-07-17T04:45:57","slug":"cobalto-metalico-7","status":"publish","type":"product","link":"https:\/\/vimaterial.de\/es\/product\/cobalto-metalico-7\/","title":{"rendered":"Metal cobalto"},"content":{"rendered":"<p>Caracter\u00edsticaEl cobalto es un metal ferromagn\u00e9tico con blanco plateado, la superficie es de color blanco plateado, ligeramente rosa p\u00e1lido, se encuentra en el cuarto ciclo en la tabla peri\u00f3dica, el primer VIII., n\u00famero at\u00f3mico 27, cierra los cristales de seis partes, la valencia com\u00fan es + 2, + 3.El cobalto es un metal gris acero brillante, duro y quebradizo, ferromagn\u00e9tico, cuando se calienta a 1150 \u00b0C magn\u00e9tico desaparece. El cobalto tiene valencias de +2 y +3.At temperatura normal, no funciona con agua ni aire y es similar al hierro y al n\u00edquel. Fase en STP:s\u00f3lidoApariencia:metal gris azulado brillante duroPunto de fusi\u00f3n:1768 K (1495 \u00b0C, 2723 \u00b0F)Punto de ebullici\u00f3n:3200 K (2927 \u00b0C, 5301 \u00b0F)Densidad (cerca de r.t.) :8.90 g\/cm3cuando l\u00edquido (a m.p.) :8,86 g\/cm3Calor de fusi\u00f3n:16,06 kJ\/molCalor de vaporizaci\u00f3n:377 kJ\/molCapacidad calor\u00edfica molar:24,81 J\/(mol\u00b7 K) Aplicaci\u00f3nEl cobalto se utiliza principalmente en bater\u00edas de iones de litio y en la fabricaci\u00f3n de aleaciones magn\u00e9ticas, resistentes al desgaste y de alta resistencia. Los compuestos silicato de cobalto y aluminato de cobalto (II) (CoAl2O4, azul cobalto) dan un color azul profundo distintivo al vidrio, la cer\u00e1mica, las tintas, las pinturas y los barnices. El cobalto se produce de forma natural como un \u00fanico is\u00f3topo estable, el cobalto-59. El cobalto-60 es un radiois\u00f3topo de importancia comercial, utilizado como trazador radiactivo y para la producci\u00f3n de rayos gamma de alta energ\u00eda.<\/p>\n","protected":false},"excerpt":{"rendered":"<p>Caracter\u00edsticaEl cobalto es un metal ferromagn\u00e9tico con blanco plateado, la superficie es de color blanco plateado, ligeramente rosa p\u00e1lido, se encuentra en el cuarto ciclo en la tabla peri\u00f3dica, el primer VIII., n\u00famero at\u00f3mico 27, cierra los cristales de seis partes, la valencia com\u00fan es + 2, + 3.El cobalto es un metal gris acero [&hellip;]<\/p>\n","protected":false},"featured_media":1002040,"comment_status":"open","ping_status":"closed","template":"","meta":{"_acf_changed":false},"product_brand":[],"product_cat":[188],"product_tag":[],"class_list":{"0":"post-1014807","1":"product","2":"type-product","3":"status-publish","4":"has-post-thumbnail","6":"product_cat-perfil","8":"first","9":"instock","10":"shipping-taxable","11":"purchasable","12":"product-type-variable"},"acf":[],"_links":{"self":[{"href":"https:\/\/vimaterial.de\/es\/wp-json\/wp\/v2\/product\/1014807","targetHints":{"allow":["GET"]}}],"collection":[{"href":"https:\/\/vimaterial.de\/es\/wp-json\/wp\/v2\/product"}],"about":[{"href":"https:\/\/vimaterial.de\/es\/wp-json\/wp\/v2\/types\/product"}],"replies":[{"embeddable":true,"href":"https:\/\/vimaterial.de\/es\/wp-json\/wp\/v2\/comments?post=1014807"}],"wp:featuredmedia":[{"embeddable":true,"href":"https:\/\/vimaterial.de\/es\/wp-json\/wp\/v2\/media\/1002040"}],"wp:attachment":[{"href":"https:\/\/vimaterial.de\/es\/wp-json\/wp\/v2\/media?parent=1014807"}],"wp:term":[{"taxonomy":"product_brand","embeddable":true,"href":"https:\/\/vimaterial.de\/es\/wp-json\/wp\/v2\/product_brand?post=1014807"},{"taxonomy":"product_cat","embeddable":true,"href":"https:\/\/vimaterial.de\/es\/wp-json\/wp\/v2\/product_cat?post=1014807"},{"taxonomy":"product_tag","embeddable":true,"href":"https:\/\/vimaterial.de\/es\/wp-json\/wp\/v2\/product_tag?post=1014807"}],"curies":[{"name":"wp","href":"https:\/\/api.w.org\/{rel}","templated":true}]}}