{"id":1014794,"date":"2024-06-17T14:44:15","date_gmt":"2024-06-17T06:44:15","guid":{"rendered":"https:\/\/vimaterial.de\/product\/cobalto-metalico-6\/"},"modified":"2025-04-16T14:09:22","modified_gmt":"2025-04-16T06:09:22","slug":"cobalto-metalico-6","status":"publish","type":"product","link":"https:\/\/vimaterial.de\/es\/product\/cobalto-metalico-6\/","title":{"rendered":"Metal cobalto"},"content":{"rendered":"<p>Las piezas de <span style=\"color: #0000ff;\"><a style=\"color: #0000ff;\" href=\"https:\/\/vimaterial.de\/en\/product\/cobalt-metal-4\/\">metal cobalto<\/a> <\/span>son fragmentos o secciones de metal cobalto de forma irregular, que tienen las propiedades caracter\u00edsticas del cobalto como un gris plateado Las piezas de metal de cobalto son fragmentos o secciones de metal cobalto de forma irregular, que tienen las propiedades caracter\u00edsticas del cobalto como una apariencia gris plateada, dureza y comportamiento magn\u00e9tico potencial, y que encuentran aplicaciones en diversas industrias como la aleaci\u00f3n,  la producci\u00f3n de bater\u00edas y la fabricaci\u00f3n de materiales magn\u00e9ticos.<\/p>\n<p>VIMATERIAL proporciona piezas de metal Cobalto, nuestras piezas son uniformes y estables en composici\u00f3n, alta pureza, fuerte dureza, tama\u00f1o de part\u00edcula controlable, etc. Y podemos aceptar productos y experimentos personalizados, contamos con un equipo profesional de investigaci\u00f3n y desarrollo t\u00e9cnico, <span style=\"color: #0000ff;\"><a style=\"color: #0000ff;\" href=\"https:\/\/vimaterial.de\/en\/contact-us\/\">cont\u00e1ctenos<\/a><\/span>. <\/p>\n<h2><span style=\"font-size: 14pt;\">Propiedades f\u00edsicas<\/span><\/h2>\n<p>F\u00f3rmula molecular: Co<\/p>\n<p>Peso molecular: 58.933<\/p>\n<p>Aspecto: brillo met\u00e1lico gris plata<\/p>\n<p>Densidad: 8,9 g\/cm\u00b3<\/p>\n<p>Punto de fusi\u00f3n: 1495 \u00b0C<\/p>\n<p>Punto de ebullici\u00f3n: 2927\u00b0C<\/p>\n<p>Estructura cristalina: Estructura cristalina hexagonal densa, esta estructura hace que el metal cobalto tenga mejor resistencia y tenacidad y otras propiedades mec\u00e1nicas.<\/p>\n<h2><span style=\"font-size: 14pt;\">Aplicaci\u00f3n<\/span><\/h2>\n<p>Campo de la bater\u00eda: se utiliza en la fabricaci\u00f3n de materiales de c\u00e1todo de bater\u00eda de iones de litio, mejora el rendimiento de la bater\u00eda, com\u00fanmente utilizado en productos electr\u00f3nicos y veh\u00edculos el\u00e9ctricos.<\/p>\n<p>Fabricaci\u00f3n de aleaciones: y otros metales hechos de carburo cementado a alta temperatura, utilizados en cuchillas de motores de aviones y herramientas de corte, etc., para mejorar la resistencia a altas temperaturas y otras propiedades.<\/p>\n<p>Materiales magn\u00e9ticos: como materia prima clave para los imanes permanentes, la aleaci\u00f3n de imanes permanentes se utiliza en piezas magn\u00e9ticas de equipos electr\u00f3nicos, m\u00e9dicos y aeroespaciales, con altas propiedades magn\u00e9ticas.<\/p>\n<p>Industria qu\u00edmica: se utiliza como catalizador para la hidrogenaci\u00f3n petroqu\u00edmica, reacci\u00f3n de polimerizaci\u00f3n del caucho, para mejorar la eficiencia y la selectividad de la reacci\u00f3n, reducir los costos.<\/p>\n<p>Industria de la cer\u00e1mica y el vidrio: convertido en pigmento azul cobalto para te\u00f1ir, aumentar la dureza y el brillo, mejorar la decoraci\u00f3n y la calidad del producto.<\/p>\n<p>Campo m\u00e9dico: Su biocompatibilidad se utiliza en la fabricaci\u00f3n de articulaciones artificiales y otros dispositivos, y su is\u00f3topo se utiliza en radioterapia contra el c\u00e1ncer.<\/p>\n<h2><span style=\"font-size: 14pt;\">Control de calidad<\/span><\/h2>\n<p><span style=\"color: #0000ff;\"><a style=\"color: #0000ff;\" href=\"https:\/\/vimaterial.de\/en\/quality-control\/\">Cada lote<\/a> <\/span>de productos protege estrictamente la calidad, desde la selecci\u00f3n de los proveedores de materias primas, hasta el uso de equipos de prueba avanzados para monitorear con precisi\u00f3n todo el proceso de producci\u00f3n, hasta el producto terminado a trav\u00e9s de muchas rondas de muestreo severo y certificaci\u00f3n autorizada de terceros, para garantizar que cada lote de productos cumpla y supere los altos est\u00e1ndares de la industria con un  Sistema de control de calidad de tolerancia cero, para proporcionar a nuestros clientes la mejor calidad y los productos m\u00e1s estables.<\/p>\n<h2><span style=\"font-size: 14pt;\">Embalaje y almacenamiento<\/span><\/h2>\n<p>Las piezas de metal cobalto se envasan en bolsas de vac\u00edo o botellas de vac\u00edo con cart\u00f3n exterior.<\/p>\n<p>Las piezas de metal cobalto deben almacenarse en un ambiente seco y bien ventilado, lejos de fuentes de ignici\u00f3n y materiales inflamables, evitar el contacto con \u00e1cidos, \u00e1lcalis y otras sustancias corrosivas, al tiempo que evitan la humedad y la oxidaci\u00f3n, se pueden sellar en envases o almacenar en recipientes inertes protegidos con gas.<\/p>\n","protected":false},"excerpt":{"rendered":"<p>Las piezas de <span style=\"color: #0000ff;\"><a style=\"color: #0000ff;\" href=\"https:\/\/vimaterial.de\/en\/product\/cobalt-metal-4\/\">metal cobalto<\/a> <\/span>son fragmentos o secciones de metal cobalto de forma irregular, que tienen las propiedades caracter\u00edsticas del cobalto como un gris plateado Las piezas de metal de cobalto son fragmentos o secciones de metal cobalto de forma irregular, que tienen las propiedades caracter\u00edsticas del cobalto como una apariencia gris plateada, dureza y comportamiento magn\u00e9tico potencial, y que encuentran aplicaciones en diversas industrias como la aleaci\u00f3n,  la producci\u00f3n de bater\u00edas y la fabricaci\u00f3n de materiales magn\u00e9ticos.<\/p>\n","protected":false},"featured_media":1002057,"comment_status":"open","ping_status":"closed","template":"","meta":{"_acf_changed":false},"product_brand":[],"product_cat":[179],"product_tag":[],"class_list":{"0":"post-1014794","1":"product","2":"type-product","3":"status-publish","4":"has-post-thumbnail","6":"product_cat-materiales-de-evaporacion","8":"first","9":"instock","10":"shipping-taxable","11":"purchasable","12":"product-type-variable"},"acf":[],"_links":{"self":[{"href":"https:\/\/vimaterial.de\/es\/wp-json\/wp\/v2\/product\/1014794","targetHints":{"allow":["GET"]}}],"collection":[{"href":"https:\/\/vimaterial.de\/es\/wp-json\/wp\/v2\/product"}],"about":[{"href":"https:\/\/vimaterial.de\/es\/wp-json\/wp\/v2\/types\/product"}],"replies":[{"embeddable":true,"href":"https:\/\/vimaterial.de\/es\/wp-json\/wp\/v2\/comments?post=1014794"}],"wp:featuredmedia":[{"embeddable":true,"href":"https:\/\/vimaterial.de\/es\/wp-json\/wp\/v2\/media\/1002057"}],"wp:attachment":[{"href":"https:\/\/vimaterial.de\/es\/wp-json\/wp\/v2\/media?parent=1014794"}],"wp:term":[{"taxonomy":"product_brand","embeddable":true,"href":"https:\/\/vimaterial.de\/es\/wp-json\/wp\/v2\/product_brand?post=1014794"},{"taxonomy":"product_cat","embeddable":true,"href":"https:\/\/vimaterial.de\/es\/wp-json\/wp\/v2\/product_cat?post=1014794"},{"taxonomy":"product_tag","embeddable":true,"href":"https:\/\/vimaterial.de\/es\/wp-json\/wp\/v2\/product_tag?post=1014794"}],"curies":[{"name":"wp","href":"https:\/\/api.w.org\/{rel}","templated":true}]}}