{"id":1014788,"date":"2024-06-17T14:44:16","date_gmt":"2024-06-17T06:44:16","guid":{"rendered":"https:\/\/vimaterial.de\/product\/cobalto-metalico-5\/"},"modified":"2025-04-16T14:07:27","modified_gmt":"2025-04-16T06:07:27","slug":"cobalto-metalico-5","status":"publish","type":"product","link":"https:\/\/vimaterial.de\/es\/product\/cobalto-metalico-5\/","title":{"rendered":"Metal cobalto"},"content":{"rendered":"<p>Los gr\u00e1nulos de <span style=\"color: #0000ff;\"><a style=\"color: #0000ff;\" href=\"https:\/\/vimaterial.de\/en\/product\/cobalt-metal-4\/\">metal cobalto<\/a><\/span> son un tipo de material granular gris plateado con brillo met\u00e1lico, textura dura, buena conductividad el\u00e9ctrica, conductividad t\u00e9rmica y ductilidad, ampliamente utilizado en materiales magn\u00e9ticos, aleaciones de alta temperatura, catalizadores y otros campos.<\/p>\n<p>VIMATERIAL proporciona part\u00edculas met\u00e1licas de cobalto, nuestras part\u00edculas son uniformes y estables en composici\u00f3n, alta pureza, dureza, tama\u00f1o de part\u00edcula controlable, etc. y podemos aceptar productos y experimentos personalizados, contamos con un equipo profesional de investigaci\u00f3n y desarrollo t\u00e9cnico, <span style=\"color: #0000ff;\"><a style=\"color: #0000ff;\" href=\"https:\/\/vimaterial.de\/en\/contact-us\/\">cont\u00e1ctenos.<\/a><\/span><\/p>\n<h2><span style=\"font-size: 14pt;\">Propiedades f\u00edsicas<\/span><\/h2>\n<p>F\u00f3rmula molecular: Co<\/p>\n<p>Peso molecular: 58.933<\/p>\n<p>Aspecto: part\u00edculas met\u00e1licas de color gris plata<\/p>\n<p>Densidad: 8,9 g\/cm\u00b3<\/p>\n<p>Punto de fusi\u00f3n: 1495 \u00b0C<\/p>\n<p>Punto de ebullici\u00f3n: 2927\u00b0C<\/p>\n<p>Estructura cristalina: Estructura hexagonal compacta<\/p>\n<h2><span style=\"font-size: 14pt;\">Aplicaci\u00f3n<\/span><\/h2>\n<p>Materiales magn\u00e9ticos: Los gr\u00e1nulos met\u00e1licos de cobalto se utilizan en la fabricaci\u00f3n de potentes imanes permanentes para satisfacer la demanda de productos de alta energ\u00eda magn\u00e9tica para la miniaturizaci\u00f3n de dispositivos electr\u00f3nicos.<\/p>\n<p>Aleaciones de alta temperatura: Los gr\u00e1nulos de metal cobalto se agregan a las aleaciones como un componente clave para mejorar sus propiedades de resistencia a altas temperaturas y al desgaste, y se utilizan en componentes clave como las palas de los motores de los aviones.<\/p>\n<p>Campo de material de la bater\u00eda: involucrado en la preparaci\u00f3n del electrodo de bater\u00eda de \u00e1cido de litio y cobalto, proporcionando una plataforma de alto voltaje para garantizar la densidad de energ\u00eda y el rendimiento de carga \/ descarga de la bater\u00eda.<\/p>\n<p>Campo catalizador: act\u00faa como catalizador en la reacci\u00f3n de s\u00edntesis qu\u00edmica, acelerando el proceso de reacci\u00f3n, mejorando la eficiencia de la producci\u00f3n y la selectividad del producto.<\/p>\n<p>Campo de pigmentos cer\u00e1micos: agregue un pigmento azul \u00fanico a la cer\u00e1mica despu\u00e9s del procesamiento, mejore la riqueza del color y el valor art\u00edstico de los productos cer\u00e1micos.<\/p>\n<h2><span style=\"font-size: 14pt;\">Control de calidad<\/span><\/h2>\n<p><span style=\"color: #0000ff;\"><a style=\"color: #0000ff;\" href=\"https:\/\/vimaterial.de\/en\/quality-control\/\">Cada lote<\/a><\/span> de productos protege estrictamente la calidad, desde la selecci\u00f3n de proveedores de materias primas, hasta el uso de equipos de prueba avanzados para monitorear con precisi\u00f3n todo el proceso de producci\u00f3n, hasta el producto terminado a trav\u00e9s de muchas rondas de muestreo severo y certificaci\u00f3n autorizada de terceros, hasta un sistema de control de calidad integral de tolerancia cero para garantizar que cada lote de productos cumpla y supere los altos est\u00e1ndares de la industria,  para proporcionar a nuestros clientes la mejor calidad y los productos m\u00e1s estables.<\/p>\n<h2><span style=\"font-size: 14pt;\">Embalaje y almacenamiento<\/span><\/h2>\n<p>Los gr\u00e1nulos de metal cobalto se envasan en bolsas de vac\u00edo o botellas de vac\u00edo y se envasan en cajas de cart\u00f3n.<\/p>\n<p>Los gr\u00e1nulos de cobalto met\u00e1lico deben almacenarse en un lugar seco, ventilado y fresco, evitando el contacto con \u00e1cidos fuertes, \u00e1lcalis y agentes oxidantes, y lejos del fuego y las fuentes de calor.<\/p>\n","protected":false},"excerpt":{"rendered":"<p>Los gr\u00e1nulos de <span style=\"color: #0000ff;\"><a style=\"color: #0000ff;\" href=\"https:\/\/vimaterial.de\/en\/product\/cobalt-metal-4\/\">metal cobalto<\/a><\/span> son un tipo de material granular gris plateado con brillo met\u00e1lico, textura dura, buena conductividad el\u00e9ctrica, conductividad t\u00e9rmica y ductilidad, ampliamente utilizado en materiales magn\u00e9ticos, aleaciones de alta temperatura, catalizadores y otros campos.<\/p>\n","protected":false},"featured_media":1002064,"comment_status":"open","ping_status":"closed","template":"","meta":{"_acf_changed":false},"product_brand":[],"product_cat":[179],"product_tag":[],"class_list":{"0":"post-1014788","1":"product","2":"type-product","3":"status-publish","4":"has-post-thumbnail","6":"product_cat-materiales-de-evaporacion","8":"first","9":"instock","10":"shipping-taxable","11":"purchasable","12":"product-type-variable"},"acf":[],"_links":{"self":[{"href":"https:\/\/vimaterial.de\/es\/wp-json\/wp\/v2\/product\/1014788","targetHints":{"allow":["GET"]}}],"collection":[{"href":"https:\/\/vimaterial.de\/es\/wp-json\/wp\/v2\/product"}],"about":[{"href":"https:\/\/vimaterial.de\/es\/wp-json\/wp\/v2\/types\/product"}],"replies":[{"embeddable":true,"href":"https:\/\/vimaterial.de\/es\/wp-json\/wp\/v2\/comments?post=1014788"}],"wp:featuredmedia":[{"embeddable":true,"href":"https:\/\/vimaterial.de\/es\/wp-json\/wp\/v2\/media\/1002064"}],"wp:attachment":[{"href":"https:\/\/vimaterial.de\/es\/wp-json\/wp\/v2\/media?parent=1014788"}],"wp:term":[{"taxonomy":"product_brand","embeddable":true,"href":"https:\/\/vimaterial.de\/es\/wp-json\/wp\/v2\/product_brand?post=1014788"},{"taxonomy":"product_cat","embeddable":true,"href":"https:\/\/vimaterial.de\/es\/wp-json\/wp\/v2\/product_cat?post=1014788"},{"taxonomy":"product_tag","embeddable":true,"href":"https:\/\/vimaterial.de\/es\/wp-json\/wp\/v2\/product_tag?post=1014788"}],"curies":[{"name":"wp","href":"https:\/\/api.w.org\/{rel}","templated":true}]}}