{"id":1014745,"date":"2024-06-17T14:44:18","date_gmt":"2024-06-17T06:44:18","guid":{"rendered":"https:\/\/vimaterial.de\/product\/cobalto-metalico-2\/"},"modified":"2025-04-16T13:48:34","modified_gmt":"2025-04-16T05:48:34","slug":"cobalto-metalico-2","status":"publish","type":"product","link":"https:\/\/vimaterial.de\/es\/product\/cobalto-metalico-2\/","title":{"rendered":"Metal cobalto"},"content":{"rendered":"<p>El objetivo de pulverizaci\u00f3n cat\u00f3dica de <span style=\"color: #0000ff;\"><a style=\"color: #0000ff;\" href=\"https:\/\/vimaterial.de\/en\/product\/cobalt-metal-8\/\">metal cobalto<\/a> <\/span>es un tipo de material con cobalto met\u00e1lico como componente principal, que se utiliza en el proceso de deposici\u00f3n f\u00edsica de vapor, bajo el bombardeo de part\u00edculas de alta energ\u00eda, los \u00e1tomos de cobalto se pueden pulverizar y depositar en el sustrato para formar una pel\u00edcula delgada con alta dureza, buen magnetismo y resistencia a la corrosi\u00f3n, que ha sido ampliamente utilizada en los campos de la electr\u00f3nica,  maquinaria, almacenamiento magn\u00e9tico, etc.<\/p>\n<p>VIMATERIAL proporciona objetivos de pulverizaci\u00f3n cat\u00f3dica de metal cobalto, nuestros objetivos de pulverizaci\u00f3n cat\u00f3dica de metal cobalto tienen las ventajas de alta pureza, buena densidad, buena estructura cristalina, excelentes propiedades de pel\u00edcula delgada, alta precisi\u00f3n dimensional y alta eficiencia de pulverizaci\u00f3n cat\u00f3dica y podemos proporcionar un servicio de uni\u00f3n, podemos aceptar la personalizaci\u00f3n y experimentaci\u00f3n de productos, <span style=\"color: #0000ff;\"><a style=\"color: #0000ff;\" href=\"https:\/\/vimaterial.de\/en\/contact-us\/\">cont\u00e1ctenos<\/a><\/span> r\u00e1pidamente.<\/p>\n<h2><span style=\"font-size: 14pt;\">Propiedades f\u00edsicas<\/span><\/h2>\n<p>F\u00f3rmula molecular: Co<\/p>\n<p>Peso molecular: 58.933g\/mol<\/p>\n<p>Aspecto: Metal gris plateado, brillante, material objetivo de superficie lisa.<\/p>\n<p>Densidad: 8,9 g\/cm\u00b3<\/p>\n<p>Punto de fusi\u00f3n: 1495 \u00b0C<\/p>\n<p>Punto de ebullici\u00f3n: 2927\u00b0C<\/p>\n<p>Estructura cristalina: Estructura de empaquetadura hexagonal m\u00e1s densa<\/p>\n<h2><span style=\"font-size: 14pt;\">Aplicaciones<\/span><\/h2>\n<p>Campo electr\u00f3nico: se utiliza en la fabricaci\u00f3n de componentes magn\u00e9ticos en componentes electr\u00f3nicos, con sus buenas propiedades magn\u00e9ticas para lograr funciones de almacenamiento y transmisi\u00f3n de datos.<\/p>\n<p>Campo mec\u00e1nico: En el recubrimiento de herramientas de mecanizado, mejora la dureza y la resistencia al desgaste de las herramientas y prolonga su vida \u00fatil.<\/p>\n<p>Campo m\u00e9dico: se utilizan como materiales de recubrimiento para implantes m\u00e9dicos para mejorar el rendimiento de los implantes aprovechando su biocompatibilidad y resistencia a la corrosi\u00f3n.<\/p>\n<h2><span style=\"font-size: 14pt;\">Control de calidad<\/span><\/h2>\n<p><span style=\"color: #0000ff;\"><a style=\"color: #0000ff;\" href=\"https:\/\/vimaterial.de\/en\/quality-control\/\">El control de calidad<\/a><\/span> de nuestros productos es muy estricto, desde la selecci\u00f3n de materias primas estables y de alta pureza, hasta el uso de equipos de precisi\u00f3n avanzados y tecnolog\u00eda rigurosa en todo el control preciso del proceso de producci\u00f3n, hasta el uso de m\u00e9todos de prueba profesionales sobre las propiedades f\u00edsicas, qu\u00edmicas, microestructurales y otras propiedades del producto de la gama completa de pruebas en profundidad,  Cada enlace sigue estrictamente los altos est\u00e1ndares internacionales, para garantizar que cada lote de materiales se entregue con excelente calidad y estabilidad, para brindar a los clientes una garant\u00eda de calidad s\u00f3lida y confiable. Nos comprometemos a garantizar que cada lote de materiales entregados tenga una excelente calidad y estabilidad, brindando a los clientes una garant\u00eda de calidad s\u00f3lida y confiable. <\/p>\n<h2><span style=\"font-size: 14pt;\">Embalaje y almacenamiento<\/span><\/h2>\n<p>Los objetivos de pulverizaci\u00f3n cat\u00f3dica de metal cobalto se empaquetan en bolsas y cajas de vac\u00edo de doble capa, y el exterior se empaqueta en cajas de cart\u00f3n.<\/p>\n<p>Los objetivos de pulverizaci\u00f3n cat\u00f3dica de metal cobalto deben almacenarse en un ambiente seco, fresco y bien ventilado, evitando la humedad, evitando el contacto con \u00e1cidos fuertes y otras sustancias corrosivas y, al mismo tiempo, evitando que se vean afectados por colisiones violentas y entornos oxidantes.<\/p>\n","protected":false},"excerpt":{"rendered":"<p>El objetivo de pulverizaci\u00f3n cat\u00f3dica de <span style=\"color: #0000ff;\"><a style=\"color: #0000ff;\" href=\"https:\/\/vimaterial.de\/en\/product\/cobalt-metal-8\/\">metal cobalto<\/a> <\/span>es un tipo de material con cobalto met\u00e1lico como componente principal, que se utiliza en el proceso de deposici\u00f3n f\u00edsica de vapor, bajo el bombardeo de part\u00edculas de alta energ\u00eda, los \u00e1tomos de cobalto se pueden pulverizar y depositar en el sustrato para formar una pel\u00edcula delgada con alta dureza, buen magnetismo y resistencia a la corrosi\u00f3n, que ha sido ampliamente utilizada en los campos de la electr\u00f3nica,  maquinaria, almacenamiento magn\u00e9tico, etc.<\/p>\n","protected":false},"featured_media":1002095,"comment_status":"open","ping_status":"closed","template":"","meta":{"_acf_changed":false},"product_brand":[],"product_cat":[178],"product_tag":[],"class_list":{"0":"post-1014745","1":"product","2":"type-product","3":"status-publish","4":"has-post-thumbnail","6":"product_cat-catodos-para-sputtering-planar","8":"first","9":"instock","10":"shipping-taxable","11":"purchasable","12":"product-type-variable"},"acf":[],"_links":{"self":[{"href":"https:\/\/vimaterial.de\/es\/wp-json\/wp\/v2\/product\/1014745","targetHints":{"allow":["GET"]}}],"collection":[{"href":"https:\/\/vimaterial.de\/es\/wp-json\/wp\/v2\/product"}],"about":[{"href":"https:\/\/vimaterial.de\/es\/wp-json\/wp\/v2\/types\/product"}],"replies":[{"embeddable":true,"href":"https:\/\/vimaterial.de\/es\/wp-json\/wp\/v2\/comments?post=1014745"}],"wp:featuredmedia":[{"embeddable":true,"href":"https:\/\/vimaterial.de\/es\/wp-json\/wp\/v2\/media\/1002095"}],"wp:attachment":[{"href":"https:\/\/vimaterial.de\/es\/wp-json\/wp\/v2\/media?parent=1014745"}],"wp:term":[{"taxonomy":"product_brand","embeddable":true,"href":"https:\/\/vimaterial.de\/es\/wp-json\/wp\/v2\/product_brand?post=1014745"},{"taxonomy":"product_cat","embeddable":true,"href":"https:\/\/vimaterial.de\/es\/wp-json\/wp\/v2\/product_cat?post=1014745"},{"taxonomy":"product_tag","embeddable":true,"href":"https:\/\/vimaterial.de\/es\/wp-json\/wp\/v2\/product_tag?post=1014745"}],"curies":[{"name":"wp","href":"https:\/\/api.w.org\/{rel}","templated":true}]}}