{"id":1014740,"date":"2024-06-17T14:44:17","date_gmt":"2024-06-17T06:44:17","guid":{"rendered":"https:\/\/vimaterial.de\/product\/cobalto-metalico\/"},"modified":"2025-04-16T13:50:28","modified_gmt":"2025-04-16T05:50:28","slug":"cobalto-metalico","status":"publish","type":"product","link":"https:\/\/vimaterial.de\/es\/product\/cobalto-metalico\/","title":{"rendered":"Metal cobalto"},"content":{"rendered":"<p><span style=\"color: #0000ff;\"><a style=\"color: #0000ff;\" href=\"https:\/\/vimaterial.de\/en\/product\/cobalt-metal-8\/\">El polvo de metal de cobalto<\/a><\/span> es un polvo de brillo met\u00e1lico de color gris plateado, compuesto principalmente de cobalto elemental, con textura fina, algunas propiedades magn\u00e9ticas, qu\u00edmicamente activo, que desempe\u00f1a un papel clave en la fabricaci\u00f3n de aleaciones, materiales magn\u00e9ticos, catalizadores y muchos otros campos.<\/p>\n<p>VIAMTERIAL suministra una amplia gama de polvos met\u00e1licos de cobalto. Nuestros polvos se caracterizan por su alta pureza, tama\u00f1o de part\u00edcula uniforme, buena fluidez, propiedades qu\u00edmicas estables, etc. Tambi\u00e9n admitimos el empaquetado y los pedidos de lotes peque\u00f1os. Contamos con un equipo profesional de investigaci\u00f3n y desarrollo t\u00e9cnico, aceptamos la personalizaci\u00f3n y experimentaci\u00f3n del producto,<span style=\"color: #0000ff;\"><a style=\"color: #0000ff;\" href=\"https:\/\/vimaterial.de\/en\/contact-us\/\"> cont\u00e1ctenos.<\/a><\/span>   <\/p>\n<h2><span style=\"font-size: 14pt;\">Propiedades f\u00edsicas<\/span><\/h2>\n<p>F\u00f3rmula molecular: Co<\/p>\n<p>Peso molecular: 58.93<\/p>\n<p>Aspecto: polvo met\u00e1lico gris plata con brillo met\u00e1lico en la superficie<\/p>\n<p>Densidad: aprox. 8,9 g\/cm\u00b3<\/p>\n<p>Punto de fusi\u00f3n: alrededor de 1495 \u00b0C<\/p>\n<p>Punto de ebullici\u00f3n: alrededor de 2927 \u00b0C<\/p>\n<p>Estructura cristalina: estructura hexagonal compacta (hcp), que le da al cobalto alta resistencia y tenacidad y otras propiedades f\u00edsicas.<\/p>\n<h2><span style=\"font-size: 14pt;\">Aplicaciones<\/span><\/h2>\n<p>Campo aeroespacial: se utiliza en la fabricaci\u00f3n de componentes de aleaci\u00f3n de alta temperatura de motores de aviones, con su excelente resistencia a altas temperaturas, resistencia al desgaste, para garantizar un funcionamiento estable del motor en condiciones de trabajo extremas, para mejorar el rendimiento y la seguridad de la aeronave.<\/p>\n<p>En el campo de la electr\u00f3nica y los electrodom\u00e9sticos, los polvos met\u00e1licos de cobalto se utilizan como componente clave de los materiales magn\u00e9ticos en la producci\u00f3n de n\u00facleos magn\u00e9ticos, inductores y otros componentes de alto rendimiento, para lograr una conversi\u00f3n eficiente de la energ\u00eda el\u00e9ctrica y una transmisi\u00f3n precisa de se\u00f1ales, y para satisfacer la demanda de miniaturizaci\u00f3n y alto rendimiento de los equipos electr\u00f3nicos.<\/p>\n<p>Dispositivos m\u00e9dicos: Los polvos met\u00e1licos de cobalto se utilizan ampliamente en la fabricaci\u00f3n de articulaciones artificiales y otros dispositivos implantables, utilizando su buena biocompatibilidad y resistencia mec\u00e1nica para proporcionar a los pacientes soluciones fiables de reemplazo de articulaciones, prolongando la vida \u00fatil de los dispositivos y mejorando la calidad de vida de los pacientes.<\/p>\n<h2><span style=\"font-size: 14pt;\">Control de calidad<\/span><\/h2>\n<p><span style=\"color: #0000ff;\"><a style=\"color: #0000ff;\" href=\"https:\/\/vimaterial.de\/en\/quality-control\/\">El control de calidad<\/a><\/span> de cada lote de productos se lleva a cabo a lo largo de todo el proceso de adquisici\u00f3n de materias primas, producci\u00f3n y procesamiento, pruebas e inspecci\u00f3n y embalaje, siguiendo estrictamente los est\u00e1ndares internacionales y las normas de la industria. Contamos con equipos de prueba avanzados, equipo profesional de control de calidad y un estricto sistema de control de calidad para garantizar la calidad del producto. <\/p>\n<h2><span style=\"font-size: 14pt;\">Embalaje y almacenamiento<\/span><\/h2>\n<p>El polvo de metal cobalto se envasa en bolsas de doble vac\u00edo o botellas de doble vac\u00edo en cajas de cart\u00f3n.<\/p>\n<p>Los polvos met\u00e1licos de cobalto deben almacenarse en un entorno seco, fresco y bien ventilado, sellados, alejados del fuego, \u00e1cidos, \u00e1lcalis y agentes oxidantes fuertes, y protegidos de la humedad y la oxidaci\u00f3n, y colocados de acuerdo con los requisitos para el almacenamiento seguro de polvos met\u00e1licos.<\/p>\n","protected":false},"excerpt":{"rendered":"<p><span style=\"color: #0000ff;\"><a style=\"color: #0000ff;\" href=\"https:\/\/vimaterial.de\/en\/product\/cobalt-metal-8\/\">El polvo de metal de cobalto<\/a><\/span> es un polvo de brillo met\u00e1lico de color gris plateado, compuesto principalmente de cobalto elemental, con textura fina, algunas propiedades magn\u00e9ticas, qu\u00edmicamente activo, que desempe\u00f1a un papel clave en la fabricaci\u00f3n de aleaciones, materiales magn\u00e9ticos, catalizadores y muchos otros campos.<\/p>\n","protected":false},"featured_media":1002085,"comment_status":"open","ping_status":"closed","template":"","meta":{"_acf_changed":false},"product_brand":[],"product_cat":[193],"product_tag":[],"class_list":{"0":"post-1014740","1":"product","2":"type-product","3":"status-publish","4":"has-post-thumbnail","6":"product_cat-polvo-de-aleaciones-y-metales-puros","8":"first","9":"instock","10":"shipping-taxable","11":"purchasable","12":"product-type-variable"},"acf":[],"_links":{"self":[{"href":"https:\/\/vimaterial.de\/es\/wp-json\/wp\/v2\/product\/1014740","targetHints":{"allow":["GET"]}}],"collection":[{"href":"https:\/\/vimaterial.de\/es\/wp-json\/wp\/v2\/product"}],"about":[{"href":"https:\/\/vimaterial.de\/es\/wp-json\/wp\/v2\/types\/product"}],"replies":[{"embeddable":true,"href":"https:\/\/vimaterial.de\/es\/wp-json\/wp\/v2\/comments?post=1014740"}],"wp:featuredmedia":[{"embeddable":true,"href":"https:\/\/vimaterial.de\/es\/wp-json\/wp\/v2\/media\/1002085"}],"wp:attachment":[{"href":"https:\/\/vimaterial.de\/es\/wp-json\/wp\/v2\/media?parent=1014740"}],"wp:term":[{"taxonomy":"product_brand","embeddable":true,"href":"https:\/\/vimaterial.de\/es\/wp-json\/wp\/v2\/product_brand?post=1014740"},{"taxonomy":"product_cat","embeddable":true,"href":"https:\/\/vimaterial.de\/es\/wp-json\/wp\/v2\/product_cat?post=1014740"},{"taxonomy":"product_tag","embeddable":true,"href":"https:\/\/vimaterial.de\/es\/wp-json\/wp\/v2\/product_tag?post=1014740"}],"curies":[{"name":"wp","href":"https:\/\/api.w.org\/{rel}","templated":true}]}}