{"id":1014717,"date":"2024-06-17T14:44:18","date_gmt":"2024-06-17T06:44:18","guid":{"rendered":"https:\/\/vimaterial.de\/product\/nitrato-de-cobaltoii-hexahidrato\/"},"modified":"2025-04-16T13:47:01","modified_gmt":"2025-04-16T05:47:01","slug":"nitrato-de-cobaltoii-hexahidrato","status":"publish","type":"product","link":"https:\/\/vimaterial.de\/es\/product\/nitrato-de-cobaltoii-hexahidrato\/","title":{"rendered":"Hexahidrato de nitrato de cobalto (II)"},"content":{"rendered":"<p>El polvo de hexahidrato de nitrato de cobalto (II) es un polvo cristalino rosado que contiene iones de cobalto, iones de nitrato y agua de cristalizaci\u00f3n, que es soluble en agua y desempe\u00f1a un papel en la s\u00edntesis qu\u00edmica, la coloraci\u00f3n cer\u00e1mica y la preparaci\u00f3n de catalizadores.<\/p>\n<p>VIAMTERIAL suministra polvo de hexahidrato de nitrato de cobalto (II), nuestros polvos se caracterizan por su alta pureza, tama\u00f1o de part\u00edcula homog\u00e9neo y propiedades qu\u00edmicas estables, y apoyamos el envasado y pedido de lotes peque\u00f1os. Contamos con un equipo profesional de investigaci\u00f3n y desarrollo t\u00e9cnico, aceptamos la personalizaci\u00f3n y experimentaci\u00f3n del producto, <span style=\"color: #0000ff;\"><a style=\"color: #0000ff;\" href=\"https:\/\/vimaterial.de\/en\/contact-us\/\">cont\u00e1ctenos.<\/a><\/span> <\/p>\n<h2><span style=\"font-size: 14pt;\">Propiedades f\u00edsicas<\/span><\/h2>\n<p>F\u00f3rmula molecular: Co(NO3)2. 6H2O<\/p>\n<p>Peso molecular: alrededor de 291.03<\/p>\n<p>Aspecto: polvo cristalino rosado, color brillante, part\u00edculas finas de polvo, brillante.<\/p>\n<p>Densidad: aprox. 1,87 g\/cm\u00b3.<\/p>\n<p>Punto de fusi\u00f3n: alrededor de 55 &#8211; 56 \u00b0C entre<\/p>\n<p>Punto de ebullici\u00f3n: se descompondr\u00e1 cuando se caliente a unos 100 &#8211; 105 \u00b0C.<\/p>\n<p>Estructura cristalina: sistema cristalino monocl\u00ednico, en el que los iones de cobalto interact\u00faan con los iones de nitrato y las mol\u00e9culas de agua mediante enlaces i\u00f3nicos y de coordinaci\u00f3n.<\/p>\n<h2><span style=\"font-size: 14pt;\">Aplicaciones<\/span><\/h2>\n<p>S\u00edntesis qu\u00edmica: El polvo de nitrato hexahidratado de cobalto (II) es ampliamente utilizado como fuente de cobalto en la preparaci\u00f3n de varios compuestos de cobalto, como \u00f3xidos de cobalto, etc. Proporciona materias primas b\u00e1sicas para la investigaci\u00f3n y el desarrollo de nuevos materiales y promueve el desarrollo de la tecnolog\u00eda de s\u00edntesis qu\u00edmica. <\/p>\n<p>Industria cer\u00e1mica: En la producci\u00f3n de cer\u00e1mica, el polvo se utiliza para mezclar pigmentos cer\u00e1micos. El cobalto contenido en el polvo puede hacer que la cer\u00e1mica muestre colores \u00fanicos y brillantes, y realzar el valor decorativo y art\u00edstico de los productos cer\u00e1micos. <\/p>\n<p>Campo agr\u00edcola: Se puede utilizar como aditivo fertilizante de oligoelementos para complementar el cobalto de las plantas, promover la actividad de ciertas enzimas en las plantas, ayudar al crecimiento y desarrollo de las plantas y mejorar el rendimiento y la calidad de los cultivos.<\/p>\n<h2><span style=\"font-size: 14pt;\">Control de calidad<\/span><\/h2>\n<p><span style=\"color: #0000ff;\"><a style=\"color: #0000ff;\" href=\"https:\/\/vimaterial.de\/en\/quality-control\/\">El control de calidad<\/a><\/span> de cada lote de productos se lleva a cabo a lo largo de todo el proceso de adquisici\u00f3n de materias primas, producci\u00f3n y procesamiento, pruebas e inspecci\u00f3n y embalaje, siguiendo estrictamente los est\u00e1ndares internacionales y las normas de la industria. Contamos con equipos de prueba avanzados, equipo profesional de control de calidad y un estricto sistema de control de calidad para garantizar la calidad del producto. <\/p>\n<h2><span style=\"font-size: 14pt;\">Embalaje y almacenamiento<\/span><\/h2>\n<p>Los polvos de nitrato de cobalto (II) hexahidratado se envasan en botellas de doble vac\u00edo y se envasan en cajas de cart\u00f3n.<\/p>\n<p>Los polvos de nitrato hexahidratado de cobalto (II) deben almacenarse en un ambiente fresco, seco y bien ventilado, sellados, lejos del fuego, el calor y los materiales inflamables, y almacenarse separados de agentes reductores, materiales org\u00e1nicos, etc., para evitar la humedad y la luz solar directa.<\/p>\n","protected":false},"excerpt":{"rendered":"<p>El polvo de hexahidrato de nitrato de cobalto (II) es un polvo cristalino rosado que contiene iones de cobalto, iones de nitrato y agua de cristalizaci\u00f3n, que es soluble en agua y desempe\u00f1a un papel en la s\u00edntesis qu\u00edmica, la coloraci\u00f3n cer\u00e1mica y la preparaci\u00f3n de catalizadores.<\/p>\n","protected":false},"featured_media":1002106,"comment_status":"open","ping_status":"closed","template":"","meta":{"_acf_changed":false},"product_brand":[],"product_cat":[187],"product_tag":[],"class_list":{"0":"post-1014717","1":"product","2":"type-product","3":"status-publish","4":"has-post-thumbnail","6":"product_cat-otros-materiales","8":"first","9":"instock","10":"shipping-taxable","11":"purchasable","12":"product-type-variable"},"acf":[],"_links":{"self":[{"href":"https:\/\/vimaterial.de\/es\/wp-json\/wp\/v2\/product\/1014717","targetHints":{"allow":["GET"]}}],"collection":[{"href":"https:\/\/vimaterial.de\/es\/wp-json\/wp\/v2\/product"}],"about":[{"href":"https:\/\/vimaterial.de\/es\/wp-json\/wp\/v2\/types\/product"}],"replies":[{"embeddable":true,"href":"https:\/\/vimaterial.de\/es\/wp-json\/wp\/v2\/comments?post=1014717"}],"wp:featuredmedia":[{"embeddable":true,"href":"https:\/\/vimaterial.de\/es\/wp-json\/wp\/v2\/media\/1002106"}],"wp:attachment":[{"href":"https:\/\/vimaterial.de\/es\/wp-json\/wp\/v2\/media?parent=1014717"}],"wp:term":[{"taxonomy":"product_brand","embeddable":true,"href":"https:\/\/vimaterial.de\/es\/wp-json\/wp\/v2\/product_brand?post=1014717"},{"taxonomy":"product_cat","embeddable":true,"href":"https:\/\/vimaterial.de\/es\/wp-json\/wp\/v2\/product_cat?post=1014717"},{"taxonomy":"product_tag","embeddable":true,"href":"https:\/\/vimaterial.de\/es\/wp-json\/wp\/v2\/product_tag?post=1014717"}],"curies":[{"name":"wp","href":"https:\/\/api.w.org\/{rel}","templated":true}]}}