{"id":1014694,"date":"2024-06-17T14:44:19","date_gmt":"2024-06-17T06:44:19","guid":{"rendered":"https:\/\/vimaterial.de\/product\/fosfuro-de-cobalto\/"},"modified":"2025-04-16T13:45:00","modified_gmt":"2025-04-16T05:45:00","slug":"fosfuro-de-cobalto","status":"publish","type":"product","link":"https:\/\/vimaterial.de\/es\/product\/fosfuro-de-cobalto\/","title":{"rendered":"Fosfuro de cobalto"},"content":{"rendered":"<p>El polvo de fosfuro de cobalto es un polvo compuesto compuesto por cobalto y f\u00f3sforo, generalmente de color oscuro, con buenas propiedades el\u00e9ctricas, propiedades catal\u00edticas y aplicaciones potenciales en semiconductores, electrocat\u00e1lisis y otros campos.<\/p>\n<p>VIAMTERIAL suministra polvo de fosfuro de cobalto. Nuestros polvos se caracterizan por su alta pureza, tama\u00f1o de part\u00edcula uniforme, buena fluidez, buena compactaci\u00f3n, propiedades qu\u00edmicas estables, etc. Tambi\u00e9n admitimos el empaquetado y los pedidos de lotes peque\u00f1os. Contamos con un equipo profesional de investigaci\u00f3n y desarrollo t\u00e9cnico, aceptamos la personalizaci\u00f3n y experimentaci\u00f3n del producto, <span style=\"color: #0000ff;\"><a style=\"color: #0000ff;\" href=\"https:\/\/vimaterial.de\/en\/contact-us\/\">cont\u00e1ctenos.<\/a><\/span>   <\/p>\n<h2><span style=\"font-size: 14pt; color: #000000;\">Propiedades f\u00edsicas<\/span><\/h2>\n<p>F\u00f3rmula molecular: Co\u2082P<\/p>\n<p>Peso molecular: 140.83<\/p>\n<p>Aspecto: polvo gris-negro<\/p>\n<p>Densidad: aprox. 6,4 &#8211; 6,6 g\/cm\u00b3.<\/p>\n<p>Punto de fusi\u00f3n: alrededor de 1386 \u00b0C<\/p>\n<p>Estructura cristalina: Estructura hexagonal, que tiene una influencia importante en sus propiedades f\u00edsicas.<\/p>\n<h2><span style=\"font-size: 14pt;\">Aplicaciones<\/span><\/h2>\n<p>Electrocat\u00e1lisis: Debido a su estructura electr\u00f3nica \u00fanica y actividad catal\u00edtica, el polvo de fosfuro de cobalto se usa ampliamente en la reacci\u00f3n de producci\u00f3n de hidr\u00f3geno del agua electrol\u00edtica, lo que puede reducir efectivamente el sobrepotencial de la precipitaci\u00f3n de hidr\u00f3geno, mejorar la eficiencia de la reacci\u00f3n y proporcionar un fuerte apoyo para el desarrollo de energ\u00eda limpia.<\/p>\n<p>Materiales de electrodos de bater\u00eda: En las bater\u00edas de iones de litio, se puede utilizar como material de electrodo y, con su alta capacidad espec\u00edfica te\u00f3rica y buena conductividad, puede ayudar a mejorar la densidad de energ\u00eda y el rendimiento de carga \/ descarga de la bater\u00eda, y satisfacer la demanda de larga duraci\u00f3n de los dispositivos electr\u00f3nicos.<\/p>\n<p>Hidrogenaci\u00f3n catal\u00edtica: Los polvos de fosfuro de cobalto son excelentes en la hidrogenaci\u00f3n catal\u00edtica de compuestos org\u00e1nicos y pueden promover selectivamente la hidrogenaci\u00f3n de enlaces insaturados, mejorar el rendimiento y la selectividad de la reacci\u00f3n y promover el desarrollo de la industria qu\u00edmica fina.<\/p>\n<h2><span style=\"font-size: 14pt;\">Control de calidad<\/span><\/h2>\n<p><span style=\"color: #0000ff;\"><a style=\"color: #0000ff;\" href=\"https:\/\/vimaterial.de\/en\/quality-control\/\">El control de calidad<\/a> <\/span>de cada lote de productos se lleva a cabo a lo largo de todo el proceso de adquisici\u00f3n de materias primas, producci\u00f3n y procesamiento, pruebas e inspecci\u00f3n y embalaje, siguiendo estrictamente los est\u00e1ndares internacionales y las normas de la industria. Contamos con equipos de prueba avanzados, equipo profesional de control de calidad y un estricto sistema de control de calidad para garantizar la calidad del producto. <\/p>\n<h2><span style=\"font-size: 14pt;\">Embalaje y almacenamiento<\/span><\/h2>\n<p>El polvo de fosfuro de cobalto se empaqueta en bolsas de vac\u00edo dobles o botellas de vac\u00edo dobles, y el paquete exterior se empaqueta en cajas de cart\u00f3n.<\/p>\n<p>El polvo de fosfuro de cobalto debe almacenarse en un ambiente seco, fresco y bien ventilado, sellado y evitar el contacto con agua, aire, \u00e1cidos y agentes oxidantes fuertes, y colocarse en un lugar adecuado para su conservaci\u00f3n de acuerdo con las regulaciones y requisitos pertinentes para el almacenamiento de productos qu\u00edmicos peligrosos.<\/p>\n","protected":false},"excerpt":{"rendered":"<p>El polvo de fosfuro de cobalto es un polvo compuesto compuesto por cobalto y f\u00f3sforo, generalmente de color oscuro, con buenas propiedades el\u00e9ctricas, propiedades catal\u00edticas y aplicaciones potenciales en semiconductores, electrocat\u00e1lisis y otros campos.<\/p>\n","protected":false},"featured_media":1002113,"comment_status":"open","ping_status":"closed","template":"","meta":{"_acf_changed":false},"product_brand":[],"product_cat":[194],"product_tag":[],"class_list":{"0":"post-1014694","1":"product","2":"type-product","3":"status-publish","4":"has-post-thumbnail","6":"product_cat-materiales-fosforados","8":"first","9":"instock","10":"shipping-taxable","11":"product-type-variable"},"acf":[],"_links":{"self":[{"href":"https:\/\/vimaterial.de\/es\/wp-json\/wp\/v2\/product\/1014694","targetHints":{"allow":["GET"]}}],"collection":[{"href":"https:\/\/vimaterial.de\/es\/wp-json\/wp\/v2\/product"}],"about":[{"href":"https:\/\/vimaterial.de\/es\/wp-json\/wp\/v2\/types\/product"}],"replies":[{"embeddable":true,"href":"https:\/\/vimaterial.de\/es\/wp-json\/wp\/v2\/comments?post=1014694"}],"wp:featuredmedia":[{"embeddable":true,"href":"https:\/\/vimaterial.de\/es\/wp-json\/wp\/v2\/media\/1002113"}],"wp:attachment":[{"href":"https:\/\/vimaterial.de\/es\/wp-json\/wp\/v2\/media?parent=1014694"}],"wp:term":[{"taxonomy":"product_brand","embeddable":true,"href":"https:\/\/vimaterial.de\/es\/wp-json\/wp\/v2\/product_brand?post=1014694"},{"taxonomy":"product_cat","embeddable":true,"href":"https:\/\/vimaterial.de\/es\/wp-json\/wp\/v2\/product_cat?post=1014694"},{"taxonomy":"product_tag","embeddable":true,"href":"https:\/\/vimaterial.de\/es\/wp-json\/wp\/v2\/product_tag?post=1014694"}],"curies":[{"name":"wp","href":"https:\/\/api.w.org\/{rel}","templated":true}]}}