{"id":1014672,"date":"2024-06-17T14:45:38","date_gmt":"2024-06-17T06:45:38","guid":{"rendered":"https:\/\/vimaterial.de\/product\/tetroxido-de-tricobalto-oxido-de-cobalto\/"},"modified":"2025-04-16T13:39:21","modified_gmt":"2025-04-16T05:39:21","slug":"tetroxido-de-tricobalto-oxido-de-cobalto","status":"publish","type":"product","link":"https:\/\/vimaterial.de\/es\/product\/tetroxido-de-tricobalto-oxido-de-cobalto\/","title":{"rendered":"Tetr\u00f3xido de tricobalto (\u00f3xido de cobalto)"},"content":{"rendered":"<p>El objetivo de pulverizaci\u00f3n cat\u00f3dica <span style=\"color: #0000ff;\"><a style=\"color: #0000ff;\" href=\"https:\/\/vimaterial.de\/en\/product\/tricobalt-tetroxide-cobalt-oxide-2\/\">de tetr\u00f3xido de tricobalto<\/a> <\/span>es un material cuyo componente principal es el tetr\u00f3xido de cobalto, que se utiliza en el proceso de deposici\u00f3n f\u00edsica de vapor para depositar pel\u00edculas delgadas con buenas propiedades electroqu\u00edmicas, magn\u00e9ticas y catal\u00edticas en el sustrato, que se usa ampliamente en los campos de electr\u00f3nica, energ\u00eda, cat\u00e1lisis, etc.<\/p>\n<p>VIMATERIAL proporciona objetivos de pulverizaci\u00f3n cat\u00f3dica de tetr\u00f3xido de tricobalto, nuestros objetivos de pulverizaci\u00f3n cat\u00f3dica de tetr\u00f3xido de tricobalto tienen las ventajas de alta pureza, buena densidad, buena estructura cristalina, excelentes propiedades de pel\u00edcula delgada, alta precisi\u00f3n dimensional y alta eficiencia de pulverizaci\u00f3n cat\u00f3dica. Podemos aceptar personalizaci\u00f3n y experimentos, p\u00f3ngase <span style=\"color: #000080;\"><a style=\"color: #000080;\" href=\"https:\/\/vimaterial.de\/en\/contact-us\/\"><span style=\"color: #0000ff;\">en contacto con nosotros<\/span><\/a><\/span> pronto. <\/p>\n<h2><span style=\"font-size: 14pt;\">Propiedades f\u00edsicas<\/span><\/h2>\n<p>F\u00f3rmula molecular: Co3O4<\/p>\n<p>Peso molecular: alrededor de 241 g\/mol<\/p>\n<p>Aspecto: Negro o gris oscuro s\u00f3lido, con material objetivo de brillo met\u00e1lico.<\/p>\n<p>Densidad: aprox. 6,11 g\/cm\u00b3<\/p>\n<p>Punto de fusi\u00f3n: alrededor de 895 \u00b0C<\/p>\n<p>Punto de ebullici\u00f3n: aprox. 900 &#8211; 950\u00b0C (descomposici\u00f3n) <\/p>\n<p>Estructura cristalina: sistema cristalino c\u00fabico, estructura de espinela.<\/p>\n<h2><span style=\"font-size: 14pt;\">Aplicaciones<\/span><\/h2>\n<p>Electr\u00f3nica: Los objetivos de pulverizaci\u00f3n cat\u00f3dica de tetr\u00f3xido de tricobalto se utilizan para la preparaci\u00f3n de pel\u00edculas delgadas magn\u00e9ticas en la fabricaci\u00f3n de dispositivos electr\u00f3nicos, para mejorar las propiedades magn\u00e9ticas de los componentes electr\u00f3nicos y para satisfacer la demanda de productos electr\u00f3nicos miniaturizados de alto rendimiento.<\/p>\n<p>Energ\u00eda: Utilizado en la preparaci\u00f3n de materiales de electrodos para bater\u00edas de iones de litio, el recubrimiento formado por pulverizaci\u00f3n cat\u00f3dica puede mejorar la eficiencia de carga y descarga y el ciclo de vida de la bater\u00eda, promoviendo el desarrollo de nuevas tecnolog\u00edas energ\u00e9ticas.<\/p>\n<p>Campo catal\u00edtico: como material catalizador, su pel\u00edcula de pulverizaci\u00f3n cat\u00f3dica puede reducir efectivamente la energ\u00eda de activaci\u00f3n de la reacci\u00f3n en ciertas reacciones qu\u00edmicas, acelerar el proceso de reacci\u00f3n y mejorar la eficiencia de la producci\u00f3n qu\u00edmica.<\/p>\n<h2><span style=\"font-size: 14pt;\">Control de calidad<\/span><\/h2>\n<p><span style=\"color: #0000ff;\"><a style=\"color: #0000ff;\" href=\"https:\/\/vimaterial.de\/en\/quality-control\/\">El control de calidad<\/a><\/span> de nuestros productos es muy estricto, desde la selecci\u00f3n de materias primas estables y de alta pureza, hasta el uso de equipos de precisi\u00f3n avanzados y tecnolog\u00eda rigurosa en todo el control preciso del proceso de producci\u00f3n, hasta el uso de m\u00e9todos de prueba profesionales sobre las propiedades f\u00edsicas, qu\u00edmicas, microestructurales y otras propiedades del producto de la gama completa de pruebas en profundidad,  Cada enlace sigue estrictamente los altos est\u00e1ndares internacionales, para garantizar que cada lote de materiales se entregue con excelente calidad y estabilidad, para brindar a los clientes una garant\u00eda de calidad s\u00f3lida y confiable. Nos comprometemos a garantizar que cada lote de materiales entregados tenga una excelente calidad y estabilidad, brindando a los clientes una garant\u00eda de calidad s\u00f3lida y confiable. <\/p>\n<h2><span style=\"font-size: 14pt;\">Embalaje y almacenamiento<\/span><\/h2>\n<p>Los objetivos de pulverizaci\u00f3n cat\u00f3dica de tetr\u00f3xido de tricobalto se empaquetan en bolsas de vac\u00edo dobles y luego se empaquetan, y el exterior se empaqueta en cajas de cart\u00f3n.<\/p>\n<p>Los blancos de pulverizaci\u00f3n cat\u00f3dica de tetr\u00f3xido de tricobalto deben almacenarse en un ambiente seco y bien ventilado a una temperatura estable, protegidos de la humedad y el contacto con sustancias reductoras y \u00e1cidos fuertes, y protegidos del impacto f\u00edsico violento.<\/p>\n","protected":false},"excerpt":{"rendered":"<p>El objetivo de pulverizaci\u00f3n cat\u00f3dica <span style=\"color: #0000ff;\"><a style=\"color: #0000ff;\" href=\"https:\/\/vimaterial.de\/en\/product\/tricobalt-tetroxide-cobalt-oxide-2\/\">de tetr\u00f3xido de tricobalto<\/a> <\/span>es un material cuyo componente principal es el tetr\u00f3xido de cobalto, que se utiliza en el proceso de deposici\u00f3n f\u00edsica de vapor para depositar pel\u00edculas delgadas con buenas propiedades electroqu\u00edmicas, magn\u00e9ticas y catal\u00edticas en el sustrato, que se usa ampliamente en los campos de electr\u00f3nica, energ\u00eda, cat\u00e1lisis, etc.<\/p>\n","protected":false},"featured_media":1040831,"comment_status":"open","ping_status":"closed","template":"","meta":{"_acf_changed":false},"product_brand":[],"product_cat":[178],"product_tag":[],"class_list":{"0":"post-1014672","1":"product","2":"type-product","3":"status-publish","4":"has-post-thumbnail","6":"product_cat-catodos-para-sputtering-planar","8":"first","9":"instock","10":"shipping-taxable","11":"product-type-variable"},"acf":[],"_links":{"self":[{"href":"https:\/\/vimaterial.de\/es\/wp-json\/wp\/v2\/product\/1014672","targetHints":{"allow":["GET"]}}],"collection":[{"href":"https:\/\/vimaterial.de\/es\/wp-json\/wp\/v2\/product"}],"about":[{"href":"https:\/\/vimaterial.de\/es\/wp-json\/wp\/v2\/types\/product"}],"replies":[{"embeddable":true,"href":"https:\/\/vimaterial.de\/es\/wp-json\/wp\/v2\/comments?post=1014672"}],"wp:featuredmedia":[{"embeddable":true,"href":"https:\/\/vimaterial.de\/es\/wp-json\/wp\/v2\/media\/1040831"}],"wp:attachment":[{"href":"https:\/\/vimaterial.de\/es\/wp-json\/wp\/v2\/media?parent=1014672"}],"wp:term":[{"taxonomy":"product_brand","embeddable":true,"href":"https:\/\/vimaterial.de\/es\/wp-json\/wp\/v2\/product_brand?post=1014672"},{"taxonomy":"product_cat","embeddable":true,"href":"https:\/\/vimaterial.de\/es\/wp-json\/wp\/v2\/product_cat?post=1014672"},{"taxonomy":"product_tag","embeddable":true,"href":"https:\/\/vimaterial.de\/es\/wp-json\/wp\/v2\/product_tag?post=1014672"}],"curies":[{"name":"wp","href":"https:\/\/api.w.org\/{rel}","templated":true}]}}