{"id":1014660,"date":"2024-06-17T14:45:39","date_gmt":"2024-06-17T06:45:39","guid":{"rendered":"https:\/\/vimaterial.de\/product\/aluminato-de-cobalto\/"},"modified":"2025-04-16T13:35:58","modified_gmt":"2025-04-16T05:35:58","slug":"aluminato-de-cobalto","status":"publish","type":"product","link":"https:\/\/vimaterial.de\/es\/product\/aluminato-de-cobalto\/","title":{"rendered":"Aluminato de cobalto"},"content":{"rendered":"<p>El objetivo de pulverizaci\u00f3n cat\u00f3dica de <a href=\"https:\/\/vimaterial.de\/en\/product\/cobalt-aluminate\/\"><span style=\"color: #0000ff;\">aluminato de cobalto <\/span><\/a>es un material compuesto principalmente de \u00f3xidos de cobalto y aluminio, utilizado en la deposici\u00f3n f\u00edsica de vapor, en el proceso de pulverizaci\u00f3n cat\u00f3dica puede hacer que el cobalto, el aluminio y otros iones o \u00e1tomos relacionados se depositen en el sustrato para formar una pel\u00edcula delgada, este tipo de objetivo tiene buena estabilidad qu\u00edmica, estabilidad t\u00e9rmica y propiedades \u00f3pticas, hay muchas aplicaciones en el campo de la \u00f3ptica,  electr\u00f3nica y otros campos.<\/p>\n<p>VIMATERIAL proporciona objetivos de pulverizaci\u00f3n cat\u00f3dica de aluminato de cobalto, nuestros objetivos de pulverizaci\u00f3n cat\u00f3dica de aluminato de cobalto tienen las ventajas de alta pureza, buena densidad, buena estructura cristalina, excelentes propiedades de pel\u00edcula delgada, alta precisi\u00f3n dimensional y alta eficiencia de pulverizaci\u00f3n cat\u00f3dica, y podemos proporcionar un servicio de uni\u00f3n, <span style=\"color: #0000ff;\"><a style=\"color: #0000ff;\" href=\"https:\/\/vimaterial.de\/en\/contact-us\/\">cont\u00e1ctenos<\/a><\/span> r\u00e1pidamente.<\/p>\n<h2><span style=\"font-size: 14pt;\">Propiedades f\u00edsicas<\/span><\/h2>\n<p>F\u00f3rmula molecular: CoAl2O4<\/p>\n<p>Peso molecular: alrededor de 177 g \/ mol<\/p>\n<p>Apariencia: Por lo general, objetivos s\u00f3lidos de color azul o azul verdoso<\/p>\n<p>Densidad: alrededor de 4-5 g \/ cm\u00b3<\/p>\n<p>Punto de fusi\u00f3n: alrededor de 1800-2000 \u00b0C<\/p>\n<p>Estructura cristalina: Com\u00fanmente estructura de espinela, pertenece al sistema cristalino c\u00fabico.<\/p>\n<h2><span style=\"font-size: 14pt;\">Aplicaciones<\/span><\/h2>\n<p>Campo \u00f3ptico: los objetivos de pulverizaci\u00f3n cat\u00f3dica de aluminato de cobalto se utilizan para fabricar filtros \u00f3pticos y recubrimientos de espejo, y con sus propiedades \u00f3pticas \u00fanicas, pueden regular con precisi\u00f3n la propagaci\u00f3n y reflexi\u00f3n de la luz, y mejorar la calidad de la imagen y la capacidad de procesamiento de la se\u00f1al \u00f3ptica de los equipos \u00f3pticos.<\/p>\n<p>Campo electr\u00f3nico: en la fabricaci\u00f3n de dispositivos electr\u00f3nicos, se puede utilizar para preparar la capa de almacenamiento magn\u00e9tico y la capa de barrera del dispositivo semiconductor, utilizando su estabilidad y magnetismo, para proteger la funci\u00f3n de almacenamiento de datos de los componentes electr\u00f3nicos y evitar la difusi\u00f3n at\u00f3mica, para mejorar el rendimiento y la confiabilidad del dispositivo.<\/p>\n<p>Campo catal\u00edtico: como portador de catalizador o directamente involucrado en reacciones catal\u00edticas, su gran \u00e1rea de superficie espec\u00edfica y actividad qu\u00edmica adecuada, para proporcionar un entorno catal\u00edtico eficiente para reacciones qu\u00edmicas, acelerar el proceso de reacci\u00f3n, mejorar la eficiencia de la reacci\u00f3n y la selectividad.<\/p>\n<h2><span style=\"font-size: 14pt;\">Control de calidad<\/span><\/h2>\n<p><span style=\"color: #0000ff;\"><a style=\"color: #0000ff;\" href=\"https:\/\/vimaterial.de\/en\/quality-control\/\">El control de calidad<\/a><\/span> de nuestros productos es muy estricto, desde la selecci\u00f3n de materias primas estables y de alta pureza, hasta el uso de equipos de precisi\u00f3n avanzados y tecnolog\u00eda rigurosa en todo el control preciso del proceso de producci\u00f3n, hasta el uso de m\u00e9todos de prueba profesionales sobre las propiedades f\u00edsicas, qu\u00edmicas, microestructurales y otras propiedades del producto de la gama completa de pruebas en profundidad,  Cada enlace sigue estrictamente los altos est\u00e1ndares internacionales, para garantizar que cada lote de materiales se entregue con excelente calidad y estabilidad, para brindar a los clientes una garant\u00eda de calidad s\u00f3lida y confiable. Nos comprometemos a garantizar que cada lote de materiales entregados tenga una excelente calidad y estabilidad, brindando a los clientes una garant\u00eda de calidad s\u00f3lida y confiable. <\/p>\n<h2><span style=\"font-size: 14pt;\">Embalaje y almacenamiento<\/span><\/h2>\n<p>Los objetivos de pulverizaci\u00f3n cat\u00f3dica de aluminato de cobalto se empaquetan en bolsas y cajas de vac\u00edo dobles, y el exterior se empaqueta en cajas de cart\u00f3n.<\/p>\n<p>Los blancos de pulverizaci\u00f3n cat\u00f3dica de aluminato de cobalto deben almacenarse en un ambiente seco, fresco y bien ventilado, protegidos de la humedad, las sustancias corrosivas y los impactos f\u00edsicos violentos, y con una temperatura y humedad ambiente relativamente estables.<\/p>\n","protected":false},"excerpt":{"rendered":"<p>El objetivo de pulverizaci\u00f3n cat\u00f3dica de <a href=\"https:\/\/vimaterial.de\/en\/product\/cobalt-aluminate\/\"><span style=\"color: #0000ff;\">aluminato de cobalto <\/span><\/a>es un material compuesto principalmente de \u00f3xidos de cobalto y aluminio, utilizado en la deposici\u00f3n f\u00edsica de vapor, en el proceso de pulverizaci\u00f3n cat\u00f3dica puede hacer que el cobalto, el aluminio y otros iones o \u00e1tomos relacionados se depositen en el sustrato para formar una pel\u00edcula delgada, este tipo de objetivo tiene buena estabilidad qu\u00edmica, estabilidad t\u00e9rmica y propiedades \u00f3pticas, hay muchas aplicaciones en el campo de la \u00f3ptica,  electr\u00f3nica y otros campos.<\/p>\n","protected":false},"featured_media":1002159,"comment_status":"open","ping_status":"closed","template":"","meta":{"_acf_changed":false},"product_brand":[],"product_cat":[178],"product_tag":[],"class_list":{"0":"post-1014660","1":"product","2":"type-product","3":"status-publish","4":"has-post-thumbnail","6":"product_cat-catodos-para-sputtering-planar","8":"first","9":"instock","10":"shipping-taxable","11":"product-type-variable"},"acf":[],"_links":{"self":[{"href":"https:\/\/vimaterial.de\/es\/wp-json\/wp\/v2\/product\/1014660","targetHints":{"allow":["GET"]}}],"collection":[{"href":"https:\/\/vimaterial.de\/es\/wp-json\/wp\/v2\/product"}],"about":[{"href":"https:\/\/vimaterial.de\/es\/wp-json\/wp\/v2\/types\/product"}],"replies":[{"embeddable":true,"href":"https:\/\/vimaterial.de\/es\/wp-json\/wp\/v2\/comments?post=1014660"}],"wp:featuredmedia":[{"embeddable":true,"href":"https:\/\/vimaterial.de\/es\/wp-json\/wp\/v2\/media\/1002159"}],"wp:attachment":[{"href":"https:\/\/vimaterial.de\/es\/wp-json\/wp\/v2\/media?parent=1014660"}],"wp:term":[{"taxonomy":"product_brand","embeddable":true,"href":"https:\/\/vimaterial.de\/es\/wp-json\/wp\/v2\/product_brand?post=1014660"},{"taxonomy":"product_cat","embeddable":true,"href":"https:\/\/vimaterial.de\/es\/wp-json\/wp\/v2\/product_cat?post=1014660"},{"taxonomy":"product_tag","embeddable":true,"href":"https:\/\/vimaterial.de\/es\/wp-json\/wp\/v2\/product_tag?post=1014660"}],"curies":[{"name":"wp","href":"https:\/\/api.w.org\/{rel}","templated":true}]}}