{"id":1014639,"date":"2024-06-17T14:45:43","date_gmt":"2024-06-17T06:45:43","guid":{"rendered":"https:\/\/vimaterial.de\/product\/aleacion-de-cobalto-y-cromo\/"},"modified":"2025-04-16T13:33:40","modified_gmt":"2025-04-16T05:33:40","slug":"aleacion-de-cobalto-y-cromo","status":"publish","type":"product","link":"https:\/\/vimaterial.de\/es\/product\/aleacion-de-cobalto-y-cromo\/","title":{"rendered":"Aleaci\u00f3n de cromo cobalto"},"content":{"rendered":"<p>El objetivo de pulverizaci\u00f3n cat\u00f3dica de <span style=\"color: #0000ff;\"><a style=\"color: #0000ff;\" href=\"https:\/\/vimaterial.de\/en\/search\/?type=name&amp;keyword=Cobalt+Chromium+Oxide\">aleaci\u00f3n de cromo y cobalto<\/a><\/span> es un tipo de material de aleaci\u00f3n compuesto principalmente de cobalto y cromo, con alta dureza, buena resistencia a la corrosi\u00f3n y resistencia a la oxidaci\u00f3n, adecuado para la deposici\u00f3n f\u00edsica de vapor, se puede depositar en el sustrato con un excelente rendimiento de la pel\u00edcula delgada, que es ampliamente utilizada en el campo de la electr\u00f3nica, m\u00e9dica, maquinaria, etc.<\/p>\n<p>VIMATERIAL proporciona objetivos de pulverizaci\u00f3n cat\u00f3dica de aleaci\u00f3n de cromo y cobalto. Nuestros objetivos de pulverizaci\u00f3n cat\u00f3dica de aleaci\u00f3n de cromo y cobalto tienen las ventajas de alta pureza, buena densidad, buena estructura cristalina, excelentes propiedades de pel\u00edcula delgada, alta precisi\u00f3n dimensional y alta eficiencia de pulverizaci\u00f3n cat\u00f3dica, y tambi\u00e9n podemos proporcionar el servicio de uni\u00f3n. <span style=\"color: #0000ff;\"><a style=\"color: #0000ff;\" href=\"https:\/\/vimaterial.de\/en\/contact-us\/\">P\u00f3ngase en contacto con nosotros<\/a><\/span> ahora. <\/p>\n<h2><span style=\"font-size: 14pt;\">Propiedades f\u00edsicas<\/span><\/h2>\n<p>F\u00f3rmula molecular: CoCr<\/p>\n<p>Peso molecular: alrededor de 55.5<\/p>\n<p>Aspecto: Generalmente blancos met\u00e1licos de color gris plateado<\/p>\n<p>Densidad: alrededor de 8 &#8211; 9 g\/cm\u00b3.<\/p>\n<p>Punto de fusi\u00f3n: alrededor de 1300 &#8211; 1500 \u00b0C<\/p>\n<p>Estructura cristalina: Estructura cristalina c\u00fabica centrada en la cara (FCC), los \u00e1tomos est\u00e1n dispuestos estrechamente, la aleaci\u00f3n hace que los \u00e1tomos formen enlaces met\u00e1licos cercanos.<\/p>\n<h2><span style=\"font-size: 14pt;\">Aplicaciones<\/span><\/h2>\n<p>Electr\u00f3nica: Los objetivos de pulverizaci\u00f3n cat\u00f3dica de aleaci\u00f3n de cromo cobalto se utilizan para fabricar electrodos e interconexiones en componentes electr\u00f3nicos, etc. Con su buena conductividad y estabilidad, garantiza el funcionamiento eficiente de los equipos electr\u00f3nicos y la fiabilidad de la transmisi\u00f3n de se\u00f1ales. <\/p>\n<p>Campo m\u00e9dico: En dispositivos m\u00e9dicos, como articulaciones artificiales, implantes dentales, etc., la pulverizaci\u00f3n cat\u00f3dica se utiliza para formar recubrimientos biocompatibles, resistentes al desgaste y a la corrosi\u00f3n para mejorar la vida \u00fatil y la seguridad de los implantes y reducir el riesgo de rechazo.<\/p>\n<p>Campo de fabricaci\u00f3n mec\u00e1nica: aplicado al tratamiento de refuerzo de la superficie de las piezas mec\u00e1nicas, como los componentes clave de los motores de autom\u00f3viles, las herramientas de corte, etc., despu\u00e9s del recubrimiento por pulverizaci\u00f3n cat\u00f3dica para mejorar su dureza, resistencia al desgaste y resistencia a la corrosi\u00f3n, para prolongar la vida \u00fatil y la estabilidad del rendimiento de las piezas mec\u00e1nicas.<\/p>\n<p>Campo aeroespacial: Se utiliza en la preparaci\u00f3n de recubrimientos protectores para palas de motores aeron\u00e1uticos, componentes estructurales de aviones, etc., para mejorar la confiabilidad de los materiales en entornos extremos haciendo uso de sus caracter\u00edsticas de resistencia a altas temperaturas, resistencia a la oxidaci\u00f3n y alta resistencia, y para garantizar la seguridad de vuelo y el rendimiento del equipo.<\/p>\n<h2><span style=\"font-size: 14pt;\">Control de calidad<\/span><\/h2>\n<p><span style=\"color: #0000ff;\"><a style=\"color: #0000ff;\" href=\"https:\/\/vimaterial.de\/en\/quality-control\/\">El control de calidad<\/a> <\/span>de nuestros productos es muy estricto, desde la selecci\u00f3n de materias primas estables y de alta pureza, hasta el uso de equipos de precisi\u00f3n avanzados y tecnolog\u00eda rigurosa en todo el control preciso del proceso de producci\u00f3n, hasta el uso de m\u00e9todos de prueba profesionales sobre las propiedades f\u00edsicas, qu\u00edmicas, microestructurales y otras propiedades del producto de la gama completa de pruebas en profundidad,  Cada enlace sigue estrictamente los altos est\u00e1ndares internacionales, para garantizar que cada lote de materiales se entregue con excelente calidad y estabilidad, para brindar a los clientes una garant\u00eda de calidad s\u00f3lida y confiable. Nos comprometemos a garantizar que cada lote de materiales entregados tenga una excelente calidad y estabilidad, brindando a los clientes una garant\u00eda de calidad s\u00f3lida y confiable. <\/p>\n<h2><span style=\"font-size: 14pt;\">Embalaje y almacenamiento<\/span><\/h2>\n<p>Los objetivos de pulverizaci\u00f3n cat\u00f3dica de aleaci\u00f3n de cromo y cobalto se empaquetan en bolsas y cajas de vac\u00edo de doble capa, y el exterior se empaqueta en cajas de cart\u00f3n.<\/p>\n<p>Los objetivos de pulverizaci\u00f3n cat\u00f3dica de aleaci\u00f3n de cromo y cobalto deben almacenarse en un ambiente seco y bien ventilado con temperatura y humedad relativamente estables, protegidos de la humedad, la oxidaci\u00f3n y el impacto f\u00edsico, y mantenerse alejados de sustancias corrosivas y fuentes de campos magn\u00e9ticos fuertes.<\/p>\n","protected":false},"excerpt":{"rendered":"<p>El objetivo de pulverizaci\u00f3n cat\u00f3dica de <span style=\"color: #0000ff;\"><a style=\"color: #0000ff;\" href=\"https:\/\/vimaterial.de\/en\/search\/?type=name&amp;keyword=Cobalt+Chromium+Oxide\">aleaci\u00f3n de cromo y cobalto<\/a><\/span> es un tipo de material de aleaci\u00f3n compuesto principalmente de cobalto y cromo, con alta dureza, buena resistencia a la corrosi\u00f3n y resistencia a la oxidaci\u00f3n, adecuado para la deposici\u00f3n f\u00edsica de vapor, se puede depositar en el sustrato con un excelente rendimiento de la pel\u00edcula delgada, que es ampliamente utilizada en el campo de la electr\u00f3nica, m\u00e9dica, maquinaria, etc.<\/p>\n","protected":false},"featured_media":1002174,"comment_status":"open","ping_status":"closed","template":"","meta":{"_acf_changed":false},"product_brand":[],"product_cat":[178],"product_tag":[],"class_list":{"0":"post-1014639","1":"product","2":"type-product","3":"status-publish","4":"has-post-thumbnail","6":"product_cat-catodos-para-sputtering-planar","8":"first","9":"instock","10":"shipping-taxable","11":"product-type-variable"},"acf":[],"_links":{"self":[{"href":"https:\/\/vimaterial.de\/es\/wp-json\/wp\/v2\/product\/1014639","targetHints":{"allow":["GET"]}}],"collection":[{"href":"https:\/\/vimaterial.de\/es\/wp-json\/wp\/v2\/product"}],"about":[{"href":"https:\/\/vimaterial.de\/es\/wp-json\/wp\/v2\/types\/product"}],"replies":[{"embeddable":true,"href":"https:\/\/vimaterial.de\/es\/wp-json\/wp\/v2\/comments?post=1014639"}],"wp:featuredmedia":[{"embeddable":true,"href":"https:\/\/vimaterial.de\/es\/wp-json\/wp\/v2\/media\/1002174"}],"wp:attachment":[{"href":"https:\/\/vimaterial.de\/es\/wp-json\/wp\/v2\/media?parent=1014639"}],"wp:term":[{"taxonomy":"product_brand","embeddable":true,"href":"https:\/\/vimaterial.de\/es\/wp-json\/wp\/v2\/product_brand?post=1014639"},{"taxonomy":"product_cat","embeddable":true,"href":"https:\/\/vimaterial.de\/es\/wp-json\/wp\/v2\/product_cat?post=1014639"},{"taxonomy":"product_tag","embeddable":true,"href":"https:\/\/vimaterial.de\/es\/wp-json\/wp\/v2\/product_tag?post=1014639"}],"curies":[{"name":"wp","href":"https:\/\/api.w.org\/{rel}","templated":true}]}}