{"id":1014635,"date":"2024-06-17T14:45:42","date_gmt":"2024-06-17T06:45:42","guid":{"rendered":"https:\/\/vimaterial.de\/product\/cloruro-de-cobalto\/"},"modified":"2024-07-17T12:47:04","modified_gmt":"2024-07-17T04:47:04","slug":"cloruro-de-cobalto","status":"publish","type":"product","link":"https:\/\/vimaterial.de\/es\/product\/cloruro-de-cobalto\/","title":{"rendered":"Cloruro de cobalto"},"content":{"rendered":"<p>Caracter\u00edsticasEl cloruro de cobalto (II) es un compuesto inorg\u00e1nico de cobalto y cloro, con la f\u00f3rmula CoCl2. Es un s\u00f3lido cristalino de color azul cielo. F\u00f3rmula qu\u00edmica:CoCl2Masa molar:129.839 g\/mol (anhidro) 165.87 g\/mol (dihidrato) 237.93 g\/mol (hexahidrato)Aspecto:cristales azules (anhidros), cristales de color azul violeta (dihidratados), cristales rojos rosados (hexahidratos)Densidad:3.356 g\/cm3 (anhidros) 2.477 g\/cm3 (dihidratos) 1.924 g\/cm3 (hexahidratos)Punto de fusi\u00f3n:726 \u00b0C (1.339 \u00b0F; 999 K) \u00b12 (anhidros) 140 \u00b0C (monohidratados) 100 \u00b0C (dihidratos) 86 \u00b0C (hexahidratados)Punto de ebullici\u00f3n:1.049 \u00b0C (1.920 \u00b0F; 1.322 K)Solubilidad en agua:43,6 g\/100 mL (0 \u00b0C) 45 g\/100 mL (7 \u00b0C)  52,9 g\/100 mL (20 \u00b0C) 105 g\/100 mL (96 \u00b0C)Solubilidad:38,5 g\/100 mL (metanol) 8,6 g\/100 mL (acetona) soluble en etanol, piridina, glicerolSusceptibilidad magn\u00e9tica (\u03c7):+12,660\u00b710\u22126cm3\/molAplicaci\u00f3nDebido a la facilidad de la reacci\u00f3n de hidrataci\u00f3n\/deshidrataci\u00f3n y el cambio de color resultante, el cloruro de cobalto se utiliza como indicador de agua en desecantes. Los usos espec\u00edficos del cloruro de cobalto incluyen su papel en la s\u00edntesis org\u00e1nica y la galvanoplastia de objetos con metal de cobalto.<\/p>\n","protected":false},"excerpt":{"rendered":"<p>Caracter\u00edsticasEl cloruro de cobalto (II) es un compuesto inorg\u00e1nico de cobalto y cloro, con la f\u00f3rmula CoCl2. Es un s\u00f3lido cristalino de color azul cielo. F\u00f3rmula qu\u00edmica:CoCl2Masa molar:129.839 g\/mol (anhidro) 165.87 g\/mol (dihidrato) 237.93 g\/mol (hexahidrato)Aspecto:cristales azules (anhidros), cristales de color azul violeta (dihidratados), cristales rojos rosados (hexahidratos)Densidad:3.356 g\/cm3 (anhidros) 2.477 g\/cm3 (dihidratos) 1.924 g\/cm3 [&hellip;]<\/p>\n","protected":false},"featured_media":1002166,"comment_status":"open","ping_status":"closed","template":"","meta":{"_acf_changed":false},"product_brand":[],"product_cat":[182],"product_tag":[],"class_list":{"0":"post-1014635","1":"product","2":"type-product","3":"status-publish","4":"has-post-thumbnail","6":"product_cat-materiales-halogenados","8":"first","9":"instock","10":"shipping-taxable","11":"purchasable","12":"product-type-variable"},"acf":[],"_links":{"self":[{"href":"https:\/\/vimaterial.de\/es\/wp-json\/wp\/v2\/product\/1014635","targetHints":{"allow":["GET"]}}],"collection":[{"href":"https:\/\/vimaterial.de\/es\/wp-json\/wp\/v2\/product"}],"about":[{"href":"https:\/\/vimaterial.de\/es\/wp-json\/wp\/v2\/types\/product"}],"replies":[{"embeddable":true,"href":"https:\/\/vimaterial.de\/es\/wp-json\/wp\/v2\/comments?post=1014635"}],"wp:featuredmedia":[{"embeddable":true,"href":"https:\/\/vimaterial.de\/es\/wp-json\/wp\/v2\/media\/1002166"}],"wp:attachment":[{"href":"https:\/\/vimaterial.de\/es\/wp-json\/wp\/v2\/media?parent=1014635"}],"wp:term":[{"taxonomy":"product_brand","embeddable":true,"href":"https:\/\/vimaterial.de\/es\/wp-json\/wp\/v2\/product_brand?post=1014635"},{"taxonomy":"product_cat","embeddable":true,"href":"https:\/\/vimaterial.de\/es\/wp-json\/wp\/v2\/product_cat?post=1014635"},{"taxonomy":"product_tag","embeddable":true,"href":"https:\/\/vimaterial.de\/es\/wp-json\/wp\/v2\/product_tag?post=1014635"}],"curies":[{"name":"wp","href":"https:\/\/api.w.org\/{rel}","templated":true}]}}