{"id":1014628,"date":"2024-06-17T14:46:26","date_gmt":"2024-06-17T06:46:26","guid":{"rendered":"https:\/\/vimaterial.de\/product\/oxido-de-cromo-y-cobalto-2\/"},"modified":"2025-04-16T13:26:37","modified_gmt":"2025-04-16T05:26:37","slug":"oxido-de-cromo-y-cobalto-2","status":"publish","type":"product","link":"https:\/\/vimaterial.de\/es\/product\/oxido-de-cromo-y-cobalto-2\/","title":{"rendered":"\u00d3xido de cromo cobalto"},"content":{"rendered":"<p>El objetivo de pulverizaci\u00f3n <span style=\"color: #0000ff;\"><a style=\"color: #0000ff;\" href=\"https:\/\/vimaterial.de\/en\/product\/cobalt-chromium-oxide\/\">cat\u00f3dica de \u00f3xido de cromo y cobalto<\/a><\/span> es un material utilizado en la tecnolog\u00eda de deposici\u00f3n f\u00edsica de vapor (PVD), que consta principalmente de elementos de cobalto, cromo y ox\u00edgeno, en el proceso de pulverizaci\u00f3n cat\u00f3dica, sus \u00e1tomos o mol\u00e9culas son bombardeados por part\u00edculas de alta energ\u00eda y luego se depositan en la superficie del sustrato, que se utiliza para la preparaci\u00f3n de pel\u00edculas delgadas con propiedades especiales,  como alta dureza, buena resistencia a la abrasi\u00f3n y a la corrosi\u00f3n, y desempe\u00f1a un papel clave en muchos campos, como la electr\u00f3nica, la \u00f3ptica y la mec\u00e1nica. Desempe\u00f1a un papel clave en muchos campos como la electr\u00f3nica, la \u00f3ptica, la mec\u00e1nica, etc. <\/p>\n<p>VIMATERIAL proporciona objetivos de pulverizaci\u00f3n cat\u00f3dica de \u00f3xido de cromo y cobalto, nuestros objetivos de pulverizaci\u00f3n cat\u00f3dica de \u00f3xido de cromo y cobalto tienen las ventajas de alta pureza, buena densidad, buena estructura cristalina, excelentes propiedades de pel\u00edcula delgada, alta precisi\u00f3n dimensional y alta eficiencia de pulverizaci\u00f3n cat\u00f3dica, y podemos proporcionar el servicio de uni\u00f3n, as\u00ed que <span style=\"color: #0000ff;\"><a style=\"color: #0000ff;\" href=\"https:\/\/vimaterial.de\/en\/contact-us\/\">cont\u00e1ctenos<\/a><\/span> pronto.<\/p>\n<h2><span style=\"font-size: 14pt;\">Propiedades f\u00edsicas<\/span><\/h2>\n<p>F\u00f3rmula molecular: CoCr2O4<\/p>\n<p>Peso molecular: 226,9214 g\/mol<\/p>\n<p>Aspecto: generalmente blancos de pulverizaci\u00f3n cat\u00f3dica s\u00f3lida de color negro o gris oscuro<\/p>\n<p>Densidad: 5-6g\/cm3<\/p>\n<p>Punto de fusi\u00f3n: alrededor de 1900-2100 \u00b0C<\/p>\n<p>Estructura cristalina: Com\u00fanmente estructura de espinela<\/p>\n<h2><span style=\"font-size: 14pt;\">Aplicaciones<\/span><\/h2>\n<p>Campo electr\u00f3nico: utilizado en la fabricaci\u00f3n de componentes electr\u00f3nicos, puede formar una pel\u00edcula delgada con propiedades el\u00e9ctricas espec\u00edficas, para ayudar a miniaturizar productos electr\u00f3nicos y mejorar el rendimiento.<\/p>\n<p>Campo \u00f3ptico: utilizado en lentes \u00f3pticas, recubrimientos, etc., puede reducir eficazmente la reflexi\u00f3n de la luz, mejorar la transmitancia de la luz y mejorar el rendimiento de los sistemas \u00f3pticos.<\/p>\n<p>Campo de semiconductores: como material clave utilizado en la fabricaci\u00f3n de chips semiconductores, para proporcionar propiedades f\u00edsicas y qu\u00edmicas estables para el chip y garantizar el desarrollo de la tecnolog\u00eda de semiconductores.<\/p>\n<p>Campo de equipos m\u00e9dicos: aplicado al recubrimiento de equipos m\u00e9dicos, no solo para garantizar una buena biocompatibilidad, sino que tambi\u00e9n tiene ciertas propiedades mec\u00e1nicas para satisfacer las necesidades de uso m\u00e9dico.<\/p>\n<p>Campo de fabricaci\u00f3n de autom\u00f3viles: se puede utilizar en el tratamiento de superficies de piezas de motores de autom\u00f3viles, etc., para mejorar su resistencia a altas temperaturas y al desgaste, y optimizar el rendimiento y la confiabilidad de los autom\u00f3viles.<\/p>\n<h2><span style=\"font-size: 14pt;\">Control de calidad<\/span><\/h2>\n<p><span style=\"color: #0000ff;\"><a style=\"color: #0000ff;\" href=\"https:\/\/vimaterial.de\/en\/quality-control\/\">El control de calidad<\/a> <\/span>de nuestros productos es muy estricto, desde la selecci\u00f3n de materias primas estables y de alta pureza, hasta el uso de equipos de precisi\u00f3n avanzados y tecnolog\u00eda rigurosa en todo el control preciso del proceso de producci\u00f3n, hasta el uso de m\u00e9todos de prueba profesionales sobre las propiedades f\u00edsicas, qu\u00edmicas, microestructurales y otras propiedades del producto de la gama completa de pruebas en profundidad,  Cada enlace sigue estrictamente los altos est\u00e1ndares internacionales, para garantizar que cada lote de materiales se entregue con excelente calidad y estabilidad, para brindar a los clientes una garant\u00eda de calidad s\u00f3lida y confiable. Nos comprometemos a garantizar que cada lote de materiales entregados tenga una excelente calidad y estabilidad, brindando a los clientes una garant\u00eda de calidad s\u00f3lida y confiable. <\/p>\n<h2><span style=\"font-size: 14pt;\">Embalaje y almacenamiento<\/span><\/h2>\n<p>Los objetivos de pulverizaci\u00f3n cat\u00f3dica de \u00f3xido de cromo y cobalto se empaquetan en bolsas y cajas de vac\u00edo de doble capa, y el exterior se empaqueta en cajas de cart\u00f3n.<\/p>\n<p>Los objetivos de pulverizaci\u00f3n cat\u00f3dica de \u00f3xido de cromo y cobalto deben almacenarse en un ambiente seco y bien ventilado con temperatura y humedad relativamente estables, protegidos de la humedad, la oxidaci\u00f3n y el impacto f\u00edsico, y mantenerse alejados de sustancias corrosivas y fuentes de campos magn\u00e9ticos fuertes.<\/p>\n","protected":false},"excerpt":{"rendered":"<p>El objetivo de pulverizaci\u00f3n <span style=\"color: #0000ff;\"><a style=\"color: #0000ff;\" href=\"https:\/\/vimaterial.de\/en\/product\/cobalt-chromium-oxide\/\">cat\u00f3dica de \u00f3xido de cromo y cobalto<\/a><\/span> es un material utilizado en la tecnolog\u00eda de deposici\u00f3n f\u00edsica de vapor (PVD), que consta principalmente de elementos de cobalto, cromo y ox\u00edgeno, en el proceso de pulverizaci\u00f3n cat\u00f3dica, sus \u00e1tomos o mol\u00e9culas son bombardeados por part\u00edculas de alta energ\u00eda y luego se depositan en la superficie del sustrato, que se utiliza para la preparaci\u00f3n de pel\u00edculas delgadas con propiedades especiales,  como alta dureza, buena resistencia a la abrasi\u00f3n y a la corrosi\u00f3n, y desempe\u00f1a un papel clave en muchos campos, como la electr\u00f3nica, la \u00f3ptica y la mec\u00e1nica. Desempe\u00f1a un papel clave en muchos campos como la electr\u00f3nica, la \u00f3ptica, la mec\u00e1nica, etc. <\/p>\n","protected":false},"featured_media":1002182,"comment_status":"open","ping_status":"closed","template":"","meta":{"_acf_changed":false},"product_brand":[],"product_cat":[178],"product_tag":[],"class_list":{"0":"post-1014628","1":"product","2":"type-product","3":"status-publish","4":"has-post-thumbnail","6":"product_cat-catodos-para-sputtering-planar","8":"first","9":"instock","10":"shipping-taxable","11":"product-type-variable"},"acf":[],"_links":{"self":[{"href":"https:\/\/vimaterial.de\/es\/wp-json\/wp\/v2\/product\/1014628","targetHints":{"allow":["GET"]}}],"collection":[{"href":"https:\/\/vimaterial.de\/es\/wp-json\/wp\/v2\/product"}],"about":[{"href":"https:\/\/vimaterial.de\/es\/wp-json\/wp\/v2\/types\/product"}],"replies":[{"embeddable":true,"href":"https:\/\/vimaterial.de\/es\/wp-json\/wp\/v2\/comments?post=1014628"}],"wp:featuredmedia":[{"embeddable":true,"href":"https:\/\/vimaterial.de\/es\/wp-json\/wp\/v2\/media\/1002182"}],"wp:attachment":[{"href":"https:\/\/vimaterial.de\/es\/wp-json\/wp\/v2\/media?parent=1014628"}],"wp:term":[{"taxonomy":"product_brand","embeddable":true,"href":"https:\/\/vimaterial.de\/es\/wp-json\/wp\/v2\/product_brand?post=1014628"},{"taxonomy":"product_cat","embeddable":true,"href":"https:\/\/vimaterial.de\/es\/wp-json\/wp\/v2\/product_cat?post=1014628"},{"taxonomy":"product_tag","embeddable":true,"href":"https:\/\/vimaterial.de\/es\/wp-json\/wp\/v2\/product_tag?post=1014628"}],"curies":[{"name":"wp","href":"https:\/\/api.w.org\/{rel}","templated":true}]}}