{"id":1014612,"date":"2024-06-17T14:46:27","date_gmt":"2024-06-17T06:46:27","guid":{"rendered":"https:\/\/vimaterial.de\/product\/cobalto-cromo-aluminio\/"},"modified":"2025-04-16T13:25:01","modified_gmt":"2025-04-16T05:25:01","slug":"cobalto-cromo-aluminio","status":"publish","type":"product","link":"https:\/\/vimaterial.de\/es\/product\/cobalto-cromo-aluminio\/","title":{"rendered":"Cromo Cobalto Aluminio"},"content":{"rendered":"<p>El objetivo de pulverizaci\u00f3n cat\u00f3dica de cromo <span style=\"color: #0000ff;\"><a style=\"color: #0000ff;\" href=\"https:\/\/vimaterial.de\/en\/product\/cobalt-chromium-alloy\/\">y aluminio<\/a> <\/span>es un tipo de material de aleaci\u00f3n compuesto de cobalto, cromo y aluminio, que generalmente tiene un brillo met\u00e1lico gris plateado y buena resistencia a la oxidaci\u00f3n a alta temperatura, resistencia a la corrosi\u00f3n y estabilidad t\u00e9rmica, y se utiliza principalmente en el proceso de recubrimiento por pulverizaci\u00f3n cat\u00f3dica, que se puede depositar en el sustrato y es adecuado para la protecci\u00f3n de piezas a alta temperatura en la industria aeroespacial,  turbinas de gas, motores de autom\u00f3viles y dispositivos electr\u00f3nicos.<\/p>\n<p>VIMATERIAL proporciona objetivos de pulverizaci\u00f3n cat\u00f3dica de cobalto, cromo y aluminio. Nuestros objetivos de pulverizaci\u00f3n cat\u00f3dica de cromo y aluminio se caracterizan por una excelente homogeneidad de composici\u00f3n, una pureza ultra alta y una excelente estabilidad de pulverizaci\u00f3n cat\u00f3dica, y tambi\u00e9n podemos proporcionar servicios de uni\u00f3n de objetivos. Contamos con un equipo profesional del R&amp;D y podemos aceptar la personalizaci\u00f3n y los experimentos, por favor <span style=\"color: #0000ff;\"><a style=\"color: #0000ff;\" href=\"https:\/\/vimaterial.de\/en\/contact-us\/\">cont\u00e1ctenos.<\/a><\/span>  <\/p>\n<h2><span style=\"font-size: 14pt;\">Propiedades f\u00edsicas<\/span><\/h2>\n<p>F\u00f3rmula molecular: CoCrAl<\/p>\n<p>Aspecto: Gris plateado, brillo met\u00e1lico, material objetivo de superficie lisa.<\/p>\n<p>Densidad: alrededor de 7 &#8211; 9 g \/ cm\u00b3, afectado por la proporci\u00f3n de la composici\u00f3n de la aleaci\u00f3n.<\/p>\n<p>Punto de fusi\u00f3n: alrededor de 1300 &#8211; 1500 \u00b0 C, var\u00eda seg\u00fan la composici\u00f3n.<\/p>\n<p>Punto de ebullici\u00f3n: alrededor de 2800 &#8211; 3000 \u00b0C, afectado por la proporci\u00f3n de la composici\u00f3n de la aleaci\u00f3n.<\/p>\n<p>Estructura cristalina: Principalmente estructura c\u00fabica centrada en la cara (fcc).<\/p>\n<h2><span style=\"font-size: 14pt;\">Aplicaciones<\/span><\/h2>\n<p>Campo aeroespacial: se puede depositar en la superficie de los componentes del motor aeroespacial para mejorar la resistencia de los componentes a la oxidaci\u00f3n y la corrosi\u00f3n a alta temperatura, y prolongar la vida \u00fatil.<\/p>\n<p>Campo de energ\u00eda y potencia: recubrimiento de \u00e1labes de turbinas de gas y otros componentes de alta temperatura para mejorar su resistencia a altas temperaturas y resistencia a la erosi\u00f3n, y garantizar el funcionamiento eficiente y estable de los equipos de conversi\u00f3n de energ\u00eda.<\/p>\n<p>En el campo de la fabricaci\u00f3n de autom\u00f3viles: pulverizaci\u00f3n cat\u00f3dica en partes clave de los motores de autom\u00f3viles para formar una pel\u00edcula protectora, reducir el desgaste y la corrosi\u00f3n a alta temperatura y ayudar a mejorar el rendimiento y la durabilidad de los motores de autom\u00f3viles.<\/p>\n<p>En el campo de los dispositivos electr\u00f3nicos: se pueden preparar recubrimientos especiales en la superficie de los componentes electr\u00f3nicos para mejorar sus propiedades el\u00e9ctricas y su estabilidad, y promover el desarrollo de la miniaturizaci\u00f3n y el alto rendimiento de los dispositivos electr\u00f3nicos.<\/p>\n<h2><span style=\"font-size: 14pt;\">Control de calidad<\/span><\/h2>\n<p><span style=\"color: #0000ff;\"><a style=\"color: #0000ff;\" href=\"https:\/\/vimaterial.de\/en\/quality-control\/\">Nuestros productos<\/a><\/span> se implementan con el sistema de gesti\u00f3n de calidad m\u00e1s estricto, los materiales entrantes, el proceso, la inspecci\u00f3n final, la inspecci\u00f3n de f\u00e1brica tienen estrictos est\u00e1ndares de inspecci\u00f3n, para el procesamiento no calificado utilizar\u00e1 estrictas medidas de aislamiento para evitar el flujo de productos no conformes al siguiente proceso, de acuerdo con los requisitos del cliente, proporcionar\u00e1 a los clientes muestras para que los clientes vuelvan a inspeccionar.<\/p>\n<h2><span style=\"font-size: 14pt;\">Embalaje y almacenamiento<\/span><\/h2>\n<p>Los objetivos de pulverizaci\u00f3n cat\u00f3dica de cromo y aluminio cobalto se empaquetan en bolsas y cartones de vac\u00edo dobles.<\/p>\n<p>Los objetivos de pulverizaci\u00f3n cat\u00f3dica de cromo y aluminio deben almacenarse en un ambiente seco y bien ventilado con una temperatura estable, evitando el contacto con aire h\u00famedo y productos qu\u00edmicos corrosivos, evitando la oxidaci\u00f3n por humedad y erosi\u00f3n qu\u00edmica, as\u00ed como evitando colisiones f\u00edsicas, vibraciones y fuertes presiones, para garantizar su integridad estructural y rendimiento estable.<\/p>\n<p>&nbsp;<\/p>\n","protected":false},"excerpt":{"rendered":"<p>El objetivo de pulverizaci\u00f3n cat\u00f3dica de cromo <span style=\"color: #0000ff;\"><a style=\"color: #0000ff;\" href=\"https:\/\/vimaterial.de\/en\/product\/cobalt-chromium-alloy\/\">y aluminio<\/a> <\/span>es un tipo de material de aleaci\u00f3n compuesto de cobalto, cromo y aluminio, que generalmente tiene un brillo met\u00e1lico gris plateado y buena resistencia a la oxidaci\u00f3n a alta temperatura, resistencia a la corrosi\u00f3n y estabilidad t\u00e9rmica, y se utiliza principalmente en el proceso de recubrimiento por pulverizaci\u00f3n cat\u00f3dica, que se puede depositar en el sustrato y es adecuado para la protecci\u00f3n de piezas a alta temperatura en la industria aeroespacial,  turbinas de gas, motores de autom\u00f3viles y dispositivos electr\u00f3nicos.<\/p>\n","protected":false},"featured_media":1002191,"comment_status":"open","ping_status":"closed","template":"","meta":{"_acf_changed":false},"product_brand":[],"product_cat":[178],"product_tag":[],"class_list":{"0":"post-1014612","1":"product","2":"type-product","3":"status-publish","4":"has-post-thumbnail","6":"product_cat-catodos-para-sputtering-planar","8":"first","9":"instock","10":"shipping-taxable","11":"product-type-variable"},"acf":[],"_links":{"self":[{"href":"https:\/\/vimaterial.de\/es\/wp-json\/wp\/v2\/product\/1014612","targetHints":{"allow":["GET"]}}],"collection":[{"href":"https:\/\/vimaterial.de\/es\/wp-json\/wp\/v2\/product"}],"about":[{"href":"https:\/\/vimaterial.de\/es\/wp-json\/wp\/v2\/types\/product"}],"replies":[{"embeddable":true,"href":"https:\/\/vimaterial.de\/es\/wp-json\/wp\/v2\/comments?post=1014612"}],"wp:featuredmedia":[{"embeddable":true,"href":"https:\/\/vimaterial.de\/es\/wp-json\/wp\/v2\/media\/1002191"}],"wp:attachment":[{"href":"https:\/\/vimaterial.de\/es\/wp-json\/wp\/v2\/media?parent=1014612"}],"wp:term":[{"taxonomy":"product_brand","embeddable":true,"href":"https:\/\/vimaterial.de\/es\/wp-json\/wp\/v2\/product_brand?post=1014612"},{"taxonomy":"product_cat","embeddable":true,"href":"https:\/\/vimaterial.de\/es\/wp-json\/wp\/v2\/product_cat?post=1014612"},{"taxonomy":"product_tag","embeddable":true,"href":"https:\/\/vimaterial.de\/es\/wp-json\/wp\/v2\/product_tag?post=1014612"}],"curies":[{"name":"wp","href":"https:\/\/api.w.org\/{rel}","templated":true}]}}