{"id":1014591,"date":"2024-06-17T14:46:27","date_gmt":"2024-06-17T06:46:27","guid":{"rendered":"https:\/\/vimaterial.de\/product\/cobalto-cromo-hierro-niquel\/"},"modified":"2025-04-16T13:23:17","modified_gmt":"2025-04-16T05:23:17","slug":"cobalto-cromo-hierro-niquel","status":"publish","type":"product","link":"https:\/\/vimaterial.de\/es\/product\/cobalto-cromo-hierro-niquel\/","title":{"rendered":"Cobalto, Cromo, Hierro, N\u00edquel"},"content":{"rendered":"<p>El polvo de <span style=\"color: #0000ff;\"><a style=\"color: #0000ff;\" href=\"https:\/\/vimaterial.de\/en\/search\/?type=name&amp;keyword=Cobalt+Chromium+Iron+Nickel\">n\u00edquel de hierro y cromo cobalto<\/a> <\/span>es un polvo de aleaci\u00f3n tetr\u00e1mera, generalmente de color gris plateado, con alta resistencia, buena tenacidad, resistencia a la corrosi\u00f3n y resistencia a la oxidaci\u00f3n, que tiene aplicaciones prometedoras en entornos de alta temperatura, equipos qu\u00edmicos, ingenier\u00eda marina y aplicaciones biom\u00e9dicas.<\/p>\n<p>VIAMTERIAL suministra polvo de n\u00edquel de hierro y cromo cobalto, nuestro polvo tiene las caracter\u00edsticas de alta pureza, tama\u00f1o de part\u00edcula uniforme, buena fluidez, buena compactaci\u00f3n, propiedades qu\u00edmicas estables, etc. Tambi\u00e9n admitimos el embalaje y la realizaci\u00f3n de pedidos en lotes peque\u00f1os. Contamos con un equipo profesional de investigaci\u00f3n y desarrollo t\u00e9cnico, aceptamos la personalizaci\u00f3n y experimentaci\u00f3n del producto, <span style=\"color: #0000ff;\"><a style=\"color: #0000ff;\" href=\"https:\/\/vimaterial.de\/en\/contact-us\/\">cont\u00e1ctenos.<\/a><\/span>  <\/p>\n<h2><span style=\"font-size: 14pt;\">Propiedades f\u00edsicas<\/span><\/h2>\n<p>F\u00f3rmula molecular: CoCrFeNi<\/p>\n<p>Aspecto: generalmente polvo gris plateado<\/p>\n<p>Densidad: aproximadamente entre 7,7 &#8211; 8,4 g\/cm\u00b3.<\/p>\n<p>Punto de fusi\u00f3n: en el rango de 1300 &#8211; 1400 \u00b0C m\u00e1s o menos<\/p>\n<p>Estructura cristalina: Principalmente estructura c\u00fabica centrada en la cara (FCC), esta estructura le da a la aleaci\u00f3n buena tenacidad y ductilidad y otras propiedades f\u00edsicas.<\/p>\n<h2><span style=\"font-size: 14pt;\">Aplicaciones<\/span><\/h2>\n<p>Aeroespacial: Se utiliza en la fabricaci\u00f3n de piezas de alta temperatura de motores de aviones, con su excelente resistencia a altas temperaturas y al desgaste, para garantizar un funcionamiento estable del motor en condiciones extremas y mejorar el rendimiento y la confiabilidad de la aeronave.<\/p>\n<p>Dispositivos m\u00e9dicos: En dispositivos m\u00e9dicos, como implantes ortop\u00e9dicos, la aleaci\u00f3n de polvo de cobalto, cromo, hierro y n\u00edquel tiene buena biocompatibilidad y propiedades mec\u00e1nicas, y puede desempe\u00f1ar un papel en la estabilidad a largo plazo del cuerpo humano para promover la curaci\u00f3n y el soporte \u00f3seo.<\/p>\n<p>Campo de ingenier\u00eda marina: aplicado a la fabricaci\u00f3n de equipos de ingenier\u00eda marina, polvo de n\u00edquel de cobalto, cromo y hierro hecho de materiales debido a su excelente resistencia a la corrosi\u00f3n del agua de mar, puede resistir eficazmente la erosi\u00f3n del medio ambiente marino, para prolongar la vida \u00fatil de las instalaciones marinas.<\/p>\n<p>Energ\u00eda: Utilizado en la fabricaci\u00f3n de componentes clave para plantas de energ\u00eda nuclear, la resistencia a la radiaci\u00f3n y a altas temperaturas del polvo de cobalto, cromo, hierro y n\u00edquel puede garantizar el funcionamiento seguro y eficiente de las plantas de energ\u00eda nuclear en condiciones de trabajo complejas y mantener un suministro estable de energ\u00eda.<\/p>\n<h2><span style=\"font-size: 14pt;\">Control de calidad<\/span><\/h2>\n<p><span style=\"color: #0000ff;\"><a style=\"color: #0000ff;\" href=\"https:\/\/vimaterial.de\/en\/quality-control\/\">El control de calidad<\/a><\/span> de cada lote de productos se lleva a cabo a lo largo de todo el proceso de adquisici\u00f3n de materias primas, producci\u00f3n y procesamiento, pruebas e inspecci\u00f3n y embalaje, siguiendo estrictamente los est\u00e1ndares internacionales y las normas de la industria. Contamos con equipos de prueba avanzados, equipo profesional de control de calidad y un estricto sistema de control de calidad para garantizar la calidad del producto. <\/p>\n<h2><span style=\"font-size: 14pt;\">Embalaje y almacenamiento<\/span><\/h2>\n<p>El polvo de cobalto, cromo, hierro y n\u00edquel se envasa en bolsas de vac\u00edo de doble capa o botellas de vac\u00edo de doble capa con cajas de cart\u00f3n exteriores.<\/p>\n<p>El polvo de cobalto, cromo, hierro y n\u00edquel debe almacenarse en un ambiente seco, fresco y bien ventilado, sellado para evitar la humedad, la oxidaci\u00f3n y, al mismo tiempo, lejos de \u00e1cidos, \u00e1lcalis y otras sustancias corrosivas y oxidantes fuertes, fuentes de ignici\u00f3n, y de acuerdo con los requisitos del almacenamiento de polvos de aleaci\u00f3n almacenados adecuadamente.<\/p>\n","protected":false},"excerpt":{"rendered":"<p>El polvo de <span style=\"color: #0000ff;\"><a style=\"color: #0000ff;\" href=\"https:\/\/vimaterial.de\/en\/search\/?type=name&amp;keyword=Cobalt+Chromium+Iron+Nickel\">n\u00edquel de hierro y cromo cobalto<\/a> <\/span>es un polvo de aleaci\u00f3n tetr\u00e1mera, generalmente de color gris plateado, con alta resistencia, buena tenacidad, resistencia a la corrosi\u00f3n y resistencia a la oxidaci\u00f3n, que tiene aplicaciones prometedoras en entornos de alta temperatura, equipos qu\u00edmicos, ingenier\u00eda marina y aplicaciones biom\u00e9dicas.<\/p>\n","protected":false},"featured_media":1002198,"comment_status":"open","ping_status":"closed","template":"","meta":{"_acf_changed":false},"product_brand":[],"product_cat":[193],"product_tag":[],"class_list":{"0":"post-1014591","1":"product","2":"type-product","3":"status-publish","4":"has-post-thumbnail","6":"product_cat-polvo-de-aleaciones-y-metales-puros","8":"first","9":"instock","10":"shipping-taxable","11":"product-type-variable"},"acf":[],"_links":{"self":[{"href":"https:\/\/vimaterial.de\/es\/wp-json\/wp\/v2\/product\/1014591","targetHints":{"allow":["GET"]}}],"collection":[{"href":"https:\/\/vimaterial.de\/es\/wp-json\/wp\/v2\/product"}],"about":[{"href":"https:\/\/vimaterial.de\/es\/wp-json\/wp\/v2\/types\/product"}],"replies":[{"embeddable":true,"href":"https:\/\/vimaterial.de\/es\/wp-json\/wp\/v2\/comments?post=1014591"}],"wp:featuredmedia":[{"embeddable":true,"href":"https:\/\/vimaterial.de\/es\/wp-json\/wp\/v2\/media\/1002198"}],"wp:attachment":[{"href":"https:\/\/vimaterial.de\/es\/wp-json\/wp\/v2\/media?parent=1014591"}],"wp:term":[{"taxonomy":"product_brand","embeddable":true,"href":"https:\/\/vimaterial.de\/es\/wp-json\/wp\/v2\/product_brand?post=1014591"},{"taxonomy":"product_cat","embeddable":true,"href":"https:\/\/vimaterial.de\/es\/wp-json\/wp\/v2\/product_cat?post=1014591"},{"taxonomy":"product_tag","embeddable":true,"href":"https:\/\/vimaterial.de\/es\/wp-json\/wp\/v2\/product_tag?post=1014591"}],"curies":[{"name":"wp","href":"https:\/\/api.w.org\/{rel}","templated":true}]}}