{"id":1014584,"date":"2024-06-17T14:46:28","date_gmt":"2024-06-17T06:46:28","guid":{"rendered":"https:\/\/vimaterial.de\/product\/fluoruro-de-cobaltoii\/"},"modified":"2025-04-16T13:17:52","modified_gmt":"2025-04-16T05:17:52","slug":"fluoruro-de-cobaltoii","status":"publish","type":"product","link":"https:\/\/vimaterial.de\/es\/product\/fluoruro-de-cobaltoii\/","title":{"rendered":"Fluoruro de cobalto (II)"},"content":{"rendered":"<p>El polvo de fluoruro de cobalto (II) es un polvo compuesto por elementos de cobalto y fl\u00faor, el color suele ser rojo claro, con cierta higroscopicidad, estabilidad qu\u00edmica y conductividad i\u00f3nica, que tiene aplicaciones potenciales en el campo de materiales para bater\u00edas, materiales \u00f3pticos, catalizadores, etc.<\/p>\n<p>VIAMTERIAL suministra polvo de fluoruro de cobalto (II), nuestro polvo tiene las caracter\u00edsticas de alta pureza, tama\u00f1o de part\u00edcula uniforme, buena fluidez, buena compactaci\u00f3n, propiedades qu\u00edmicas estables, etc. Tambi\u00e9n admitimos el embalaje y la realizaci\u00f3n de pedidos en lotes peque\u00f1os. Contamos con un equipo profesional de investigaci\u00f3n y desarrollo t\u00e9cnico, aceptamos la personalizaci\u00f3n y experimentaci\u00f3n del producto, <span style=\"color: #0000ff;\"><a style=\"color: #0000ff;\" href=\"https:\/\/vimaterial.de\/en\/contact-us\/\">cont\u00e1ctenos.<\/a><\/span>  <\/p>\n<h2><span style=\"font-size: 14pt;\">Propiedades f\u00edsicas<\/span><\/h2>\n<p>F\u00f3rmula molecular: CoF\u2082<\/p>\n<p>Peso molecular: alrededor de 96.93<\/p>\n<p>Aspecto: polvo rojo claro<\/p>\n<p>Densidad: aprox. 4,43 g\/cm\u00b3.<\/p>\n<p>Punto de fusi\u00f3n: alrededor de 1200 &#8211; 1250 \u00b0C<\/p>\n<p>Punto de ebullici\u00f3n: alrededor de 2200 &#8211; 2300 \u00b0C<\/p>\n<p>Estructura cristalina: Estructura cristalina tetragonal rutilo, en la que los iones de cobalto y los iones de fluoruro se distribuyen de manera ordenada de acuerdo con una disposici\u00f3n espacial espec\u00edfica, lo que tiene un efecto en sus propiedades f\u00edsicas y qu\u00edmicas.<\/p>\n<h2><span style=\"font-size: 14pt;\">Aplicaciones<\/span><\/h2>\n<p>Materiales de la bater\u00eda: Se puede utilizar como aditivo para los materiales del c\u00e1todo de la bater\u00eda, y con las propiedades qu\u00edmicas especiales de los iones de fluoruro, puede mejorar la densidad de energ\u00eda y la estabilidad del ciclo de las bater\u00edas, y se utiliza en bater\u00edas de litio de alto rendimiento y otros campos.<\/p>\n<p>Materiales \u00f3pticos: En la producci\u00f3n de materiales \u00f3pticos, se puede utilizar para ajustar el \u00edndice de refracci\u00f3n del material, y sus propiedades \u00f3pticas se pueden utilizar para fabricar lentes \u00f3pticas, fibras \u00f3pticas, etc., para mejorar el rendimiento \u00f3ptico de los componentes \u00f3pticos.<\/p>\n<p>Campo catalizador: Como catalizador, el polvo de fluoruro de cobalto (II) desempe\u00f1a un papel en algunas reacciones de s\u00edntesis org\u00e1nica, al cambiar la energ\u00eda de activaci\u00f3n de la reacci\u00f3n, mejora efectivamente la velocidad de reacci\u00f3n y la selectividad, y ayuda a la producci\u00f3n qu\u00edmica.<\/p>\n<h2><span style=\"font-size: 14pt;\">Control de calidad<\/span><\/h2>\n<p><span style=\"color: #0000ff;\"><a style=\"color: #0000ff;\" href=\"https:\/\/vimaterial.de\/en\/quality-control\/\">El control de calidad<\/a> <\/span>de cada lote de productos se lleva a cabo a lo largo de todo el proceso de adquisici\u00f3n de materias primas, producci\u00f3n y procesamiento, pruebas e inspecci\u00f3n y embalaje, siguiendo estrictamente los est\u00e1ndares internacionales y las normas de la industria. Contamos con equipos de prueba avanzados, equipo profesional de control de calidad y un estricto sistema de control de calidad para garantizar la calidad del producto. <\/p>\n<h2><span style=\"font-size: 14pt;\">Embalaje y almacenamiento<\/span><\/h2>\n<p>El polvo de fluoruro de cobalto (II) se empaqueta en bolsas de vac\u00edo de doble capa o botellas de vac\u00edo de doble capa con cajas de cart\u00f3n exteriores.<\/p>\n<p>Cobalto (II) El polvo de fluoruro debe almacenarse en un ambiente seco, fresco y bien ventilado, sellado, lejos del agua, \u00e1cidos y \u00e1lcalis, y evitar el contacto con sustancias inflamables y explosivas, y colocarse adecuadamente de acuerdo con las disposiciones del almacenamiento de reactivos qu\u00edmicos.<\/p>\n<p>&nbsp;<\/p>\n","protected":false},"excerpt":{"rendered":"<p>El polvo de fluoruro de cobalto (II) es un polvo compuesto por elementos de cobalto y fl\u00faor, el color suele ser rojo claro, con cierta higroscopicidad, estabilidad qu\u00edmica y conductividad i\u00f3nica, que tiene aplicaciones potenciales en el campo de materiales para bater\u00edas, materiales \u00f3pticos, catalizadores, etc.<\/p>\n","protected":false},"featured_media":1002220,"comment_status":"open","ping_status":"closed","template":"","meta":{"_acf_changed":false},"product_brand":[],"product_cat":[182],"product_tag":[],"class_list":{"0":"post-1014584","1":"product","2":"type-product","3":"status-publish","4":"has-post-thumbnail","6":"product_cat-materiales-halogenados","8":"first","9":"instock","10":"shipping-taxable","11":"purchasable","12":"product-type-variable"},"acf":[],"_links":{"self":[{"href":"https:\/\/vimaterial.de\/es\/wp-json\/wp\/v2\/product\/1014584","targetHints":{"allow":["GET"]}}],"collection":[{"href":"https:\/\/vimaterial.de\/es\/wp-json\/wp\/v2\/product"}],"about":[{"href":"https:\/\/vimaterial.de\/es\/wp-json\/wp\/v2\/types\/product"}],"replies":[{"embeddable":true,"href":"https:\/\/vimaterial.de\/es\/wp-json\/wp\/v2\/comments?post=1014584"}],"wp:featuredmedia":[{"embeddable":true,"href":"https:\/\/vimaterial.de\/es\/wp-json\/wp\/v2\/media\/1002220"}],"wp:attachment":[{"href":"https:\/\/vimaterial.de\/es\/wp-json\/wp\/v2\/media?parent=1014584"}],"wp:term":[{"taxonomy":"product_brand","embeddable":true,"href":"https:\/\/vimaterial.de\/es\/wp-json\/wp\/v2\/product_brand?post=1014584"},{"taxonomy":"product_cat","embeddable":true,"href":"https:\/\/vimaterial.de\/es\/wp-json\/wp\/v2\/product_cat?post=1014584"},{"taxonomy":"product_tag","embeddable":true,"href":"https:\/\/vimaterial.de\/es\/wp-json\/wp\/v2\/product_tag?post=1014584"}],"curies":[{"name":"wp","href":"https:\/\/api.w.org\/{rel}","templated":true}]}}