{"id":1014566,"date":"2024-06-17T14:46:28","date_gmt":"2024-06-17T06:46:28","guid":{"rendered":"https:\/\/vimaterial.de\/product\/fluoruro-de-cobaltoiii\/"},"modified":"2025-04-16T13:13:10","modified_gmt":"2025-04-16T05:13:10","slug":"fluoruro-de-cobaltoiii","status":"publish","type":"product","link":"https:\/\/vimaterial.de\/es\/product\/fluoruro-de-cobaltoiii\/","title":{"rendered":"Cobalto (III)Fluoruro"},"content":{"rendered":"<p><span style=\"color: #0000ff;\"><a style=\"color: #0000ff;\" href=\"https:\/\/vimaterial.de\/en\/product\/cobaltii-fluoride\/\">El polvo de fluoruro de cobalto (III)<\/a><\/span> es un polvo compuesto que contiene cobalto y fl\u00faor, generalmente de color verde o marr\u00f3n, con fuertes propiedades oxidantes, alta actividad qu\u00edmica y aplicaciones potenciales en reacciones de fluoraci\u00f3n, desarrollo de materiales de bater\u00edas y algunas s\u00edntesis org\u00e1nicas.<\/p>\n<p>VIAMTERIAL suministra polvo de fluoruro de cobalto (III). Nuestros polvos se caracterizan por su alta pureza, tama\u00f1o de part\u00edcula uniforme, buena fluidez, buena compactaci\u00f3n, propiedades qu\u00edmicas estables, etc. Tambi\u00e9n admitimos el empaquetado y los pedidos de lotes peque\u00f1os. Contamos con un equipo profesional de investigaci\u00f3n y desarrollo t\u00e9cnico, aceptamos la personalizaci\u00f3n y experimentaci\u00f3n del producto, <span style=\"color: #0000ff;\"><a style=\"color: #0000ff;\" href=\"https:\/\/vimaterial.de\/en\/contact-us\/\">cont\u00e1ctenos.<\/a><\/span>   <\/p>\n<h2><span style=\"font-size: 14pt;\">Propiedades f\u00edsicas<\/span><\/h2>\n<p>F\u00f3rmula molecular: CoF\u2083<\/p>\n<p>Peso molecular: alrededor de 115.93<\/p>\n<p>Aspecto: Polvo verde o marr\u00f3n.<\/p>\n<p>Densidad: aprox. 3,88 g\/cm\u00b3.<\/p>\n<p>Punto de fusi\u00f3n: alrededor de 1100 &#8211; 1200 \u00b0C<\/p>\n<p>Punto de ebullici\u00f3n: alrededor de 1200 &#8211; 1300 \u00b0C.<\/p>\n<p>Estructura cristalina: Pertenece al sistema cristalino hexagonal, en el que los iones de cobalto y los iones de fl\u00faor forman cristales en una disposici\u00f3n espacial espec\u00edfica, y esta estructura tiene una influencia importante en sus propiedades f\u00edsicas y qu\u00edmicas.<\/p>\n<h2><span style=\"font-size: 14pt;\">Aplicaciones<\/span><\/h2>\n<p>Campo de agentes fluoradores: El polvo de fluoruro de cobalto (III) se utiliza como un agente fluorador fuerte, que puede introducir \u00e1tomos de fl\u00faor de manera eficiente en la reacci\u00f3n de fluoraci\u00f3n de compuestos org\u00e1nicos y promover la s\u00edntesis de productos qu\u00edmicos finos que contienen fl\u00faor para las industrias farmac\u00e9utica y de pesticidas.<\/p>\n<p>Materiales de bater\u00edas: En el desarrollo de la tecnolog\u00eda de bater\u00edas, se han explorado polvos de fluoruro de cobalto (III) para su uso como materiales de electrodos en nuevas bater\u00edas de alta densidad de energ\u00eda para mejorar el rendimiento de la bater\u00eda debido a sus propiedades redox \u00fanicas.<\/p>\n<p>Campo catal\u00edtico: Se puede utilizar como catalizador en algunas reacciones qu\u00edmicas espec\u00edficas, acelerando el proceso de reacci\u00f3n y mejorando la eficiencia de la producci\u00f3n qu\u00edmica a trav\u00e9s de su efecto catal\u00edtico de alta actividad.<\/p>\n<h2><span style=\"font-size: 14pt;\">Control de calidad<\/span><\/h2>\n<p><span style=\"color: #0000ff;\"><a style=\"color: #0000ff;\" href=\"https:\/\/vimaterial.de\/en\/quality-control\/\">El control de calidad<\/a><\/span> de cada lote de productos se lleva a cabo a lo largo de todo el proceso de adquisici\u00f3n de materias primas, producci\u00f3n y procesamiento, pruebas e inspecci\u00f3n y embalaje, siguiendo estrictamente los est\u00e1ndares internacionales y las normas de la industria. Contamos con equipos de prueba avanzados, equipo profesional de control de calidad y un estricto sistema de control de calidad para garantizar la calidad del producto. <\/p>\n<h2><span style=\"font-size: 14pt;\">Embalaje y almacenamiento<\/span><\/h2>\n<p>Los polvos de fluoruro de cobalto (III) se envasan en bolsas de doble vac\u00edo o botellas de doble vac\u00edo con cajas de cart\u00f3n exteriores.<\/p>\n<p>Los polvos de cobalto (III) fluoruro deben almacenarse en un ambiente seco, fresco y bien ventilado, protegidos de la luz, sellados y lejos de materiales inflamables, agentes reductores, agua y humedad, y de acuerdo con los requisitos de almacenamiento para productos qu\u00edmicos peligrosos.<\/p>\n","protected":false},"excerpt":{"rendered":"<p><span style=\"color: #0000ff;\"><a style=\"color: #0000ff;\" href=\"https:\/\/vimaterial.de\/en\/product\/cobaltii-fluoride\/\">El polvo de fluoruro de cobalto (III)<\/a><\/span> es un polvo compuesto que contiene cobalto y fl\u00faor, generalmente de color verde o marr\u00f3n, con fuertes propiedades oxidantes, alta actividad qu\u00edmica y aplicaciones potenciales en reacciones de fluoraci\u00f3n, desarrollo de materiales de bater\u00edas y algunas s\u00edntesis org\u00e1nicas.<\/p>\n","protected":false},"featured_media":1002227,"comment_status":"open","ping_status":"closed","template":"","meta":{"_acf_changed":false},"product_brand":[],"product_cat":[182],"product_tag":[],"class_list":{"0":"post-1014566","1":"product","2":"type-product","3":"status-publish","4":"has-post-thumbnail","6":"product_cat-materiales-halogenados","8":"first","9":"instock","10":"shipping-taxable","11":"purchasable","12":"product-type-variable"},"acf":[],"_links":{"self":[{"href":"https:\/\/vimaterial.de\/es\/wp-json\/wp\/v2\/product\/1014566","targetHints":{"allow":["GET"]}}],"collection":[{"href":"https:\/\/vimaterial.de\/es\/wp-json\/wp\/v2\/product"}],"about":[{"href":"https:\/\/vimaterial.de\/es\/wp-json\/wp\/v2\/types\/product"}],"replies":[{"embeddable":true,"href":"https:\/\/vimaterial.de\/es\/wp-json\/wp\/v2\/comments?post=1014566"}],"wp:featuredmedia":[{"embeddable":true,"href":"https:\/\/vimaterial.de\/es\/wp-json\/wp\/v2\/media\/1002227"}],"wp:attachment":[{"href":"https:\/\/vimaterial.de\/es\/wp-json\/wp\/v2\/media?parent=1014566"}],"wp:term":[{"taxonomy":"product_brand","embeddable":true,"href":"https:\/\/vimaterial.de\/es\/wp-json\/wp\/v2\/product_brand?post=1014566"},{"taxonomy":"product_cat","embeddable":true,"href":"https:\/\/vimaterial.de\/es\/wp-json\/wp\/v2\/product_cat?post=1014566"},{"taxonomy":"product_tag","embeddable":true,"href":"https:\/\/vimaterial.de\/es\/wp-json\/wp\/v2\/product_tag?post=1014566"}],"curies":[{"name":"wp","href":"https:\/\/api.w.org\/{rel}","templated":true}]}}