{"id":1014556,"date":"2024-06-17T14:46:29","date_gmt":"2024-06-17T06:46:29","guid":{"rendered":"https:\/\/vimaterial.de\/product\/aleacion-de-cobalto-hierro-3\/"},"modified":"2025-04-16T11:27:46","modified_gmt":"2025-04-16T03:27:46","slug":"aleacion-de-cobalto-hierro-3","status":"publish","type":"product","link":"https:\/\/vimaterial.de\/es\/product\/aleacion-de-cobalto-hierro-3\/","title":{"rendered":"Aleaci\u00f3n de cobalto-hierro"},"content":{"rendered":"<p>El polvo de <span style=\"color: #0000ff;\"><a style=\"color: #0000ff;\" href=\"https:\/\/vimaterial.de\/en\/product\/cobalt-iron-alloy-3\/\">aleaci\u00f3n de cobalto-hierro<\/a><\/span> es una aleaci\u00f3n de cobalto y hierro, principalmente de color gris plateado, con buenas propiedades magn\u00e9ticas, alta resistencia y resistencia a la corrosi\u00f3n, que desempe\u00f1a un papel importante en el campo de los materiales magn\u00e9ticos, aeroespacial, fabricaci\u00f3n de maquinaria, etc.<\/p>\n<p>VIAMTERIAL suministra polvo de aleaci\u00f3n de cobalto-hierro, nuestros polvos tienen alta pureza, tama\u00f1o de part\u00edcula uniforme, buena fluidez, buena compactaci\u00f3n, propiedades qu\u00edmicas estables, etc. Tambi\u00e9n admitimos el empaquetado y los pedidos de lotes peque\u00f1os. Contamos con un equipo profesional de investigaci\u00f3n y desarrollo t\u00e9cnico, aceptamos la personalizaci\u00f3n y experimentaci\u00f3n del producto, <span style=\"color: #0000ff;\"><a style=\"color: #0000ff;\" href=\"https:\/\/vimaterial.de\/en\/contact-us\/\">cont\u00e1ctenos.<\/a><\/span>  <\/p>\n<h2><span style=\"font-size: 14pt;\">Propiedades f\u00edsicas<\/span><\/h2>\n<p>F\u00f3rmula molecular: CoFe<\/p>\n<p>Peso molecular: alrededor de 57.39<\/p>\n<p>Aspecto: Polvo gris plateado<\/p>\n<p>Densidad: alrededor de 7,7 &#8211; 8,3 g\/cm\u00b3.<\/p>\n<p>Punto de fusi\u00f3n: alrededor de 1495 &#8211; 1538 \u00b0C<\/p>\n<p>Estructura cristalina: c\u00fabica centrada en la cara (FCC)<\/p>\n<h2><span style=\"font-size: 14pt;\">Aplicaciones<\/span><\/h2>\n<p>Materiales magn\u00e9ticos: utilizados en la fabricaci\u00f3n de materiales magn\u00e9ticos de alto rendimiento, con sus excelentes propiedades magn\u00e9ticas, se pueden utilizar para hacer una alta permeabilidad, alta resistencia de magnetizaci\u00f3n de saturaci\u00f3n del n\u00facleo, utilizada en transformadores, inductores y otros componentes electr\u00f3nicos, para mejorar la eficiencia de la conversi\u00f3n electromagn\u00e9tica.<\/p>\n<p>Aeroespacial: En la fabricaci\u00f3n de componentes aeroespaciales, los polvos de aleaci\u00f3n de cobalto-hierro se pueden convertir en piezas de alta resistencia, resistencia al desgaste y resistencia a la corrosi\u00f3n a trav\u00e9s de la pulvimetalurgia y otros procesos, para cumplir con los estrictos requisitos de rendimiento de materiales en \u00e1reas clave como motores de aviones y trenes de aterrizaje.<\/p>\n<p>Campo de fabricaci\u00f3n mec\u00e1nica: como materias primas de aleaci\u00f3n, utilizadas en la fabricaci\u00f3n de piezas mec\u00e1nicas, su buena resistencia y tenacidad pueden hacer que los engranajes, cojinetes y otros componentes con mejor capacidad de carga y vida \u00fatil, mejoren la confiabilidad de los sistemas mec\u00e1nicos.<\/p>\n<h2><span style=\"font-size: 14pt;\">Control de calidad<\/span><\/h2>\n<p><span style=\"color: #0000ff;\"><a style=\"color: #0000ff;\" href=\"https:\/\/vimaterial.de\/en\/quality-control\/\">El control de calidad<\/a><\/span> de cada lote de productos se lleva a cabo a lo largo de todo el proceso de adquisici\u00f3n de materias primas, producci\u00f3n y procesamiento, pruebas e inspecci\u00f3n y embalaje, siguiendo estrictamente los est\u00e1ndares internacionales y las normas de la industria. Contamos con equipos de prueba avanzados, equipo profesional de control de calidad y un estricto sistema de control de calidad para garantizar la calidad del producto. <\/p>\n<h2><span style=\"font-size: 14pt;\">Embalaje y almacenamiento<\/span><\/h2>\n<p>El polvo de aleaci\u00f3n de cobalto-hierro se envasa en una bolsa de vac\u00edo de doble capa o en una botella de vac\u00edo de doble capa con cart\u00f3n exterior.<\/p>\n<p>Cobalto: el polvo de aleaci\u00f3n de hierro debe almacenarse en un ambiente seco, fresco y bien ventilado, sellado para evitar la humedad y la oxidaci\u00f3n, y debe mantenerse alejado de sustancias corrosivas como \u00e1cidos, \u00e1lcalis, fuentes de ignici\u00f3n y agentes oxidantes fuertes, y colocarse de acuerdo con las especificaciones de almacenamiento qu\u00edmico.<\/p>\n","protected":false},"excerpt":{"rendered":"<p>El polvo de <span style=\"color: #0000ff;\"><a style=\"color: #0000ff;\" href=\"https:\/\/vimaterial.de\/en\/product\/cobalt-iron-alloy-3\/\">aleaci\u00f3n de cobalto-hierro<\/a><\/span> es una aleaci\u00f3n de cobalto y hierro, principalmente de color gris plateado, con buenas propiedades magn\u00e9ticas, alta resistencia y resistencia a la corrosi\u00f3n, que desempe\u00f1a un papel importante en el campo de los materiales magn\u00e9ticos, aeroespacial, fabricaci\u00f3n de maquinaria, etc.<\/p>\n","protected":false},"featured_media":1002236,"comment_status":"open","ping_status":"closed","template":"","meta":{"_acf_changed":false},"product_brand":[],"product_cat":[193],"product_tag":[],"class_list":{"0":"post-1014556","1":"product","2":"type-product","3":"status-publish","4":"has-post-thumbnail","6":"product_cat-polvo-de-aleaciones-y-metales-puros","8":"first","9":"instock","10":"shipping-taxable","11":"product-type-variable"},"acf":[],"_links":{"self":[{"href":"https:\/\/vimaterial.de\/es\/wp-json\/wp\/v2\/product\/1014556","targetHints":{"allow":["GET"]}}],"collection":[{"href":"https:\/\/vimaterial.de\/es\/wp-json\/wp\/v2\/product"}],"about":[{"href":"https:\/\/vimaterial.de\/es\/wp-json\/wp\/v2\/types\/product"}],"replies":[{"embeddable":true,"href":"https:\/\/vimaterial.de\/es\/wp-json\/wp\/v2\/comments?post=1014556"}],"wp:featuredmedia":[{"embeddable":true,"href":"https:\/\/vimaterial.de\/es\/wp-json\/wp\/v2\/media\/1002236"}],"wp:attachment":[{"href":"https:\/\/vimaterial.de\/es\/wp-json\/wp\/v2\/media?parent=1014556"}],"wp:term":[{"taxonomy":"product_brand","embeddable":true,"href":"https:\/\/vimaterial.de\/es\/wp-json\/wp\/v2\/product_brand?post=1014556"},{"taxonomy":"product_cat","embeddable":true,"href":"https:\/\/vimaterial.de\/es\/wp-json\/wp\/v2\/product_cat?post=1014556"},{"taxonomy":"product_tag","embeddable":true,"href":"https:\/\/vimaterial.de\/es\/wp-json\/wp\/v2\/product_tag?post=1014556"}],"curies":[{"name":"wp","href":"https:\/\/api.w.org\/{rel}","templated":true}]}}