{"id":1014546,"date":"2024-06-17T14:46:29","date_gmt":"2024-06-17T06:46:29","guid":{"rendered":"https:\/\/vimaterial.de\/product\/aleacion-de-cobalto-hierro-2\/"},"modified":"2025-04-16T11:38:19","modified_gmt":"2025-04-16T03:38:19","slug":"aleacion-de-cobalto-hierro-2","status":"publish","type":"product","link":"https:\/\/vimaterial.de\/es\/product\/aleacion-de-cobalto-hierro-2\/","title":{"rendered":"Aleaci\u00f3n de cobalto-hierro"},"content":{"rendered":"<p>Las part\u00edculas de <span style=\"color: #0000ff;\"><a style=\"color: #0000ff;\" href=\"https:\/\/vimaterial.de\/en\/product\/cobalt-iron-alloy-3\/\">aleaci\u00f3n de cobalto-hierro<\/a><\/span> son un tipo de part\u00edculas de aleaci\u00f3n compuestas por dos elementos met\u00e1licos, cobalto y hierro, con propiedades f\u00edsicas, qu\u00edmicas y magn\u00e9ticas \u00fanicas, tiene una amplia gama de aplicaciones en materiales magn\u00e9ticos, dispositivos electr\u00f3nicos, catalizadores y otros campos.<\/p>\n<p>VIMATERIAL proporciona part\u00edculas de mon\u00f3xido de cobalto, nuestras part\u00edculas son uniformes y estables en composici\u00f3n, alta pureza, fuerte dureza, tama\u00f1o de part\u00edcula controlable, etc. Y podemos aceptar productos y experimentos personalizados, contamos con un equipo profesional de investigaci\u00f3n y desarrollo t\u00e9cnico, <span style=\"color: #0000ff;\"><a style=\"color: #0000ff;\" href=\"https:\/\/vimaterial.de\/en\/contact-us\/\">cont\u00e1ctenos.<\/a><\/span> <\/p>\n<h2><span style=\"font-size: 14pt;\">Propiedades f\u00edsicas<\/span><\/h2>\n<p>F\u00f3rmula molecular: CoFe<\/p>\n<p>Aspecto: Generalmente part\u00edculas polvorientas grises o negras con brillo met\u00e1lico.<\/p>\n<p>Densidad: generalmente alrededor de 7,7-8,3 g\/cm\u00b3.<\/p>\n<p>Punto de fusi\u00f3n: aproximadamente entre 1400 \u00b0C y 1500 \u00b0C.<\/p>\n<p>Punto de ebullici\u00f3n: generalmente alrededor de 3000 \u00b0C<\/p>\n<p>Estructura cristalina: Principalmente c\u00fabica centrada en la cara (FCC) y c\u00fabica centrada en el cuerpo (BCC).<\/p>\n<h2><span style=\"font-size: 14pt;\">Aplicaciones<\/span><\/h2>\n<p>Campo de material magn\u00e9tico: las part\u00edculas de aleaci\u00f3n de cobalto-hierro tienen una alta resistencia a la magnetizaci\u00f3n de saturaci\u00f3n y buena permeabilidad magn\u00e9tica, que se pueden utilizar para fabricar imanes permanentes de alto rendimiento y materiales magn\u00e9ticos blandos, como motores el\u00e9ctricos, transformadores y otros equipos el\u00e9ctricos, que pueden mejorar efectivamente el rendimiento y la eficiencia del equipo.<\/p>\n<p>Campo del dispositivo electr\u00f3nico: debido a su buena conductividad y propiedades de blindaje electromagn\u00e9tico, se puede utilizar para preparar materiales de electrodos y materiales de blindaje electromagn\u00e9tico para componentes electr\u00f3nicos, para garantizar el funcionamiento normal y la estabilidad de los equipos electr\u00f3nicos y reducir la interferencia electromagn\u00e9tica.<\/p>\n<p>Campo catalizador: con propiedades superficiales y actividad catal\u00edtica \u00fanicas, se puede utilizar como catalizador en una variedad de reacciones qu\u00edmicas, como en la reacci\u00f3n de s\u00edntesis de Fischer-Tropsch, que puede promover eficazmente la conversi\u00f3n de mon\u00f3xido de carbono e hidr\u00f3geno en combustibles de hidrocarburos l\u00edquidos para mejorar la eficiencia de la reacci\u00f3n y la selectividad del producto.<\/p>\n<p>Campo biom\u00e9dico: con buena biocompatibilidad y ciertas propiedades magn\u00e9ticas, se puede utilizar para preparar materiales biom\u00e9dicos, como portadores de f\u00e1rmacos y agentes de contraste para im\u00e1genes de resonancia magn\u00e9tica (IRM), para lograr la administraci\u00f3n dirigida de f\u00e1rmacos y un diagn\u00f3stico preciso de enfermedades.<\/p>\n<h2><span style=\"font-size: 14pt;\">Control de calidad<\/span><\/h2>\n<p><span style=\"color: #0000ff;\"><a style=\"color: #0000ff;\" href=\"https:\/\/vimaterial.de\/en\/quality-control\/\">Cada lote<\/a><\/span> de productos protege estrictamente la calidad, desde la selecci\u00f3n de proveedores de materias primas, hasta el uso de equipos de prueba avanzados para monitorear con precisi\u00f3n todo el proceso de producci\u00f3n, hasta el producto terminado a trav\u00e9s de muchas rondas de muestreo severo y certificaci\u00f3n autorizada de terceros, hasta un sistema de control de calidad integral de tolerancia cero para garantizar que cada lote de productos cumpla y supere los altos est\u00e1ndares de la industria,  para proporcionar a nuestros clientes la mejor calidad y los productos m\u00e1s estables.<\/p>\n<h2><span style=\"font-size: 14pt;\">Embalaje y almacenamiento<\/span><\/h2>\n<p>Los pellets de aleaci\u00f3n de cobalto-hierro se envasan en bolsas de vac\u00edo o botellas de vac\u00edo en cajas de cart\u00f3n exteriores.<\/p>\n<p>Los gr\u00e1nulos de aleaci\u00f3n de cobalto-hierro deben almacenarse en recipientes secos, frescos, bien ventilados y herm\u00e9ticamente cerrados, protegidos de la humedad, la oxidaci\u00f3n y otros productos qu\u00edmicos, y lejos de fuentes de ignici\u00f3n y calor.<\/p>\n","protected":false},"excerpt":{"rendered":"<p>Las part\u00edculas de <span style=\"color: #0000ff;\"><a style=\"color: #0000ff;\" href=\"https:\/\/vimaterial.de\/en\/product\/cobalt-iron-alloy-3\/\">aleaci\u00f3n de cobalto-hierro<\/a><\/span> son un tipo de part\u00edculas de aleaci\u00f3n compuestas por dos elementos met\u00e1licos, cobalto y hierro, con propiedades f\u00edsicas, qu\u00edmicas y magn\u00e9ticas \u00fanicas, tiene una amplia gama de aplicaciones en materiales magn\u00e9ticos, dispositivos electr\u00f3nicos, catalizadores y otros campos.<\/p>\n","protected":false},"featured_media":1030097,"comment_status":"open","ping_status":"closed","template":"","meta":{"_acf_changed":false},"product_brand":[],"product_cat":[179],"product_tag":[],"class_list":{"0":"post-1014546","1":"product","2":"type-product","3":"status-publish","4":"has-post-thumbnail","6":"product_cat-materiales-de-evaporacion","8":"first","9":"instock","10":"shipping-taxable","11":"product-type-variable"},"acf":[],"_links":{"self":[{"href":"https:\/\/vimaterial.de\/es\/wp-json\/wp\/v2\/product\/1014546","targetHints":{"allow":["GET"]}}],"collection":[{"href":"https:\/\/vimaterial.de\/es\/wp-json\/wp\/v2\/product"}],"about":[{"href":"https:\/\/vimaterial.de\/es\/wp-json\/wp\/v2\/types\/product"}],"replies":[{"embeddable":true,"href":"https:\/\/vimaterial.de\/es\/wp-json\/wp\/v2\/comments?post=1014546"}],"wp:featuredmedia":[{"embeddable":true,"href":"https:\/\/vimaterial.de\/es\/wp-json\/wp\/v2\/media\/1030097"}],"wp:attachment":[{"href":"https:\/\/vimaterial.de\/es\/wp-json\/wp\/v2\/media?parent=1014546"}],"wp:term":[{"taxonomy":"product_brand","embeddable":true,"href":"https:\/\/vimaterial.de\/es\/wp-json\/wp\/v2\/product_brand?post=1014546"},{"taxonomy":"product_cat","embeddable":true,"href":"https:\/\/vimaterial.de\/es\/wp-json\/wp\/v2\/product_cat?post=1014546"},{"taxonomy":"product_tag","embeddable":true,"href":"https:\/\/vimaterial.de\/es\/wp-json\/wp\/v2\/product_tag?post=1014546"}],"curies":[{"name":"wp","href":"https:\/\/api.w.org\/{rel}","templated":true}]}}