{"id":1014520,"date":"2024-06-17T14:46:29","date_gmt":"2024-06-17T06:46:29","guid":{"rendered":"https:\/\/vimaterial.de\/product\/aleacion-de-cobalto-hierro\/"},"modified":"2025-04-16T11:26:00","modified_gmt":"2025-04-16T03:26:00","slug":"aleacion-de-cobalto-hierro","status":"publish","type":"product","link":"https:\/\/vimaterial.de\/es\/product\/aleacion-de-cobalto-hierro\/","title":{"rendered":"Aleaci\u00f3n de cobalto-hierro"},"content":{"rendered":"<p>El objetivo de <span style=\"color: #000000;\">pu ttering<\/span>de la <span style=\"color: #0000ff;\"><a style=\"color: #0000ff;\" href=\"https:\/\/vimaterial.de\/en\/product\/cobalt-iron-alloy\/\">aleaci\u00f3n de cobalto-hierro <span style=\"color: #000000;\"><\/span><\/a> es un tipo de material de aleaci\u00f3n compuesto de cobalto y hierro, la apariencia es brillo met\u00e1lico, el color es principalmente gris plateado, con buenas propiedades magn\u00e9ticas suaves, alta permeabilidad magn\u00e9tica y resistencia mec\u00e1nica, utilizada principalmente en el proceso de recubrimiento por pulverizaci\u00f3n cat\u00f3dica, se puede utilizar para la deposici\u00f3n de una pel\u00edcula delgada magn\u00e9tica de alto rendimiento en el sustrato adecuado para el campo de la electr\u00f3nica,  almacenamiento magn\u00e9tico, sensores, etc.<\/span><\/p>\n<p>VIMATERIAL ofrece una amplia gama de objetivos de pulverizaci\u00f3n cat\u00f3dica de aleaci\u00f3n de cobalto-hierro. Nuestros objetivos de pulverizaci\u00f3n cat\u00f3dica de aleaci\u00f3n de cobalto-hierro se caracterizan por una excelente homogeneidad composicional, una pureza ultra alta y una excelente estabilidad de pulverizaci\u00f3n cat\u00f3dica, y tambi\u00e9n podemos proporcionar servicios de uni\u00f3n de objetivos. Contamos con un equipo profesional del R&amp;D y podemos aceptar la personalizaci\u00f3n y los experimentos, por favor <span style=\"color: #0000ff;\"><a style=\"color: #0000ff;\" href=\"https:\/\/vimaterial.de\/en\/contact-us\/\">cont\u00e1ctenos.<\/a><\/span>  <\/p>\n<h2><span style=\"font-size: 14pt;\">Propiedades f\u00edsicas<\/span><\/h2>\n<p>F\u00f3rmula molecular: CoFe<\/p>\n<p>Aspecto: Gris plateado, material objetivo de brillo met\u00e1lico.<\/p>\n<p>Densidad: alrededor de 7,7 &#8211; 8,2 g\/cm\u00b3, seg\u00fan el cambio de proporci\u00f3n.<\/p>\n<p>Punto de fusi\u00f3n: entre 1495 &#8211; 1538\u00b0C, seg\u00fan la variaci\u00f3n de proporci\u00f3n<\/p>\n<p>Punto de ebullici\u00f3n: alrededor de 2870 &#8211; 3000 \u00b0 C, dependiendo de la relaci\u00f3n<\/p>\n<p>Estructura cristalina: principalmente estructura c\u00fabica centrada en la cara (fcc) y c\u00fabica centrada en el cuerpo (bcc), la estructura cristalina cambiar\u00e1 seg\u00fan la composici\u00f3n, afectando las propiedades magn\u00e9ticas blandas.<\/p>\n<h2><span style=\"font-size: 14pt;\">Aplicaciones<\/span><\/h2>\n<p>Campo de circuitos electr\u00f3nicos: se puede utilizar en circuitos electr\u00f3nicos para formar pel\u00edculas delgadas con buena conductividad el\u00e9ctrica y propiedades magn\u00e9ticas a trav\u00e9s del recubrimiento por pulverizaci\u00f3n cat\u00f3dica para optimizar las propiedades electromagn\u00e9ticas y la transmisi\u00f3n de se\u00f1ales del circuito.<\/p>\n<p>En el campo del almacenamiento magn\u00e9tico: En la fabricaci\u00f3n de medios de almacenamiento magn\u00e9ticos, las pel\u00edculas delgadas depositadas por el objetivo mejoran las propiedades magn\u00e9ticas de la unidad de almacenamiento y ayudan a lograr un almacenamiento de datos de mayor densidad y m\u00e1s estable.<\/p>\n<p>Tecnolog\u00eda de sensores: utilizadas en la producci\u00f3n de sensores, las pel\u00edculas delgadas pulverizadas pueden detectar con precisi\u00f3n cantidades f\u00edsicas y convertirlas en se\u00f1ales el\u00e9ctricas en virtud de su respuesta sensible a los cambios en el campo magn\u00e9tico.<\/p>\n<p>Electr\u00f3nica de potencia: Las pel\u00edculas delgadas se pueden depositar en dispositivos electr\u00f3nicos de potencia para mejorar la permeabilidad magn\u00e9tica y las caracter\u00edsticas de p\u00e9rdida de los dispositivos y mejorar la conversi\u00f3n de energ\u00eda y la eficiencia de transmisi\u00f3n.<\/p>\n<h2><span style=\"font-size: 14pt;\">Control de calidad<\/span><\/h2>\n<p><span style=\"color: #0000ff;\"><a style=\"color: #0000ff;\" href=\"https:\/\/vimaterial.de\/en\/quality-control\/\">Nuestros productos<\/a><\/span> se implementan con el sistema de gesti\u00f3n de calidad m\u00e1s estricto, los materiales entrantes, el proceso, la inspecci\u00f3n final, la inspecci\u00f3n de f\u00e1brica tienen estrictos est\u00e1ndares de inspecci\u00f3n, para el procesamiento no calificado utilizar\u00e1 estrictas medidas de aislamiento para evitar el flujo de productos no conformes al siguiente proceso, de acuerdo con los requisitos del cliente, proporcionar\u00e1 a los clientes muestras para que los clientes vuelvan a inspeccionar.<\/p>\n<h2><span style=\"font-size: 14pt;\">Embalaje y almacenamiento<\/span><\/h2>\n<p>Los objetivos de pulverizaci\u00f3n cat\u00f3dica de aleaci\u00f3n de cobalto-hierro se empaquetan en bolsas y cartones de vac\u00edo dobles.<\/p>\n<p>Los objetivos de pulverizaci\u00f3n cat\u00f3dica de aleaci\u00f3n de cobalto-hierro deben almacenarse en un ambiente seco y bien ventilado con una temperatura relativamente estable, evitando el contacto con \u00e1cidos, \u00e1lcalis y otras sustancias corrosivas, evitando la humedad, la oxidaci\u00f3n y la contaminaci\u00f3n con impurezas y, al mismo tiempo, evitando el impacto f\u00edsico violento y la fricci\u00f3n, para garantizar que sus propiedades magn\u00e9ticas blandas, resistencia mec\u00e1nica y otras propiedades fisicoqu\u00edmicas no se da\u00f1en.<\/p>\n","protected":false},"excerpt":{"rendered":"<p>El objetivo de <span style=\"color: #000000;\">pu ttering<\/span>de la <span style=\"color: #0000ff;\"><a style=\"color: #0000ff;\" href=\"https:\/\/vimaterial.de\/en\/product\/cobalt-iron-alloy\/\">aleaci\u00f3n de cobalto-hierro <span style=\"color: #000000;\"><\/span><\/a> es un tipo de material de aleaci\u00f3n compuesto de cobalto y hierro, la apariencia es brillo met\u00e1lico, el color es principalmente gris plateado, con buenas propiedades magn\u00e9ticas suaves, alta permeabilidad magn\u00e9tica y resistencia mec\u00e1nica, utilizada principalmente en el proceso de recubrimiento por pulverizaci\u00f3n cat\u00f3dica, se puede utilizar para la deposici\u00f3n de una pel\u00edcula delgada magn\u00e9tica de alto rendimiento en el sustrato adecuado para el campo de la electr\u00f3nica,  almacenamiento magn\u00e9tico, sensores, etc.<\/span><\/p>\n","protected":false},"featured_media":1002243,"comment_status":"open","ping_status":"closed","template":"","meta":{"_acf_changed":false},"product_brand":[],"product_cat":[178],"product_tag":[],"class_list":{"0":"post-1014520","1":"product","2":"type-product","3":"status-publish","4":"has-post-thumbnail","6":"product_cat-catodos-para-sputtering-planar","8":"first","9":"instock","10":"shipping-taxable","11":"product-type-variable"},"acf":[],"_links":{"self":[{"href":"https:\/\/vimaterial.de\/es\/wp-json\/wp\/v2\/product\/1014520","targetHints":{"allow":["GET"]}}],"collection":[{"href":"https:\/\/vimaterial.de\/es\/wp-json\/wp\/v2\/product"}],"about":[{"href":"https:\/\/vimaterial.de\/es\/wp-json\/wp\/v2\/types\/product"}],"replies":[{"embeddable":true,"href":"https:\/\/vimaterial.de\/es\/wp-json\/wp\/v2\/comments?post=1014520"}],"wp:featuredmedia":[{"embeddable":true,"href":"https:\/\/vimaterial.de\/es\/wp-json\/wp\/v2\/media\/1002243"}],"wp:attachment":[{"href":"https:\/\/vimaterial.de\/es\/wp-json\/wp\/v2\/media?parent=1014520"}],"wp:term":[{"taxonomy":"product_brand","embeddable":true,"href":"https:\/\/vimaterial.de\/es\/wp-json\/wp\/v2\/product_brand?post=1014520"},{"taxonomy":"product_cat","embeddable":true,"href":"https:\/\/vimaterial.de\/es\/wp-json\/wp\/v2\/product_cat?post=1014520"},{"taxonomy":"product_tag","embeddable":true,"href":"https:\/\/vimaterial.de\/es\/wp-json\/wp\/v2\/product_tag?post=1014520"}],"curies":[{"name":"wp","href":"https:\/\/api.w.org\/{rel}","templated":true}]}}