{"id":1014508,"date":"2024-06-17T14:46:33","date_gmt":"2024-06-17T06:46:33","guid":{"rendered":"https:\/\/vimaterial.de\/product\/cobalto-hierro-boro\/"},"modified":"2025-04-16T11:22:35","modified_gmt":"2025-04-16T03:22:35","slug":"cobalto-hierro-boro","status":"publish","type":"product","link":"https:\/\/vimaterial.de\/es\/product\/cobalto-hierro-boro\/","title":{"rendered":"Cobalto Hierro Boro"},"content":{"rendered":"<p>El objetivo de pulverizaci\u00f3n cat\u00f3dica de <span style=\"color: #0000ff;\"><a style=\"color: #0000ff;\" href=\"https:\/\/vimaterial.de\/es\/product\/aleacion-de-cobalto-hierro\/\">cobalto, hierro<\/a><\/span> y boro es una aleaci\u00f3n de cobalto, hierro y boro con apariencia met\u00e1lica y color gris plateado. Tiene buenas propiedades magn\u00e9ticas blandas, alta permeabilidad y resistencia a la magnetizaci\u00f3n de saturaci\u00f3n, y se utiliza principalmente en el proceso de recubrimiento por pulverizaci\u00f3n cat\u00f3dica, que es capaz de depositar pel\u00edculas delgadas magn\u00e9ticas de alto rendimiento en el sustrato adecuado para electr\u00f3nica, almacenamiento magn\u00e9tico y otros campos. <\/p>\n<p>VIMATERIAL ofrece objetivos de pulverizaci\u00f3n cat\u00f3dica de cobalto, hierro y boro. Nuestros blancos de pulverizaci\u00f3n cat\u00f3dica de cobalto, hierro y boro se caracterizan por una excelente homogeneidad composicional, una pureza ultra alta y una excelente estabilidad al pulverizaci\u00f3n cat\u00f3dica, y tambi\u00e9n podemos proporcionar servicios de uni\u00f3n de objetivos. Contamos con un equipo profesional del R&amp;D y podemos aceptar la personalizaci\u00f3n y los experimentos, por favor <span style=\"color: #0000ff;\"><a style=\"color: #0000ff;\" href=\"https:\/\/vimaterial.de\/es\/contacto\/\">cont\u00e1ctenos.<\/a><\/span>  <\/p>\n<h2><span style=\"font-size: 14pt;\">Propiedades f\u00edsicas<\/span><\/h2>\n<p>F\u00f3rmula molecular: CoFeB<\/p>\n<p>Peso molecular: alrededor de 135.943<\/p>\n<p>Aspecto: blanco de brillo met\u00e1lico gris plateado<\/p>\n<p>Densidad: aprox. 0,986 g\/cm\u00b3.<\/p>\n<h2><span style=\"font-size: 14pt;\">Aplicaciones<\/span><\/h2>\n<p>Campo de semiconductores: se utiliza en la fabricaci\u00f3n de chips semiconductores, producci\u00f3n de obleas, capas conductoras, capas de barrera y puertas met\u00e1licas.<\/p>\n<p>Campo de grabaci\u00f3n magn\u00e9tica: como objetivo de grabaci\u00f3n magn\u00e9tica, se puede utilizar en la fabricaci\u00f3n de discos \u00f3pticos, discos duros mec\u00e1nicos y otros medios de almacenamiento, con el fin de lograr una alta densidad de almacenamiento, alta velocidad de transmisi\u00f3n y una alta vida \u00fatil del almacenamiento de datos.<\/p>\n<p>Dispositivos electr\u00f3nicos: Se puede utilizar para preparar pel\u00edculas magn\u00e9ticas para diversos dispositivos electr\u00f3nicos, como sensores magn\u00e9ticos, cabezales magn\u00e9ticos, n\u00facleos de transformadores y anillos magn\u00e9ticos, etc., y sus propiedades magn\u00e9ticas blandas se pueden utilizar para lograr funciones de conversi\u00f3n, transmisi\u00f3n y almacenamiento de se\u00f1ales.<\/p>\n<p>Campo de visualizaci\u00f3n: En la industria de pantallas planas, se puede utilizar para fabricar pel\u00edculas con propiedades espec\u00edficas, como pel\u00edculas conductoras transparentes, pel\u00edculas de electrodos, etc., lo que ayuda a mejorar el rendimiento y la calidad del dispositivo de visualizaci\u00f3n.<\/p>\n<p>Campo fotovoltaico: aplicado a la bater\u00eda fotovoltaica de pel\u00edcula delgada, puede formar una capa de barrera, una capa conductora y una capa conductora transparente, etc., para mejorar el rendimiento y la eficiencia de la bater\u00eda.<\/p>\n<h2><span style=\"font-size: 14pt;\">Control de calidad<\/span><\/h2>\n<p><span style=\"color: #0000ff;\"><a style=\"color: #0000ff;\" href=\"https:\/\/vimaterial.de\/es\/control-de-calidad\/\">Nuestros productos<\/a><\/span> se implementan con el sistema de gesti\u00f3n de calidad m\u00e1s estricto, los materiales entrantes, el proceso, la inspecci\u00f3n final, la inspecci\u00f3n de f\u00e1brica tienen estrictos est\u00e1ndares de inspecci\u00f3n, para el procesamiento no calificado utilizar\u00e1 estrictas medidas de aislamiento para evitar el flujo de productos no conformes al siguiente proceso, de acuerdo con los requisitos del cliente, proporcionar\u00e1 a los clientes muestras para que los clientes vuelvan a inspeccionar.<\/p>\n<h2><span style=\"font-size: 14pt;\">Embalaje y almacenamiento<\/span><\/h2>\n<p>Los objetivos de pulverizaci\u00f3n cat\u00f3dica de cobalto, hierro y boro se empaquetan en bolsas de vac\u00edo dobles y cartones.<\/p>\n<p>Los objetivos de pulverizaci\u00f3n cat\u00f3dica de cobalto, hierro y boro deben almacenarse en un ambiente seco y bien ventilado con una temperatura estable y sin fuertes interferencias de campos magn\u00e9ticos, evitando el contacto con sustancias corrosivas, evitando la humedad, la oxidaci\u00f3n y la contaminaci\u00f3n con impurezas y, al mismo tiempo, evitando colisiones violentas y fuertes presiones para evitar que sus propiedades f\u00edsicas y qu\u00edmicas se da\u00f1en.<\/p>\n","protected":false},"excerpt":{"rendered":"<p>El objetivo de pulverizaci\u00f3n cat\u00f3dica de <span style=\"color: #0000ff;\"><a style=\"color: #0000ff;\" href=\"https:\/\/vimaterial.de\/es\/product\/aleacion-de-cobalto-hierro\/\">cobalto, hierro<\/a><\/span> y boro es una aleaci\u00f3n de cobalto, hierro y boro con apariencia met\u00e1lica y color gris plateado. Tiene buenas propiedades magn\u00e9ticas blandas, alta permeabilidad y resistencia a la magnetizaci\u00f3n de saturaci\u00f3n, y se utiliza principalmente en el proceso de recubrimiento por pulverizaci\u00f3n cat\u00f3dica, que es capaz de depositar pel\u00edculas delgadas magn\u00e9ticas de alto rendimiento en el sustrato adecuado para electr\u00f3nica, almacenamiento magn\u00e9tico y otros campos. <\/p>\n","protected":false},"featured_media":1002262,"comment_status":"open","ping_status":"closed","template":"","meta":{"_acf_changed":false},"product_brand":[],"product_cat":[178],"product_tag":[],"class_list":{"0":"post-1014508","1":"product","2":"type-product","3":"status-publish","4":"has-post-thumbnail","6":"product_cat-catodos-para-sputtering-planar","8":"first","9":"instock","10":"shipping-taxable","11":"product-type-variable"},"acf":[],"_links":{"self":[{"href":"https:\/\/vimaterial.de\/es\/wp-json\/wp\/v2\/product\/1014508","targetHints":{"allow":["GET"]}}],"collection":[{"href":"https:\/\/vimaterial.de\/es\/wp-json\/wp\/v2\/product"}],"about":[{"href":"https:\/\/vimaterial.de\/es\/wp-json\/wp\/v2\/types\/product"}],"replies":[{"embeddable":true,"href":"https:\/\/vimaterial.de\/es\/wp-json\/wp\/v2\/comments?post=1014508"}],"wp:featuredmedia":[{"embeddable":true,"href":"https:\/\/vimaterial.de\/es\/wp-json\/wp\/v2\/media\/1002262"}],"wp:attachment":[{"href":"https:\/\/vimaterial.de\/es\/wp-json\/wp\/v2\/media?parent=1014508"}],"wp:term":[{"taxonomy":"product_brand","embeddable":true,"href":"https:\/\/vimaterial.de\/es\/wp-json\/wp\/v2\/product_brand?post=1014508"},{"taxonomy":"product_cat","embeddable":true,"href":"https:\/\/vimaterial.de\/es\/wp-json\/wp\/v2\/product_cat?post=1014508"},{"taxonomy":"product_tag","embeddable":true,"href":"https:\/\/vimaterial.de\/es\/wp-json\/wp\/v2\/product_tag?post=1014508"}],"curies":[{"name":"wp","href":"https:\/\/api.w.org\/{rel}","templated":true}]}}