{"id":1014483,"date":"2024-06-17T14:47:39","date_gmt":"2024-06-17T06:47:39","guid":{"rendered":"https:\/\/vimaterial.de\/product\/monoxido-de-cobalto-oxido-de-cobalto-3\/"},"modified":"2025-04-16T11:20:55","modified_gmt":"2025-04-16T03:20:55","slug":"monoxido-de-cobalto-oxido-de-cobalto-3","status":"publish","type":"product","link":"https:\/\/vimaterial.de\/es\/product\/monoxido-de-cobalto-oxido-de-cobalto-3\/","title":{"rendered":"Mon\u00f3xido de cobalto (\u00f3xido de cobalto)"},"content":{"rendered":"<p>Los gr\u00e1nulos de mon\u00f3xido de cobalto son part\u00edculas de \u00f3xido met\u00e1lico negro o gris-negro con estructura de sistema de cristal c\u00fabico, que tienen aplicaciones importantes en cat\u00e1lisis, materiales magn\u00e9ticos, electrodos de bater\u00eda y otros campos.<\/p>\n<p>VIMATERIAL proporciona part\u00edculas de mon\u00f3xido de cobalto, nuestras part\u00edculas son uniformes y estables en composici\u00f3n, alta pureza, fuerte dureza, tama\u00f1o de part\u00edcula controlable, etc. Y podemos aceptar productos y experimentos personalizados, contamos con un equipo profesional de investigaci\u00f3n y desarrollo t\u00e9cnico, <span style=\"color: #0000ff;\"><a style=\"color: #0000ff;\" href=\"https:\/\/vimaterial.de\/en\/contact-us\/\">cont\u00e1ctenos.<\/a><\/span> <\/p>\n<h2><span style=\"font-size: 14pt;\">Propiedades f\u00edsicas<\/span><\/h2>\n<p>F\u00f3rmula molecular: CoO<\/p>\n<p>Peso molecular: 74.93<\/p>\n<p>Aspecto: generalmente gr\u00e1nulos polvorientos de color verde gris\u00e1ceo<\/p>\n<p>Densidad: aprox. 6,45 g\/cm\u00b3.<\/p>\n<p>Punto de fusi\u00f3n: alrededor de 1935 \u00b0C<\/p>\n<p>Estructura cristalina: pertenece al sistema cristalino c\u00fabico, los iones de cobalto y los iones de ox\u00edgeno en el cristal est\u00e1n dispuestos de manera espec\u00edfica para formar una estructura de red cristalina estable.<\/p>\n<h2><span style=\"font-size: 14pt;\"><strong>Aplicaciones<\/strong><\/span><\/h2>\n<p>Materiales magn\u00e9ticos: Las part\u00edculas de CoO se pueden utilizar para la preparaci\u00f3n de materiales magn\u00e9ticos permanentes de alto rendimiento y medios de grabaci\u00f3n magn\u00e9ticos debido a sus propiedades magn\u00e9ticas \u00fanicas.<\/p>\n<p>Cat\u00e1lisis: Las part\u00edculas de CoO se utilizan a menudo como catalizadores o portadores de catalizadores en una variedad de reacciones qu\u00edmicas, como la purificaci\u00f3n de los gases de escape de los autom\u00f3viles, que pueden mejorar eficazmente la eficiencia de la reacci\u00f3n.<\/p>\n<p>Campo cer\u00e1mico: Se puede utilizar como aditivo en la producci\u00f3n de cer\u00e1mica para mejorar las propiedades el\u00e9ctricas y magn\u00e9ticas de la cer\u00e1mica y mejorar la calidad de la cer\u00e1mica.<\/p>\n<p>Campo de la bater\u00eda: se utilizan como materiales de electrodos o aditivos en bater\u00edas de iones de litio, etc., lo que ayuda a mejorar el rendimiento de carga y descarga y la estabilidad del ciclo de la bater\u00eda.<\/p>\n<p>Campo del sensor: Utilizando su reacci\u00f3n especial a ciertos gases o sustancias, se puede utilizar para preparar sensores de gas, etc. para lograr la detecci\u00f3n de sustancias espec\u00edficas.<\/p>\n<h2><span style=\"font-size: 14pt;\">Control de calidad<\/span><\/h2>\n<p><span style=\"color: #0000ff;\"><a style=\"color: #0000ff;\" href=\"https:\/\/vimaterial.de\/en\/quality-control\/\">Cada lote<\/a><\/span> de productos protege estrictamente la calidad, desde la selecci\u00f3n de proveedores de materias primas, hasta el uso de equipos de prueba avanzados para monitorear con precisi\u00f3n todo el proceso de producci\u00f3n, hasta el producto terminado a trav\u00e9s de muchas rondas de muestreo severo y certificaci\u00f3n autorizada de terceros, hasta un sistema de control de calidad integral de tolerancia cero para garantizar que cada lote de productos cumpla y supere los altos est\u00e1ndares de la industria,  para proporcionar a nuestros clientes la mejor calidad y los productos m\u00e1s estables.<\/p>\n<h2><span style=\"font-size: 14pt;\">Embalaje y almacenamiento<\/span><\/h2>\n<p>Los gr\u00e1nulos de mon\u00f3xido de cobalto se envasan en bolsas de vac\u00edo o botellas de vac\u00edo en cajas de cart\u00f3n exteriores.<\/p>\n<p>Los pellets de mon\u00f3xido de cobalto deben almacenarse en un ambiente seco, fresco y bien ventilado, lejos del fuego y de materiales inflamables, evitando la humedad, la oxidaci\u00f3n y el contacto con \u00e1cidos, \u00e1lcalis y otras sustancias corrosivas.<\/p>\n","protected":false},"excerpt":{"rendered":"<p>Los gr\u00e1nulos de mon\u00f3xido de cobalto son part\u00edculas de \u00f3xido met\u00e1lico negro o gris-negro con estructura de sistema de cristal c\u00fabico, que tienen aplicaciones importantes en cat\u00e1lisis, materiales magn\u00e9ticos, electrodos de bater\u00eda y otros campos.<\/p>\n","protected":false},"featured_media":1002274,"comment_status":"open","ping_status":"closed","template":"","meta":{"_acf_changed":false},"product_brand":[],"product_cat":[179],"product_tag":[],"class_list":{"0":"post-1014483","1":"product","2":"type-product","3":"status-publish","4":"has-post-thumbnail","6":"product_cat-materiales-de-evaporacion","8":"first","9":"instock","10":"shipping-taxable","11":"product-type-variable"},"acf":[],"_links":{"self":[{"href":"https:\/\/vimaterial.de\/es\/wp-json\/wp\/v2\/product\/1014483","targetHints":{"allow":["GET"]}}],"collection":[{"href":"https:\/\/vimaterial.de\/es\/wp-json\/wp\/v2\/product"}],"about":[{"href":"https:\/\/vimaterial.de\/es\/wp-json\/wp\/v2\/types\/product"}],"replies":[{"embeddable":true,"href":"https:\/\/vimaterial.de\/es\/wp-json\/wp\/v2\/comments?post=1014483"}],"wp:featuredmedia":[{"embeddable":true,"href":"https:\/\/vimaterial.de\/es\/wp-json\/wp\/v2\/media\/1002274"}],"wp:attachment":[{"href":"https:\/\/vimaterial.de\/es\/wp-json\/wp\/v2\/media?parent=1014483"}],"wp:term":[{"taxonomy":"product_brand","embeddable":true,"href":"https:\/\/vimaterial.de\/es\/wp-json\/wp\/v2\/product_brand?post=1014483"},{"taxonomy":"product_cat","embeddable":true,"href":"https:\/\/vimaterial.de\/es\/wp-json\/wp\/v2\/product_cat?post=1014483"},{"taxonomy":"product_tag","embeddable":true,"href":"https:\/\/vimaterial.de\/es\/wp-json\/wp\/v2\/product_tag?post=1014483"}],"curies":[{"name":"wp","href":"https:\/\/api.w.org\/{rel}","templated":true}]}}