{"id":1014476,"date":"2024-06-17T14:45:37","date_gmt":"2024-06-17T06:45:37","guid":{"rendered":"https:\/\/vimaterial.de\/product\/nitruro-de-cobalto\/"},"modified":"2025-04-16T13:41:58","modified_gmt":"2025-04-16T05:41:58","slug":"nitruro-de-cobalto","status":"publish","type":"product","link":"https:\/\/vimaterial.de\/es\/product\/nitruro-de-cobalto\/","title":{"rendered":"Tetr\u00f3xido de tricobalto (\u00f3xido de cobalto)"},"content":{"rendered":"<p><span style=\"color: #0000ff;\"><a style=\"color: #0000ff;\" href=\"https:\/\/vimaterial.de\/en\/product\/tricobalt-tetroxide-cobalt-oxide-3\/\">Tetr\u00f3xido de tricobalto<\/a> <\/span>El polvo es un polvo de \u00f3xido negro que consiste en cobalto elemental, que tiene buenas propiedades catal\u00edticas, electroqu\u00edmicas y magn\u00e9ticas, y desempe\u00f1a un papel importante en cat\u00e1lisis, bater\u00edas, materiales magn\u00e9ticos y muchos otros campos.<\/p>\n<p>VIAMTERIAL suministra tetr\u00f3xido de tricobalto en muchas purezas, nuestros polvos tienen las caracter\u00edsticas de alta pureza, tama\u00f1o de part\u00edcula uniforme, buena fluidez, buena compactaci\u00f3n, propiedades qu\u00edmicas estables, etc. Tambi\u00e9n admitimos el embalaje y la realizaci\u00f3n de pedidos en lotes peque\u00f1os. Contamos con un equipo profesional de investigaci\u00f3n y desarrollo t\u00e9cnico, aceptamos la personalizaci\u00f3n y experimentaci\u00f3n del producto, <span style=\"color: #0000ff;\"><a style=\"color: #0000ff;\" href=\"https:\/\/vimaterial.de\/en\/contact-us\/\">cont\u00e1ctenos.<\/a><\/span>  <\/p>\n<h2><span style=\"font-size: 14pt;\">Propiedades f\u00edsicas<\/span><\/h2>\n<p>F\u00f3rmula molecular: Co\u2083O\u2084<\/p>\n<p>Peso molecular: alrededor de 240.798<\/p>\n<p>Aspecto: p\u00f3lvora negra<\/p>\n<p>Densidad: aprox. 6,11 g\/cm\u00b3.<\/p>\n<p>Punto de fusi\u00f3n: alrededor de 895 \u00b0C<\/p>\n<p>Punto de ebullici\u00f3n: alrededor de 3800 \u00b0C<\/p>\n<p>Estructura cristalina: Pertenece a la estructura de espinela, en la que existen iones de cobalto en dos estados de valencia diferentes (+2 y +3), y esta estructura especial le da muchas propiedades f\u00edsicas y qu\u00edmicas especiales, como una buena actividad catal\u00edtica y propiedades magn\u00e9ticas.<\/p>\n<h2><span style=\"font-size: 14pt;\">Aplicaciones<\/span><\/h2>\n<p>Campo catal\u00edtico: Debido a su alta actividad catal\u00edtica y selectividad, el polvo de tetr\u00f3xido de tricobalto se usa ampliamente en la reacci\u00f3n catal\u00edtica de la purificaci\u00f3n de gases de escape de autom\u00f3viles, que puede convertir eficazmente los gases nocivos, reducir las emisiones contaminantes y ayudar a la causa de la protecci\u00f3n del medio ambiente.<\/p>\n<p>Campo de la bater\u00eda: En los materiales de los electrodos de las bater\u00edas de iones de litio, el polvo de tetr\u00f3xido de tricobalto puede mejorar la capacidad de carga y descarga y la estabilidad del ciclo de la bater\u00eda en virtud de sus propiedades electroqu\u00edmicas \u00fanicas, proporcionando un soporte de energ\u00eda m\u00e1s duradero para varios dispositivos electr\u00f3nicos.<\/p>\n<p>Campo de detecci\u00f3n de gas: como material sensible, el polvo de Co\u2083O\u2084 tiene buenas propiedades de adsorci\u00f3n y reacci\u00f3n para ciertos gases, aplicado en sensores de gas, puede detectar de manera r\u00e1pida y precisa la concentraci\u00f3n de gases espec\u00edficos y garantizar el monitoreo de seguridad de la producci\u00f3n industrial y el entorno vital.<\/p>\n<h2><span style=\"font-size: 14pt;\">Control de calidad<\/span><\/h2>\n<p><span style=\"color: #0000ff;\"><a style=\"color: #0000ff;\" href=\"https:\/\/vimaterial.de\/en\/quality-control\/\">El control de calidad<\/a><\/span> de cada lote de productos se lleva a cabo a lo largo de todo el proceso de adquisici\u00f3n de materias primas, producci\u00f3n y procesamiento, pruebas e inspecci\u00f3n y embalaje, siguiendo estrictamente los est\u00e1ndares internacionales y las normas de la industria. Contamos con equipos de prueba avanzados, equipo profesional de control de calidad y un estricto sistema de control de calidad para garantizar la calidad del producto. <\/p>\n<h2><span style=\"font-size: 14pt;\">Embalaje y almacenamiento<\/span><\/h2>\n<p>El polvo de tetr\u00f3xido de tricobalto se empaqueta en una bolsa de vac\u00edo de doble capa o en una botella de vac\u00edo de doble capa, y el paquete exterior se empaqueta en una caja de cart\u00f3n.<\/p>\n<p>El polvo de tetr\u00f3xido de tricobalto debe almacenarse en un ambiente seco, fresco y bien ventilado, sellado y mantenido alejado de la humedad, el contacto con sustancias \u00e1cidas o alcalinas, lejos de fuentes de ignici\u00f3n y agentes oxidantes fuertes, y al mismo tiempo debe colocarse adecuadamente de acuerdo con los requisitos para el almacenamiento de polvos de \u00f3xidos.<\/p>\n","protected":false},"excerpt":{"rendered":"<p><span style=\"color: #0000ff;\"><a style=\"color: #0000ff;\" href=\"https:\/\/vimaterial.de\/en\/product\/tricobalt-tetroxide-cobalt-oxide-3\/\">Tetr\u00f3xido de tricobalto<\/a> <\/span>El polvo es un polvo de \u00f3xido negro que consiste en cobalto elemental, que tiene buenas propiedades catal\u00edticas, electroqu\u00edmicas y magn\u00e9ticas, y desempe\u00f1a un papel importante en cat\u00e1lisis, bater\u00edas, materiales magn\u00e9ticos y muchos otros campos.<\/p>\n","protected":false},"featured_media":1040687,"comment_status":"open","ping_status":"closed","template":"","meta":{"_acf_changed":false},"product_brand":[],"product_cat":[186],"product_tag":[],"class_list":{"0":"post-1014476","1":"product","2":"type-product","3":"status-publish","4":"has-post-thumbnail","6":"product_cat-materiales-de-oxido-hidroxido","8":"first","9":"instock","10":"shipping-taxable","11":"purchasable","12":"product-type-variable"},"acf":[],"_links":{"self":[{"href":"https:\/\/vimaterial.de\/es\/wp-json\/wp\/v2\/product\/1014476","targetHints":{"allow":["GET"]}}],"collection":[{"href":"https:\/\/vimaterial.de\/es\/wp-json\/wp\/v2\/product"}],"about":[{"href":"https:\/\/vimaterial.de\/es\/wp-json\/wp\/v2\/types\/product"}],"replies":[{"embeddable":true,"href":"https:\/\/vimaterial.de\/es\/wp-json\/wp\/v2\/comments?post=1014476"}],"wp:featuredmedia":[{"embeddable":true,"href":"https:\/\/vimaterial.de\/es\/wp-json\/wp\/v2\/media\/1040687"}],"wp:attachment":[{"href":"https:\/\/vimaterial.de\/es\/wp-json\/wp\/v2\/media?parent=1014476"}],"wp:term":[{"taxonomy":"product_brand","embeddable":true,"href":"https:\/\/vimaterial.de\/es\/wp-json\/wp\/v2\/product_brand?post=1014476"},{"taxonomy":"product_cat","embeddable":true,"href":"https:\/\/vimaterial.de\/es\/wp-json\/wp\/v2\/product_cat?post=1014476"},{"taxonomy":"product_tag","embeddable":true,"href":"https:\/\/vimaterial.de\/es\/wp-json\/wp\/v2\/product_tag?post=1014476"}],"curies":[{"name":"wp","href":"https:\/\/api.w.org\/{rel}","templated":true}]}}