{"id":1014415,"date":"2024-06-17T14:48:21","date_gmt":"2024-06-17T06:48:21","guid":{"rendered":"https:\/\/vimaterial.de\/product\/siliciuro-de-cobalto-2\/"},"modified":"2025-04-16T11:13:26","modified_gmt":"2025-04-16T03:13:26","slug":"siliciuro-de-cobalto-2","status":"publish","type":"product","link":"https:\/\/vimaterial.de\/es\/product\/siliciuro-de-cobalto-2\/","title":{"rendered":"Siliciuro de cobalto"},"content":{"rendered":"<p><span style=\"color: #0000ff;\"><a style=\"color: #0000ff;\" href=\"https:\/\/vimaterial.de\/en\/product\/cobalt-silicide-2\/\">El polvo de siliciuro de cobalto<\/a> <\/span>es un polvo compuesto de cobalto y silicio, de color gris o negro, con alto punto de fusi\u00f3n, buena estabilidad t\u00e9rmica, cierta conductividad el\u00e9ctrica y estabilidad qu\u00edmica, que tiene importantes aplicaciones en semiconductores, dispositivos electr\u00f3nicos, materiales de alta temperatura y otros campos.<\/p>\n<p>VIAMTERIAL suministra polvo de siliciuro de cobalto, nuestro polvo tiene alta pureza, tama\u00f1o de part\u00edcula uniforme, buena fluidez, buena compactaci\u00f3n, propiedades qu\u00edmicas estables, etc. Tambi\u00e9n admitimos el empaquetado y los pedidos de lotes peque\u00f1os. Contamos con un equipo profesional de investigaci\u00f3n y desarrollo t\u00e9cnico, aceptamos la personalizaci\u00f3n y experimentaci\u00f3n del producto, <span style=\"color: #0000ff;\"><a style=\"color: #0000ff;\" href=\"https:\/\/vimaterial.de\/en\/contact-us\/\">cont\u00e1ctenos.<\/a><\/span>  <\/p>\n<h2><span style=\"font-size: 14pt;\">Propiedades f\u00edsicas<\/span><\/h2>\n<p>F\u00f3rmula molecular: CoSi2<\/p>\n<p>Peso molecular: alrededor de 115.11<\/p>\n<p>Aspecto: Por lo general, un polvo gris o negro<\/p>\n<p>Densidad: alrededor de 5,3 &#8211; 5,4 g\/cm\u00b3.<\/p>\n<p>Punto de fusi\u00f3n: alrededor de 1277 &#8211; 1326 \u00b0C<\/p>\n<p>Estructura cristalina: Generalmente sistema cristalino c\u00fabico, en esta estructura cristalina, los \u00e1tomos de cobalto y los \u00e1tomos de silicio se distribuyen de manera ordenada de acuerdo con una disposici\u00f3n espacial espec\u00edfica, y esta estructura contribuye a la formaci\u00f3n de sus propiedades f\u00edsicas y qu\u00edmicas.<\/p>\n<h2><span style=\"font-size: 14pt;\">Aplicaciones<\/span><\/h2>\n<p>Campo de semiconductores: El polvo de siliciuro de cobalto se utiliza como material de contacto para dispositivos semiconductores a base de silicio. Con sus buenas propiedades el\u00e9ctricas, reduce eficazmente la resistencia de contacto, mejora el rendimiento y la integraci\u00f3n del chip y promueve el desarrollo de la tecnolog\u00eda de semiconductores. <\/p>\n<p>Campo de dispositivos electr\u00f3nicos: En la fabricaci\u00f3n de componentes electr\u00f3nicos, se puede utilizar para la preparaci\u00f3n de electrodos y materiales de interconexi\u00f3n, que son ampliamente utilizados en todo tipo de productos electr\u00f3nicos debido a su alta conductividad y estabilidad, lo que garantiza el funcionamiento eficiente y la confiabilidad de los dispositivos electr\u00f3nicos.<\/p>\n<p>Materiales de alta temperatura: Como componente de materiales estructurales de alta temperatura, el polvo de siliciuro de cobalto puede soportar entornos de alta temperatura, proporcionando una excelente resistencia a altas temperaturas y a la oxidaci\u00f3n para componentes de motores aeroespaciales, revestimientos de hornos industriales, etc., y prolongando la vida \u00fatil de los componentes.<\/p>\n<h2><span style=\"font-size: 14pt;\">Control de calidad<\/span><\/h2>\n<p><span style=\"color: #0000ff;\"><a style=\"color: #0000ff;\" href=\"https:\/\/vimaterial.de\/en\/quality-control\/\">El control de calidad<\/a><\/span> de cada lote de productos se lleva a cabo a lo largo de todo el proceso de adquisici\u00f3n de materias primas, producci\u00f3n y procesamiento, pruebas e inspecci\u00f3n y embalaje, siguiendo estrictamente los est\u00e1ndares internacionales y las normas de la industria. Contamos con equipos de prueba avanzados, equipo profesional de control de calidad y un estricto sistema de control de calidad para garantizar la calidad del producto. <\/p>\n<h2><span style=\"font-size: 14pt;\">Embalaje y almacenamiento<\/span><\/h2>\n<p>El polvo de siliciuro de cobalto se envasa en bolsas de doble vac\u00edo o botellas de doble vac\u00edo con cajas de cart\u00f3n exteriores.<\/p>\n<p>El polvo de siliciuro de cobalto debe almacenarse en un ambiente seco, fresco y bien ventilado, sellado para evitar la humedad y la oxidaci\u00f3n, y debe mantenerse alejado de sustancias corrosivas como \u00e1cidos, \u00e1lcalis, fuentes de fuego y agentes oxidantes fuertes, y colocarse adecuadamente de acuerdo con las regulaciones sobre almacenamiento qu\u00edmico.<\/p>\n","protected":false},"excerpt":{"rendered":"<p><span style=\"color: #0000ff;\"><a style=\"color: #0000ff;\" href=\"https:\/\/vimaterial.de\/en\/product\/cobalt-silicide-2\/\">El polvo de siliciuro de cobalto<\/a> <\/span>es un polvo compuesto de cobalto y silicio, de color gris o negro, con alto punto de fusi\u00f3n, buena estabilidad t\u00e9rmica, cierta conductividad el\u00e9ctrica y estabilidad qu\u00edmica, que tiene importantes aplicaciones en semiconductores, dispositivos electr\u00f3nicos, materiales de alta temperatura y otros campos.<\/p>\n","protected":false},"featured_media":1002315,"comment_status":"open","ping_status":"closed","template":"","meta":{"_acf_changed":false},"product_brand":[],"product_cat":[183],"product_tag":[],"class_list":{"0":"post-1014415","1":"product","2":"type-product","3":"status-publish","4":"has-post-thumbnail","6":"product_cat-c-n-b-si-materiales","8":"first","9":"instock","10":"shipping-taxable","11":"product-type-variable"},"acf":[],"_links":{"self":[{"href":"https:\/\/vimaterial.de\/es\/wp-json\/wp\/v2\/product\/1014415","targetHints":{"allow":["GET"]}}],"collection":[{"href":"https:\/\/vimaterial.de\/es\/wp-json\/wp\/v2\/product"}],"about":[{"href":"https:\/\/vimaterial.de\/es\/wp-json\/wp\/v2\/types\/product"}],"replies":[{"embeddable":true,"href":"https:\/\/vimaterial.de\/es\/wp-json\/wp\/v2\/comments?post=1014415"}],"wp:featuredmedia":[{"embeddable":true,"href":"https:\/\/vimaterial.de\/es\/wp-json\/wp\/v2\/media\/1002315"}],"wp:attachment":[{"href":"https:\/\/vimaterial.de\/es\/wp-json\/wp\/v2\/media?parent=1014415"}],"wp:term":[{"taxonomy":"product_brand","embeddable":true,"href":"https:\/\/vimaterial.de\/es\/wp-json\/wp\/v2\/product_brand?post=1014415"},{"taxonomy":"product_cat","embeddable":true,"href":"https:\/\/vimaterial.de\/es\/wp-json\/wp\/v2\/product_cat?post=1014415"},{"taxonomy":"product_tag","embeddable":true,"href":"https:\/\/vimaterial.de\/es\/wp-json\/wp\/v2\/product_tag?post=1014415"}],"curies":[{"name":"wp","href":"https:\/\/api.w.org\/{rel}","templated":true}]}}