{"id":1014410,"date":"2024-06-17T14:47:44","date_gmt":"2024-06-17T06:47:44","guid":{"rendered":"https:\/\/vimaterial.de\/product\/seleniuro-de-cobalto\/"},"modified":"2025-04-16T11:15:03","modified_gmt":"2025-04-16T03:15:03","slug":"seleniuro-de-cobalto","status":"publish","type":"product","link":"https:\/\/vimaterial.de\/es\/product\/seleniuro-de-cobalto\/","title":{"rendered":"Seleniuro de cobalto"},"content":{"rendered":"<p>Los gr\u00e1nulos de selenuro de cobalto son part\u00edculas compuestas de cobalto y selenio, generalmente de color negro o gris-negro, con propiedades semiconductoras y aplicaciones potenciales en fotovoltaica, cat\u00e1lisis y otros campos.<\/p>\n<p>VIMATERIAL proporciona gr\u00e1nulos de seleniuro de cobalto, nuestras part\u00edculas tienen una composici\u00f3n uniforme y estable, alta pureza, fuerte dureza, tama\u00f1o de part\u00edcula controlable, etc. Y podemos aceptar productos y experimentos personalizados, contamos con un equipo profesional de investigaci\u00f3n y desarrollo t\u00e9cnico, <span style=\"color: #0000ff;\"><a style=\"color: #0000ff;\" href=\"https:\/\/vimaterial.de\/en\/contact-us\/\">cont\u00e1ctenos<\/a><\/span>. <\/p>\n<h2><span style=\"font-size: 14pt;\">Propiedad f\u00edsica<\/span><\/h2>\n<p>F\u00f3rmula molecular: CoSe<\/p>\n<p>Peso molecular: 137.89<\/p>\n<p>Aspecto: generalmente part\u00edculas negras o gris-negras<\/p>\n<p>Densidad: aprox. 6,47 g\/cm\u00b3.<\/p>\n<p>Punto de fusi\u00f3n: alrededor de 1118 \u00b0C<\/p>\n<p>Estructura cristalina: Tiene una estructura cristalina hexagonal en la que los \u00e1tomos de cobalto y selenio est\u00e1n dispuestos de una manera espec\u00edfica para formar una red cristalina.<\/p>\n<h2><span style=\"font-size: 14pt;\">Aplicaciones<\/span><\/h2>\n<p>Campo de energ\u00eda: Se utiliza en la preparaci\u00f3n de materiales de electrodos para bater\u00edas de iones de litio de alto rendimiento para mejorar la densidad de energ\u00eda de la bater\u00eda y el rendimiento de carga \/ descarga.<\/p>\n<p>Cat\u00e1lisis: Se utilizan como catalizadores en una variedad de reacciones qu\u00edmicas, como las reacciones de s\u00edntesis org\u00e1nica, para acelerar la velocidad de reacci\u00f3n.<\/p>\n<p>Campo optoelectr\u00f3nico: juega un papel en los dispositivos optoelectr\u00f3nicos, puede mejorar la eficiencia de conversi\u00f3n fotoel\u00e9ctrica, ayudar al desarrollo de c\u00e9lulas solares.<\/p>\n<p>Campo electr\u00f3nico: Se puede utilizar en la fabricaci\u00f3n de componentes electr\u00f3nicos para optimizar el rendimiento de los equipos electr\u00f3nicos en virtud de sus propiedades el\u00e9ctricas \u00fanicas.<\/p>\n<h2><span style=\"font-size: 14pt;\">Control de calidad<\/span><\/h2>\n<p><span style=\"color: #0000ff;\"><a style=\"color: #0000ff;\" href=\"https:\/\/vimaterial.de\/en\/quality-control\/\">Cada lote<\/a><\/span> de productos protege estrictamente la calidad, desde la selecci\u00f3n de proveedores de materias primas, hasta el uso de equipos de prueba avanzados para monitorear con precisi\u00f3n todo el proceso de producci\u00f3n, hasta el producto terminado a trav\u00e9s de muchas rondas de muestreo severo y certificaci\u00f3n autorizada de terceros, hasta un sistema de control de calidad integral de tolerancia cero para garantizar que cada lote de productos cumpla y supere los altos est\u00e1ndares de la industria,  para proporcionar a nuestros clientes la mejor calidad y los productos m\u00e1s estables.<\/p>\n<h2><span style=\"font-size: 14pt;\">Embalaje y almacenamiento<\/span><\/h2>\n<p>Los gr\u00e1nulos de seleniuro de cobalto se envasan en bolsas de vac\u00edo o botellas de vac\u00edo en cajas de cart\u00f3n.<\/p>\n<p>Los gr\u00e1nulos de seleniuro de cobalto deben almacenarse en un ambiente seco, fresco y bien ventilado, protegidos de la humedad, la oxidaci\u00f3n y el contacto con \u00e1cidos, \u00e1lcalis y otras sustancias corrosivas.<\/p>\n","protected":false},"excerpt":{"rendered":"<p>Los gr\u00e1nulos de selenuro de cobalto son part\u00edculas compuestas de cobalto y selenio, generalmente de color negro o gris-negro, con propiedades semiconductoras y aplicaciones potenciales en fotovoltaica, cat\u00e1lisis y otros campos.<\/p>\n","protected":false},"featured_media":1002308,"comment_status":"open","ping_status":"closed","template":"","meta":{"_acf_changed":false},"product_brand":[],"product_cat":[179],"product_tag":[],"class_list":{"0":"post-1014410","1":"product","2":"type-product","3":"status-publish","4":"has-post-thumbnail","6":"product_cat-materiales-de-evaporacion","8":"first","9":"instock","10":"shipping-taxable","11":"product-type-variable"},"acf":[],"_links":{"self":[{"href":"https:\/\/vimaterial.de\/es\/wp-json\/wp\/v2\/product\/1014410","targetHints":{"allow":["GET"]}}],"collection":[{"href":"https:\/\/vimaterial.de\/es\/wp-json\/wp\/v2\/product"}],"about":[{"href":"https:\/\/vimaterial.de\/es\/wp-json\/wp\/v2\/types\/product"}],"replies":[{"embeddable":true,"href":"https:\/\/vimaterial.de\/es\/wp-json\/wp\/v2\/comments?post=1014410"}],"wp:featuredmedia":[{"embeddable":true,"href":"https:\/\/vimaterial.de\/es\/wp-json\/wp\/v2\/media\/1002308"}],"wp:attachment":[{"href":"https:\/\/vimaterial.de\/es\/wp-json\/wp\/v2\/media?parent=1014410"}],"wp:term":[{"taxonomy":"product_brand","embeddable":true,"href":"https:\/\/vimaterial.de\/es\/wp-json\/wp\/v2\/product_brand?post=1014410"},{"taxonomy":"product_cat","embeddable":true,"href":"https:\/\/vimaterial.de\/es\/wp-json\/wp\/v2\/product_cat?post=1014410"},{"taxonomy":"product_tag","embeddable":true,"href":"https:\/\/vimaterial.de\/es\/wp-json\/wp\/v2\/product_tag?post=1014410"}],"curies":[{"name":"wp","href":"https:\/\/api.w.org\/{rel}","templated":true}]}}