{"id":1014402,"date":"2024-06-17T14:48:25","date_gmt":"2024-06-17T06:48:25","guid":{"rendered":"https:\/\/vimaterial.de\/product\/cobalto-silicio-boro\/"},"modified":"2025-04-16T11:06:06","modified_gmt":"2025-04-16T03:06:06","slug":"cobalto-silicio-boro","status":"publish","type":"product","link":"https:\/\/vimaterial.de\/es\/product\/cobalto-silicio-boro\/","title":{"rendered":"Cobalto Silicio Boro"},"content":{"rendered":"<p>Los objetivos de pulverizaci\u00f3n cat\u00f3dica de cobalto, silicio y boro son aleaciones met\u00e1licas de cobalto, silicio y boro con buena estabilidad t\u00e9rmica, dureza y propiedades el\u00e9ctricas. Se utilizan principalmente en el proceso de recubrimiento por pulverizaci\u00f3n cat\u00f3dica para depositar pel\u00edculas delgadas de alto rendimiento sobre sustratos para electr\u00f3nica y semiconductores. <\/p>\n<p>VIMATERIAL ofrece objetivos de pulverizaci\u00f3n cat\u00f3dica de cobalto, silicio y boro. Nuestros objetivos de pulverizaci\u00f3n cat\u00f3dica de cobalto, silicio y boro se caracterizan por una excelente homogeneidad composicional, una pureza ultra alta y una excelente estabilidad de pulverizaci\u00f3n cat\u00f3dica, y tambi\u00e9n podemos proporcionar servicios de uni\u00f3n de objetivos. Contamos con un equipo profesional del R&amp;D y podemos aceptar la personalizaci\u00f3n y los experimentos, por favor <span style=\"color: #0000ff;\"><a style=\"color: #0000ff;\" href=\"https:\/\/vimaterial.de\/en\/contact-us\/\">cont\u00e1ctenos.<\/a><\/span>  <\/p>\n<h2><span style=\"font-size: 14pt;\">Propiedades f\u00edsicas<\/span><\/h2>\n<p>F\u00f3rmula molecular: CoSiB<\/p>\n<p>Peso molecular: alrededor de 97.83<\/p>\n<p>Aspecto: Gris plateado o blanquecino, brillo met\u00e1lico s\u00f3lido.<\/p>\n<p>Densidad: alrededor de 6 &#8211; 7 g\/cm\u00b3<\/p>\n<p>Punto de fusi\u00f3n: alrededor de 1200 &#8211; 1400 \u00b0C<\/p>\n<h2><span style=\"font-size: 14pt;\">Aplicaciones<\/span><\/h2>\n<p>Campo electr\u00f3nico: utilizado en la fabricaci\u00f3n de componentes electr\u00f3nicos, puede formar una buena conductividad y estabilidad de la pel\u00edcula, mejorar el rendimiento y la confiabilidad de los componentes.<\/p>\n<p>Campo de semiconductores: En la producci\u00f3n de chips semiconductores, el objetivo puede depositar pel\u00edculas delgadas especiales para optimizar las caracter\u00edsticas el\u00e9ctricas y la estabilidad t\u00e9rmica del chip, y ayudar a mejorar la funci\u00f3n del chip.<\/p>\n<p>Campo de material magn\u00e9tico: se puede utilizar para preparar pel\u00edculas magn\u00e9ticas, y sus propiedades magn\u00e9ticas \u00fanicas pueden proporcionar un fuerte apoyo para el desarrollo de dispositivos de memoria magn\u00e9tica.<\/p>\n<p>Sensores: Utilizada en la producci\u00f3n de sensores, la deposici\u00f3n de pel\u00edculas delgadas les da a los sensores excelentes caracter\u00edsticas de sensibilidad y adaptabilidad ambiental, mejorando la precisi\u00f3n y estabilidad de los sensores.<\/p>\n<h2><span style=\"font-size: 14pt;\">Control de calidad<\/span><\/h2>\n<p><span style=\"color: #0000ff;\"><a style=\"color: #0000ff;\" href=\"https:\/\/vimaterial.de\/en\/quality-control\/\">Nuestros productos<\/a><\/span> se implementan con el sistema de gesti\u00f3n de calidad m\u00e1s estricto, los materiales entrantes, el proceso, la inspecci\u00f3n final, la inspecci\u00f3n de f\u00e1brica tienen estrictos est\u00e1ndares de inspecci\u00f3n, para el procesamiento no calificado utilizar\u00e1 estrictas medidas de aislamiento para evitar el flujo de productos no conformes al siguiente proceso, de acuerdo con los requisitos del cliente, proporcionar\u00e1 a los clientes muestras para que los clientes vuelvan a inspeccionar.<\/p>\n<h2><span style=\"font-size: 14pt;\">Embalaje y almacenamiento<\/span><\/h2>\n<p>Los objetivos de pulverizaci\u00f3n cat\u00f3dica de cobalto, silicio y boro se empaquetan en bolsas de vac\u00edo dobles y cartones.<\/p>\n<p>Los objetivos de pulverizaci\u00f3n cat\u00f3dica de cobalto, silicio y boro deben almacenarse en un ambiente seco y bien ventilado con una temperatura y humedad relativamente estables, evitando el contacto con \u00e1cidos, \u00e1lcalis y otras sustancias corrosivas, evitando la humedad y la oxidaci\u00f3n y, al mismo tiempo, estando bien protegidos de da\u00f1os f\u00edsicos como colisiones y extrusi\u00f3n.<\/p>\n","protected":false},"excerpt":{"rendered":"<p>Los objetivos de pulverizaci\u00f3n cat\u00f3dica de cobalto, silicio y boro son aleaciones met\u00e1licas de cobalto, silicio y boro con buena estabilidad t\u00e9rmica, dureza y propiedades el\u00e9ctricas. Se utilizan principalmente en el proceso de recubrimiento por pulverizaci\u00f3n cat\u00f3dica para depositar pel\u00edculas delgadas de alto rendimiento sobre sustratos para electr\u00f3nica y semiconductores. <\/p>\n","protected":false},"featured_media":1002324,"comment_status":"open","ping_status":"closed","template":"","meta":{"_acf_changed":false},"product_brand":[],"product_cat":[178],"product_tag":[],"class_list":{"0":"post-1014402","1":"product","2":"type-product","3":"status-publish","4":"has-post-thumbnail","6":"product_cat-catodos-para-sputtering-planar","8":"first","9":"instock","10":"shipping-taxable","11":"product-type-variable"},"acf":[],"_links":{"self":[{"href":"https:\/\/vimaterial.de\/es\/wp-json\/wp\/v2\/product\/1014402","targetHints":{"allow":["GET"]}}],"collection":[{"href":"https:\/\/vimaterial.de\/es\/wp-json\/wp\/v2\/product"}],"about":[{"href":"https:\/\/vimaterial.de\/es\/wp-json\/wp\/v2\/types\/product"}],"replies":[{"embeddable":true,"href":"https:\/\/vimaterial.de\/es\/wp-json\/wp\/v2\/comments?post=1014402"}],"wp:featuredmedia":[{"embeddable":true,"href":"https:\/\/vimaterial.de\/es\/wp-json\/wp\/v2\/media\/1002324"}],"wp:attachment":[{"href":"https:\/\/vimaterial.de\/es\/wp-json\/wp\/v2\/media?parent=1014402"}],"wp:term":[{"taxonomy":"product_brand","embeddable":true,"href":"https:\/\/vimaterial.de\/es\/wp-json\/wp\/v2\/product_brand?post=1014402"},{"taxonomy":"product_cat","embeddable":true,"href":"https:\/\/vimaterial.de\/es\/wp-json\/wp\/v2\/product_cat?post=1014402"},{"taxonomy":"product_tag","embeddable":true,"href":"https:\/\/vimaterial.de\/es\/wp-json\/wp\/v2\/product_tag?post=1014402"}],"curies":[{"name":"wp","href":"https:\/\/api.w.org\/{rel}","templated":true}]}}