{"id":1014378,"date":"2024-06-17T14:33:49","date_gmt":"2024-06-17T06:33:49","guid":{"rendered":"https:\/\/vimaterial.de\/product\/carburo-de-cromo-3\/"},"modified":"2025-04-17T15:15:57","modified_gmt":"2025-04-17T07:15:57","slug":"carburo-de-cromo-3","status":"publish","type":"product","link":"https:\/\/vimaterial.de\/es\/product\/carburo-de-cromo-3\/","title":{"rendered":"Carburo de cromo"},"content":{"rendered":"<p>El polvo de carburo de cromo es un tipo de polvo compuesto inorg\u00e1nico compuesto de cromo y carbono, con alta dureza, buena resistencia al desgaste, resistencia a la corrosi\u00f3n y estabilidad a altas temperaturas, etc. Desempe\u00f1a un papel importante en la cer\u00e1mica met\u00e1lica, los revestimientos resistentes al desgaste y muchos otros campos industriales. <\/p>\n<p>VIMATERIAL suministra polvo de carburo de cromo, nuestro polvo de carburo de cromo tiene las ventajas de alta dureza, alta resistencia a la abrasi\u00f3n, buena resistencia a la corrosi\u00f3n, excelente estabilidad a altas temperaturas y tama\u00f1o de part\u00edcula uniforme. Nos hemos dedicado a la investigaci\u00f3n de materias primas qu\u00edmicas inorg\u00e1nicas durante muchos a\u00f1os, contamos con un equipo de profesionales con una rica experiencia, aceptamos personalizaci\u00f3n y experimentos, <span style=\"color: #0000ff;\"><a style=\"color: #0000ff;\" href=\"https:\/\/vimaterial.de\/en\/contact-us\/\">cont\u00e1ctenos<\/a><\/span> si lo necesita. <\/p>\n<h2><span style=\"font-size: 14pt;\">Propiedades f\u00edsicas<\/span><\/h2>\n<p>F\u00f3rmula molecular: Cr\u2082\u2083C\u2086<\/p>\n<p>Peso molecular: 1267.97<\/p>\n<p>Aspecto: polvo gris<\/p>\n<p>Punto de fusi\u00f3n: alrededor de 1550 \u00b0C<\/p>\n<p>Estructura cristalina: sistema cristalino c\u00fabico, grupo espacial Fm3m, a\u2080=10.650, 4Cr en (a)(000), 8Cr en (c)(1\/41\/4:}), 48Cr en (h)(oxx), x=0.1699, 32Cr en (f)(xxx), x=0.3809, 24C en (e)(x00), x=0- 2765. <\/p>\n<h2><span style=\"font-size: 14pt;\">Aplicaci\u00f3n<\/span><\/h2>\n<p>Cer\u00e1mica met\u00e1lica: Los polvos de carburo de cromo se utilizan en la fabricaci\u00f3n de cer\u00e1micas met\u00e1licas. Al mezclar y sinterizar con polvos met\u00e1licos, la dureza y la resistencia a la abrasi\u00f3n del material se pueden mejorar significativamente para producir herramientas de corte de alta calidad y piezas resistentes al desgaste. <\/p>\n<p>Recubrimientos: En la industria de recubrimientos, el polvo se puede utilizar para preparar recubrimientos resistentes al desgaste que se pueden aplicar a la superficie de los componentes mec\u00e1nicos, como las piezas del motor, para reducir el coeficiente de fricci\u00f3n y prolongar la vida \u00fatil de los componentes.<\/p>\n<p>Aeroespacial: Los polvos de carburo de cromo se utilizan en la fabricaci\u00f3n y el tratamiento de superficies de componentes aeroespaciales, donde su resistencia a las altas temperaturas y a la abrasi\u00f3n ayuda a que los componentes cr\u00edticos, como las palas de los motores aeron\u00e1uticos, resistan las complejidades de las altas temperaturas, las corrientes de aire de alta velocidad y el polvo.<\/p>\n<p>Industria automotriz: en la fabricaci\u00f3n de autom\u00f3viles, se utiliza en v\u00e1lvulas de motor, anillos de pist\u00f3n y otras piezas, utilizando sus propiedades resistentes al desgaste y a la corrosi\u00f3n para reducir el desgaste y la corrosi\u00f3n de las piezas y mejorar el rendimiento y la confiabilidad de los motores automotrices.<\/p>\n<h2><span style=\"font-size: 14pt;\">Control de calidad<\/span><\/h2>\n<p><span style=\"color: #0000ff;\"><a style=\"color: #0000ff;\" href=\"https:\/\/vimaterial.de\/en\/quality-control\/\">Cada lote<\/a><\/span> de productos sigue estrictos principios de control de calidad, en general para garantizar que cada lote de materiales de la adquisici\u00f3n de materias primas, procesamiento, productos terminados fuera del almac\u00e9n tenga instrumentos avanzados, est\u00e1ndares de inspecci\u00f3n estrictos, registros de inspecci\u00f3n perfectos para garantizar el control de calidad del producto y la trazabilidad del producto, cada lote de productos est\u00e1 acompa\u00f1ado de MSDS, COA,  Informes TDS, PSD, XRD, etc., cada lote de productos se entregar\u00e1 al cliente para proporcionar muestras, tambi\u00e9n apoyar\u00e1 al cliente para solicitar organizaciones de inspecci\u00f3n de terceros. Proporcionaremos muestras a los clientes para cada lote de productos y tambi\u00e9n ayudaremos a los clientes a solicitar a las organizaciones de inspecci\u00f3n de terceros que inspeccionen los productos. <\/p>\n<h2><span style=\"font-size: 14pt;\">Embalaje y almacenamiento<\/span><\/h2>\n<p>El polvo de carburo de cromo se envasa en botellas de doble vac\u00edo o bolsas de doble vac\u00edo y luego se envasa en cajas de cart\u00f3n.<\/p>\n<p>El polvo de carburo de cromo debe almacenarse en un ambiente seco y bien ventilado, evitando la humedad y el contacto con sustancias corrosivas, y lejos del fuego y las fuentes de calor, y el \u00e1rea de almacenamiento debe estar bien sellada para evitar que el polvo se disperse.<\/p>\n","protected":false},"excerpt":{"rendered":"<p>El polvo de carburo de cromo es un tipo de polvo compuesto inorg\u00e1nico compuesto de cromo y carbono, con alta dureza, buena resistencia al desgaste, resistencia a la corrosi\u00f3n y estabilidad a altas temperaturas, etc. Desempe\u00f1a un papel importante en la cer\u00e1mica met\u00e1lica, los revestimientos resistentes al desgaste y muchos otros campos industriales. <\/p>\n","protected":false},"featured_media":1001268,"comment_status":"open","ping_status":"closed","template":"","meta":{"_acf_changed":false},"product_brand":[],"product_cat":[183],"product_tag":[],"class_list":{"0":"post-1014378","1":"product","2":"type-product","3":"status-publish","4":"has-post-thumbnail","6":"product_cat-c-n-b-si-materiales","8":"first","9":"instock","10":"shipping-taxable","11":"purchasable","12":"product-type-variable"},"acf":[],"_links":{"self":[{"href":"https:\/\/vimaterial.de\/es\/wp-json\/wp\/v2\/product\/1014378","targetHints":{"allow":["GET"]}}],"collection":[{"href":"https:\/\/vimaterial.de\/es\/wp-json\/wp\/v2\/product"}],"about":[{"href":"https:\/\/vimaterial.de\/es\/wp-json\/wp\/v2\/types\/product"}],"replies":[{"embeddable":true,"href":"https:\/\/vimaterial.de\/es\/wp-json\/wp\/v2\/comments?post=1014378"}],"wp:featuredmedia":[{"embeddable":true,"href":"https:\/\/vimaterial.de\/es\/wp-json\/wp\/v2\/media\/1001268"}],"wp:attachment":[{"href":"https:\/\/vimaterial.de\/es\/wp-json\/wp\/v2\/media?parent=1014378"}],"wp:term":[{"taxonomy":"product_brand","embeddable":true,"href":"https:\/\/vimaterial.de\/es\/wp-json\/wp\/v2\/product_brand?post=1014378"},{"taxonomy":"product_cat","embeddable":true,"href":"https:\/\/vimaterial.de\/es\/wp-json\/wp\/v2\/product_cat?post=1014378"},{"taxonomy":"product_tag","embeddable":true,"href":"https:\/\/vimaterial.de\/es\/wp-json\/wp\/v2\/product_tag?post=1014378"}],"curies":[{"name":"wp","href":"https:\/\/api.w.org\/{rel}","templated":true}]}}