{"id":1014375,"date":"2024-06-17T14:33:04","date_gmt":"2024-06-17T06:33:04","guid":{"rendered":"https:\/\/vimaterial.de\/product\/cromo-carburo-de-aluminio\/"},"modified":"2025-04-17T15:17:47","modified_gmt":"2025-04-17T07:17:47","slug":"cromo-carburo-de-aluminio","status":"publish","type":"product","link":"https:\/\/vimaterial.de\/es\/product\/cromo-carburo-de-aluminio\/","title":{"rendered":"Carburo de cromo y aluminio"},"content":{"rendered":"<p>El objetivo de pulverizaci\u00f3n cat\u00f3dica de carburo de cromo y aluminio es un tipo de objetivo de pulverizaci\u00f3n cat\u00f3dica de compuesto cer\u00e1mico con alta dureza, alto punto de fusi\u00f3n, buena estabilidad qu\u00edmica y conductividad el\u00e9ctrica, etc. Se puede utilizar para la preparaci\u00f3n de pel\u00edculas delgadas resistentes al desgaste, a la corrosi\u00f3n y a las altas temperaturas, y tiene una amplia gama de aplicaciones en los campos de la electr\u00f3nica, la \u00f3ptica y la maquinaria. <\/p>\n<p>VIMATERIAL suministra objetivos de pulverizaci\u00f3n cat\u00f3dica de carburo de cromo y aluminio. Nuestros objetivos de pulverizaci\u00f3n cat\u00f3dica de carburo de cromo y aluminio se caracterizan por su alta pureza, composici\u00f3n homog\u00e9nea, tama\u00f1o de grano fino, alta densidad, alta dureza, buena estabilidad t\u00e9rmica y fuerte uni\u00f3n al sustrato. Nos hemos dedicado a la investigaci\u00f3n de materiales qu\u00edmicos inorg\u00e1nicos durante muchos a\u00f1os y tambi\u00e9n brindamos el servicio de encuadernaci\u00f3n de objetivos de pulverizaci\u00f3n cat\u00f3dica. Contamos con un equipo experimentado y profesional para aceptar personalizaciones y experimentos, <span style=\"color: #0000ff;\"><a style=\"color: #0000ff;\" href=\"https:\/\/vimaterial.de\/en\/contact-us\/\">cont\u00e1ctenos<\/a><\/span> si lo necesita.   <\/p>\n<h2><span style=\"font-size: 14pt;\">Propiedades f\u00edsicas<\/span><\/h2>\n<p>F\u00f3rmula molecular: Cr\u2082AlC<\/p>\n<p>Peso molecular: alrededor de 127.98<\/p>\n<p>Aspecto: generalmente polvo gris plateado<\/p>\n<p>Densidad: aprox. 5,20 g\/cm\u00b3.<\/p>\n<p>Punto de fusi\u00f3n: alrededor de 1300 \u00b0C<\/p>\n<p>Estructura cristalina: Sistema cristalino hexagonal con estructura en capas, en su estructura cristalina, los \u00e1tomos de Cr y los \u00e1tomos de C rellenos en la posici\u00f3n octa\u00e9drica est\u00e1n estrechamente dispuestos y combinados por fuertes enlaces Cr-C para formar una capa de Cr\u2082C con propiedades cer\u00e1micas, al mismo tiempo, la capa de Cr\u2082C est\u00e1 separada por una capa de Al con propiedades met\u00e1licas,  y el enlace entre capas entre la capa de Cr\u2082C y la capa de Al es un enlace d\u00e9bil de Cr-Al, que es un enlace met\u00e1lico.<\/p>\n<h2><span style=\"font-size: 14pt;\">Aplicaciones<\/span><\/h2>\n<p>Electr\u00f3nica: Los objetivos de pulverizaci\u00f3n cat\u00f3dica de carburo de cromo y aluminio se utilizan en la fabricaci\u00f3n de circuitos integrados para depositar una pel\u00edcula delgada con alta conductividad t\u00e9rmica y propiedades antimigraci\u00f3n en la superficie del chip, lo que garantiza la disipaci\u00f3n de calor eficiente y el funcionamiento estable del chip, y mejora el rendimiento de los productos electr\u00f3nicos.<\/p>\n<p>Aeroespacial: En la preparaci\u00f3n de recubrimientos de barrera t\u00e9rmica para motores de aviones, el objetivo de pulverizaci\u00f3n cat\u00f3dica puede depositar una capa de pel\u00edcula que es resistente a altas temperaturas, choques t\u00e9rmicos y alta resistencia mec\u00e1nica, lo que protege eficazmente los componentes clave del motor y ayuda a la aeronave a hacer frente a entornos de gran altitud extrema.<\/p>\n<p>En el campo de la industria automotriz: despu\u00e9s de recubrir las cuchillas del turbocompresor de los motores automotrices, se forma una capa protectora resistente al desgaste, a la corrosi\u00f3n y al calor en la superficie, lo que hace que las cuchillas sean duraderas bajo operaci\u00f3n a alta velocidad y lavado de gases de escape a alta temperatura, y mejora la confiabilidad del sistema de energ\u00eda automotriz.<\/p>\n<h2><span style=\"font-size: 14pt;\">Control de calidad<\/span><\/h2>\n<p><span style=\"color: #0000ff;\"><a style=\"color: #0000ff;\" href=\"https:\/\/vimaterial.de\/en\/quality-control\/\">Cada lote<\/a> <\/span>de productos sigue estrictos principios de control de calidad, en general para garantizar que cada lote de materiales de adquisici\u00f3n de materias primas, procesamiento, productos terminados fuera del almac\u00e9n tengan instrumentos avanzados, est\u00e1ndares de inspecci\u00f3n estrictos, registros de inspecci\u00f3n perfectos, para garantizar que la calidad del producto se pueda controlar y la trazabilidad del producto, cada lote de productos va acompa\u00f1ado de MSDS,  Informes COA, TDS, PSD, XRD, etc., y cada lote de productos se proporcionar\u00e1 con muestras al cliente, tambi\u00e9n apoyamos a los clientes para solicitar a organizaciones de inspecci\u00f3n de terceros que inspeccionen los productos. Proporcionaremos a los clientes muestras de cada lote de productos, y tambi\u00e9n ayudaremos a los clientes a solicitar a organizaciones de inspecci\u00f3n de terceros que inspeccionen los productos. <\/p>\n<h2><span style=\"font-size: 14pt;\">Embalaje y almacenamiento<\/span><\/h2>\n<p>Los objetivos de pulverizaci\u00f3n cat\u00f3dica de carburo de cromo y aluminio se empaquetan en bolsas de vac\u00edo dobles y luego se empaquetan en cajas de cart\u00f3n.<\/p>\n<p>Los objetivos de pulverizaci\u00f3n cat\u00f3dica de carburo de cromo y aluminio deben almacenarse en un ambiente seco, fresco y bien ventilado, sellados para evitar la humedad y la oxidaci\u00f3n, protegidos de colisiones mec\u00e1nicas y extrusiones, y mantenerse alejados de sustancias corrosivas y fuentes de ignici\u00f3n.<\/p>\n","protected":false},"excerpt":{"rendered":"<p>El objetivo de pulverizaci\u00f3n cat\u00f3dica de carburo de cromo y aluminio es un tipo de objetivo de pulverizaci\u00f3n cat\u00f3dica de compuesto cer\u00e1mico con alta dureza, alto punto de fusi\u00f3n, buena estabilidad qu\u00edmica y conductividad el\u00e9ctrica, etc. Se puede utilizar para la preparaci\u00f3n de pel\u00edculas delgadas resistentes al desgaste, a la corrosi\u00f3n y a las altas temperaturas, y tiene una amplia gama de aplicaciones en los campos de la electr\u00f3nica, la \u00f3ptica y la maquinaria. <\/p>\n","protected":false},"featured_media":1001261,"comment_status":"open","ping_status":"closed","template":"","meta":{"_acf_changed":false},"product_brand":[],"product_cat":[178],"product_tag":[],"class_list":{"0":"post-1014375","1":"product","2":"type-product","3":"status-publish","4":"has-post-thumbnail","6":"product_cat-catodos-para-sputtering-planar","8":"first","9":"instock","10":"shipping-taxable","11":"product-type-variable"},"acf":[],"_links":{"self":[{"href":"https:\/\/vimaterial.de\/es\/wp-json\/wp\/v2\/product\/1014375","targetHints":{"allow":["GET"]}}],"collection":[{"href":"https:\/\/vimaterial.de\/es\/wp-json\/wp\/v2\/product"}],"about":[{"href":"https:\/\/vimaterial.de\/es\/wp-json\/wp\/v2\/types\/product"}],"replies":[{"embeddable":true,"href":"https:\/\/vimaterial.de\/es\/wp-json\/wp\/v2\/comments?post=1014375"}],"wp:featuredmedia":[{"embeddable":true,"href":"https:\/\/vimaterial.de\/es\/wp-json\/wp\/v2\/media\/1001261"}],"wp:attachment":[{"href":"https:\/\/vimaterial.de\/es\/wp-json\/wp\/v2\/media?parent=1014375"}],"wp:term":[{"taxonomy":"product_brand","embeddable":true,"href":"https:\/\/vimaterial.de\/es\/wp-json\/wp\/v2\/product_brand?post=1014375"},{"taxonomy":"product_cat","embeddable":true,"href":"https:\/\/vimaterial.de\/es\/wp-json\/wp\/v2\/product_cat?post=1014375"},{"taxonomy":"product_tag","embeddable":true,"href":"https:\/\/vimaterial.de\/es\/wp-json\/wp\/v2\/product_tag?post=1014375"}],"curies":[{"name":"wp","href":"https:\/\/api.w.org\/{rel}","templated":true}]}}