{"id":1014364,"date":"2024-06-17T14:33:50","date_gmt":"2024-06-17T06:33:50","guid":{"rendered":"https:\/\/vimaterial.de\/product\/nitruro-de-cromo-2\/"},"modified":"2025-04-17T15:14:09","modified_gmt":"2025-04-17T07:14:09","slug":"nitruro-de-cromo-2","status":"publish","type":"product","link":"https:\/\/vimaterial.de\/es\/product\/nitruro-de-cromo-2\/","title":{"rendered":"Nitruro de cromo"},"content":{"rendered":"<p><span style=\"color: #0000ff;\"><a style=\"color: #0000ff;\" href=\"https:\/\/vimaterial.de\/en\/product\/chromium-nitride-2\/\">El polvo de nitruro de cromo<\/a> <\/span>es un polvo compuesto inorg\u00e1nico con alta dureza, buena resistencia a la abrasi\u00f3n, resistencia a la corrosi\u00f3n y estabilidad a altas temperaturas, generalmente de color gris o negro, que desempe\u00f1a un papel importante en muchos campos industriales, como el recubrimiento de superficies met\u00e1licas y la fabricaci\u00f3n de herramientas de corte.<\/p>\n<p>VIMATERIAL suministra polvo de nitruro de cromo, nuestro polvo de nitruro de cromo tiene las caracter\u00edsticas de alta dureza, buena resistencia a la abrasi\u00f3n y a la corrosi\u00f3n, alto punto de fusi\u00f3n y estabilidad a alta temperatura. Nos hemos dedicado a la investigaci\u00f3n de materias primas qu\u00edmicas inorg\u00e1nicas durante muchos a\u00f1os, contamos con un equipo de profesionales con una rica experiencia, aceptamos personalizaci\u00f3n y experimentos, <span style=\"color: #0000ff;\"><a style=\"color: #0000ff;\" href=\"https:\/\/vimaterial.de\/en\/contact-us\/\">cont\u00e1ctenos<\/a><\/span> si lo necesita. <\/p>\n<h2><span style=\"font-size: 14pt;\">Propiedades f\u00edsicas<\/span><\/h2>\n<p>F\u00f3rmula molecular: Cr\u2082N<\/p>\n<p>Peso molecular: 118.0056<\/p>\n<p>Aspecto: polvo negro o gris oscuro<\/p>\n<p>Densidad: aprox. 6,5 &#8211; 7,0 g\/cm\u00b3.<\/p>\n<p>Estructura cristalina: Sistema cristalino hexagonal, su estructura cristalina muestra caracter\u00edsticas t\u00edpicas hexagonales empaquetadas, esta estructura hace que el Cr\u2082N tenga una mejor estabilidad y algunas propiedades fisicoqu\u00edmicas especiales.<\/p>\n<h2><span style=\"font-size: 14pt;\">Aplicaci\u00f3n<\/span><\/h2>\n<p>Campo de herramientas de corte: el polvo de nitruro de cromo se utiliza en la fabricaci\u00f3n de herramientas de corte recubiertas, recubiertas en la superficie de la herramienta, en virtud de su alta dureza y resistencia al desgaste, mejoran significativamente el rendimiento de corte de la herramienta, extienden la vida \u00fatil de la herramienta y procesan de manera eficiente varios tipos de materiales met\u00e1licos.<\/p>\n<p>Campo de fabricaci\u00f3n de moldes: la aplicaci\u00f3n del recubrimiento en polvo en moldes de inyecci\u00f3n, moldes de fundici\u00f3n a presi\u00f3n y otros moldes puede hacer que la superficie del molde tenga buena resistencia al desgaste y a la corrosi\u00f3n, reducir la frecuencia de reparaci\u00f3n o reemplazo frecuente de moldes y garantizar la producci\u00f3n de alta precisi\u00f3n de productos pl\u00e1sticos y piezas de fundici\u00f3n a presi\u00f3n.<\/p>\n<p>Campo de piezas automotrices: el polvo de nitruro de cromo se agrega a los anillos del pist\u00f3n, v\u00e1lvulas y otras partes del motor automotriz para fortalecer la superficie, que puede resistir altas temperaturas, fricci\u00f3n y corrosi\u00f3n del combustible, garantizar el funcionamiento estable y eficiente del motor y mejorar el rendimiento general del autom\u00f3vil.<\/p>\n<p>Aeroespacial: Los recubrimientos en polvo de nitruro de cromo se utilizan en piezas clave como las palas y las c\u00e1maras de combusti\u00f3n de los motores aeroespaciales para ayudar a los componentes a hacer frente a temperaturas extremadamente altas e impactos de flujo de aire a alta velocidad con sus excelentes propiedades de resistencia a altas temperaturas y al frote, lo que garantiza la seguridad de los vuelos.<\/p>\n<p>Equipos electr\u00f3nicos: Los recubrimientos en polvo de nitruro de cromo se utilizan en la superficie de los disipadores de calor de chips electr\u00f3nicos para mejorar la confiabilidad de los equipos electr\u00f3nicos aprovechando su excelente conductividad t\u00e9rmica y estabilidad qu\u00edmica, lo que no solo acelera la disipaci\u00f3n de calor, sino que tambi\u00e9n evita que el dispositivo sufra erosi\u00f3n ambiental.<\/p>\n<h2><span style=\"font-size: 14pt;\">Control de calidad<\/span><\/h2>\n<p><span style=\"color: #0000ff;\"><a style=\"color: #0000ff;\" href=\"https:\/\/vimaterial.de\/en\/quality-control\/\">Cada lote<\/a><\/span> de productos sigue estrictos principios de control de calidad, en general para garantizar que cada lote de materiales de la adquisici\u00f3n de materias primas, procesamiento, productos terminados fuera del almac\u00e9n tenga instrumentos avanzados, est\u00e1ndares de inspecci\u00f3n estrictos, registros de inspecci\u00f3n perfectos para garantizar el control de calidad del producto y la trazabilidad del producto, cada lote de productos est\u00e1 acompa\u00f1ado de MSDS, COA,  Informes TDS, PSD, XRD, etc., cada lote de productos se entregar\u00e1 al cliente para proporcionar muestras, tambi\u00e9n apoyar\u00e1 al cliente para solicitar organizaciones de inspecci\u00f3n de terceros. Proporcionaremos muestras a los clientes para cada lote de productos y tambi\u00e9n ayudaremos a los clientes a solicitar a las organizaciones de inspecci\u00f3n de terceros que inspeccionen los productos. <\/p>\n<h2><span style=\"font-size: 14pt;\">Embalaje y almacenamiento<\/span><\/h2>\n<p>El polvo de nitruro de cromo se envasa en botellas de doble vac\u00edo o bolsas de doble vac\u00edo y luego se envasa en cajas de cart\u00f3n.<\/p>\n<p>El polvo de nitruro de cromo debe almacenarse en un ambiente seco, fresco y bien ventilado, y debe sellarse para evitar la humedad, la oxidaci\u00f3n y el contacto con sustancias corrosivas.<\/p>\n","protected":false},"excerpt":{"rendered":"<p><span style=\"color: #0000ff;\"><a style=\"color: #0000ff;\" href=\"https:\/\/vimaterial.de\/en\/product\/chromium-nitride-2\/\">El polvo de nitruro de cromo<\/a> <\/span>es un polvo compuesto inorg\u00e1nico con alta dureza, buena resistencia a la abrasi\u00f3n, resistencia a la corrosi\u00f3n y estabilidad a altas temperaturas, generalmente de color gris o negro, que desempe\u00f1a un papel importante en muchos campos industriales, como el recubrimiento de superficies met\u00e1licas y la fabricaci\u00f3n de herramientas de corte.<\/p>\n","protected":false},"featured_media":1001275,"comment_status":"open","ping_status":"closed","template":"","meta":{"_acf_changed":false},"product_brand":[],"product_cat":[183],"product_tag":[],"class_list":{"0":"post-1014364","1":"product","2":"type-product","3":"status-publish","4":"has-post-thumbnail","6":"product_cat-c-n-b-si-materiales","8":"first","9":"instock","10":"shipping-taxable","11":"purchasable","12":"product-type-variable"},"acf":[],"_links":{"self":[{"href":"https:\/\/vimaterial.de\/es\/wp-json\/wp\/v2\/product\/1014364","targetHints":{"allow":["GET"]}}],"collection":[{"href":"https:\/\/vimaterial.de\/es\/wp-json\/wp\/v2\/product"}],"about":[{"href":"https:\/\/vimaterial.de\/es\/wp-json\/wp\/v2\/types\/product"}],"replies":[{"embeddable":true,"href":"https:\/\/vimaterial.de\/es\/wp-json\/wp\/v2\/comments?post=1014364"}],"wp:featuredmedia":[{"embeddable":true,"href":"https:\/\/vimaterial.de\/es\/wp-json\/wp\/v2\/media\/1001275"}],"wp:attachment":[{"href":"https:\/\/vimaterial.de\/es\/wp-json\/wp\/v2\/media?parent=1014364"}],"wp:term":[{"taxonomy":"product_brand","embeddable":true,"href":"https:\/\/vimaterial.de\/es\/wp-json\/wp\/v2\/product_brand?post=1014364"},{"taxonomy":"product_cat","embeddable":true,"href":"https:\/\/vimaterial.de\/es\/wp-json\/wp\/v2\/product_cat?post=1014364"},{"taxonomy":"product_tag","embeddable":true,"href":"https:\/\/vimaterial.de\/es\/wp-json\/wp\/v2\/product_tag?post=1014364"}],"curies":[{"name":"wp","href":"https:\/\/api.w.org\/{rel}","templated":true}]}}