{"id":1014331,"date":"2024-06-17T14:33:50","date_gmt":"2024-06-17T06:33:50","guid":{"rendered":"https:\/\/vimaterial.de\/product\/oxido-de-cromo-3\/"},"modified":"2025-04-17T15:10:21","modified_gmt":"2025-04-17T07:10:21","slug":"oxido-de-cromo-3","status":"publish","type":"product","link":"https:\/\/vimaterial.de\/es\/product\/oxido-de-cromo-3\/","title":{"rendered":"\u00d3xido de cromo"},"content":{"rendered":"<p>Los gr\u00e1nulos <span style=\"color: #0000ff;\"><a style=\"color: #0000ff;\" href=\"https:\/\/vimaterial.de\/en\/product\/chromium-oxide-2\/\">de \u00f3xido de cromo<\/a><\/span> son compuestos inorg\u00e1nicos generalmente en forma de gr\u00e1nulos verdes con alta dureza, alto punto de fusi\u00f3n y buena estabilidad qu\u00edmica, que se usan ampliamente en metalurgia, cer\u00e1mica, pigmentos, pinturas y otros campos.<\/p>\n<p>VIMATERIAL suministra gr\u00e1nulos de \u00f3xido de cromo, nuestros gr\u00e1nulos tienen alta pureza, bajas impurezas, part\u00edculas uniformes, tama\u00f1o de part\u00edcula controlable y buena estabilidad qu\u00edmica. Nos hemos dedicado a la investigaci\u00f3n de materias primas qu\u00edmicas inorg\u00e1nicas durante muchos a\u00f1os, contamos con un equipo de profesionales con una rica experiencia, aceptamos personalizaci\u00f3n y experimentos, <span style=\"color: #0000ff;\"><a style=\"color: #0000ff;\" href=\"https:\/\/vimaterial.de\/en\/contact-us\/\">cont\u00e1ctenos<\/a><\/span> si lo necesita. <\/p>\n<h2><span style=\"font-size: 14pt;\">Propiedades f\u00edsicas<\/span><\/h2>\n<p>F\u00f3rmula molecular: Cr\u2082O\u2083<\/p>\n<p>Peso molecular: 151.99<\/p>\n<p>Aspecto: granular verde, con brillo met\u00e1lico<\/p>\n<p>Densidad: 5,22 g\/cm\u00b3<\/p>\n<p>Punto de fusi\u00f3n: 2435 \u00b0C<\/p>\n<p>Punto de ebullici\u00f3n: 4000\u00b0C<\/p>\n<p>Estructura cristalina: estructura tipo corind\u00f3n, pertenece al sistema cristalino tripartito, grupo espacial R3c, consta de matrices hexagonales de iones de ox\u00edgeno densamente apiladas e iones de cromo que ocupan dos tercios de los vac\u00edos octa\u00e9dricos.<\/p>\n<h2><span style=\"font-size: 14pt;\">Aplicaci\u00f3n<\/span><\/h2>\n<p>Metalurgia: Las part\u00edculas de \u00f3xido de cromo se utilizan como aditivo de aleaci\u00f3n en el proceso de fabricaci\u00f3n de acero para mejorar la dureza, la resistencia al desgaste y la resistencia a la oxidaci\u00f3n del acero, lo que ayuda a crear piezas mec\u00e1nicas de alta resistencia y acero de construcci\u00f3n duradero.<\/p>\n<p>Cer\u00e1mica: En la cer\u00e1mica, se incorpora a la formulaci\u00f3n de piezas en bruto y, gracias a su resistencia a altas temperaturas y estabilidad qu\u00edmica, no solo permite que la cer\u00e1mica resista altas temperaturas de cocci\u00f3n, sino que tambi\u00e9n otorga al producto terminado un color brillante y duradero, que se utiliza en la fabricaci\u00f3n de cer\u00e1mica art\u00edstica y vajillas de alta gama.<\/p>\n<p>Pigmentos: Como componente clave de los pigmentos verdes, los gr\u00e1nulos de \u00f3xido de cromo se utilizan en pigmentos de pintura, colorantes pl\u00e1sticos y revestimientos arquitect\u00f3nicos por su excelente saturaci\u00f3n de color, resistencia a la luz e inercia qu\u00edmica, lo que garantiza colores brillantes y duraderos.<\/p>\n<p>Abrasivos: Con su alta dureza, los gr\u00e1nulos de \u00f3xido de cromo se utilizan para fabricar abrasivos finos para pulir lentes \u00f3pticos de precisi\u00f3n y joyas de piedras preciosas, logrando un acabado de espejo altamente eficiente sin da\u00f1ar el material.<\/p>\n<h2><span style=\"font-size: 14pt;\">Control de calidad<\/span><\/h2>\n<p><span style=\"color: #0000ff;\"><a style=\"color: #0000ff;\" href=\"https:\/\/vimaterial.de\/en\/quality-control\/\">Cada lote<\/a><\/span> de productos sigue estrictos principios de control de calidad, en general para garantizar que cada lote de materiales de la adquisici\u00f3n de materias primas, procesamiento, productos terminados fuera del almac\u00e9n tenga instrumentos avanzados, est\u00e1ndares de inspecci\u00f3n estrictos, registros de inspecci\u00f3n perfectos para garantizar el control de calidad del producto y la trazabilidad del producto, cada lote de productos est\u00e1 acompa\u00f1ado de MSDS, COA,  Informes TDS, PSD, XRD, etc., cada lote de productos se entregar\u00e1 al cliente para proporcionar muestras, tambi\u00e9n apoyar\u00e1 al cliente para solicitar organizaciones de inspecci\u00f3n de terceros. Proporcionaremos muestras a los clientes para cada lote de productos y tambi\u00e9n ayudaremos a los clientes a solicitar a las organizaciones de inspecci\u00f3n de terceros que inspeccionen los productos. <\/p>\n<h2><span style=\"font-size: 14pt;\">Embalaje y almacenamiento<\/span><\/h2>\n<p>Los gr\u00e1nulos de \u00f3xido de cromo se empaquetan en una bolsa de vac\u00edo de doble capa o en una botella de vac\u00edo de doble capa y luego se empaquetan en una caja de cart\u00f3n.<\/p>\n<p>Los gr\u00e1nulos de \u00f3xido de cromo deben almacenarse en un ambiente seco y bien ventilado, lejos del fuego y de agentes oxidantes fuertes, para evitar la humedad, y deben guardarse en recipientes sellados para evitar que las impurezas se mezclen, para garantizar que su estabilidad qu\u00edmica y sus propiedades f\u00edsicas no se vean afectadas.<\/p>\n","protected":false},"excerpt":{"rendered":"<p>Los gr\u00e1nulos <span style=\"color: #0000ff;\"><a style=\"color: #0000ff;\" href=\"https:\/\/vimaterial.de\/en\/product\/chromium-oxide-2\/\">de \u00f3xido de cromo<\/a><\/span> son compuestos inorg\u00e1nicos generalmente en forma de gr\u00e1nulos verdes con alta dureza, alto punto de fusi\u00f3n y buena estabilidad qu\u00edmica, que se usan ampliamente en metalurgia, cer\u00e1mica, pigmentos, pinturas y otros campos.<\/p>\n","protected":false},"featured_media":1038893,"comment_status":"open","ping_status":"closed","template":"","meta":{"_acf_changed":false},"product_brand":[],"product_cat":[179],"product_tag":[],"class_list":{"0":"post-1014331","1":"product","2":"type-product","3":"status-publish","4":"has-post-thumbnail","6":"product_cat-materiales-de-evaporacion","8":"first","9":"instock","10":"shipping-taxable","11":"product-type-variable"},"acf":[],"_links":{"self":[{"href":"https:\/\/vimaterial.de\/es\/wp-json\/wp\/v2\/product\/1014331","targetHints":{"allow":["GET"]}}],"collection":[{"href":"https:\/\/vimaterial.de\/es\/wp-json\/wp\/v2\/product"}],"about":[{"href":"https:\/\/vimaterial.de\/es\/wp-json\/wp\/v2\/types\/product"}],"replies":[{"embeddable":true,"href":"https:\/\/vimaterial.de\/es\/wp-json\/wp\/v2\/comments?post=1014331"}],"wp:featuredmedia":[{"embeddable":true,"href":"https:\/\/vimaterial.de\/es\/wp-json\/wp\/v2\/media\/1038893"}],"wp:attachment":[{"href":"https:\/\/vimaterial.de\/es\/wp-json\/wp\/v2\/media?parent=1014331"}],"wp:term":[{"taxonomy":"product_brand","embeddable":true,"href":"https:\/\/vimaterial.de\/es\/wp-json\/wp\/v2\/product_brand?post=1014331"},{"taxonomy":"product_cat","embeddable":true,"href":"https:\/\/vimaterial.de\/es\/wp-json\/wp\/v2\/product_cat?post=1014331"},{"taxonomy":"product_tag","embeddable":true,"href":"https:\/\/vimaterial.de\/es\/wp-json\/wp\/v2\/product_tag?post=1014331"}],"curies":[{"name":"wp","href":"https:\/\/api.w.org\/{rel}","templated":true}]}}