{"id":1014321,"date":"2024-06-17T14:33:50","date_gmt":"2024-06-17T06:33:50","guid":{"rendered":"https:\/\/vimaterial.de\/product\/nitruro-de-cromo\/"},"modified":"2025-04-17T15:12:31","modified_gmt":"2025-04-17T07:12:31","slug":"nitruro-de-cromo","status":"publish","type":"product","link":"https:\/\/vimaterial.de\/es\/product\/nitruro-de-cromo\/","title":{"rendered":"Nitruro de cromo"},"content":{"rendered":"<p>El objetivo de pulverizaci\u00f3n cat\u00f3dica <span style=\"color: #0000ff;\"><a style=\"color: #0000ff;\" href=\"https:\/\/vimaterial.de\/en\/product\/chromium-nitride-powder\/\">de nitruro de cromo<\/a><\/span> es un tipo de objetivo de compuesto cer\u00e1mico utilizado en la tecnolog\u00eda de recubrimiento de pulverizaci\u00f3n cat\u00f3dica con magnetr\u00f3n, que puede depositar una pel\u00edcula delgada de nitruro de cromo con alta dureza, buena resistencia a la abrasi\u00f3n y estabilidad a alta temperatura en una variedad de superficies de sustrato, que se usa ampliamente en electr\u00f3nica, maquinaria y otros campos.<\/p>\n<p>VIMATERIAL suministra blancos de pulverizaci\u00f3n cat\u00f3dica de nitruro de cromo. Nuestros objetivos de pulverizaci\u00f3n cat\u00f3dica de nitruro de cromo se caracterizan por su alta pureza, alta densidad, alta dureza, buena resistencia a la abrasi\u00f3n y estabilidad qu\u00edmica. Nos hemos dedicado a la investigaci\u00f3n de materiales qu\u00edmicos inorg\u00e1nicos durante muchos a\u00f1os y tambi\u00e9n brindamos el servicio de encuadernaci\u00f3n de objetivos de pulverizaci\u00f3n cat\u00f3dica. Contamos con un equipo experimentado y profesional para aceptar personalizaciones y experimentos, <span style=\"color: #0000ff;\"><a style=\"color: #0000ff;\" href=\"https:\/\/vimaterial.de\/en\/contact-us\/\">cont\u00e1ctenos<\/a><\/span> si lo necesita.   <\/p>\n<h2><span style=\"font-size: 14pt;\">Propiedades f\u00edsicas<\/span><\/h2>\n<p>F\u00f3rmula molecular: Cr\u2082N<\/p>\n<p>Peso molecular: alrededor de 118.<\/p>\n<p>Aspecto: blanco gris-marr\u00f3n o gris claro<\/p>\n<p>Densidad: Densidad aproximada de 6,14 g\/cm\u00b3.<\/p>\n<p>Punto de fusi\u00f3n: el punto de fusi\u00f3n es superior a 1650 \u00b0C, en condiciones de vac\u00edo, se descompondr\u00e1 a 700-1200 \u00b0C.<\/p>\n<p>Estructura cristalina: Sistema cristalino hexagonal, constante de red a = 0,4150 nm, estable a temperatura y presi\u00f3n ambiente, a = 0,274 nm, c = 0,445 nm.<\/p>\n<h2><span style=\"font-size: 14pt;\">Aplicaciones<\/span><\/h2>\n<p>Campo electr\u00f3nico: el objetivo de pulverizaci\u00f3n cat\u00f3dica Cr2N se utiliza en la fabricaci\u00f3n de chips semiconductores, que se puede recubrir con una capa de pel\u00edcula de nitruro de cromo conductora y resistente a la abrasi\u00f3n en la superficie del chip para mejorar la confiabilidad y estabilidad del chip y ayudar al alto rendimiento de los equipos electr\u00f3nicos.<\/p>\n<p>Campo del instrumento \u00f3ptico: en el proceso de recubrimiento de la lente \u00f3ptica de precisi\u00f3n, el objetivo de pulverizaci\u00f3n cat\u00f3dica Cr2N puede depositar una pel\u00edcula con alta dureza y bajo coeficiente de fricci\u00f3n, lo que protege eficazmente la superficie de la lente, reduce los ara\u00f1azos y la abrasi\u00f3n, prolonga la vida \u00fatil del instrumento \u00f3ptico y garantiza im\u00e1genes claras.<\/p>\n<p>Campo de fabricaci\u00f3n de autom\u00f3viles: despu\u00e9s de que los pistones, v\u00e1lvulas y otras partes de los motores de autom\u00f3viles se recubren con objetivos de pulverizaci\u00f3n cat\u00f3dica de Cr2N, la pel\u00edcula de nitruro de cromo formada en la superficie mejora en gran medida la resistencia al desgaste y la resistencia a la oxidaci\u00f3n a alta temperatura de las piezas, de modo que el rendimiento del motor es m\u00e1s excelente a altas temperaturas y altas velocidades, y se reduce la frecuencia de mantenimiento.<\/p>\n<p>Industria aeroespacial: Utilizados en el tratamiento de la superficie de las palas del motor y las piezas estructurales del fuselaje de las aeronaves, los objetivos de pulverizaci\u00f3n cat\u00f3dica de Cr2N confieren a estas piezas clave una excelente resistencia a la fatiga y a la corrosi\u00f3n, lo que les permite soportar entornos extremos y garantiza la seguridad del vuelo.<\/p>\n<h2><span style=\"font-size: 14pt;\">Control de calidad<\/span><\/h2>\n<p><span style=\"color: #0000ff;\"><a style=\"color: #0000ff;\" href=\"https:\/\/vimaterial.de\/en\/quality-control\/\">Cada lote<\/a><\/span> de productos sigue estrictos principios de control de calidad, en general para garantizar que cada lote de materiales de adquisici\u00f3n de materias primas, procesamiento, productos terminados fuera del almac\u00e9n tengan instrumentos avanzados, est\u00e1ndares de inspecci\u00f3n estrictos, registros de inspecci\u00f3n perfectos, para garantizar que la calidad del producto se pueda controlar y la trazabilidad del producto, cada lote de productos va acompa\u00f1ado de MSDS,  Informes COA, TDS, PSD, XRD, etc., y cada lote de productos se proporcionar\u00e1 con muestras al cliente, tambi\u00e9n apoyamos a los clientes para solicitar a organizaciones de inspecci\u00f3n de terceros que inspeccionen los productos. Proporcionaremos a los clientes muestras de cada lote de productos, y tambi\u00e9n ayudaremos a los clientes a solicitar a organizaciones de inspecci\u00f3n de terceros que inspeccionen los productos. <\/p>\n<h2><span style=\"font-size: 14pt;\">Embalaje y almacenamiento<\/span><\/h2>\n<p>Los objetivos de pulverizaci\u00f3n cat\u00f3dica de nitruro de cromo se empaquetan en bolsas de vac\u00edo dobles y luego se empaquetan en cajas de cart\u00f3n.<\/p>\n<p>Los objetivos de pulverizaci\u00f3n cat\u00f3dica de nitruro de cromo deben almacenarse en un ambiente seco, fresco y bien ventilado para evitar la humedad y la oxidaci\u00f3n, para evitar que el objetivo se golpee y apriete, y lejos de sustancias corrosivas.<\/p>\n","protected":false},"excerpt":{"rendered":"<p>El objetivo de pulverizaci\u00f3n cat\u00f3dica <span style=\"color: #0000ff;\"><a style=\"color: #0000ff;\" href=\"https:\/\/vimaterial.de\/en\/product\/chromium-nitride-powder\/\">de nitruro de cromo<\/a><\/span> es un tipo de objetivo de compuesto cer\u00e1mico utilizado en la tecnolog\u00eda de recubrimiento de pulverizaci\u00f3n cat\u00f3dica con magnetr\u00f3n, que puede depositar una pel\u00edcula delgada de nitruro de cromo con alta dureza, buena resistencia a la abrasi\u00f3n y estabilidad a alta temperatura en una variedad de superficies de sustrato, que se usa ampliamente en electr\u00f3nica, maquinaria y otros campos.<\/p>\n","protected":false},"featured_media":1030075,"comment_status":"open","ping_status":"closed","template":"","meta":{"_acf_changed":false},"product_brand":[],"product_cat":[178],"product_tag":[],"class_list":{"0":"post-1014321","1":"product","2":"type-product","3":"status-publish","4":"has-post-thumbnail","6":"product_cat-catodos-para-sputtering-planar","8":"first","9":"instock","10":"shipping-taxable","11":"product-type-variable"},"acf":[],"_links":{"self":[{"href":"https:\/\/vimaterial.de\/es\/wp-json\/wp\/v2\/product\/1014321","targetHints":{"allow":["GET"]}}],"collection":[{"href":"https:\/\/vimaterial.de\/es\/wp-json\/wp\/v2\/product"}],"about":[{"href":"https:\/\/vimaterial.de\/es\/wp-json\/wp\/v2\/types\/product"}],"replies":[{"embeddable":true,"href":"https:\/\/vimaterial.de\/es\/wp-json\/wp\/v2\/comments?post=1014321"}],"wp:featuredmedia":[{"embeddable":true,"href":"https:\/\/vimaterial.de\/es\/wp-json\/wp\/v2\/media\/1030075"}],"wp:attachment":[{"href":"https:\/\/vimaterial.de\/es\/wp-json\/wp\/v2\/media?parent=1014321"}],"wp:term":[{"taxonomy":"product_brand","embeddable":true,"href":"https:\/\/vimaterial.de\/es\/wp-json\/wp\/v2\/product_brand?post=1014321"},{"taxonomy":"product_cat","embeddable":true,"href":"https:\/\/vimaterial.de\/es\/wp-json\/wp\/v2\/product_cat?post=1014321"},{"taxonomy":"product_tag","embeddable":true,"href":"https:\/\/vimaterial.de\/es\/wp-json\/wp\/v2\/product_tag?post=1014321"}],"curies":[{"name":"wp","href":"https:\/\/api.w.org\/{rel}","templated":true}]}}