{"id":1014290,"date":"2024-06-17T14:33:51","date_gmt":"2024-06-17T06:33:51","guid":{"rendered":"https:\/\/vimaterial.de\/product\/oxido-de-cromo-2\/"},"modified":"2025-04-17T15:05:03","modified_gmt":"2025-04-17T07:05:03","slug":"oxido-de-cromo-2","status":"publish","type":"product","link":"https:\/\/vimaterial.de\/es\/product\/oxido-de-cromo-2\/","title":{"rendered":"\u00d3xido de cromo"},"content":{"rendered":"<p>El objetivo de pulverizaci\u00f3n <span style=\"color: #0000ff;\"><a style=\"color: #0000ff;\" href=\"https:\/\/vimaterial.de\/en\/product\/chromium-oxide-2\/\">cat\u00f3dica de \u00f3xido de cromo<\/a><\/span> es un tipo de objetivo de pulverizaci\u00f3n cat\u00f3dica de compuesto cer\u00e1mico con alto punto de fusi\u00f3n, alta dureza y buena estabilidad qu\u00edmica, que puede ser ampliamente utilizado en semiconductores, \u00f3ptica, visualizaci\u00f3n y otros campos, y puede depositar una pel\u00edcula de \u00f3xido de cromo de alta calidad.<\/p>\n<p>VIMATERIAL ofrece objetivos de pulverizaci\u00f3n cat\u00f3dica de \u00f3xido de cromo. Nuestros objetivos de pulverizaci\u00f3n cat\u00f3dica de \u00f3xido de cromo se caracterizan por una alta pureza, buena estabilidad qu\u00edmica, alta dureza y alta reflectividad en el rango de luz roja visible. Podemos proporcionar un servicio de encuadernaci\u00f3n de objetivos y contamos con un equipo profesional de investigaci\u00f3n y desarrollo de tecnolog\u00eda, aceptamos cualquier personalizaci\u00f3n de productos y experimentamos, si lo necesita, <span style=\"color: #0000ff;\"><a style=\"color: #0000ff;\" href=\"https:\/\/vimaterial.de\/en\/contact-us\/\">cont\u00e1ctenos<\/a><\/span>.  <\/p>\n<h2><span style=\"font-size: 14pt;\">Propiedades f\u00edsicas<\/span><\/h2>\n<p>F\u00f3rmula molecular: Cr\u2082O\u2083<\/p>\n<p>Peso molecular: 151.99<\/p>\n<p>Aspecto: objetivo verde<\/p>\n<p>Densidad: 5,22 g\/cm\u00b3<\/p>\n<p>Punto de fusi\u00f3n: alrededor de 2266 \u00b0C<\/p>\n<p>Punto de ebullici\u00f3n: alrededor de 4000 \u00b0C<\/p>\n<p>Estructura cristalina: generalmente hexagonal<\/p>\n<h2><span style=\"font-size: 14pt;\">Aplicaciones<\/span><\/h2>\n<p>Semiconductor: Los objetivos de pulverizaci\u00f3n cat\u00f3dica de \u00f3xido de cromo se utilizan en la fabricaci\u00f3n de chips para depositar una capa aislante para salvaguardar las propiedades el\u00e9ctricas y mejorar la confiabilidad del chip.<\/p>\n<p>\u00d3ptica: En el recubrimiento \u00f3ptico, puede producir una pel\u00edcula de \u00f3xido de cromo de alta dureza y alto \u00edndice de refracci\u00f3n, lo que ayuda a crear lentes \u00f3pticas y espejos l\u00e1ser de alta calidad.<\/p>\n<p>Pantalla: En la producci\u00f3n de pantallas planas, la pel\u00edcula depositada act\u00faa como una matriz negra o una capa de sombreado, lo que permite que el contraste de la pantalla y la saturaci\u00f3n del color salten.<\/p>\n<p>Energ\u00eda: En la fabricaci\u00f3n de c\u00e9lulas solares, se utiliza para recubrir los electrodos, fortalecer la conductividad y la estabilidad, y ayudar a que la eficiencia de conversi\u00f3n fotoel\u00e9ctrica suba alto.<\/p>\n<h2><span style=\"font-size: 14pt;\">Control de calidad<\/span><\/h2>\n<p><span style=\"color: #0000ff;\"><a style=\"color: #0000ff;\" href=\"https:\/\/vimaterial.de\/en\/quality-control\/\">VI HALBLEITERMATERIAL GmbH<\/a><\/span> est\u00e1 comprometida con un alto control de calidad y consistencia de lotes en apoyo de los objetivos generales de REACH a trav\u00e9s de la adopci\u00f3n de un riguroso sistema de garant\u00eda de calidad, un estricto control de calidad en todas las etapas de la cadena de producci\u00f3n, el cumplimiento del principio de reelaboraci\u00f3n y reelaboraci\u00f3n de productos defectuosos, pruebas y liberaci\u00f3n de lotes de acuerdo con especificaciones detalladas,  cumplimiento de los m\u00e1s altos est\u00e1ndares en todas las \u00e1reas, manejo de problemas de acuerdo con el 8D el cumplimiento de REACH y el cumplimiento de las normas relacionadas.<\/p>\n<p>Nos comprometemos a lograr un alto control de calidad y coherencia de los lotes en apoyo de los objetivos generales de REACH, as\u00ed como a mantener la documentaci\u00f3n y la trazabilidad de los lotes para crear una cadena de suministro socialmente responsable que garantice la entrega de productos y servicios de alta calidad.<\/p>\n<h2><span style=\"font-size: 14pt;\">Embalaje y almacenamiento<\/span><\/h2>\n<p>Los objetivos de pulverizaci\u00f3n cat\u00f3dica de \u00f3xido de cromo se empaquetan en bolsas de vac\u00edo dobles y luego se empaquetan en cajas de cart\u00f3n.<\/p>\n<p>Los objetivos de pulverizaci\u00f3n cat\u00f3dica de \u00f3xido de cromo deben almacenarse en un ambiente seco, fresco y bien ventilado, evitando la humedad, las altas temperaturas, la luz intensa y el contacto con sustancias corrosivas, y al mismo tiempo evitando colisiones y vibraciones violentas para garantizar que la integridad y el rendimiento del objetivo no se da\u00f1en.<\/p>\n","protected":false},"excerpt":{"rendered":"<p>El objetivo de pulverizaci\u00f3n <span style=\"color: #0000ff;\"><a style=\"color: #0000ff;\" href=\"https:\/\/vimaterial.de\/en\/product\/chromium-oxide-2\/\">cat\u00f3dica de \u00f3xido de cromo<\/a><\/span> es un tipo de objetivo de pulverizaci\u00f3n cat\u00f3dica de compuesto cer\u00e1mico con alto punto de fusi\u00f3n, alta dureza y buena estabilidad qu\u00edmica, que puede ser ampliamente utilizado en semiconductores, \u00f3ptica, visualizaci\u00f3n y otros campos, y puede depositar una pel\u00edcula de \u00f3xido de cromo de alta calidad.<\/p>\n","protected":false},"featured_media":1041039,"comment_status":"open","ping_status":"closed","template":"","meta":{"_acf_changed":false},"product_brand":[],"product_cat":[178],"product_tag":[],"class_list":{"0":"post-1014290","1":"product","2":"type-product","3":"status-publish","4":"has-post-thumbnail","6":"product_cat-catodos-para-sputtering-planar","8":"first","9":"instock","10":"shipping-taxable","11":"product-type-variable"},"acf":[],"_links":{"self":[{"href":"https:\/\/vimaterial.de\/es\/wp-json\/wp\/v2\/product\/1014290","targetHints":{"allow":["GET"]}}],"collection":[{"href":"https:\/\/vimaterial.de\/es\/wp-json\/wp\/v2\/product"}],"about":[{"href":"https:\/\/vimaterial.de\/es\/wp-json\/wp\/v2\/types\/product"}],"replies":[{"embeddable":true,"href":"https:\/\/vimaterial.de\/es\/wp-json\/wp\/v2\/comments?post=1014290"}],"wp:featuredmedia":[{"embeddable":true,"href":"https:\/\/vimaterial.de\/es\/wp-json\/wp\/v2\/media\/1041039"}],"wp:attachment":[{"href":"https:\/\/vimaterial.de\/es\/wp-json\/wp\/v2\/media?parent=1014290"}],"wp:term":[{"taxonomy":"product_brand","embeddable":true,"href":"https:\/\/vimaterial.de\/es\/wp-json\/wp\/v2\/product_brand?post=1014290"},{"taxonomy":"product_cat","embeddable":true,"href":"https:\/\/vimaterial.de\/es\/wp-json\/wp\/v2\/product_cat?post=1014290"},{"taxonomy":"product_tag","embeddable":true,"href":"https:\/\/vimaterial.de\/es\/wp-json\/wp\/v2\/product_tag?post=1014290"}],"curies":[{"name":"wp","href":"https:\/\/api.w.org\/{rel}","templated":true}]}}