{"id":1014286,"date":"2024-06-17T14:33:51","date_gmt":"2024-06-17T06:33:51","guid":{"rendered":"https:\/\/vimaterial.de\/product\/oxido-de-cromo\/"},"modified":"2025-04-17T15:07:58","modified_gmt":"2025-04-17T07:07:58","slug":"oxido-de-cromo","status":"publish","type":"product","link":"https:\/\/vimaterial.de\/es\/product\/oxido-de-cromo\/","title":{"rendered":"\u00d3xido de cromo"},"content":{"rendered":"<p><span style=\"color: #0000ff;\"><a style=\"color: #0000ff;\" href=\"https:\/\/vimaterial.de\/en\/product\/chromium-oxide-sputtering-target\/\">\u00d3xido de cromo<\/a><\/span> El polvo es un polvo verde, insoluble en agua, \u00e1cido y solventes org\u00e1nicos, con propiedades magn\u00e9ticas, fuerte poder de cobertura, resistencia a altas temperaturas, resistencia a la luz solar, buena estabilidad qu\u00edmica, etc. Tiene una amplia gama de aplicaciones en los campos de pigmentos, cer\u00e1mica, vidrio, recubrimientos, bater\u00edas, catalizadores, etc. <\/p>\n<p>VIMATERIAL suministra polvo de \u00f3xido de cromo, nuestro polvo de nitruro de cromo tiene alta pureza, bajas impurezas, tama\u00f1o de part\u00edcula uniforme, buenas propiedades magn\u00e9ticas y buena estabilidad qu\u00edmica. Nos hemos dedicado a la investigaci\u00f3n de materias primas qu\u00edmicas inorg\u00e1nicas durante muchos a\u00f1os, contamos con un equipo de profesionales con una rica experiencia, aceptamos personalizaci\u00f3n y experimentos, <span style=\"color: #0000ff;\"><a style=\"color: #0000ff;\" href=\"https:\/\/vimaterial.de\/en\/contact-us\/\">cont\u00e1ctenos<\/a><\/span> si lo necesita. <\/p>\n<h2><span style=\"font-size: 14pt;\">Propiedades f\u00edsicas<\/span><\/h2>\n<p>F\u00f3rmula molecular: Cr\u2082O\u2083<\/p>\n<p>Peso molecular: 151.99<\/p>\n<p>Aspecto: polvo verde<\/p>\n<p>Densidad: aprox. 5,21 g\/cm\u00b3.<\/p>\n<p>Punto de fusi\u00f3n: alrededor de 2266 \u00b0C<\/p>\n<p>Punto de ebullici\u00f3n: alrededor de 4000 \u00b0C<\/p>\n<p>Estructura cristalina: pertenece al sistema cristalino hexagonal<\/p>\n<h2><span style=\"font-size: 14pt;\">Aplicaci\u00f3n<\/span><\/h2>\n<p>Fabricaci\u00f3n de vidrio: Se puede utilizar como agente colorante para el vidrio para hacer que el vidrio muestre un color verde y, al mismo tiempo, puede mejorar la resistencia a la intemperie del vidrio, y se utiliza en la producci\u00f3n de productos de vidrio coloreado como botellas de vino y vidrio decorativo.<\/p>\n<p>Tratamiento de superficies met\u00e1licas: se puede utilizar en revestimientos y revestimientos met\u00e1licos para proporcionar una pel\u00edcula protectora dura y resistente a la corrosi\u00f3n para superficies met\u00e1licas y prolongar la vida \u00fatil de los productos met\u00e1licos, como piezas de autom\u00f3viles y hardware sanitario.<\/p>\n<p>Materiales refractarios: debido a la resistencia a altas temperaturas y la buena estabilidad qu\u00edmica, se utiliza en la fabricaci\u00f3n de ladrillos refractarios, recubrimientos refractarios y otros materiales refractarios, que pueden resistir eficazmente las llamas a alta temperatura y la erosi\u00f3n de la escoria, y garantizar el funcionamiento estable de hornos y hornos industriales.<\/p>\n<p>Electr\u00f3nica: Los polvos de \u00f3xido de cromo tienen una alta resistividad y se pueden utilizar para fabricar resistencias y componentes el\u00e9ctricos y dispositivos electr\u00f3nicos de alta precisi\u00f3n.<\/p>\n<p>M\u00e9dico: Los polvos de \u00f3xido de cromo son biocompatibles, resistentes al desgaste y tienen buena resistencia a la corrosi\u00f3n, y se pueden utilizar en la producci\u00f3n de huesos y articulaciones artificiales.<\/p>\n<h2><span style=\"font-size: 14pt;\">Control de calidad<\/span><\/h2>\n<p><span style=\"color: #0000ff;\"><a style=\"color: #0000ff;\" href=\"https:\/\/vimaterial.de\/en\/quality-control\/\">Cada lote<\/a> <\/span>de productos sigue estrictos principios de control de calidad, en general para garantizar que cada lote de materiales de la adquisici\u00f3n de materias primas, procesamiento, productos terminados fuera del almac\u00e9n tenga instrumentos avanzados, est\u00e1ndares de inspecci\u00f3n estrictos, registros de inspecci\u00f3n perfectos para garantizar el control de calidad del producto y la trazabilidad del producto, cada lote de productos est\u00e1 acompa\u00f1ado de MSDS, COA,  Informes TDS, PSD, XRD, etc., cada lote de productos se entregar\u00e1 al cliente para proporcionar muestras, tambi\u00e9n apoyar\u00e1 al cliente para solicitar organizaciones de inspecci\u00f3n de terceros. Proporcionaremos muestras a los clientes para cada lote de productos y tambi\u00e9n ayudaremos a los clientes a solicitar a las organizaciones de inspecci\u00f3n de terceros que inspeccionen los productos. <\/p>\n<h2><span style=\"font-size: 14pt;\">Embalaje y almacenamiento<\/span><\/h2>\n<p>El polvo de \u00f3xido de cromo se envasa en botellas de doble vac\u00edo o bolsas de doble vac\u00edo y luego se envasa en cajas de cart\u00f3n.<\/p>\n<p>Los polvos de \u00f3xido de cromo deben almacenarse en un ambiente seco y bien ventilado, sellados y protegidos de la humedad, sustancias corrosivas como \u00e1cidos o \u00e1lcalis, y lejos de fuentes de ignici\u00f3n y calor.<\/p>\n","protected":false},"excerpt":{"rendered":"<p>\u00d3xido de cromo El polvo es un polvo verde, insoluble en agua, \u00e1cido y solventes org\u00e1nicos, con propiedades magn\u00e9ticas, fuerte poder de cobertura, resistencia a altas temperaturas, resistencia a la luz solar, buena estabilidad qu\u00edmica, etc. Tiene una amplia gama de aplicaciones en los campos de pigmentos, cer\u00e1mica, vidrio, recubrimientos, bater\u00edas, catalizadores, etc. VIMATERIAL suministra [&hellip;]<\/p>\n","protected":false},"featured_media":1041053,"comment_status":"open","ping_status":"closed","template":"","meta":{"_acf_changed":false},"product_brand":[],"product_cat":[186],"product_tag":[],"class_list":{"0":"post-1014286","1":"product","2":"type-product","3":"status-publish","4":"has-post-thumbnail","6":"product_cat-materiales-de-oxido-hidroxido","8":"first","9":"instock","10":"shipping-taxable","11":"purchasable","12":"product-type-variable"},"acf":[],"_links":{"self":[{"href":"https:\/\/vimaterial.de\/es\/wp-json\/wp\/v2\/product\/1014286","targetHints":{"allow":["GET"]}}],"collection":[{"href":"https:\/\/vimaterial.de\/es\/wp-json\/wp\/v2\/product"}],"about":[{"href":"https:\/\/vimaterial.de\/es\/wp-json\/wp\/v2\/types\/product"}],"replies":[{"embeddable":true,"href":"https:\/\/vimaterial.de\/es\/wp-json\/wp\/v2\/comments?post=1014286"}],"wp:featuredmedia":[{"embeddable":true,"href":"https:\/\/vimaterial.de\/es\/wp-json\/wp\/v2\/media\/1041053"}],"wp:attachment":[{"href":"https:\/\/vimaterial.de\/es\/wp-json\/wp\/v2\/media?parent=1014286"}],"wp:term":[{"taxonomy":"product_brand","embeddable":true,"href":"https:\/\/vimaterial.de\/es\/wp-json\/wp\/v2\/product_brand?post=1014286"},{"taxonomy":"product_cat","embeddable":true,"href":"https:\/\/vimaterial.de\/es\/wp-json\/wp\/v2\/product_cat?post=1014286"},{"taxonomy":"product_tag","embeddable":true,"href":"https:\/\/vimaterial.de\/es\/wp-json\/wp\/v2\/product_tag?post=1014286"}],"curies":[{"name":"wp","href":"https:\/\/api.w.org\/{rel}","templated":true}]}}