{"id":1014242,"date":"2024-06-17T14:33:52","date_gmt":"2024-06-17T06:33:52","guid":{"rendered":"https:\/\/vimaterial.de\/product\/sulfuro-de-cromo\/"},"modified":"2025-04-17T15:02:49","modified_gmt":"2025-04-17T07:02:49","slug":"sulfuro-de-cromo","status":"publish","type":"product","link":"https:\/\/vimaterial.de\/es\/product\/sulfuro-de-cromo\/","title":{"rendered":"Sulfuro de cromo"},"content":{"rendered":"<p>El objetivo de pulverizaci\u00f3n cat\u00f3dica de sulfuro de cromo es un objetivo compuesto cer\u00e1mico con sulfuro de cromo como componente principal, con alta pureza y alta densidad, que se puede utilizar en la tecnolog\u00eda de recubrimiento por pulverizaci\u00f3n cat\u00f3dica con magnetr\u00f3n para depositar pel\u00edculas delgadas con propiedades especiales en una variedad de sustratos.<\/p>\n<p>VIMATERIAL proporciona objetivos de pulverizaci\u00f3n cat\u00f3dica de sulfuro de cromo. Nuestros objetivos de pulverizaci\u00f3n cat\u00f3dica de sulfuro de cromo se caracterizan por su alta pureza, su estructura densa y homog\u00e9nea y su buena estabilidad qu\u00edmica. Podemos proporcionar un servicio de encuadernaci\u00f3n de objetivos y contamos con un equipo profesional de investigaci\u00f3n y desarrollo de tecnolog\u00eda, aceptamos cualquier personalizaci\u00f3n de productos y experimentamos, si lo necesita,<span style=\"color: #0000ff;\"><a style=\"color: #0000ff;\" href=\"https:\/\/vimaterial.de\/en\/contact-us\/\"> cont\u00e1ctenos<\/a>.<\/span>  <\/p>\n<h2><span style=\"font-size: 14pt;\">Propiedades f\u00edsicas<\/span><\/h2>\n<p>F\u00f3rmula molecular: Cr\u2082S\u2083.<\/p>\n<p>Peso molecular: 200.1872<\/p>\n<p>Aspecto: objetivo de color marr\u00f3n a negro<\/p>\n<p>Densidad: 3,77 g\/cm\u00b3<\/p>\n<p>Punto de fusi\u00f3n: 1350\u00b0C.<\/p>\n<p>Estructura cristalina: Hay dos tipos de sistema cristalino: sistema cristalino tripartito y sistema cristalino rombo\u00e9drico.<\/p>\n<h2><span style=\"font-size: 14pt;\">Aplicaciones<\/span><\/h2>\n<p>Campo semiconductor: el objetivo de pulverizaci\u00f3n cat\u00f3dica de sulfuro de cromo se utiliza en la fabricaci\u00f3n de chips semiconductores, se puede utilizar para depositar una pel\u00edcula delgada en la capa de pasivaci\u00f3n del chip para resistir la erosi\u00f3n de las impurezas externas en virtud de su estabilidad qu\u00edmica y garantizar la estabilidad del rendimiento el\u00e9ctrico del chip.<\/p>\n<p>Campo del dispositivo \u00f3ptico: en el proceso de recubrimiento de la lente \u00f3ptica, el objetivo de pulverizaci\u00f3n cat\u00f3dica puede depositar una pel\u00edcula con un \u00edndice de refracci\u00f3n ajustable con precisi\u00f3n, reduciendo efectivamente la luz reflejada en la superficie de la lente y mejorando la claridad de las im\u00e1genes \u00f3pticas.<\/p>\n<p>Campo de visualizaci\u00f3n electr\u00f3nica: aplicado al sistema de retroiluminaci\u00f3n de la pantalla de cristal l\u00edquido, la pel\u00edcula delgada depositada por el objetivo de pulverizaci\u00f3n cat\u00f3dica de sulfuro de cromo puede absorber la luz par\u00e1sita, optimizar el contraste de la pantalla y hacer que la imagen sea m\u00e1s v\u00edvida y clara.<\/p>\n<p>Nuevo campo de energ\u00eda: en la producci\u00f3n de c\u00e9lulas solares, se utiliza para recubrir los electrodos de las c\u00e9lulas para mejorar la conductividad y la resistencia a la corrosi\u00f3n de los electrodos, lo que ayuda a mejorar la eficiencia de la conversi\u00f3n fotoel\u00e9ctrica y promueve el desarrollo de nuevas energ\u00edas.<\/p>\n<h2><span style=\"font-size: 14pt;\">Control de calidad<\/span><\/h2>\n<p><span style=\"color: #0000ff;\"><a style=\"color: #0000ff;\" href=\"https:\/\/vimaterial.de\/en\/quality-control\/\">VI HALBLEITERMATERIAL GmbH<\/a><\/span> est\u00e1 comprometida con un alto control de calidad y consistencia de lotes en apoyo de los objetivos generales de REACH a trav\u00e9s de la adopci\u00f3n de un riguroso sistema de garant\u00eda de calidad, un estricto control de calidad en todas las etapas de la cadena de producci\u00f3n, el cumplimiento del principio de reelaboraci\u00f3n y reelaboraci\u00f3n de productos defectuosos, pruebas y liberaci\u00f3n de lotes de acuerdo con especificaciones detalladas,  cumplimiento de los m\u00e1s altos est\u00e1ndares en todas las \u00e1reas, manejo de problemas de acuerdo con el 8D el cumplimiento de REACH y el cumplimiento de las normas relacionadas.<\/p>\n<p>Nos comprometemos a lograr un alto control de calidad y coherencia de los lotes en apoyo de los objetivos generales de REACH, as\u00ed como a mantener la documentaci\u00f3n y la trazabilidad de los lotes para crear una cadena de suministro socialmente responsable que garantice la entrega de productos y servicios de alta calidad.<\/p>\n<h2><span style=\"font-size: 14pt;\">Embalaje y almacenamiento<\/span><\/h2>\n<p>Los objetivos de pulverizaci\u00f3n cat\u00f3dica de sulfuro de cromo se empaquetan en bolsas de vac\u00edo dobles y luego se empaquetan en cajas de cart\u00f3n.<\/p>\n<p>Los blancos de pulverizaci\u00f3n cat\u00f3dica de sulfuro de cromo deben almacenarse en un ambiente seco, fresco y bien ventilado, evitando la humedad, las altas temperaturas, la luz directa y el contacto con sustancias corrosivas como agentes oxidantes fuertes y \u00e1cidos, as\u00ed como evitando ser sometidos a impactos violentos.<\/p>\n","protected":false},"excerpt":{"rendered":"<p>El objetivo de pulverizaci\u00f3n cat\u00f3dica de sulfuro de cromo es un objetivo compuesto cer\u00e1mico con sulfuro de cromo como componente principal, con alta pureza y alta densidad, que se puede utilizar en la tecnolog\u00eda de recubrimiento por pulverizaci\u00f3n cat\u00f3dica con magnetr\u00f3n para depositar pel\u00edculas delgadas con propiedades especiales en una variedad de sustratos.<\/p>\n","protected":false},"featured_media":1001322,"comment_status":"open","ping_status":"closed","template":"","meta":{"_acf_changed":false},"product_brand":[],"product_cat":[178],"product_tag":[],"class_list":{"0":"post-1014242","1":"product","2":"type-product","3":"status-publish","4":"has-post-thumbnail","6":"product_cat-catodos-para-sputtering-planar","8":"first","9":"instock","10":"shipping-taxable","11":"product-type-variable"},"acf":[],"_links":{"self":[{"href":"https:\/\/vimaterial.de\/es\/wp-json\/wp\/v2\/product\/1014242","targetHints":{"allow":["GET"]}}],"collection":[{"href":"https:\/\/vimaterial.de\/es\/wp-json\/wp\/v2\/product"}],"about":[{"href":"https:\/\/vimaterial.de\/es\/wp-json\/wp\/v2\/types\/product"}],"replies":[{"embeddable":true,"href":"https:\/\/vimaterial.de\/es\/wp-json\/wp\/v2\/comments?post=1014242"}],"wp:featuredmedia":[{"embeddable":true,"href":"https:\/\/vimaterial.de\/es\/wp-json\/wp\/v2\/media\/1001322"}],"wp:attachment":[{"href":"https:\/\/vimaterial.de\/es\/wp-json\/wp\/v2\/media?parent=1014242"}],"wp:term":[{"taxonomy":"product_brand","embeddable":true,"href":"https:\/\/vimaterial.de\/es\/wp-json\/wp\/v2\/product_brand?post=1014242"},{"taxonomy":"product_cat","embeddable":true,"href":"https:\/\/vimaterial.de\/es\/wp-json\/wp\/v2\/product_cat?post=1014242"},{"taxonomy":"product_tag","embeddable":true,"href":"https:\/\/vimaterial.de\/es\/wp-json\/wp\/v2\/product_tag?post=1014242"}],"curies":[{"name":"wp","href":"https:\/\/api.w.org\/{rel}","templated":true}]}}