{"id":1014222,"date":"2024-06-17T14:33:56","date_gmt":"2024-06-17T06:33:56","guid":{"rendered":"https:\/\/vimaterial.de\/product\/carburo-de-cromo\/"},"modified":"2025-04-17T15:00:16","modified_gmt":"2025-04-17T07:00:16","slug":"carburo-de-cromo","status":"publish","type":"product","link":"https:\/\/vimaterial.de\/es\/product\/carburo-de-cromo\/","title":{"rendered":"Carburo de cromo"},"content":{"rendered":"<p><span style=\"color: #0000ff;\"><a style=\"color: #0000ff;\" href=\"https:\/\/vimaterial.de\/en\/product\/chromium-carbide-sputtering-target\/\">Carburo de cromo<\/a> <\/span>El polvo es un polvo de color gris con alta dureza, excelente resistencia a la abrasi\u00f3n y a altas temperaturas, ampliamente utilizado en cer\u00e1mica met\u00e1lica, recubrimiento de superficies, aeroespacial, fabricaci\u00f3n automotriz y muchas otras aplicaciones industriales.<\/p>\n<p>VIMATERIAL suministra polvo de carburo de cromo, nuestro polvo de carburo de cromo tiene las caracter\u00edsticas de alta pureza, tama\u00f1o de part\u00edcula fino, alta dureza, excelente resistencia a la abrasi\u00f3n y excelente resistencia a altas temperaturas, y buena estabilidad qu\u00edmica. Nos hemos dedicado a la investigaci\u00f3n de materias primas qu\u00edmicas inorg\u00e1nicas durante muchos a\u00f1os, contamos con un equipo de profesionales con una rica experiencia, aceptamos personalizaci\u00f3n y experimentos,<span style=\"color: #0000ff;\"><a style=\"color: #0000ff;\" href=\"https:\/\/vimaterial.de\/en\/contact-us\/\"> cont\u00e1ctenos<\/a><\/span> si lo necesita. <\/p>\n<p>Propiedades f\u00edsicas<\/p>\n<p>F\u00f3rmula molecular: Cr3C2<\/p>\n<p>Peso molecular: 180.01<\/p>\n<p>Aspecto: polvo gris con brillo met\u00e1lico.<\/p>\n<p>Densidad: 6,68 g\/mL a 25 \u00b0C<\/p>\n<p>Punto de fusi\u00f3n: 1890 \u00b0C<\/p>\n<p>Punto de ebullici\u00f3n: 3800\u00b0C<\/p>\n<p>Estructura cristalina: sistema cristalino rombo\u00e9drico, par\u00e1metros de celda a = 2.821, b = 5.52, c = 11.46<\/p>\n<p>Aplicaci\u00f3n<\/p>\n<p>Campo aeroespacial: utilizado en el recubrimiento de barrera t\u00e9rmica del motor de aviaci\u00f3n, con excelente resistencia a altas temperaturas y propiedades de aislamiento t\u00e9rmico, puede proteger las piezas del motor del lavado de gas a alta temperatura y garantizar el funcionamiento seguro y estable de la aeronave en condiciones de trabajo extremas.<\/p>\n<p>Fabricaci\u00f3n automotriz: en el turbocompresor y el sistema de escape de los motores automotrices, el recubrimiento en polvo Cr3C2 puede mejorar en gran medida la resistencia al calor, al desgaste y a la corrosi\u00f3n de las piezas, extender efectivamente la vida \u00fatil de los componentes automotrices clave y mejorar el rendimiento de todo el veh\u00edculo.<\/p>\n<p>En el campo de la energ\u00eda y la energ\u00eda el\u00e9ctrica: utilizado en el recubrimiento de tuber\u00edas de calderas de centrales el\u00e9ctricas, el polvo de Cr3C2 le da a la tuber\u00eda una excelente resistencia a la corrosi\u00f3n y la erosi\u00f3n a alta temperatura, lo que le permite mantener una buena condici\u00f3n en el entorno hostil de alta temperatura, alta presi\u00f3n y gases de combusti\u00f3n sulfurosos, y garantiza la estabilidad del suministro de energ\u00eda el\u00e9ctrica.<\/p>\n<p>Campo de corte de metal: el polvo de Cr3C2 se agrega al material de la herramienta de corte, la herramienta hecha de alta dureza, resistencia al desgaste, al cortar metal de alta dureza, puede reducir el desgaste de la herramienta, mejorar la eficiencia de corte, reducir los costos de producci\u00f3n.<\/p>\n<p>Control de calidad<\/p>\n<p><a href=\"https:\/\/vimaterial.de\/en\/quality-control\/\"><span style=\"color: #0000ff;\">Cada lote <\/span><\/a>de productos sigue estrictos principios de control de calidad, en general para garantizar que cada lote de materiales de la adquisici\u00f3n de materias primas, procesamiento, productos terminados fuera del almac\u00e9n tenga instrumentos avanzados, est\u00e1ndares de inspecci\u00f3n estrictos, registros de inspecci\u00f3n perfectos para garantizar el control de calidad del producto y la trazabilidad del producto, cada lote de productos est\u00e1 acompa\u00f1ado de MSDS, COA,  Informes TDS, PSD, XRD, etc., cada lote de productos se entregar\u00e1 al cliente para proporcionar muestras, tambi\u00e9n apoyar\u00e1 al cliente para solicitar organizaciones de inspecci\u00f3n de terceros. Proporcionaremos muestras a los clientes para cada lote de productos y tambi\u00e9n ayudaremos a los clientes a solicitar a las organizaciones de inspecci\u00f3n de terceros que inspeccionen los productos. <\/p>\n<p>Embalaje y almacenamiento<\/p>\n<p>El polvo de carburo de cromo se envasa en botellas de doble vac\u00edo o bolsas de doble vac\u00edo y luego se envasa en cajas de cart\u00f3n.<\/p>\n<p>El polvo de carburo de cromo debe almacenarse en un ambiente seco, fresco y bien ventilado, y sellarse para evitar la humedad, la oxidaci\u00f3n y el contacto con sustancias corrosivas.<\/p>\n","protected":false},"excerpt":{"rendered":"<p><span style=\"color: #0000ff;\"><a style=\"color: #0000ff;\" href=\"https:\/\/vimaterial.de\/en\/product\/chromium-carbide-sputtering-target\/\">Carburo de cromo<\/a> <\/span>El polvo es un polvo de color gris con alta dureza, excelente resistencia a la abrasi\u00f3n y a altas temperaturas, ampliamente utilizado en cer\u00e1mica met\u00e1lica, recubrimiento de superficies, aeroespacial, fabricaci\u00f3n automotriz y muchas otras aplicaciones industriales.<\/p>\n","protected":false},"featured_media":1001330,"comment_status":"open","ping_status":"closed","template":"","meta":{"_acf_changed":false},"product_brand":[],"product_cat":[183],"product_tag":[],"class_list":{"0":"post-1014222","1":"product","2":"type-product","3":"status-publish","4":"has-post-thumbnail","6":"product_cat-c-n-b-si-materiales","8":"first","9":"instock","10":"shipping-taxable","11":"purchasable","12":"product-type-variable"},"acf":[],"_links":{"self":[{"href":"https:\/\/vimaterial.de\/es\/wp-json\/wp\/v2\/product\/1014222","targetHints":{"allow":["GET"]}}],"collection":[{"href":"https:\/\/vimaterial.de\/es\/wp-json\/wp\/v2\/product"}],"about":[{"href":"https:\/\/vimaterial.de\/es\/wp-json\/wp\/v2\/types\/product"}],"replies":[{"embeddable":true,"href":"https:\/\/vimaterial.de\/es\/wp-json\/wp\/v2\/comments?post=1014222"}],"wp:featuredmedia":[{"embeddable":true,"href":"https:\/\/vimaterial.de\/es\/wp-json\/wp\/v2\/media\/1001330"}],"wp:attachment":[{"href":"https:\/\/vimaterial.de\/es\/wp-json\/wp\/v2\/media?parent=1014222"}],"wp:term":[{"taxonomy":"product_brand","embeddable":true,"href":"https:\/\/vimaterial.de\/es\/wp-json\/wp\/v2\/product_brand?post=1014222"},{"taxonomy":"product_cat","embeddable":true,"href":"https:\/\/vimaterial.de\/es\/wp-json\/wp\/v2\/product_cat?post=1014222"},{"taxonomy":"product_tag","embeddable":true,"href":"https:\/\/vimaterial.de\/es\/wp-json\/wp\/v2\/product_tag?post=1014222"}],"curies":[{"name":"wp","href":"https:\/\/api.w.org\/{rel}","templated":true}]}}