{"id":1014179,"date":"2024-06-17T14:34:51","date_gmt":"2024-06-17T06:34:51","guid":{"rendered":"https:\/\/vimaterial.de\/product\/boruro-de-cromo\/"},"modified":"2025-04-17T14:38:20","modified_gmt":"2025-04-17T06:38:20","slug":"boruro-de-cromo","status":"publish","type":"product","link":"https:\/\/vimaterial.de\/es\/product\/boruro-de-cromo\/","title":{"rendered":"Borido de cromo"},"content":{"rendered":"<p>El polvo de boruro de cromo es un tipo de polvo cuyos componentes principales son cromo y boro, a menudo de apariencia gris o negra, con alta dureza, buena resistencia al desgaste, cierta resistencia a altas temperaturas y tiene aplicaciones potenciales en metalurgia, materiales resistentes al desgaste y cer\u00e1mica.<\/p>\n<p>VIMATERIAL suministra polvo de boruro de cromo, nuestro polvo de boruro de cromo se caracteriza por su alta pureza, distribuci\u00f3n uniforme del tama\u00f1o de part\u00edcula, alta dureza, alta resistencia al desgaste, buena estabilidad qu\u00edmica y buena estabilidad t\u00e9rmica. Nos hemos dedicado a la investigaci\u00f3n de materias primas qu\u00edmicas inorg\u00e1nicas durante muchos a\u00f1os, contamos con un equipo de profesionales con una rica experiencia, aceptamos personalizaci\u00f3n y experimentos, <span style=\"color: #0000ff;\"><a style=\"color: #0000ff;\" href=\"https:\/\/vimaterial.de\/en\/contact-us\/\">cont\u00e1ctenos<\/a><\/span> si lo necesita. <\/p>\n<h2><span style=\"font-size: 14pt;\">Propiedades f\u00edsicas<\/span><\/h2>\n<p>F\u00f3rmula molecular: CrB<\/p>\n<p>Peso molecular: 62,81 g\/mol<\/p>\n<p>Aspecto: polvo de plata<\/p>\n<p>Densidad: 6,17 g\/cm\u00b3<\/p>\n<p>Estructura cristalina: sistema cristalino ortorr\u00f3mbico, grupo espacial Cmcm<\/p>\n<h2><span style=\"font-size: 14pt;\">Aplicaci\u00f3n<\/span><\/h2>\n<p>Industria metal\u00fargica: El polvo de boruro de cromo se incorpora a la matriz met\u00e1lica como un aditivo clave de aleaci\u00f3n, lo que mejora significativamente la dureza y la resistencia al desgaste del acero y otras aleaciones, y ayuda a crear piezas mec\u00e1nicas duraderas y moldes industriales.<\/p>\n<p>Cer\u00e1mica: En la preparaci\u00f3n de cer\u00e1mica, la adici\u00f3n de polvo de borauro de cromo mejora la resistencia mec\u00e1nica y la resistencia a altas temperaturas de las piezas cer\u00e1micas en bruto, lo que las hace adecuadas para su uso en entornos hostiles, como los revestimientos de hornos de alta temperatura.<\/p>\n<p>Recubrimientos resistentes al desgaste: El polvo de boruro de cromo se utiliza para formar recubrimientos finos para rociar sobre las superficies de las piezas propensas al desgaste, lo que prolonga efectivamente la vida \u00fatil de los equipos mec\u00e1nicos, como los \u00e1labes y los engranajes de las turbinas del motor, gracias a sus excelentes propiedades de resistencia al desgaste.<\/p>\n<p>Fabricaci\u00f3n de herramientas de corte: se utiliza para fabricar recubrimientos de herramientas de corte o directamente como parte del material de la herramienta de corte, el polvo de boruro de cromo le da a la herramienta una dureza y estabilidad de corte superiores, logrando un mecanizado eficiente de varios tipos de materiales dif\u00edciles de cortar.<\/p>\n<p>Materiales electr\u00f3nicos: con sus propiedades el\u00e9ctricas \u00fanicas, el polvo de borauro de cromo participa en el desarrollo de componentes electr\u00f3nicos, proporcionando un soporte confiable para circuitos especiales que requieren resistencia a altas temperaturas y resistencia a la electromigraci\u00f3n.<\/p>\n<h2><span style=\"font-size: 14pt;\">Control de calidad<\/span><\/h2>\n<p><span style=\"color: #0000ff;\"><a style=\"color: #0000ff;\" href=\"https:\/\/vimaterial.de\/en\/quality-control\/\">Cada lote<\/a> <\/span>de productos sigue estrictos principios de control de calidad, en general para garantizar que cada lote de materiales de la adquisici\u00f3n de materias primas, procesamiento, productos terminados fuera del almac\u00e9n tenga instrumentos avanzados, est\u00e1ndares de inspecci\u00f3n estrictos, registros de inspecci\u00f3n perfectos para garantizar el control de calidad del producto y la trazabilidad del producto, cada lote de productos est\u00e1 acompa\u00f1ado de MSDS, COA,  Informes TDS, PSD, XRD, etc., cada lote de productos se entregar\u00e1 al cliente para proporcionar muestras, tambi\u00e9n apoyar\u00e1 al cliente para solicitar organizaciones de inspecci\u00f3n de terceros. Proporcionaremos muestras a los clientes para cada lote de productos y tambi\u00e9n ayudaremos a los clientes a solicitar a las organizaciones de inspecci\u00f3n de terceros que inspeccionen los productos. <\/p>\n<h2><span style=\"font-size: 14pt;\">Embalaje y almacenamiento<\/span><\/h2>\n<p>El polvo de boruro de cromo se envasa en bolsas de doble vac\u00edo o botellas de doble vac\u00edo y luego se envasa en cajas de cart\u00f3n.<\/p>\n<p>El polvo de borauro de cromo debe almacenarse en un ambiente seco, fresco y bien ventilado, empaque sellado, evitar el contacto con agua, \u00e1cidos fuertes, oxidantes fuertes y otras sustancias que puedan ser qu\u00edmicamente reactivas, para mantener la estabilidad de sus propiedades qu\u00edmicas y f\u00edsicas.<\/p>\n","protected":false},"excerpt":{"rendered":"<p>El polvo de boruro de cromo es un tipo de polvo cuyos componentes principales son cromo y boro, a menudo de apariencia gris o negra, con alta dureza, buena resistencia al desgaste, cierta resistencia a altas temperaturas y tiene aplicaciones potenciales en metalurgia, materiales resistentes al desgaste y cer\u00e1mica.<\/p>\n","protected":false},"featured_media":1001360,"comment_status":"open","ping_status":"closed","template":"","meta":{"_acf_changed":false},"product_brand":[],"product_cat":[183],"product_tag":[],"class_list":{"0":"post-1014179","1":"product","2":"type-product","3":"status-publish","4":"has-post-thumbnail","6":"product_cat-c-n-b-si-materiales","8":"first","9":"instock","10":"shipping-taxable","11":"purchasable","12":"product-type-variable"},"acf":[],"_links":{"self":[{"href":"https:\/\/vimaterial.de\/es\/wp-json\/wp\/v2\/product\/1014179","targetHints":{"allow":["GET"]}}],"collection":[{"href":"https:\/\/vimaterial.de\/es\/wp-json\/wp\/v2\/product"}],"about":[{"href":"https:\/\/vimaterial.de\/es\/wp-json\/wp\/v2\/types\/product"}],"replies":[{"embeddable":true,"href":"https:\/\/vimaterial.de\/es\/wp-json\/wp\/v2\/comments?post=1014179"}],"wp:featuredmedia":[{"embeddable":true,"href":"https:\/\/vimaterial.de\/es\/wp-json\/wp\/v2\/media\/1001360"}],"wp:attachment":[{"href":"https:\/\/vimaterial.de\/es\/wp-json\/wp\/v2\/media?parent=1014179"}],"wp:term":[{"taxonomy":"product_brand","embeddable":true,"href":"https:\/\/vimaterial.de\/es\/wp-json\/wp\/v2\/product_brand?post=1014179"},{"taxonomy":"product_cat","embeddable":true,"href":"https:\/\/vimaterial.de\/es\/wp-json\/wp\/v2\/product_cat?post=1014179"},{"taxonomy":"product_tag","embeddable":true,"href":"https:\/\/vimaterial.de\/es\/wp-json\/wp\/v2\/product_tag?post=1014179"}],"curies":[{"name":"wp","href":"https:\/\/api.w.org\/{rel}","templated":true}]}}