{"id":1014155,"date":"2024-06-17T14:34:55","date_gmt":"2024-06-17T06:34:55","guid":{"rendered":"https:\/\/vimaterial.de\/product\/diboruro-de-cromo-2\/"},"modified":"2025-04-17T14:32:25","modified_gmt":"2025-04-17T06:32:25","slug":"diboruro-de-cromo-2","status":"publish","type":"product","link":"https:\/\/vimaterial.de\/es\/product\/diboruro-de-cromo-2\/","title":{"rendered":"Diboruro de cromo"},"content":{"rendered":"<p>El objetivo de <span style=\"color: #0000ff;\"><a style=\"color: #0000ff;\" href=\"https:\/\/vimaterial.de\/en\/product\/chromium-diboride\/\">diboruro de cromo<\/a> <\/span>es un tipo de objetivo compuesto de cromo y boro, generalmente de apariencia gris, con alta dureza, alto punto de fusi\u00f3n, buena conductividad el\u00e9ctrica y estabilidad qu\u00edmica, utilizado principalmente en el proceso de deposici\u00f3n f\u00edsica de vapor para formar pel\u00edculas delgadas en la superficie del material con resistencia a la abrasi\u00f3n, resistencia a la corrosi\u00f3n, etc.<\/p>\n<p>VIMATERIAL proporciona dianas de diboruro de cromo, nuestras dianas de diboruro de cromo se caracterizan por su alta dureza, alto punto de fusi\u00f3n, buena estabilidad qu\u00edmica, alta resistencia a la oxidaci\u00f3n y buena conductividad el\u00e9ctrica. Podemos proporcionar un servicio de encuadernaci\u00f3n de objetivos y contamos con un equipo profesional de investigaci\u00f3n y desarrollo de tecnolog\u00eda, aceptamos cualquier personalizaci\u00f3n de productos y experimentamos, si lo necesita, <span style=\"color: #0000ff;\"><a style=\"color: #0000ff;\" href=\"https:\/\/vimaterial.de\/en\/contact-us\/\">cont\u00e1ctenos<\/a><\/span>. <\/p>\n<h2><span style=\"font-size: 14pt;\">Propiedades f\u00edsicas<\/span><\/h2>\n<p>F\u00f3rmula molecular: CrB2<\/p>\n<p>Peso molecular: 73.62<\/p>\n<p>Aspecto: blanco gris negro<\/p>\n<p>Densidad: 5.15<\/p>\n<p>Punto de fusi\u00f3n: 1550 \u00b0C<\/p>\n<p>Estructura cristalina: Sistema cristalino hexagonal<\/p>\n<h2><span style=\"font-size: 14pt;\">Aplicaciones<\/span><\/h2>\n<p>Campo electr\u00f3nico: Los objetivos de diboruro de cromo se pueden usar en dispositivos electr\u00f3nicos para depositar pel\u00edculas delgadas en la superficie de los electrodos o interconectar l\u00edneas de chips para mejorar el rendimiento y la confiabilidad de los componentes electr\u00f3nicos en virtud de su buena conductividad el\u00e9ctrica y estabilidad qu\u00edmica.<\/p>\n<p>Herramientas de corte: la pel\u00edcula de diboruro de cromo se deposita en la superficie de las herramientas de corte y su alta dureza puede mejorar efectivamente la resistencia al desgaste de las herramientas de corte, prolongar la vida \u00fatil de las herramientas de corte y mejorar el rendimiento de corte.<\/p>\n<p>Materiales cer\u00e1micos: se utilizan en la modificaci\u00f3n de la superficie de los materiales cer\u00e1micos, a trav\u00e9s de la deposici\u00f3n de la pel\u00edcula de diboruro de cromo para mejorar la dureza de la superficie, la tenacidad y la resistencia al desgaste de las cer\u00e1micas, de modo que los materiales cer\u00e1micos se puedan utilizar mejor en entornos hostiles.<\/p>\n<p>Campo aeroespacial: Al depositar la pel\u00edcula objetivo en los componentes aeroespaciales, su alto punto de fusi\u00f3n y buena estabilidad qu\u00edmica pueden ayudar a los componentes a resistir entornos corrosivos y de alta temperatura, y mejorar la resistencia y seguridad de los componentes.<\/p>\n<p>Nuevo campo de energ\u00eda: en la preparaci\u00f3n de materiales de electrodos para bater\u00edas de nueva energ\u00eda, los objetivos de diboruro de cromo pueden depositar pel\u00edculas delgadas con alta conductividad el\u00e9ctrica y estabilidad, mejorando el rendimiento y el ciclo de vida de la bater\u00eda.<\/p>\n<h2><span style=\"font-size: 14pt;\">Control de calidad<\/span><\/h2>\n<p><span style=\"color: #0000ff;\"><a style=\"color: #0000ff;\" href=\"https:\/\/vimaterial.de\/en\/quality-control\/\">VI HALBLEITERMATERIAL GmbH<\/a> <\/span>est\u00e1 comprometida con un alto control de calidad y consistencia de lotes en apoyo de los objetivos generales de REACH a trav\u00e9s de la adopci\u00f3n de un riguroso sistema de garant\u00eda de calidad, un estricto control de calidad en todas las etapas de la cadena de producci\u00f3n, el cumplimiento del principio de reelaboraci\u00f3n y reelaboraci\u00f3n de productos defectuosos, pruebas y liberaci\u00f3n de lotes de acuerdo con especificaciones detalladas,  cumplimiento de los m\u00e1s altos est\u00e1ndares en todas las \u00e1reas, manejo de problemas de acuerdo con el 8D el cumplimiento de REACH y el cumplimiento de las normas relacionadas.<\/p>\n<p>Nos comprometemos a lograr un alto control de calidad y coherencia de los lotes en apoyo de los objetivos generales de REACH, as\u00ed como a mantener la documentaci\u00f3n y la trazabilidad de los lotes para crear una cadena de suministro socialmente responsable que garantice la entrega de productos y servicios de alta calidad.<\/p>\n<h2><span style=\"font-size: 14pt;\">Embalaje y almacenamiento<\/span><\/h2>\n<p>Los objetivos de diboruro de cromo se envasan en cajas dobles embolsadas al vac\u00edo con cajas de cart\u00f3n exteriores.<\/p>\n<p>Los objetivos de diboruro de cromo deben almacenarse en un ambiente seco, fresco y bien ventilado para evitar la humedad, la oxidaci\u00f3n y para evitar el contacto con agentes oxidantes fuertes y \u00e1cidos y otras sustancias que puedan tener reacciones qu\u00edmicas, y al mismo tiempo prestar atenci\u00f3n a evitar colisiones y extrusiones violentas.<\/p>\n","protected":false},"excerpt":{"rendered":"<p>El objetivo de <span style=\"color: #0000ff;\"><a style=\"color: #0000ff;\" href=\"https:\/\/vimaterial.de\/en\/product\/chromium-diboride\/\">diboruro de cromo<\/a> <\/span>es un tipo de objetivo compuesto de cromo y boro, generalmente de apariencia gris, con alta dureza, alto punto de fusi\u00f3n, buena conductividad el\u00e9ctrica y estabilidad qu\u00edmica, utilizado principalmente en el proceso de deposici\u00f3n f\u00edsica de vapor para formar pel\u00edculas delgadas en la superficie del material con resistencia a la abrasi\u00f3n, resistencia a la corrosi\u00f3n, etc.<\/p>\n","protected":false},"featured_media":1000620,"comment_status":"open","ping_status":"closed","template":"","meta":{"_acf_changed":false},"product_brand":[],"product_cat":[178],"product_tag":[],"class_list":{"0":"post-1014155","1":"product","2":"type-product","3":"status-publish","4":"has-post-thumbnail","6":"product_cat-catodos-para-sputtering-planar","8":"first","9":"instock","10":"shipping-taxable","11":"product-type-variable"},"acf":[],"_links":{"self":[{"href":"https:\/\/vimaterial.de\/es\/wp-json\/wp\/v2\/product\/1014155","targetHints":{"allow":["GET"]}}],"collection":[{"href":"https:\/\/vimaterial.de\/es\/wp-json\/wp\/v2\/product"}],"about":[{"href":"https:\/\/vimaterial.de\/es\/wp-json\/wp\/v2\/types\/product"}],"replies":[{"embeddable":true,"href":"https:\/\/vimaterial.de\/es\/wp-json\/wp\/v2\/comments?post=1014155"}],"wp:featuredmedia":[{"embeddable":true,"href":"https:\/\/vimaterial.de\/es\/wp-json\/wp\/v2\/media\/1000620"}],"wp:attachment":[{"href":"https:\/\/vimaterial.de\/es\/wp-json\/wp\/v2\/media?parent=1014155"}],"wp:term":[{"taxonomy":"product_brand","embeddable":true,"href":"https:\/\/vimaterial.de\/es\/wp-json\/wp\/v2\/product_brand?post=1014155"},{"taxonomy":"product_cat","embeddable":true,"href":"https:\/\/vimaterial.de\/es\/wp-json\/wp\/v2\/product_cat?post=1014155"},{"taxonomy":"product_tag","embeddable":true,"href":"https:\/\/vimaterial.de\/es\/wp-json\/wp\/v2\/product_tag?post=1014155"}],"curies":[{"name":"wp","href":"https:\/\/api.w.org\/{rel}","templated":true}]}}