{"id":1014151,"date":"2024-06-17T14:34:54","date_gmt":"2024-06-17T06:34:54","guid":{"rendered":"https:\/\/vimaterial.de\/product\/diboruro-de-cromo\/"},"modified":"2025-04-17T14:35:49","modified_gmt":"2025-04-17T06:35:49","slug":"diboruro-de-cromo","status":"publish","type":"product","link":"https:\/\/vimaterial.de\/es\/product\/diboruro-de-cromo\/","title":{"rendered":"Diboruro de cromo"},"content":{"rendered":"<p><span style=\"color: #0000ff;\"><a style=\"color: #0000ff;\" href=\"https:\/\/vimaterial.de\/en\/product\/chromium-diboride-2\/\">Diboruro de cromo<\/a><\/span> El polvo es un polvo compuesto inorg\u00e1nico de color gris plata con alta dureza, alto punto de fusi\u00f3n, buena conductividad el\u00e9ctrica y estabilidad qu\u00edmica, que tiene aplicaciones importantes en materiales resistentes al desgaste, materiales cer\u00e1micos, materiales de alta temperatura y metalurgia.<\/p>\n<p>VIMATERIAL suministra polvos de diboruro de cromo. Nuestros polvos de diboruro de cromo se caracterizan por su alta dureza, alto punto de fusi\u00f3n, buena conductividad el\u00e9ctrica y estabilidad qu\u00edmica. Nos hemos dedicado a la investigaci\u00f3n de materias primas qu\u00edmicas inorg\u00e1nicas durante muchos a\u00f1os, contamos con un equipo de profesionales con una rica experiencia, aceptamos personalizaci\u00f3n y experimentos, <span style=\"color: #0000ff;\"><a style=\"color: #0000ff;\" href=\"https:\/\/vimaterial.de\/en\/contact-us\/\">cont\u00e1ctenos<\/a><\/span> si lo necesita.  <\/p>\n<h2><span style=\"font-size: 14pt;\">Propiedades f\u00edsicas<\/span><\/h2>\n<p>F\u00f3rmula molecular: CrB\u2082<\/p>\n<p>Peso molecular: 73.62<\/p>\n<p>Aspecto: polvo gris negro<\/p>\n<p>Densidad: aprox. 5,22 g\/cm\u00b3.<\/p>\n<p>Punto de fusi\u00f3n: alrededor de 2200 \u00b0C<\/p>\n<p>Estructura cristalina: Sistema cristalino hexagonal<\/p>\n<h2><span style=\"font-size: 14pt;\">Aplicaci\u00f3n<\/span><\/h2>\n<p>Herramientas de corte: El polvo de diboruro de cromo se puede utilizar como recubrimiento para herramientas de corte. Con su alta dureza y resistencia a la abrasi\u00f3n, puede mejorar efectivamente la vida \u00fatil de las herramientas de corte y mantenerlas afiladas al cortar metales y otros materiales a alta velocidad. <\/p>\n<p>Cer\u00e1mica: La adici\u00f3n de polvos de diboruro de cromo a la cer\u00e1mica mejora las propiedades mec\u00e1nicas de la cer\u00e1mica, en particular la dureza y la tenacidad, lo que permite su uso en la fabricaci\u00f3n de componentes estructurales cer\u00e1micos de alto rendimiento, como piezas cer\u00e1micas de motores.<\/p>\n<p>Metalurgia: El polvo se utiliza como aditivo de aleaci\u00f3n en la industria metal\u00fargica para mejorar la microestructura de la aleaci\u00f3n, aumentar la resistencia a altas temperaturas y la resistencia a la corrosi\u00f3n de la aleaci\u00f3n, lo que ayuda a producir materiales de aleaci\u00f3n especiales para su uso en entornos corrosivos fuertes y de alta temperatura.<\/p>\n<h2><span style=\"font-size: 14pt;\">Control de calidad<\/span><\/h2>\n<p><span style=\"color: #0000ff;\"><a style=\"color: #0000ff;\" href=\"https:\/\/vimaterial.de\/en\/quality-control\/\">Cada lote<\/a><\/span> de productos sigue estrictos principios de control de calidad, en general para garantizar que cada lote de materiales de la adquisici\u00f3n de materias primas, procesamiento, productos terminados fuera del almac\u00e9n tenga instrumentos avanzados, est\u00e1ndares de inspecci\u00f3n estrictos, registros de inspecci\u00f3n perfectos para garantizar el control de calidad del producto y la trazabilidad del producto, cada lote de productos est\u00e1 acompa\u00f1ado de MSDS, COA,  Informes TDS, PSD, XRD, etc., cada lote de productos se entregar\u00e1 al cliente para proporcionar muestras, tambi\u00e9n apoyar\u00e1 al cliente para solicitar organizaciones de inspecci\u00f3n de terceros. Proporcionaremos muestras a los clientes para cada lote de productos y tambi\u00e9n ayudaremos a los clientes a solicitar a las organizaciones de inspecci\u00f3n de terceros que inspeccionen los productos. <\/p>\n<h2><span style=\"font-size: 14pt;\">Embalaje y almacenamiento<\/span><\/h2>\n<p>El polvo de diboruro de cromo se envasa en bolsas de doble vac\u00edo o botellas de doble vac\u00edo y luego se envasa en cajas de cart\u00f3n.<\/p>\n<p>El polvo de diboruro de cromo debe almacenarse en un ambiente seco, fresco y bien ventilado, sellado y protegido de la humedad y los agentes oxidantes fuertes, \u00e1cidos y otras sustancias qu\u00edmicas para evitar cambios en las propiedades f\u00edsicas y qu\u00edmicas.<\/p>\n","protected":false},"excerpt":{"rendered":"<p><span style=\"color: #0000ff;\"><a style=\"color: #0000ff;\" href=\"https:\/\/vimaterial.de\/en\/product\/chromium-diboride-2\/\">Diboruro de cromo<\/a><\/span> El polvo es un polvo compuesto inorg\u00e1nico de color gris plata con alta dureza, alto punto de fusi\u00f3n, buena conductividad el\u00e9ctrica y estabilidad qu\u00edmica, que tiene aplicaciones importantes en materiales resistentes al desgaste, materiales cer\u00e1micos, materiales de alta temperatura y metalurgia.<\/p>\n","protected":false},"featured_media":1001367,"comment_status":"open","ping_status":"closed","template":"","meta":{"_acf_changed":false},"product_brand":[],"product_cat":[183],"product_tag":[],"class_list":{"0":"post-1014151","1":"product","2":"type-product","3":"status-publish","4":"has-post-thumbnail","6":"product_cat-c-n-b-si-materiales","8":"first","9":"instock","10":"shipping-taxable","11":"purchasable","12":"product-type-variable"},"acf":[],"_links":{"self":[{"href":"https:\/\/vimaterial.de\/es\/wp-json\/wp\/v2\/product\/1014151","targetHints":{"allow":["GET"]}}],"collection":[{"href":"https:\/\/vimaterial.de\/es\/wp-json\/wp\/v2\/product"}],"about":[{"href":"https:\/\/vimaterial.de\/es\/wp-json\/wp\/v2\/types\/product"}],"replies":[{"embeddable":true,"href":"https:\/\/vimaterial.de\/es\/wp-json\/wp\/v2\/comments?post=1014151"}],"wp:featuredmedia":[{"embeddable":true,"href":"https:\/\/vimaterial.de\/es\/wp-json\/wp\/v2\/media\/1001367"}],"wp:attachment":[{"href":"https:\/\/vimaterial.de\/es\/wp-json\/wp\/v2\/media?parent=1014151"}],"wp:term":[{"taxonomy":"product_brand","embeddable":true,"href":"https:\/\/vimaterial.de\/es\/wp-json\/wp\/v2\/product_brand?post=1014151"},{"taxonomy":"product_cat","embeddable":true,"href":"https:\/\/vimaterial.de\/es\/wp-json\/wp\/v2\/product_cat?post=1014151"},{"taxonomy":"product_tag","embeddable":true,"href":"https:\/\/vimaterial.de\/es\/wp-json\/wp\/v2\/product_tag?post=1014151"}],"curies":[{"name":"wp","href":"https:\/\/api.w.org\/{rel}","templated":true}]}}