{"id":1014075,"date":"2024-06-17T14:48:30","date_gmt":"2024-06-17T06:48:30","guid":{"rendered":"https:\/\/vimaterial.de\/product\/niquel-metal-4\/"},"modified":"2025-04-16T10:35:17","modified_gmt":"2025-04-16T02:35:17","slug":"niquel-metal-4","status":"publish","type":"product","link":"https:\/\/vimaterial.de\/es\/product\/niquel-metal-4\/","title":{"rendered":"N\u00edquel met\u00e1lico"},"content":{"rendered":"<p>Los pellets de <span style=\"color: #0000ff;\"><a style=\"color: #0000ff;\" href=\"https:\/\/vimaterial.de\/en\/product\/nickel-metal-2\/\">metal de n\u00edquel<\/a><\/span> son un tipo de part\u00edculas met\u00e1licas con brillo met\u00e1lico, textura dura, buena conductividad el\u00e9ctrica, conductividad t\u00e9rmica y resistencia a la corrosi\u00f3n, que se usa ampliamente en la industria, la electr\u00f3nica y otros campos.<\/p>\n<p>VIMATERIAL ofrece una amplia gama de pellets met\u00e1licos de n\u00edquel, nuestras part\u00edculas son uniformes y estables en composici\u00f3n, alta pureza, alta dureza, controlables en tama\u00f1o de part\u00edcula, etc. Y podemos aceptar productos y experimentos personalizados, contamos con un equipo profesional de investigaci\u00f3n y desarrollo t\u00e9cnico, <span style=\"color: #0000ff;\"><a style=\"color: #0000ff;\" href=\"https:\/\/vimaterial.de\/en\/contact-us\/\">cont\u00e1ctenos<\/a><\/span> pronto. <\/p>\n<h2><span style=\"font-size: 14pt;\">Propiedades f\u00edsicas<\/span><\/h2>\n<p>F\u00f3rmula molecular: Ni<\/p>\n<p>Peso molecular: 58.6934<\/p>\n<p>Aspecto: part\u00edculas de brillo met\u00e1lico gris plata<\/p>\n<p>Densidad: 8.908 g\/cm\u00b3.<\/p>\n<p>Punto de fusi\u00f3n: 1453 \u00b0C<\/p>\n<p>Punto de ebullici\u00f3n: 2732\u00b0C<\/p>\n<p>Estructura cristalina: estructura de celos\u00eda c\u00fabica centrada en las caras<\/p>\n<h2><span style=\"font-size: 14pt;\">Aplicaciones<\/span><\/h2>\n<p>Industria del hierro y el acero: como un importante elemento de aleaci\u00f3n agregado al acero, para mejorar la resistencia y la resistencia a la corrosi\u00f3n del acero, utilizado en la construcci\u00f3n, fabricaci\u00f3n de maquinaria, etc.<\/p>\n<p>Campo de fabricaci\u00f3n de bater\u00edas: es la materia prima clave para las bater\u00edas de NiMH y NiCd, lo que garantiza un rendimiento estable de la bater\u00eda y cumple con los requisitos de suministro de energ\u00eda de los equipos electr\u00f3nicos.<\/p>\n<p>Industria de galvanoplastia: se utiliza en el revestimiento de superficies met\u00e1licas, formando una capa protectora y decorativa, para mejorar la resistencia al desgaste y la est\u00e9tica de los art\u00edculos, como en la aplicaci\u00f3n de electrodom\u00e9sticos de ferreter\u00eda.<\/p>\n<p>Industria aeroespacial: fabricados en componentes de aleaci\u00f3n de alta temperatura para mantener el rendimiento estructural en entornos hostiles y ayudar a las aeronaves a operar de manera confiable.<\/p>\n<p>Industria qu\u00edmica: se utiliza como catalizador o revestimiento de recipientes de reacci\u00f3n, acelera la reacci\u00f3n qu\u00edmica y resiste la corrosi\u00f3n, desempe\u00f1a un papel en la s\u00edntesis qu\u00edmica.<\/p>\n<h2><span style=\"font-size: 14pt;\">Control de calidad<\/span><\/h2>\n<p><span style=\"color: #0000ff;\"><a style=\"color: #0000ff;\" href=\"https:\/\/vimaterial.de\/en\/quality-control\/\">Cada lote<\/a><\/span> de productos protege estrictamente la calidad, desde la selecci\u00f3n de proveedores de materias primas, hasta el uso de equipos de prueba avanzados para monitorear con precisi\u00f3n todo el proceso de producci\u00f3n, hasta el producto terminado a trav\u00e9s de muchas rondas de muestreo severo y certificaci\u00f3n autorizada de terceros, hasta un sistema de control de calidad integral de tolerancia cero para garantizar que cada lote de productos cumpla y supere los altos est\u00e1ndares de la industria,  para proporcionar a nuestros clientes la mejor calidad y los productos m\u00e1s estables.<\/p>\n<h2><span style=\"font-size: 14pt;\">Embalaje y almacenamiento<\/span><\/h2>\n<p>Los pellets de n\u00edquel met\u00e1lico se envasan en bolsas de vac\u00edo o botellas de vac\u00edo en una caja de cart\u00f3n.<\/p>\n<p>Los pellets de n\u00edquel met\u00e1lico deben almacenarse en un lugar seco, bien ventilado y fresco, protegidos de la humedad, la oxidaci\u00f3n y el contacto con sustancias corrosivas, y bien sellados para evitar que reaccionen con el aire y la humedad.<\/p>\n","protected":false},"excerpt":{"rendered":"<p>Los pellets de <span style=\"color: #0000ff;\"><a style=\"color: #0000ff;\" href=\"https:\/\/vimaterial.de\/en\/product\/nickel-metal-2\/\">metal de n\u00edquel<\/a><\/span> son un tipo de part\u00edculas met\u00e1licas con brillo met\u00e1lico, textura dura, buena conductividad el\u00e9ctrica, conductividad t\u00e9rmica y resistencia a la corrosi\u00f3n, que se usa ampliamente en la industria, la electr\u00f3nica y otros campos.<\/p>\n<p>VIMATERIAL ofrece una amplia gama de pellets met\u00e1licos de n\u00edquel, nuestras part\u00edculas son uniformes y estables en composici\u00f3n, alta pureza, alta dureza, controlables en tama\u00f1o de part\u00edcula, etc. Y podemos aceptar productos y experimentos personalizados, contamos con un equipo profesional de investigaci\u00f3n y desarrollo t\u00e9cnico, <span style=\"color: #0000ff;\"><a style=\"color: #0000ff;\" href=\"https:\/\/vimaterial.de\/en\/contact-us\/\">cont\u00e1ctenos<\/a><\/span> pronto. <\/p>\n","protected":false},"featured_media":1002348,"comment_status":"open","ping_status":"closed","template":"","meta":{"_acf_changed":false},"product_brand":[],"product_cat":[179],"product_tag":[],"class_list":{"0":"post-1014075","1":"product","2":"type-product","3":"status-publish","4":"has-post-thumbnail","6":"product_cat-materiales-de-evaporacion","8":"first","9":"instock","10":"shipping-taxable","11":"purchasable","12":"product-type-variable"},"acf":[],"_links":{"self":[{"href":"https:\/\/vimaterial.de\/es\/wp-json\/wp\/v2\/product\/1014075","targetHints":{"allow":["GET"]}}],"collection":[{"href":"https:\/\/vimaterial.de\/es\/wp-json\/wp\/v2\/product"}],"about":[{"href":"https:\/\/vimaterial.de\/es\/wp-json\/wp\/v2\/types\/product"}],"replies":[{"embeddable":true,"href":"https:\/\/vimaterial.de\/es\/wp-json\/wp\/v2\/comments?post=1014075"}],"wp:featuredmedia":[{"embeddable":true,"href":"https:\/\/vimaterial.de\/es\/wp-json\/wp\/v2\/media\/1002348"}],"wp:attachment":[{"href":"https:\/\/vimaterial.de\/es\/wp-json\/wp\/v2\/media?parent=1014075"}],"wp:term":[{"taxonomy":"product_brand","embeddable":true,"href":"https:\/\/vimaterial.de\/es\/wp-json\/wp\/v2\/product_brand?post=1014075"},{"taxonomy":"product_cat","embeddable":true,"href":"https:\/\/vimaterial.de\/es\/wp-json\/wp\/v2\/product_cat?post=1014075"},{"taxonomy":"product_tag","embeddable":true,"href":"https:\/\/vimaterial.de\/es\/wp-json\/wp\/v2\/product_tag?post=1014075"}],"curies":[{"name":"wp","href":"https:\/\/api.w.org\/{rel}","templated":true}]}}