{"id":1014017,"date":"2024-06-17T14:49:21","date_gmt":"2024-06-17T06:49:21","guid":{"rendered":"https:\/\/vimaterial.de\/product\/niquel-metal-2\/"},"modified":"2025-04-15T18:16:09","modified_gmt":"2025-04-15T10:16:09","slug":"niquel-metal-2","status":"publish","type":"product","link":"https:\/\/vimaterial.de\/es\/product\/niquel-metal-2\/","title":{"rendered":"N\u00edquel met\u00e1lico"},"content":{"rendered":"<p>La l\u00e1mina <span style=\"color: #0000ff;\"><a style=\"color: #0000ff;\" href=\"https:\/\/vimaterial.de\/en\/product\/titanium-metal-3\/\">met\u00e1lica de n\u00edquel<\/a><\/span> es un tipo de alambre met\u00e1lico con n\u00edquel como componente principal, que tiene buena conductividad el\u00e9ctrica, resistencia a la corrosi\u00f3n, ductilidad y estabilidad a altas temperaturas, y es ampliamente utilizado en electr\u00f3nica, industria qu\u00edmica, aeroespacial y otros campos.<\/p>\n<p>VIMATERIAL suministra alambres met\u00e1licos de n\u00edquel. Nuestros alambres met\u00e1licos de n\u00edquel son de alta pureza, bajos en impurezas, uniformes y estables en di\u00e1metro, altos en resistencia a la corrosi\u00f3n, buenos en conductividad el\u00e9ctrica, excelentes en propiedades mec\u00e1nicas y a un precio razonable, que se pueden utilizar en una amplia gama de aplicaciones. Nuestra empresa cuenta con un equipo profesional de investigaci\u00f3n y desarrollo de tecnolog\u00eda, acepte personalizaci\u00f3n y experimentos, <span style=\"color: #0000ff;\"><a style=\"color: #0000ff;\" href=\"https:\/\/vimaterial.de\/en\/contact-us\/\">cont\u00e1ctenos<\/a><\/span>.  <\/p>\n<h2><span style=\"font-size: 14pt;\">Propiedades f\u00edsicas<\/span><\/h2>\n<p>F\u00f3rmula molecular: Ni<\/p>\n<p>Peso molecular: 58.6934<\/p>\n<p>Aspecto: Por lo general, en forma de escamas de brillo met\u00e1lico de color blanco plateado, con superficie plana y lisa, sin defectos obvios.<\/p>\n<p>Densidad: 8.908 g\/cm\u00b3.<\/p>\n<p>Punto de fusi\u00f3n: 1453 \u00b0C<\/p>\n<p>Punto de ebullici\u00f3n: 2732\u00b0C.<\/p>\n<p>Estructura cristalina: estructura de celos\u00eda c\u00fabica centrada en las caras. Esta estructura cristalina le da a la l\u00e1mina de Ni buenas propiedades mec\u00e1nicas, conductividad el\u00e9ctrica y resistencia a la corrosi\u00f3n, lo que la hace \u00fatil en aplicaciones electr\u00f3nicas y qu\u00edmicas. <\/p>\n<h2><span style=\"font-size: 14pt;\">Aplicaciones<\/span><\/h2>\n<p>Aparatos electr\u00f3nicos y el\u00e9ctricos: Se utilizan como cables de resistencia, elementos calefactores, etc. para aprovechar su buena conductividad el\u00e9ctrica y resistencia al calor, como los cables calefactores de los hornos el\u00e9ctricos.<\/p>\n<p>Industria de bater\u00edas: Se utiliza como material de electrodo para bater\u00edas de n\u00edquel-hidruro met\u00e1lico, bater\u00edas de n\u00edquel-cadmio, etc., que participan en el proceso de carga y descarga de bater\u00edas, como las bater\u00edas recargables comunes de n\u00edquel-hidruro met\u00e1lico.<\/p>\n<p>Industria aeroespacial: se utiliza como materiales de conexi\u00f3n en algunos componentes, debido a su alta resistencia y resistencia a la corrosi\u00f3n, para garantizar el funcionamiento confiable de equipos de aviaci\u00f3n en entornos complejos.<\/p>\n<p>Industria qu\u00edmica: se utiliza en dispositivos de reacci\u00f3n resistentes a la corrosi\u00f3n como cribas, agitadores y otros componentes que pueden resistir la erosi\u00f3n de una amplia gama de sustancias qu\u00edmicas, como las cribas de los reactores qu\u00edmicos.<\/p>\n<h2><span style=\"font-size: 14pt;\">Control de calidad<\/span><\/h2>\n<p>Cada lote de productos protege estrictamente la calidad, desde la selecci\u00f3n de los proveedores de materias primas, hasta el uso de equipos de prueba avanzados para monitorear con precisi\u00f3n todo el proceso de producci\u00f3n, hasta el producto terminado a trav\u00e9s de muchas rondas de muestreo severo y certificaci\u00f3n autorizada de terceros, para garantizar que cada lote de productos cumpla y supere los altos est\u00e1ndares de la industria con un  Sistema de control de calidad de tolerancia cero, para proporcionar a nuestros clientes la mejor calidad y los productos m\u00e1s estables.<\/p>\n<h2><span style=\"font-size: 14pt;\">Embalaje y almacenamiento<\/span><\/h2>\n<p>La l\u00e1mina de metal de n\u00edquel se empaqueta en paquetes y luego se envuelve en una pel\u00edcula exterior y finalmente se empaqueta en cajas de cart\u00f3n.<\/p>\n<p>El alambre de n\u00edquel debe almacenarse en un lugar seco, ventilado y fresco, evitando el contacto con aire h\u00famedo, \u00e1cidos y \u00e1lcalis fuertes y agentes oxidantes fuertes, y puede empaquetarse en paquetes sellados o colocarse en estantes con medidas de protecci\u00f3n para evitar la oxidaci\u00f3n y la corrosi\u00f3n.<\/p>\n","protected":false},"excerpt":{"rendered":"<p>La l\u00e1mina <span style=\"color: #0000ff;\"><a style=\"color: #0000ff;\" href=\"https:\/\/vimaterial.de\/en\/product\/titanium-metal-3\/\">met\u00e1lica de n\u00edquel<\/a><\/span> es un tipo de alambre met\u00e1lico con n\u00edquel como componente principal, que tiene buena conductividad el\u00e9ctrica, resistencia a la corrosi\u00f3n, ductilidad y estabilidad a altas temperaturas, y es ampliamente utilizado en electr\u00f3nica, industria qu\u00edmica, aeroespacial y otros campos.<\/p>\n","protected":false},"featured_media":1002389,"comment_status":"open","ping_status":"closed","template":"","meta":{"_acf_changed":false},"product_brand":[],"product_cat":[188],"product_tag":[],"class_list":{"0":"post-1014017","1":"product","2":"type-product","3":"status-publish","4":"has-post-thumbnail","6":"product_cat-perfil","8":"first","9":"instock","10":"shipping-taxable","11":"purchasable","12":"product-type-variable"},"acf":[],"_links":{"self":[{"href":"https:\/\/vimaterial.de\/es\/wp-json\/wp\/v2\/product\/1014017","targetHints":{"allow":["GET"]}}],"collection":[{"href":"https:\/\/vimaterial.de\/es\/wp-json\/wp\/v2\/product"}],"about":[{"href":"https:\/\/vimaterial.de\/es\/wp-json\/wp\/v2\/types\/product"}],"replies":[{"embeddable":true,"href":"https:\/\/vimaterial.de\/es\/wp-json\/wp\/v2\/comments?post=1014017"}],"wp:featuredmedia":[{"embeddable":true,"href":"https:\/\/vimaterial.de\/es\/wp-json\/wp\/v2\/media\/1002389"}],"wp:attachment":[{"href":"https:\/\/vimaterial.de\/es\/wp-json\/wp\/v2\/media?parent=1014017"}],"wp:term":[{"taxonomy":"product_brand","embeddable":true,"href":"https:\/\/vimaterial.de\/es\/wp-json\/wp\/v2\/product_brand?post=1014017"},{"taxonomy":"product_cat","embeddable":true,"href":"https:\/\/vimaterial.de\/es\/wp-json\/wp\/v2\/product_cat?post=1014017"},{"taxonomy":"product_tag","embeddable":true,"href":"https:\/\/vimaterial.de\/es\/wp-json\/wp\/v2\/product_tag?post=1014017"}],"curies":[{"name":"wp","href":"https:\/\/api.w.org\/{rel}","templated":true}]}}