{"id":1014011,"date":"2024-06-17T14:48:31","date_gmt":"2024-06-17T06:48:31","guid":{"rendered":"https:\/\/vimaterial.de\/product\/niquel-metal\/"},"modified":"2025-04-15T18:17:43","modified_gmt":"2025-04-15T10:17:43","slug":"niquel-metal","status":"publish","type":"product","link":"https:\/\/vimaterial.de\/es\/product\/niquel-metal\/","title":{"rendered":"N\u00edquel met\u00e1lico"},"content":{"rendered":"<p>La varilla <span style=\"color: #0000ff;\"><a style=\"color: #0000ff;\" href=\"https:\/\/vimaterial.de\/en\/product\/nickel-metal-4\/\">de n\u00edquel meta<\/a><\/span>l es un objeto cil\u00edndrico s\u00f3lido hecho de metal de n\u00edquel, que es conocido por su buena resistencia a la corrosi\u00f3n, alta resistencia y excelente varilla de metal de n\u00edquel es un objeto cil\u00edndrico s\u00f3lido hecho de metal de n\u00edquel, que es conocido por su buena resistencia a la corrosi\u00f3n, alta resistencia y excelente conductividad el\u00e9ctrica y t\u00e9rmica, y es ampliamente utilizado en diversos campos industriales como la electr\u00f3nica,  metalurgia y aeroespacial.<\/p>\n<p>VIMATERIAL ofrece varillas met\u00e1licas de n\u00edquel. Las varillas de n\u00edquel de nuestra empresa son resistentes a la corrosi\u00f3n, fuertes y dimensionalmente precisas para satisfacer las necesidades de m\u00faltiples industrias. Nuestra empresa cuenta con un equipo profesional de investigaci\u00f3n y desarrollo de tecnolog\u00eda, acepte personalizaci\u00f3n y experimentos, <span style=\"color: #0000ff;\"><a style=\"color: #0000ff;\" href=\"https:\/\/vimaterial.de\/en\/contact-us\/\">cont\u00e1ctenos<\/a><\/span>.  <\/p>\n<h2><span style=\"font-size: 14pt;\">Propiedades f\u00edsicas<\/span><\/h2>\n<p>F\u00f3rmula molecular: Ni<\/p>\n<p>Peso molecular: 58.6934<\/p>\n<p>Aspecto: Por lo general, en forma de escamas de brillo met\u00e1lico de color blanco plateado, con superficie plana y lisa, sin defectos obvios.<\/p>\n<p>Densidad: 8.908 g\/cm\u00b3.<\/p>\n<p>Punto de fusi\u00f3n: 1453 \u00b0C<\/p>\n<p>Punto de ebullici\u00f3n: 2732\u00b0C.<\/p>\n<p>Estructura cristalina: estructura de celos\u00eda c\u00fabica centrada en las caras. Esta estructura cristalina le da a la l\u00e1mina de Ni buenas propiedades mec\u00e1nicas, conductividad el\u00e9ctrica y resistencia a la corrosi\u00f3n, lo que la hace \u00fatil en aplicaciones electr\u00f3nicas y qu\u00edmicas. <\/p>\n<h2><span style=\"font-size: 14pt;\">Aplicaci\u00f3n<\/span><\/h2>\n<p>Aeroespacial: La l\u00e1mina de Ni se utiliza en la fabricaci\u00f3n de componentes de motores para garantizar el funcionamiento fiable de las aeronaves en condiciones extremas gracias a su resistencia a altas temperaturas y alta resistencia.<\/p>\n<p>Industria el\u00e9ctrica y electr\u00f3nica: como materiales de electrodos, las varillas de n\u00edquel proporcionan una conductividad estable para equipos electr\u00f3nicos, com\u00fanmente utilizados en bater\u00edas y componentes electr\u00f3nicos.<\/p>\n<p>Industria qu\u00edmica: En el dispositivo de agitaci\u00f3n del reactor, la resistencia a la corrosi\u00f3n de las varillas de n\u00edquel les permite resistir eficazmente la erosi\u00f3n de varios reactivos qu\u00edmicos, lo que garantiza el progreso fluido de la producci\u00f3n qu\u00edmica.<\/p>\n<p>Ingenier\u00eda marina: las varillas de n\u00edquel se utilizan en la construcci\u00f3n de equipos de desalinizaci\u00f3n de agua de mar, confiando en su resistencia a la corrosi\u00f3n del agua de mar, para proporcionar una garant\u00eda de producci\u00f3n de agua dulce estable a largo plazo.<\/p>\n<h2><span style=\"font-size: 14pt;\">Control de calidad<\/span><\/h2>\n<p><span style=\"color: #0000ff;\"><a style=\"color: #0000ff;\" href=\"https:\/\/vimaterial.de\/en\/quality-control\/\">Cada lote<\/a> <\/span>de productos protege estrictamente la calidad, desde la selecci\u00f3n de los proveedores de materias primas, hasta el uso de equipos de prueba avanzados para monitorear con precisi\u00f3n todo el proceso de producci\u00f3n, hasta el producto terminado a trav\u00e9s de muchas rondas de muestreo severo y certificaci\u00f3n autorizada de terceros, para garantizar que cada lote de productos cumpla y supere los altos est\u00e1ndares de la industria con un  Sistema de control de calidad de tolerancia cero, para proporcionar a nuestros clientes la mejor calidad y los productos m\u00e1s estables.<\/p>\n<h2><span style=\"font-size: 14pt;\">Embalaje y almacenamiento<\/span><\/h2>\n<p>Las varillas de metal de n\u00edquel se empaquetan en bolsas de vac\u00edo y se empaquetan en cajas de cart\u00f3n o de madera en el exterior.<\/p>\n<p>Las varillas met\u00e1licas de n\u00edquel deben almacenarse en un ambiente seco y bien ventilado, libre de sustancias corrosivas como \u00e1cidos y \u00e1lcalis, evitando la humedad, la oxidaci\u00f3n y el contacto con otros metales, y pueden empaquetarse en paquetes sellados o colocarse en estantes para garantizar su rendimiento estable.<\/p>\n","protected":false},"excerpt":{"rendered":"<p>La varilla <span style=\"color: #0000ff;\"><a style=\"color: #0000ff;\" href=\"https:\/\/vimaterial.de\/en\/product\/nickel-metal-4\/\">de n\u00edquel meta<\/a><\/span>l es un objeto cil\u00edndrico s\u00f3lido hecho de metal de n\u00edquel, que es conocido por su buena resistencia a la corrosi\u00f3n, alta resistencia y excelente varilla de metal de n\u00edquel es un objeto cil\u00edndrico s\u00f3lido hecho de metal de n\u00edquel, que es conocido por su buena resistencia a la corrosi\u00f3n, alta resistencia y excelente conductividad el\u00e9ctrica y t\u00e9rmica, y es ampliamente utilizado en diversos campos industriales como la electr\u00f3nica,  metalurgia y aeroespacial.<\/p>\n","protected":false},"featured_media":1002379,"comment_status":"open","ping_status":"closed","template":"","meta":{"_acf_changed":false},"product_brand":[],"product_cat":[188],"product_tag":[],"class_list":{"0":"post-1014011","1":"product","2":"type-product","3":"status-publish","4":"has-post-thumbnail","6":"product_cat-perfil","8":"first","9":"instock","10":"shipping-taxable","11":"purchasable","12":"product-type-variable"},"acf":[],"_links":{"self":[{"href":"https:\/\/vimaterial.de\/es\/wp-json\/wp\/v2\/product\/1014011","targetHints":{"allow":["GET"]}}],"collection":[{"href":"https:\/\/vimaterial.de\/es\/wp-json\/wp\/v2\/product"}],"about":[{"href":"https:\/\/vimaterial.de\/es\/wp-json\/wp\/v2\/types\/product"}],"replies":[{"embeddable":true,"href":"https:\/\/vimaterial.de\/es\/wp-json\/wp\/v2\/comments?post=1014011"}],"wp:featuredmedia":[{"embeddable":true,"href":"https:\/\/vimaterial.de\/es\/wp-json\/wp\/v2\/media\/1002379"}],"wp:attachment":[{"href":"https:\/\/vimaterial.de\/es\/wp-json\/wp\/v2\/media?parent=1014011"}],"wp:term":[{"taxonomy":"product_brand","embeddable":true,"href":"https:\/\/vimaterial.de\/es\/wp-json\/wp\/v2\/product_brand?post=1014011"},{"taxonomy":"product_cat","embeddable":true,"href":"https:\/\/vimaterial.de\/es\/wp-json\/wp\/v2\/product_cat?post=1014011"},{"taxonomy":"product_tag","embeddable":true,"href":"https:\/\/vimaterial.de\/es\/wp-json\/wp\/v2\/product_tag?post=1014011"}],"curies":[{"name":"wp","href":"https:\/\/api.w.org\/{rel}","templated":true}]}}